{"id":7365,"date":"2026-02-02T16:00:05","date_gmt":"2026-02-02T15:00:05","guid":{"rendered":"https:\/\/www.turkali-architekten.de\/?page_id=7365"},"modified":"2026-02-26T13:05:12","modified_gmt":"2026-02-26T12:05:12","slug":"aktuelles-archiv","status":"publish","type":"page","link":"https:\/\/www.turkali-architekten.de\/en\/aktuelles-archiv\/","title":{"rendered":"Archiv"},"content":{"rendered":"<h1>Archiv<br \/>\n<br \/>\n<\/h1>\n<h1>2023<\/h1>\n<ul>\n<li>\n<h3>21.12.2023<\/h3>\n<p><a href=\"\/de\/aktuelles\/juedischer-gemeindetag-berlin\">J\u00fcdischer Gemeindetag 2023 in Berlin<\/a><\/p>\n<\/li>\n<li>\n<h3>12.12.2023<\/h3>\n<p><a href=\"\/aktuelles\/12-12-2023\">Beirat f\u00fcr Architektur und Stadtgestaltung: Werkbericht 2013 \u2013 2023<\/a><\/p>\n<\/li>\n<li>\n<h3>06.06.2023<\/h3>\n<p><a href=\"\/aktuelles\/06-06-2023\/\">STADT. BAUSTEIN.<\/a><\/p>\n<\/li>\n<li>\n<h3>02.06.2023<\/h3>\n<p><a href=\"\/aktuelles\/02-06-2023\/\">Feierliche Grundsteinlegung am Zoo<\/a><\/p>\n<\/li>\n<li>\n<h3>22.05.2023<\/h3>\n<p><a href=\"\/aktuelles\/22-05-2023\/\">Anerkennung f\u00fcr Zvonko Turkali Architekten<\/a><\/p>\n<\/li>\n<li>\n<h3>15.05.2023<\/h3>\n<p><a href=\"\/aktuelles\/15-05-2023\/\">Preisverleihung der Johann-Wilhelm-Lehr-Plakette 2023<\/a><\/p>\n<\/li>\n<li>\n<h3>18.04.2023<\/h3>\n<p><a href=\"\/aktuelles\/18-04-2023\/\">Gestaltungsbeirat Karlsruhe 2012\u20132022<\/a><\/p>\n<\/li>\n<li>\n<h3>17.03.2023<\/h3>\n<p><a href=\"\/aktuelles\/17-03-2023\/\">Joseph-Maria-Olbrich-Plakette 2023<\/a><\/p>\n<\/li>\n<li>\n<h3>07.03.2023<\/h3>\n<p><a href=\"\/de\/aktuelles\/juedische-akademie-frankfurt-besuch-zentralrat\/\"><\/p>\n<p>Baustellenbesuch der J\u00fcdischen Akademie Frankfurt<\/p>\n<p><\/a><\/p>\n<\/li>\n<li>\n<h3>18.02.2023<\/h3>\n<p><a href=\"\/aktuelles\/18-02-2023\/\">Fundiert!<\/a><\/p>\n<\/li>\n<li>\n<h3>27.01.2023<\/h3>\n<p><a href=\"\/aktuelles\/27-01-2023\/\">Baufortschritt bei der St. Nicolai-Gemeinde in Frankfurt<\/a><\/p>\n<\/li>\n<li>\n<h3>16.01.2023<\/h3>\n<p><a href=\"\/aktuelles\/16-01-2023\/\">J\u00fcdische Akademie: Es geht voran!<\/a><\/p>\n<\/li>\n<\/ul>\n<h1>2022<\/h1>\n<ul>\n<li>\n<h3>20.10.2022<\/h3>\n<p><a href=\"\/aktuelles\/20-10-2022\/\">Ein Blick hinter die Kulissen deutscher Architekturb\u00fcros<\/a><\/p>\n<\/li>\n<li>\n<h3>05.09.2022<\/h3>\n<p><a href=\"\/aktuelles\/05-09-2022\/\">Prof. Zvonko Turkali \u00fcbernimmt Vorsitz des Frankfurter Denkmalforums e.V.<\/a><\/p>\n<\/li>\n<li>\n<h3>22.07.2022<\/h3>\n<p><a href=\"\/aktuelles\/22-07-2022\/\">Interdisziplin\u00e4re Fachtagung in Bad Nauheim<\/a><\/p>\n<\/li>\n<li>\n<h3>14.07.2022<\/h3>\n<p><a href=\"\/aktuelles\/14-07-2022\/\">Turkali Architekten jetzt auf Instagram<\/a><\/p>\n<\/li>\n<li>\n<h3>29.06.2022<\/h3>\n<p><a href=\"\/aktuelles\/29-06-2022\/\">Reges Interesse am 28. Tag der Architektur<\/a><\/p>\n<\/li>\n<li>\n<h3>14.06.2022<\/h3>\n<p><a href=\"\/aktuelles\/14-06-2022\/\">Tag der Architektur 2022<\/a><\/p>\n<\/li>\n<li>\n<h3>02.05.2022<\/h3>\n<p><a href=\"\/aktuelles\/02-05-2022\/\">Sieben Touren durch Hannover<\/a><\/p>\n<\/li>\n<\/ul>\n<h1>2021<\/h1>\n<ul>\n<li>\n<h3>30.11.2021<\/h3>\n<p><a href=\"\/aktuelles\/30-11-2021\/\">\u201eKlimama\u00dfnahmen in Linz steuern und beschleunigen\u201c<\/a><\/p>\n<\/li>\n<li>\n<h3>03.09.2021<\/h3>\n<p><a href=\"\/de\/juedische-akademie-frankfurt-spatenstich\">Erster Spatenstich l\u00e4utet Baubeginn f\u00fcr J\u00fcdische Akademie Frankfurt ein<\/a><\/p>\n<\/li>\n<li>\n<h3>13.08.2021<\/h3>\n<p><a href=\"\/aktuelles\/13-08-2021\/\">Feierlicher Spatenstich steht bevor<\/a><\/p>\n<\/li>\n<li>\n<h3>30.06.2021<\/h3>\n<p><a href=\"\/aktuelles\/30-06-2021\/\">Neues Gemeindezentrum f\u00fcr St. Nicolai-Gemeinde am Zoo<\/a><\/p>\n<\/li>\n<li>\n<h3>29.06.2021<\/h3>\n<p><a href=\"\/de\/aktuelles\/juedische-akademie-frankfurt-bauschild\/\">Bauschild der J\u00fcdischen Akademie offiziell enth\u00fcllt<\/a><\/p>\n<\/li>\n<li>\n<h3>25.06.2021<\/h3>\n<p><a href=\"\/aktuelles\/25-06-2021\/\">Tag der Architektur 2021\/2<\/a><\/p>\n<\/li>\n<li>\n<h3>30.04.2021<\/h3>\n<p><a href=\"\/aktuelles\/30-04-2021\/\">Arena am Kaiserlei<\/a><\/p>\n<\/li>\n<li>\n<h3>26.04.2021<\/h3>\n<p><a href=\"\/aktuelles\/26-04-2021\/\">Tag der Architektur 2021\/1<\/a><\/p>\n<\/li>\n<li>\n<h3>16.02.2021<\/h3>\n<p><a href=\"\/aktuelles\/16-02-2021\/\">Eine gr\u00fcne Stadtarena f\u00fcr die Region Frankfurt-Rhein-Main<\/a><\/p>\n<\/li>\n<\/ul>\n<h1>2020<\/h1>\n<ul>\n<li>\n<h3>07.12.2020<\/h3>\n<p><a href=\"\/aktuelles\/07-12-2020\/\">Einzug in Biedermeier-Geb\u00e4ude<\/a><\/p>\n<\/li>\n<li>\n<h3>04.07.2020<\/h3>\n<p><a href=\"\/aktuelles\/04-07-2020\/\">Wettbewerb Postareal und Industriemuseum<\/a><\/p>\n<\/li>\n<li>\n<h3>22.06.2020<\/h3>\n<p><a href=\"\/aktuelles\/22-06-2020\/\">Neuer Klimabeirat in Linz<\/a><\/p>\n<\/li>\n<li>\n<h3>06.03.2020<\/h3>\n<p><a href=\"\/aktuelles\/06-03-2020\/\">In Hanau und Wiesbaden<\/a><\/p>\n<\/li>\n<li>\n<h3>21.02.2020<\/h3>\n<p><a href=\"\/aktuelles\/21-02-2020\/\">Wohnen in erster Reihe<\/a><\/p>\n<\/li>\n<li>\n<h3>04.01.2020<\/h3>\n<p><a href=\"\/aktuelles\/04-01-2020\/\">Weg frei<\/a><\/p>\n<\/li>\n<\/ul>\n<p><!--more--><br \/>\n<!-- {\"type\":\"layout\",\"children\":[{\"type\":\"section\",\"props\":{\"css\":\"  .el-section {\\n\\tpadding:128px 0px;\\n\\t}\\n\\n@media only screen and (max-width: 600px) {\\n  .el-section {\\n\\tpadding:20px 0px;\\n\\t}\\n}\",\"height\":\"page\",\"image_position\":\"center-center\",\"style\":\"default\",\"title_breakpoint\":\"xl\",\"title_position\":\"top-left\",\"title_rotation\":\"left\",\"vertical_align\":\"\",\"width\":\"default\"},\"children\":[{\"type\":\"row\",\"props\":{\"layout\":\"1-2,1-2\"},\"children\":[{\"type\":\"column\",\"props\":{\"image_position\":\"center-center\",\"position_sticky_breakpoint\":\"m\",\"width_medium\":\"1-2\"},\"children\":[{\"type\":\"headline\",\"props\":{\"content\":\"Archiv\\n<br \/>\\n\",\"content_en_us\":\"Archive\",\"image_align\":\"left\",\"image_margin\":\"xsmall\",\"margin_bottom\":\"small\",\"margin_top\":\"small\",\"title_element\":\"h1\"}}]},{\"type\":\"column\",\"props\":{\"image_position\":\"center-center\",\"position_sticky_breakpoint\":\"m\",\"width_medium\":\"1-2\"}}]},{\"type\":\"row\",\"props\":{\"layout\":\"1-2,1-2\"},\"children\":[{\"type\":\"column\",\"props\":{\"image_position\":\"center-center\",\"position_sticky_breakpoint\":\"m\",\"width_medium\":\"1-2\"},\"children\":[{\"type\":\"headline\",\"props\":{\"content\":\"2023\",\"image_align\":\"left\",\"image_margin\":\"xsmall\",\"margin_bottom\":\"small\",\"margin_top\":\"small\",\"title_element\":\"h1\"}},{\"type\":\"description_list\",\"props\":{\"column_breakpoint\":\"m\",\"css\":\".el-title, .el-content {\\nfont-size:15px;\\ncolor:#000;\\n}\\n\\n.el-item {\\nborder-bottom:solid 1px #00000055;\\npadding: 10px 0px 18px 0px;\\n}\\n\\n.el-element:last-child .el-item:last-child {\\n    border-bottom: solid 0px #000 !important;\\n}\",\"layout\":\"grid-2\",\"list_element\":\"ul\",\"margin_top\":\"remove\",\"meta_align\":\"below-content\",\"meta_style\":\"text-meta\",\"show_content\":true,\"show_link\":true,\"show_meta\":true,\"show_title\":true,\"title_element\":\"div\",\"title_grid_column_gap\":\"small\",\"title_grid_row_gap\":\"small\",\"title_grid_width\":\"auto\"},\"children\":[{\"type\":\"description_list_item\",\"props\":{\"content\":\"J\u00fcdischer Gemeindetag 2023 in Berlin\",\"content_en_us\":\"Jewish Community Day 2023 in Berlin\",\"link\":\"de\/aktuelles\/juedischer-gemeindetag-berlin\",\"link_en_us\":\"en\/aktuelles\/juedischer-gemeindetag-berlin\",\"title\":\"21.12.2023\"}},{\"type\":\"description_list_item\",\"props\":{\"content\":\"Beirat f\u00fcr Architektur und Stadtgestaltung: Werkbericht 2013 \u2013 2023\",\"content_en_us\":\"Design Advisory Board of the City of Constance: work report from 2013 to 2023\",\"link\":\"aktuelles\/12-12-2023\",\"link_en_us\":\"en\/aktuelles\/12-12-2023\",\"title\":\"12.12.2023\"}},{\"type\":\"description_list_item\",\"props\":{\"content\":\"STADT. BAUSTEIN.\",\"link\":\"aktuelles\/06-06-2023\/\",\"link_en_us\":\"en\/aktuelles\/06-06-2023\/\",\"title\":\"06.06.2023\"}},{\"type\":\"description_list_item\",\"props\":{\"content\":\"Feierliche Grundsteinlegung am Zoo\",\"content_en_us\":\"Ceremonial laying of the foundation stone at the zoo\",\"link\":\"aktuelles\/02-06-2023\/\",\"link_en_us\":\"en\/aktuelles\/02-06-2023\/\",\"title\":\"02.06.2023\"}},{\"type\":\"description_list_item\",\"props\":{\"content\":\"Anerkennung f\u00fcr Zvonko Turkali Architekten\",\"content_en_us\":\"Recognition for Zvonko Turkali Architekten\",\"link\":\"aktuelles\/22-05-2023\/\",\"link_en_us\":\"en\/aktuelles\/22-05-2023\/\",\"title\":\"22.05.2023\"}},{\"type\":\"description_list_item\",\"props\":{\"content\":\"Preisverleihung der Johann-Wilhelm-Lehr-Plakette 2023\",\"content_en_us\":\"Award ceremony of the Johann-Wilhelm-Lehr-Plakette 2023\",\"link\":\"aktuelles\/15-05-2023\/\",\"link_en_us\":\"en\/aktuelles\/15-05-2023\/\",\"title\":\"15.05.2023\"}},{\"type\":\"description_list_item\",\"props\":{\"content\":\"Gestaltungsbeirat Karlsruhe 2012\u20132022\",\"content_en_us\":\"Architectural and World Heritage Advisory Board of Karlsruhe 2012-2022\",\"link\":\"aktuelles\/18-04-2023\/\",\"link_en_us\":\"en\/aktuelles\/18-04-2023\/\",\"title\":\"18.04.2023\"}},{\"type\":\"description_list_item\",\"props\":{\"content\":\"Joseph-Maria-Olbrich-Plakette 2023\",\"content_en_us\":\"\n\n<p>Joseph-Maria-Olbrich-Plaque 2023<\/p>\n\n\",\"link\":\"aktuelles\/17-03-2023\/\",\"link_en_us\":\"en\/aktuelles\/17-03-2023\/\",\"title\":\"17.03.2023\"}},{\"type\":\"description_list_item\",\"props\":{\"content\":\"\n\n<p>Baustellenbesuch der J\u00fcdischen Akademie Frankfurt<\/p>\n\n\",\"content_en_us\":\"\n\n<p>Construction Site Visit of the Jewish Academy Frankfurt<\/p>\n\n\",\"link\":\"de\/aktuelles\/juedische-akademie-frankfurt-besuch-zentralrat\/\",\"link_en_us\":\"en\/aktuelles\/juedische-akademie-frankfurt-besuch-zentralrat\/\",\"title\":\"07.03.2023\"}},{\"type\":\"description_list_item\",\"props\":{\"content\":\"Fundiert!\",\"content_en_us\":\"Well-founded!\",\"link\":\"aktuelles\/18-02-2023\/\",\"link_en_us\":\"en\/aktuelles\/18-02-2023\/\",\"title\":\"18.02.2023\"}},{\"type\":\"description_list_item\",\"props\":{\"content\":\"Baufortschritt bei der St. Nicolai-Gemeinde in Frankfurt\",\"content_en_us\":\"Construction progress at St. Nicolai Parish in Frankfurt\",\"link\":\"aktuelles\/27-01-2023\/\",\"link_en_us\":\"en\/aktuelles\/27-01-2023\/\",\"title\":\"27.01.2023\"}},{\"type\":\"description_list_item\",\"props\":{\"content\":\"J\u00fcdische Akademie: Es geht voran!\",\"content_en_us\":\"Jewish Academy: Progress is being made!\",\"link\":\"aktuelles\/16-01-2023\/\",\"link_en_us\":\"en\/aktuelles\/16-01-2023\/\",\"title\":\"16.01.2023\"}}],\"name\":\"2023_desc\"}]},{\"type\":\"column\",\"props\":{\"image_position\":\"center-center\",\"position_sticky_breakpoint\":\"m\",\"width_medium\":\"1-2\"}}]},{\"type\":\"row\",\"props\":{\"layout\":\"1-2,1-2\"},\"children\":[{\"type\":\"column\",\"props\":{\"image_position\":\"center-center\",\"position_sticky_breakpoint\":\"m\",\"width_medium\":\"1-2\"},\"children\":[{\"type\":\"headline\",\"props\":{\"content\":\"2022\",\"image_align\":\"left\",\"image_margin\":\"xsmall\",\"margin_bottom\":\"small\",\"margin_top\":\"small\",\"title_element\":\"h1\"}},{\"type\":\"description_list\",\"props\":{\"column_breakpoint\":\"m\",\"css\":\".el-title, .el-content {\\nfont-size:15px;\\ncolor:#000;\\n}\\n\\n.el-item {\\nborder-bottom:solid 1px #00000055;\\npadding: 10px 0px 18px 0px;\\n}\\n\\n.el-element:last-child .el-item:last-child {\\n    border-bottom: solid 0px #000 !important;\\n}\",\"layout\":\"grid-2\",\"list_element\":\"ul\",\"margin_top\":\"remove\",\"meta_align\":\"below-content\",\"meta_style\":\"text-meta\",\"show_content\":true,\"show_link\":true,\"show_meta\":true,\"show_title\":true,\"title_element\":\"div\",\"title_grid_column_gap\":\"small\",\"title_grid_row_gap\":\"small\",\"title_grid_width\":\"auto\"},\"children\":[{\"type\":\"description_list_item\",\"props\":{\"content\":\"Ein Blick hinter die Kulissen deutscher Architekturb\u00fcros\",\"content_en_us\":\"A look behind the scenes at German architectural offices\",\"link\":\"aktuelles\/20-10-2022\/\",\"link_en_us\":\"en\/aktuelles\/20-10-2022\/\",\"title\":\"20.10.2022\"}},{\"type\":\"description_list_item\",\"props\":{\"content\":\"Prof. Zvonko Turkali \u00fcbernimmt Vorsitz des Frankfurter Denkmalforums e.V.\",\"content_en_us\":\"Prof. Zvonko Turkali takes over the chairmanship of the Frankfurter Denkmalforum e.V.\",\"link\":\"aktuelles\/05-09-2022\/\",\"link_en_us\":\"en\/aktuelles\/05-09-2022\/\",\"title\":\"05.09.2022\"}},{\"type\":\"description_list_item\",\"props\":{\"content\":\"Interdisziplin\u00e4re Fachtagung in Bad Nauheim\",\"content_en_us\":\"Interdisciplinary symposium in Bad Nauheim\",\"link\":\"aktuelles\/22-07-2022\/\",\"link_en_us\":\"en\/aktuelles\/22-07-2022\/\",\"title\":\"22.07.2022\"}},{\"type\":\"description_list_item\",\"props\":{\"content\":\"Turkali Architekten jetzt auf Instagram\",\"content_en_us\":\"Turkali Architects now on Instagram\",\"link\":\"aktuelles\/14-07-2022\/\",\"link_en_us\":\"en\/aktuelles\/14-07-2022\/\",\"title\":\"14.07.2022\"}},{\"type\":\"description_list_item\",\"props\":{\"content\":\"Reges Interesse am 28. Tag der Architektur\",\"content_en_us\":\"Lively interest in the 28th Day of Architecture\",\"link\":\"aktuelles\/29-06-2022\/\",\"link_en_us\":\"en\/aktuelles\/29-06-2022\/\",\"title\":\"29.06.2022\"}},{\"type\":\"description_list_item\",\"props\":{\"content\":\"Tag der Architektur 2022\",\"content_en_us\":\"Day of Architecture 2022\",\"link\":\"aktuelles\/14-06-2022\/\",\"link_en_us\":\"en\/aktuelles\/14-06-2022\/\",\"title\":\"14.06.2022\"}},{\"type\":\"description_list_item\",\"props\":{\"content\":\"Sieben Touren durch Hannover\",\"content_en_us\":\"Seven tours through Hannover\",\"link\":\"aktuelles\/02-05-2022\/\",\"link_en_us\":\"en\/aktuelles\/02-05-2022\/\",\"title\":\"02.05.2022\"}}],\"name\":\"2022_desc\"}]},{\"type\":\"column\",\"props\":{\"image_position\":\"center-center\",\"position_sticky_breakpoint\":\"m\",\"width_medium\":\"1-2\"}}]},{\"type\":\"row\",\"props\":{\"layout\":\"1-2,1-2\"},\"children\":[{\"type\":\"column\",\"props\":{\"image_position\":\"center-center\",\"position_sticky_breakpoint\":\"m\",\"width_medium\":\"1-2\"},\"children\":[{\"type\":\"headline\",\"props\":{\"content\":\"2021\",\"image_align\":\"left\",\"image_margin\":\"xsmall\",\"margin_bottom\":\"small\",\"margin_top\":\"small\",\"title_element\":\"h1\"}},{\"type\":\"description_list\",\"props\":{\"column_breakpoint\":\"m\",\"css\":\".el-title, .el-content {\\nfont-size:15px;\\ncolor:#000;\\n}\\n\\n.el-item {\\nborder-bottom:solid 1px #00000055;\\npadding: 10px 0px 18px 0px;\\n}\\n\\n.el-element:last-child .el-item:last-child {\\n    border-bottom: solid 0px #000 !important;\\n}\",\"layout\":\"grid-2\",\"list_element\":\"ul\",\"margin_top\":\"remove\",\"meta_align\":\"below-content\",\"meta_style\":\"text-meta\",\"show_content\":true,\"show_link\":true,\"show_meta\":true,\"show_title\":true,\"title_element\":\"div\",\"title_grid_column_gap\":\"small\",\"title_grid_row_gap\":\"small\",\"title_grid_width\":\"auto\"},\"children\":[{\"type\":\"description_list_item\",\"props\":{\"content\":\"\u201eKlimama\u00dfnahmen in Linz steuern und beschleunigen\u201c\",\"content_en_us\":\"\\\"Steering and Accelerating Climate Measures in Linz\\\"\",\"link\":\"aktuelles\/30-11-2021\/\",\"link_en_us\":\"en\/aktuelles\/30-11-2021\/\",\"title\":\"30.11.2021\"}},{\"type\":\"description_list_item\",\"props\":{\"content\":\"Erster Spatenstich l\u00e4utet Baubeginn f\u00fcr J\u00fcdische Akademie Frankfurt ein\",\"content_en_us\":\"Groundbreaking ceremony heralds start of construction work for Jewish Academy Frankfurt\",\"link\":\"de\/juedische-akademie-frankfurt-spatenstich\",\"link_en_us\":\"en\/juedische-akademie-frankfurt-spatenstich\",\"title\":\"03.09.2021\"}},{\"type\":\"description_list_item\",\"props\":{\"content\":\"Feierlicher Spatenstich steht bevor\",\"content_en_us\":\"Groundbreaking ceremony upcoming\",\"link\":\"aktuelles\/13-08-2021\/\",\"link_en_us\":\"en\/aktuelles\/13-08-2021\/\",\"title\":\"13.08.2021\"}},{\"type\":\"description_list_item\",\"props\":{\"content\":\"Neues Gemeindezentrum f\u00fcr St. Nicolai-Gemeinde am Zoo\",\"content_en_us\":\"New community center for St. Nicolai Parish at Frankfurt Zoo\",\"link\":\"aktuelles\/30-06-2021\/\",\"link_en_us\":\"en\/aktuelles\/30-06-2021\/\",\"title\":\"30.06.2021\"}},{\"type\":\"description_list_item\",\"props\":{\"content\":\"Bauschild der J\u00fcdischen Akademie offiziell enth\u00fcllt\",\"content_en_us\":\"Construction sign for the Jewish Academy officially unveiled\",\"link\":\"de\/aktuelles\/juedische-akademie-frankfurt-bauschild\/\",\"link_en_us\":\"en\/aktuelles\/juedische-akademie-frankfurt-bauschild\/\",\"title\":\"29.06.2021\"}},{\"type\":\"description_list_item\",\"props\":{\"content\":\"Tag der Architektur 2021\/2\",\"content_en_us\":\"Day of Architecture 2021\/2\",\"link\":\"aktuelles\/25-06-2021\/\",\"link_en_us\":\"en\/aktuelles\/25-06-2021\/\",\"title\":\"25.06.2021\"}},{\"type\":\"description_list_item\",\"props\":{\"content\":\"Arena am Kaiserlei\",\"content_en_us\":\"City arena at Kaiserlei district\",\"link\":\"aktuelles\/30-04-2021\/\",\"link_en_us\":\"en\/aktuelles\/30-04-2021\/\",\"title\":\"30.04.2021\"}},{\"type\":\"description_list_item\",\"props\":{\"content\":\"Tag der Architektur 2021\/1\",\"content_en_us\":\"Day of Architecture 2021\/1\",\"link\":\"aktuelles\/26-04-2021\/\",\"link_en_us\":\"en\/aktuelles\/26-04-2021\/\",\"title\":\"26.04.2021\"}},{\"type\":\"description_list_item\",\"props\":{\"content\":\"Eine gr\u00fcne Stadtarena f\u00fcr die Region Frankfurt-Rhein-Main\",\"content_en_us\":\"A green urban city arena for the Frankfurt Rhine-Main metropolitan region\",\"link\":\"aktuelles\/16-02-2021\/\",\"link_en_us\":\"en\/aktuelles\/16-02-2021\/\",\"title\":\"16.02.2021\"}}],\"name\":\"2021_desc\"}]},{\"type\":\"column\",\"props\":{\"image_position\":\"center-center\",\"position_sticky_breakpoint\":\"m\",\"width_medium\":\"1-2\"}}]},{\"type\":\"row\",\"props\":{\"layout\":\"1-2,1-2\"},\"children\":[{\"type\":\"column\",\"props\":{\"image_position\":\"center-center\",\"position_sticky_breakpoint\":\"m\",\"width_medium\":\"1-2\"},\"children\":[{\"type\":\"headline\",\"props\":{\"content\":\"2020\",\"image_align\":\"left\",\"image_margin\":\"xsmall\",\"margin_bottom\":\"small\",\"margin_top\":\"small\",\"title_element\":\"h1\"}},{\"type\":\"description_list\",\"props\":{\"column_breakpoint\":\"m\",\"css\":\".el-title, .el-content {\\nfont-size:15px;\\ncolor:#000;\\n}\\n\\n.el-item {\\nborder-bottom:solid 1px #00000055;\\npadding: 10px 0px 18px 0px;\\n}\\n\\n.el-element:last-child .el-item:last-child {\\n    border-bottom: solid 0px #000 !important;\\n}\",\"layout\":\"grid-2\",\"list_element\":\"ul\",\"margin_top\":\"remove\",\"meta_align\":\"below-content\",\"meta_style\":\"text-meta\",\"show_content\":true,\"show_link\":true,\"show_meta\":true,\"show_title\":true,\"title_element\":\"div\",\"title_grid_column_gap\":\"small\",\"title_grid_row_gap\":\"small\",\"title_grid_width\":\"auto\"},\"children\":[{\"type\":\"description_list_item\",\"props\":{\"content\":\"Einzug in Biedermeier-Geb\u00e4ude\",\"content_en_us\":\"Ready to move in\",\"link\":\"aktuelles\/07-12-2020\/\",\"link_en_us\":\"en\/aktuelles\/07-12-2020\/\",\"title\":\"07.12.2020\"}},{\"type\":\"description_list_item\",\"props\":{\"content\":\"Wettbewerb Postareal und Industriemuseum\",\"content_en_us\":\"Postal area and industrial museum competition\",\"link\":\"aktuelles\/04-07-2020\/\",\"link_en_us\":\"en\/aktuelles\/04-07-2020\/\",\"title\":\"04.07.2020\"}},{\"type\":\"description_list_item\",\"props\":{\"content\":\"Neuer Klimabeirat in Linz\",\"content_en_us\":\"New Climate Advisory Board in Linz\",\"link\":\"aktuelles\/22-06-2020\/\",\"link_en_us\":\"en\/aktuelles\/22-06-2020\/\",\"title\":\"22.06.2020\"}},{\"type\":\"description_list_item\",\"props\":{\"content\":\"In Hanau und Wiesbaden\",\"content_en_us\":\"In Hanau and Wiesbaden\",\"link\":\"aktuelles\/06-03-2020\/\",\"link_en_us\":\"en\/aktuelles\/06-03-2020\/\",\"title\":\"06.03.2020\"}},{\"type\":\"description_list_item\",\"props\":{\"content\":\"Wohnen in erster Reihe\",\"content_en_us\":\"Living in the first row\",\"link\":\"aktuelles\/21-02-2020\/\",\"link_en_us\":\"en\/aktuelles\/21-02-2020\/\",\"title\":\"21.02.2020\"}},{\"type\":\"description_list_item\",\"props\":{\"content\":\"Weg frei\",\"content_en_us\":\"Way cleared\",\"link\":\"aktuelles\/04-01-2020\/\",\"link_en_us\":\"en\/aktuelles\/04-01-2020\/\",\"title\":\"04.01.2020\"}}],\"name\":\"2020_desc\"}]},{\"type\":\"column\",\"props\":{\"image_position\":\"center-center\",\"position_sticky_breakpoint\":\"m\",\"width_medium\":\"1-2\"}}]}],\"name\":\"Aktuelles\"}],\"version\":\"5.0.15\"} --><\/p>\n","protected":false},"excerpt":{"rendered":"<p>Archiv 2023 21.12.2023 J\u00fcdischer Gemeindetag 2023 in Berlin 12.12.2023 Beirat f\u00fcr Architektur und Stadtgestaltung: Werkbericht 2013 \u2013 2023 06.06.2023 STADT. BAUSTEIN. 02.06.2023 Feierliche Grundsteinlegung am Zoo 22.05.2023 Anerkennung f\u00fcr Zvonko Turkali Architekten 15.05.2023 Preisverleihung der Johann-Wilhelm-Lehr-Plakette 2023 18.04.2023 Gestaltungsbeirat Karlsruhe 2012\u20132022 17.03.2023 Joseph-Maria-Olbrich-Plakette 2023 07.03.2023 Baustellenbesuch der J\u00fcdischen Akademie Frankfurt 18.02.2023 Fundiert! 27.01.2023 Baufortschritt bei [&hellip;]<\/p>\n","protected":false},"author":4,"featured_media":0,"parent":0,"menu_order":40,"comment_status":"closed","ping_status":"closed","template":"","meta":{"footnotes":""},"class_list":["post-7365","page","type-page","status-publish","hentry"],"_links":{"self":[{"href":"https:\/\/www.turkali-architekten.de\/en\/wp-json\/wp\/v2\/pages\/7365","targetHints":{"allow":["GET"]}}],"collection":[{"href":"https:\/\/www.turkali-architekten.de\/en\/wp-json\/wp\/v2\/pages"}],"about":[{"href":"https:\/\/www.turkali-architekten.de\/en\/wp-json\/wp\/v2\/types\/page"}],"author":[{"embeddable":true,"href":"https:\/\/www.turkali-architekten.de\/en\/wp-json\/wp\/v2\/users\/4"}],"replies":[{"embeddable":true,"href":"https:\/\/www.turkali-architekten.de\/en\/wp-json\/wp\/v2\/comments?post=7365"}],"version-history":[{"count":11,"href":"https:\/\/www.turkali-architekten.de\/en\/wp-json\/wp\/v2\/pages\/7365\/revisions"}],"predecessor-version":[{"id":7765,"href":"https:\/\/www.turkali-architekten.de\/en\/wp-json\/wp\/v2\/pages\/7365\/revisions\/7765"}],"wp:attachment":[{"href":"https:\/\/www.turkali-architekten.de\/en\/wp-json\/wp\/v2\/media?parent=7365"}],"curies":[{"name":"wp","href":"https:\/\/api.w.org\/{rel}","templated":true}]}}