{"id":7345,"date":"2026-02-02T16:45:40","date_gmt":"2026-02-02T15:45:40","guid":{"rendered":"https:\/\/www.turkali-architekten.de\/?page_id=7345"},"modified":"2026-03-12T09:25:48","modified_gmt":"2026-03-12T08:25:48","slug":"01-02-2026-zentrum-st-nicolai-eroeffnet","status":"publish","type":"page","link":"https:\/\/www.turkali-architekten.de\/en\/aktuelles\/01-02-2026-zentrum-st-nicolai-eroeffnet\/","title":{"rendered":"01.02.2026 - Zentrum St. Nicolai feierlich er\u00f6ffnet"},"content":{"rendered":"<div>01.02.2026<\/div>\n<h1><strong> Zentrum St. Nicolai feierlich er\u00f6ffnet<\/strong><\/h1>\n<div>\n<p style=\"text-align: left;\">Mit der feierlichen Er\u00f6ffnung des neuen Gemeindezentrums St. Nicolai am 01. Februar 2026 in Frankfurt ist f\u00fcr die Gemeinde ein lange erwarteter Moment Wirklichkeit geworden. Bereits 2017 ging Zvonko Turkali Architekten als Sieger aus dem Architektenwettbewerb hervor. Nun ist fast neun Jahre sp\u00e4ter aus einer Idee und vielen gemeinsamen Entscheidungen ein realer Ort entstanden. Entsprechend gro\u00df sind Freude, Erleichterung und Dankbarkeit dar\u00fcber, dass dieser gemeinsame Weg nun erfolgreich abgeschlossen ist.<\/p>\n<p>Das neue Gemeindezentrum bildet gemeinsam mit dem angeschlossenen genossenschaftlichen Wohnungsbau ein Ensemble, das Kirche, Wohnen und Quartier miteinander verbindet. Der eingeschossige Bau mit Saal, Gruppen- und Sozialr\u00e4umen steht der Gemeinde ebenso offen wie den Bewohnenden und der Nachbarschaft. Der gemeinschaftliche Hof schafft Raum f\u00fcr Begegnung und Austausch.<\/p>\n<p>Mit der Er\u00f6ffnung beginnt nun das Leben im Haus als Ort f\u00fcr Gottesdienste, Gespr\u00e4che, Feste und Alltag, und damit ein gemeinsamer Beginn f\u00fcr Gemeinde und Quartier.<\/p>\n<\/p>\n<\/div>\n<p><img decoding=\"async\" src=\"\/wp-content\/uploads\/2026\/02\/ZentrumStNicolai08-scaled.jpg\" alt=\"\"><\/p>\n<div>\n<p>Fotos: Rolf Oeser\/ E\u00d6A<\/p>\n<\/div>\n<p><!--more--><br \/>\n<!-- {\"type\":\"layout\",\"children\":[{\"type\":\"section\",\"props\":{\"css\":\"  .el-section {\\n\\tpadding:128px 0px;\\n\\t}\\n\\n@media only screen and (max-width: 600px) {\\n  .el-section {\\n\\tpadding:20px 0px;\\n\\t}\\n}\",\"image_position\":\"center-center\",\"style\":\"default\",\"title_breakpoint\":\"xl\",\"title_position\":\"top-left\",\"title_rotation\":\"left\",\"vertical_align\":\"\",\"width\":\"default\"},\"children\":[{\"type\":\"row\",\"props\":{\"layout\":\"1-2,1-2\"},\"children\":[{\"type\":\"column\",\"props\":{\"image_position\":\"center-center\",\"position_sticky_breakpoint\":\"m\",\"width_medium\":\"1-2\"},\"children\":[{\"type\":\"text\",\"props\":{\"column_breakpoint\":\"m\",\"content\":\"01.02.2026\",\"margin_bottom\":\"default\",\"margin_top\":\"default\",\"text_style\":\"meta\"}}]},{\"type\":\"column\",\"props\":{\"image_position\":\"center-center\",\"position_sticky_breakpoint\":\"m\",\"width_medium\":\"1-2\"}}]},{\"type\":\"row\",\"props\":{\"layout\":\"1-2,1-2\"},\"children\":[{\"type\":\"column\",\"props\":{\"css\":\".el-column {\\npadding-right:35px;\\n}\",\"image_position\":\"center-center\",\"position_sticky_breakpoint\":\"m\",\"width_medium\":\"1-2\"},\"children\":[{\"type\":\"headline\",\"props\":{\"content\":\"<strong> Zentrum St. Nicolai feierlich er\u00f6ffnet<\/strong>\",\"content_en_us\":\"\n\n<h1 data-id=\\\"page#0-0-0-0\\\" data-element=\\\"\\\" style=\\\"text-align: left;\\\">01.02.2026 \u2013 Ceremonial Opening of the St. Nicolai Parish Center<\/h1>\n\n\\n\n\n<div class=\\\"uk-panel uk-margin\\\" data-id=\\\"page#0-0-0-1\\\" data-element=\\\"\\\" id=\\\"page#0\\\"><\/div>\n\n\",\"image_align\":\"left\",\"image_margin\":\"xsmall\",\"position\":\"relative\",\"position_top\":\"-10\",\"title_element\":\"h1\"}},{\"type\":\"text\",\"props\":{\"column_breakpoint\":\"m\",\"content\":\"\n\n<p style=\\\"text-align: left;\\\">Mit der feierlichen Er\u00f6ffnung des neuen Gemeindezentrums St. Nicolai am 01. Februar 2026 in Frankfurt ist f\u00fcr die Gemeinde ein lange erwarteter Moment Wirklichkeit geworden. Bereits 2017 ging Zvonko Turkali Architekten als Sieger aus dem Architektenwettbewerb hervor. Nun ist fast neun Jahre sp\u00e4ter aus einer Idee und vielen gemeinsamen Entscheidungen ein realer Ort entstanden. Entsprechend gro\u00df sind Freude, Erleichterung und Dankbarkeit dar\u00fcber, dass dieser gemeinsame Weg nun erfolgreich abgeschlossen ist.<\/p>\n\n\\n\n\n<p>Das neue Gemeindezentrum bildet gemeinsam mit dem angeschlossenen genossenschaftlichen Wohnungsbau ein Ensemble, das Kirche, Wohnen und Quartier miteinander verbindet. Der eingeschossige Bau mit Saal, Gruppen- und Sozialr\u00e4umen steht der Gemeinde ebenso offen wie den Bewohnenden und der Nachbarschaft. Der gemeinschaftliche Hof schafft Raum f\u00fcr Begegnung und Austausch.<\/p>\n\n\\n\n\n<p>Mit der Er\u00f6ffnung beginnt nun das Leben im Haus als Ort f\u00fcr Gottesdienste, Gespr\u00e4che, Feste und Alltag, und damit ein gemeinsamer Beginn f\u00fcr Gemeinde und Quartier.<\/p>\n\n\\n\n\n\n\n\\n\",\"content_en_us\":\"\n\n<div class=\\\"uk-panel uk-margin\\\" data-id=\\\"page#0-0-0-1\\\" data-element=\\\"\\\" id=\\\"page#0\\\">\\n\n\n<p data-start=\\\"171\\\" data-end=\\\"663\\\">The new St. Nicolai Parish Center officially opened on February 1, 2026, marking the culmination of a long-planned project for the congregation. <span class=\\\"hover:entity-accent entity-underline inline cursor-pointer align-baseline\\\"><span class=\\\"whitespace-normal\\\">Zvonko Turkali Architekten<\/span><\/span> won the architectural competition for the project in 2017. Nearly nine years later, the winning design has now been realized following an extended planning and decision-making process. The opening was met with a strong sense of joy and relief, reflecting the significance of the moment for all those involved.<\/p>\n\n\\n\n\n<p data-start=\\\"665\\\" data-end=\\\"1043\\\">Together with the adjoining cooperative housing, the parish center forms an ensemble that connects church, residential use, and the surrounding neighborhood. The single-story building accommodates a hall, seminar rooms, and social spaces and is open to the congregation, residents, and the wider community. A shared courtyard provides a central place for interaction and exchange.<\/p>\n\n\\n\n\n<p data-start=\\\"1045\\\" data-end=\\\"1251\\\">With its opening, the building enters active use as a venue for worship, meetings, celebrations, and everyday parish life, establishing a shared point of reference for the congregation and the neighborhood.<\/p>\n\n\\n<\/div>\n\n\\n\n\n\n\n\\n\",\"css\":\".el-element {\\nfont-size:15px;\\nline-height:25px;\\n}\",\"margin_bottom\":\"default\",\"margin_top\":\"default\"}}]},{\"type\":\"column\",\"props\":{\"image_position\":\"center-center\",\"position_sticky_breakpoint\":\"m\",\"width_medium\":\"1-2\"},\"children\":[{\"type\":\"image\",\"props\":{\"css\":\".el-image {\\nfilter:sepia(0.05) saturate(40%);\",\"image\":\"wp-content\/uploads\/2026\/02\/ZentrumStNicolai08-scaled.jpg\",\"image_height\":-1,\"image_svg_color\":\"emphasis\",\"margin_bottom\":\"remove\",\"margin_top\":\"default\"}},{\"type\":\"text\",\"props\":{\"column_breakpoint\":\"m\",\"content\":\"\\n\n\n<p>Fotos: Rolf Oeser\/ E\u00d6A<\/p>\n\n\",\"content_en_us\":\"\n\n<p>Photos: Rolf Oeser\/ E\u00d6A<\/p>\n\n\",\"css\":\".el-element {\\nfont-size:15px;\\nline-height:25px;\\n}\",\"margin_bottom\":\"default\",\"margin_top\":\"default\",\"text_align\":\"right\"},\"name\":\"text\"}]}]},{\"type\":\"row\",\"props\":{\"layout\":\"1-2,1-2\"},\"children\":[{\"type\":\"column\",\"props\":{\"css\":\".el-column {\\npadding-right:35px;\\n}\",\"image_position\":\"center-center\",\"position_sticky_breakpoint\":\"m\",\"width_medium\":\"1-2\"}},{\"type\":\"column\",\"props\":{\"image_position\":\"center-center\",\"position_sticky_breakpoint\":\"m\",\"width_medium\":\"1-2\"}}]}],\"name\":\"Header-Section-Start\"}],\"version\":\"5.0.15\"} --><\/p>\n","protected":false},"excerpt":{"rendered":"<p>01.02.2026 Zentrum St. Nicolai feierlich er\u00f6ffnet Mit der feierlichen Er\u00f6ffnung des neuen Gemeindezentrums St. Nicolai am 01. Februar 2026 in Frankfurt ist f\u00fcr die Gemeinde ein lange erwarteter Moment Wirklichkeit geworden. Bereits 2017 ging Zvonko Turkali Architekten als Sieger aus dem Architektenwettbewerb hervor. Nun ist fast neun Jahre sp\u00e4ter aus einer Idee und vielen gemeinsamen [&hellip;]<\/p>\n","protected":false},"author":4,"featured_media":0,"parent":1079,"menu_order":18,"comment_status":"closed","ping_status":"closed","template":"","meta":{"footnotes":""},"class_list":["post-7345","page","type-page","status-publish","hentry"],"_links":{"self":[{"href":"https:\/\/www.turkali-architekten.de\/en\/wp-json\/wp\/v2\/pages\/7345","targetHints":{"allow":["GET"]}}],"collection":[{"href":"https:\/\/www.turkali-architekten.de\/en\/wp-json\/wp\/v2\/pages"}],"about":[{"href":"https:\/\/www.turkali-architekten.de\/en\/wp-json\/wp\/v2\/types\/page"}],"author":[{"embeddable":true,"href":"https:\/\/www.turkali-architekten.de\/en\/wp-json\/wp\/v2\/users\/4"}],"replies":[{"embeddable":true,"href":"https:\/\/www.turkali-architekten.de\/en\/wp-json\/wp\/v2\/comments?post=7345"}],"version-history":[{"count":21,"href":"https:\/\/www.turkali-architekten.de\/en\/wp-json\/wp\/v2\/pages\/7345\/revisions"}],"predecessor-version":[{"id":7913,"href":"https:\/\/www.turkali-architekten.de\/en\/wp-json\/wp\/v2\/pages\/7345\/revisions\/7913"}],"up":[{"embeddable":true,"href":"https:\/\/www.turkali-architekten.de\/en\/wp-json\/wp\/v2\/pages\/1079"}],"wp:attachment":[{"href":"https:\/\/www.turkali-architekten.de\/en\/wp-json\/wp\/v2\/media?parent=7345"}],"curies":[{"name":"wp","href":"https:\/\/api.w.org\/{rel}","templated":true}]}}