{"id":728,"date":"2024-02-13T10:52:15","date_gmt":"2024-02-13T09:52:15","guid":{"rendered":"http:\/\/s992978995.online.de\/?page_id=728"},"modified":"2026-02-16T15:16:10","modified_gmt":"2026-02-16T14:16:10","slug":"04-01-2020","status":"publish","type":"page","link":"https:\/\/www.turkali-architekten.de\/en\/aktuelles\/04-01-2020\/","title":{"rendered":"04.01.2020"},"content":{"rendered":"<h1>04.01.2020 \u2013 Baugenehmigung f\u00fcr die erste J\u00fcdische Akademie in der Bundesrepublik erteilt<\/h1>\n<div>\n<p>Die Bauaufsicht der Stadt Frankfurt hat nach intensiver Beratung und z\u00fcgiger Bearbeitung Ende Dezember 2019 die Baugenehmigung f\u00fcr den Bau der J\u00fcdischen Akademie erteilt.<\/p>\n<p>Stadtk\u00e4mmerer und B\u00fcrgermeister Uwe Becker sowie Planungsdezernent Mike Josef zeigten sich in einer gemeinsamen Erkl\u00e4rung erfreut dar\u00fcber, dass ein &#8220;j\u00fcdischer Thinktank&#8221; von bundesweiter Bedeutung nun realisiert werden kann. Mit dem preisgekr\u00f6nten Entwurf von Turkali Architekten werde die Akademie den gesamten Kulturcampus bereichern und die Tradition der j\u00fcdisch gepr\u00e4gten Sozialwissenschaften an diesem Ort fortsetzen, so Mike Josef. Die J\u00fcdische Akademie soll den Diskurs \u00fcber das j\u00fcdische Leben und j\u00fcdische Kultur in die Bev\u00f6lkerung hineintragen. Das Seminar-, Konferenz-, Vortrags- und Fortbildungsangebot richtet sich gleichzeitig an Juden und Nichtjuden, sagt Harry Schnabel, Mitglied des Zentralrats der Juden in Deutschland.<\/p>\n<p>Die J\u00fcdische Akademie wird an der S\u00fcdspitze des neu geplanten Kulturcampus entstehen. Zum Ensemble der Bildungseinrichtung geh\u00f6ren ein Neubau und eine neoklassizistische Villa. Im Neubau sind ein gro\u00dfer Veranstaltungssaal f\u00fcr 200 Personen, ein Ausstellungsraum, mehrere Seminarr\u00e4ume und ein Speisesaal geplant. Der Altbau nimmt ein kleines Caf\u00e9 sowie Besprechungs- und Verwaltungsr\u00e4ume auf.<\/p>\n<p>Finanziert wird das Projekt vom Zentralrat der Juden, der Bundesrepublik Deutschland, dem Land Hessen und der Stadt Frankfurt. Mit dem Beginn der Bauarbeiten wird ab Sp\u00e4tsommer gerechnet.<\/p>\n<\/div>\n<p><img decoding=\"async\" src=\"\/wp-content\/uploads\/2024\/02\/04-01-2020_Foto-scaled.jpg\" alt=\"\"><\/p>\n<p><!--more--><br \/>\n<!-- {\"type\":\"layout\",\"children\":[{\"type\":\"section\",\"props\":{\"css\":\"  .el-section {\\n\\tpadding:128px 0px;\\n\\t}\\n\\n@media only screen and (max-width: 600px) {\\n  .el-section {\\n\\tpadding:20px 0px;\\n\\t}\\n}\",\"image_position\":\"center-center\",\"style\":\"default\",\"title_breakpoint\":\"xl\",\"title_position\":\"top-left\",\"title_rotation\":\"left\",\"vertical_align\":\"\",\"width\":\"default\"},\"children\":[{\"type\":\"row\",\"props\":{\"layout\":\"1-2,1-2\"},\"children\":[{\"type\":\"column\",\"props\":{\"css\":\".el-column {\\npadding-right:35px;\\n}\",\"image_position\":\"center-center\",\"position_sticky_breakpoint\":\"m\",\"width_medium\":\"1-2\"},\"children\":[{\"type\":\"headline\",\"props\":{\"content\":\"04.01.2020 \u2013 Baugenehmigung f\u00fcr die erste J\u00fcdische Akademie in der Bundesrepublik erteilt\",\"content_en_us\":\"04.01.2020 - Way cleared\",\"image_align\":\"left\",\"image_margin\":\"xsmall\",\"title_element\":\"h1\"}},{\"type\":\"text\",\"props\":{\"column_breakpoint\":\"m\",\"content\":\"\\n\n\n<p>Die Bauaufsicht der Stadt Frankfurt hat nach intensiver Beratung und z\u00fcgiger Bearbeitung Ende Dezember 2019 die Baugenehmigung f\u00fcr den Bau der J\u00fcdischen Akademie erteilt.<\/p>\n\n\\n\n\n<p>Stadtk\u00e4mmerer und B\u00fcrgermeister Uwe Becker sowie Planungsdezernent Mike Josef zeigten sich in einer gemeinsamen Erkl\u00e4rung erfreut dar\u00fcber, dass ein \\\"j\u00fcdischer Thinktank\\\" von bundesweiter Bedeutung nun realisiert werden kann. Mit dem preisgekr\u00f6nten Entwurf von Turkali Architekten werde die Akademie den gesamten Kulturcampus bereichern und die Tradition der j\u00fcdisch gepr\u00e4gten Sozialwissenschaften an diesem Ort fortsetzen, so Mike Josef. Die J\u00fcdische Akademie soll den Diskurs \u00fcber das j\u00fcdische Leben und j\u00fcdische Kultur in die Bev\u00f6lkerung hineintragen. Das Seminar-, Konferenz-, Vortrags- und Fortbildungsangebot richtet sich gleichzeitig an Juden und Nichtjuden, sagt Harry Schnabel, Mitglied des Zentralrats der Juden in Deutschland.<\/p>\n\n\\n\n\n<p>Die J\u00fcdische Akademie wird an der S\u00fcdspitze des neu geplanten Kulturcampus entstehen. Zum Ensemble der Bildungseinrichtung geh\u00f6ren ein Neubau und eine neoklassizistische Villa. Im Neubau sind ein gro\u00dfer Veranstaltungssaal f\u00fcr 200 Personen, ein Ausstellungsraum, mehrere Seminarr\u00e4ume und ein Speisesaal geplant. Der Altbau nimmt ein kleines Caf\u00e9 sowie Besprechungs- und Verwaltungsr\u00e4ume auf.<\/p>\n\n\\n\n\n<p>Finanziert wird das Projekt vom Zentralrat der Juden, der Bundesrepublik Deutschland, dem Land Hessen und der Stadt Frankfurt. Mit dem Beginn der Bauarbeiten wird ab Sp\u00e4tsommer gerechnet.<\/p>\n\n\",\"content_en_us\":\"\n\n<p>Building permit granted for the first Jewish Academy in Germany<\/p>\n\n\\n\n\n<p>After intensive consultation and a fast processing, the building authorities of the City of Frankfurt issued the building permit for the construction of the Jewish Academy at the end of December 2019.<\/p>\n\n\\n\n\n<p>In a joint statement, City Treasurer and Mayor Uwe Becker and Planning Director Mike Josef expressed their pleasure that a \\\"Jewish think tank\\\" of nationwide significance can now be realized.<\/p>\n\n\\n\n\n<p>With the award-winning design by Turkali Architekten, the Academy will enrich the entire cultural campus and continue the tradition of Jewish social sciences at this location, said Mike Josef. The Jewish Academy is intended to foster the discourse on Jewish life and Jewish culture among the population. Offered seminars, conferences, lectures and further education courses are directed towards Jews and non-Jews, says Harry Schnabel, member of the Central Council of Jews in Germany.<\/p>\n\n\\n\n\n<p>The Jewish Academy will be located at the southern tip of the newly planned cultural campus. The educational institution's ensemble will include a new building and a neo-classical villa. In the new building a large event hall for 200 people, an exhibition room, several seminar rooms and a dining hall are planned. The old building accomodates a small caf\u00e9 as well as meeting and administration rooms.<\/p>\n\n\\n\n\n<p>The project is financed by the Central Council of Jews, the Federal Republic of Germany, the State of Hesse and the City of Frankfurt. Construction work is expected to begin in late summer.<\/p>\n\n\",\"css\":\".el-element {\\nfont-size:15px;\\nline-height:25px;\\n}\",\"margin_bottom\":\"default\",\"margin_top\":\"default\"}}]},{\"type\":\"column\",\"props\":{\"image_position\":\"center-center\",\"position_sticky_breakpoint\":\"m\",\"width_medium\":\"1-2\"},\"children\":[{\"type\":\"image\",\"props\":{\"image\":\"wp-content\/uploads\/2024\/02\/04-01-2020_Foto-scaled.jpg\",\"image_svg_color\":\"emphasis\",\"margin_bottom\":\"remove\",\"margin_top\":\"default\"}},{\"type\":\"text\",\"props\":{\"column_breakpoint\":\"m\",\"content\":\"\",\"css\":\".el-element {\\nfont-size:10px;\\n\\nline-height:25px;\\n}\",\"margin_bottom\":\"\",\"margin_top\":\"\"}},{\"type\":\"text\",\"props\":{\"column_breakpoint\":\"m\",\"content\":\"\",\"css\":\".el-element {\\nfont-size:10px;\\n\\nline-height:25px;\\n}\",\"margin_bottom\":\"\",\"margin_top\":\"\"}}]}]}],\"name\":\"Header-Section-Start\"}],\"version\":\"5.0.14\"} --><\/p>\n","protected":false},"excerpt":{"rendered":"<p>04.01.2020 \u2013 Baugenehmigung f\u00fcr die erste J\u00fcdische Akademie in der Bundesrepublik erteilt Die Bauaufsicht der Stadt Frankfurt hat nach intensiver Beratung und z\u00fcgiger Bearbeitung Ende Dezember 2019 die Baugenehmigung f\u00fcr den Bau der J\u00fcdischen Akademie erteilt. Stadtk\u00e4mmerer und B\u00fcrgermeister Uwe Becker sowie Planungsdezernent Mike Josef zeigten sich in einer gemeinsamen Erkl\u00e4rung erfreut dar\u00fcber, dass ein [&hellip;]<\/p>\n","protected":false},"author":1,"featured_media":0,"parent":1079,"menu_order":72,"comment_status":"closed","ping_status":"closed","template":"","meta":{"footnotes":""},"class_list":["post-728","page","type-page","status-publish","hentry"],"_links":{"self":[{"href":"https:\/\/www.turkali-architekten.de\/en\/wp-json\/wp\/v2\/pages\/728","targetHints":{"allow":["GET"]}}],"collection":[{"href":"https:\/\/www.turkali-architekten.de\/en\/wp-json\/wp\/v2\/pages"}],"about":[{"href":"https:\/\/www.turkali-architekten.de\/en\/wp-json\/wp\/v2\/types\/page"}],"author":[{"embeddable":true,"href":"https:\/\/www.turkali-architekten.de\/en\/wp-json\/wp\/v2\/users\/1"}],"replies":[{"embeddable":true,"href":"https:\/\/www.turkali-architekten.de\/en\/wp-json\/wp\/v2\/comments?post=728"}],"version-history":[{"count":11,"href":"https:\/\/www.turkali-architekten.de\/en\/wp-json\/wp\/v2\/pages\/728\/revisions"}],"predecessor-version":[{"id":7418,"href":"https:\/\/www.turkali-architekten.de\/en\/wp-json\/wp\/v2\/pages\/728\/revisions\/7418"}],"up":[{"embeddable":true,"href":"https:\/\/www.turkali-architekten.de\/en\/wp-json\/wp\/v2\/pages\/1079"}],"wp:attachment":[{"href":"https:\/\/www.turkali-architekten.de\/en\/wp-json\/wp\/v2\/media?parent=728"}],"curies":[{"name":"wp","href":"https:\/\/api.w.org\/{rel}","templated":true}]}}