{"id":679,"date":"2024-02-13T11:04:25","date_gmt":"2024-02-13T10:04:25","guid":{"rendered":"http:\/\/s992978995.online.de\/?page_id=679"},"modified":"2024-05-08T23:22:35","modified_gmt":"2024-05-08T21:22:35","slug":"30-04-2021","status":"publish","type":"page","link":"https:\/\/www.turkali-architekten.de\/en\/aktuelles\/30-04-2021\/","title":{"rendered":"30.04.2021"},"content":{"rendered":"<h1>30.04.2021 \u2013 Arena am Kaiserlei<\/h1>\n<div>\n<p>Prof. Zvonko Turkali pr\u00e4sentiert die gr\u00fcne Stadtarena im Marketing Club Frankfurt<\/p>\n<p>Eine moderne Arena f\u00fcr Sport und Kultur f\u00fcr die Region FrankfurtRheinMain \u2013 danach sehnen sich Sportvereine, Kulturschaffende und die Bev\u00f6lkerung bereits seit Jahren. Wie eine solche Arena aussehen und wo und wie sie umgesetzt werden k\u00f6nnte, das pr\u00e4sentieren Dr. Gunnar W\u00f6bke, gesch\u00e4ftsf\u00fchrender Gesellschafter der Fraport Skyliners, und Prof. Zvonko Turkali, Inhaber von Turkali Architekten, am Dienstag, den 4. Mai 2021, um 18.30 Uhr im Rahmen einer Zoom-Konferenz.<\/p>\n<p>Veranstalter ist der Marketing Club Frankfurt, mit rund 1.000 Mitglieder*innen das nach eigenen Angaben aktivste Netzwerk der Metropolregion FrankfurtRheinMain. Die Moderation der Veranstaltung \u00fcbernimmt Claudio Montanini, Pr\u00e4sident des Marketing Clubs und gesch\u00e4ftsf\u00fchrender Gesellschafter der PSM&amp;W Kommunikation GmbH.<\/p>\n<p>Urban und nah, nachhaltig und gr\u00fcn, organisch und fortschrittlich \u2013 so soll die von Turkali Architekten geplante Stadtarena am Kaiserlei auf einem rund sechs Hektar gro\u00dfen Grundst\u00fcck an der Stadtgrenze zwischen Frankfurt und Offenbach werden. Fertigstellung der rund 13.000 Sitzpl\u00e4tze umfassenden Halle soll bereits im Jahr 2025 sein.<\/p>\n<\/div>\n<p><img decoding=\"async\" src=\"\/wp-content\/uploads\/2024\/02\/30-04-2021_Foto-scaled.jpg\" alt=\"\"><\/p>\n<p><!--more--><br \/>\n<!-- {\"type\":\"layout\",\"children\":[{\"type\":\"section\",\"props\":{\"css\":\"  .el-section {\\n\\tpadding:128px 0px;\\n\\t}\\n\\n@media only screen and (max-width: 600px) {\\n  .el-section {\\n\\tpadding:20px 0px;\\n\\t}\\n}\",\"image_position\":\"center-center\",\"padding_remove_top\":false,\"style\":\"default\",\"title_breakpoint\":\"xl\",\"title_position\":\"top-left\",\"title_rotation\":\"left\",\"vertical_align\":\"middle\",\"width\":\"default\"},\"children\":[{\"type\":\"row\",\"props\":{\"layout\":\"1-2,1-2\"},\"children\":[{\"type\":\"column\",\"props\":{\"css\":\".el-column {\\npadding-right:35px;\\n}\",\"image_position\":\"center-center\",\"position_sticky_breakpoint\":\"m\",\"width_medium\":\"1-2\"},\"children\":[{\"type\":\"headline\",\"props\":{\"content\":\"30.04.2021 \\u2013 Arena am Kaiserlei\",\"content_en_us\":\"30.04.2021 - City arena at Kaiserlei district\",\"title_element\":\"h1\"}},{\"type\":\"text\",\"props\":{\"column_breakpoint\":\"m\",\"content\":\"\n\n<p>Prof. Zvonko Turkali pr\\u00e4sentiert die gr\\u00fcne Stadtarena im Marketing Club Frankfurt<\\\/p>\\n\n\n<p>Eine moderne Arena f\\u00fcr Sport und Kultur f\\u00fcr die Region FrankfurtRheinMain \\u2013 danach sehnen sich Sportvereine, Kulturschaffende und die Bev\\u00f6lkerung bereits seit Jahren. Wie eine solche Arena aussehen und wo und wie sie umgesetzt werden k\\u00f6nnte, das pr\\u00e4sentieren Dr. Gunnar W\\u00f6bke, gesch\\u00e4ftsf\\u00fchrender Gesellschafter der Fraport Skyliners, und Prof. Zvonko Turkali, Inhaber von Turkali Architekten, am Dienstag, den 4. Mai 2021, um 18.30 Uhr im Rahmen einer Zoom-Konferenz.<\\\/p>\\n\n\n<p>Veranstalter ist der Marketing Club Frankfurt, mit rund 1.000 Mitglieder*innen das nach eigenen Angaben aktivste Netzwerk der Metropolregion FrankfurtRheinMain. Die Moderation der Veranstaltung \\u00fcbernimmt Claudio Montanini, Pr\\u00e4sident des Marketing Clubs und gesch\\u00e4ftsf\\u00fchrender Gesellschafter der PSM&amp;W Kommunikation GmbH.<\\\/p>\\n\n\n<p>Urban und nah, nachhaltig und gr\\u00fcn, organisch und fortschrittlich \\u2013 so soll die von Turkali Architekten geplante Stadtarena am Kaiserlei auf einem rund sechs Hektar gro\\u00dfen Grundst\\u00fcck an der Stadtgrenze zwischen Frankfurt und Offenbach werden. Fertigstellung der rund 13.000 Sitzpl\\u00e4tze umfassenden Halle soll bereits im Jahr 2025 sein.<\\\/p>\",\"content_en_us\":\"\n\n<p>Prof. Zvonko Turkali presents the green urban city arena at the Marketing Club Frankfurt<\\\/p>\\n\n\n<p>A modern city arena for sports and culture for the Frankfurt Rhine-Main metropolitan region \\u2013 that's what sport clubs, artists and the public have been waiting for for years. Dr. Gunnar W\\u00f6bke, managing director of the Fraport Skyliners, and Prof. Zvonko Turkali, owner of Turkali Architekten, will present a design for such an arena as well as a potential location on Tuesday, May 4th, 2021, at 6:30 p.m. in a Zoom conference.<\\\/p>\\n\n\n<p>The event is organized by the Marketing Club Frankfurt, which is the most active network in the Frankfurt Rhine-Main metropolitan region with around 1,000 members according to its own information. The event will be moderated by Claudio Montanini, president of the Marketing Club and managing partner of PSM&amp;W Kommunikation GmbH.<\\\/p>\\n\n\n<p>Urban and close, sustainable and green, organic and progressive \\u2013 this is how the new city arena, located on an approximately six-hectare site on the city border between Frankfurt and Offenbach and designed by Turkali Architekten, is envisioned. Completion of the 13,000-seat arena is scheduled for as early as 2025.<\\\/p>\",\"css\":\".el-element {\\nfont-size:15px;\\nline-height:25px;\\n}\",\"margin\":\"default\",\"margin_remove_bottom\":false}}]},{\"type\":\"column\",\"props\":{\"image_position\":\"center-center\",\"position_sticky_breakpoint\":\"m\",\"width_medium\":\"1-2\"},\"children\":[{\"type\":\"image\",\"props\":{\"image\":\"wp-content\\\/uploads\\\/2024\\\/02\\\/30-04-2021_Foto-scaled.jpg\",\"image_svg_color\":\"emphasis\",\"margin\":\"default\",\"margin_remove_bottom\":true}},{\"type\":\"text\",\"props\":{\"column_breakpoint\":\"m\",\"content\":\"\",\"css\":\".el-element {\\nfont-size:10px;\\n\\nline-height:25px;\\n}\",\"margin\":\"\",\"margin_remove_bottom\":false,\"margin_remove_top\":false}},{\"type\":\"text\",\"props\":{\"column_breakpoint\":\"m\",\"content\":\"\",\"css\":\".el-element {\\nfont-size:10px;\\n\\nline-height:25px;\\n}\",\"margin\":\"\",\"margin_remove_bottom\":false,\"margin_remove_top\":false}}]}]}],\"name\":\"Header-Section-Start\"}],\"version\":\"4.2.12\"} --><\/p>\n","protected":false},"excerpt":{"rendered":"<p>30.04.2021 \u2013 Arena am Kaiserlei Prof. Zvonko Turkali pr\u00e4sentiert die gr\u00fcne Stadtarena im Marketing Club Frankfurt Eine moderne Arena f\u00fcr Sport und Kultur f\u00fcr die Region FrankfurtRheinMain \u2013 danach sehnen sich Sportvereine, Kulturschaffende und die Bev\u00f6lkerung bereits seit Jahren. Wie eine solche Arena aussehen und wo und wie sie umgesetzt werden k\u00f6nnte, das pr\u00e4sentieren Dr. [&hellip;]<\/p>\n","protected":false},"author":1,"featured_media":0,"parent":1079,"menu_order":44,"comment_status":"closed","ping_status":"closed","template":"","meta":{"footnotes":""},"class_list":["post-679","page","type-page","status-publish","hentry"],"_links":{"self":[{"href":"https:\/\/www.turkali-architekten.de\/en\/wp-json\/wp\/v2\/pages\/679","targetHints":{"allow":["GET"]}}],"collection":[{"href":"https:\/\/www.turkali-architekten.de\/en\/wp-json\/wp\/v2\/pages"}],"about":[{"href":"https:\/\/www.turkali-architekten.de\/en\/wp-json\/wp\/v2\/types\/page"}],"author":[{"embeddable":true,"href":"https:\/\/www.turkali-architekten.de\/en\/wp-json\/wp\/v2\/users\/1"}],"replies":[{"embeddable":true,"href":"https:\/\/www.turkali-architekten.de\/en\/wp-json\/wp\/v2\/comments?post=679"}],"version-history":[{"count":9,"href":"https:\/\/www.turkali-architekten.de\/en\/wp-json\/wp\/v2\/pages\/679\/revisions"}],"predecessor-version":[{"id":4183,"href":"https:\/\/www.turkali-architekten.de\/en\/wp-json\/wp\/v2\/pages\/679\/revisions\/4183"}],"up":[{"embeddable":true,"href":"https:\/\/www.turkali-architekten.de\/en\/wp-json\/wp\/v2\/pages\/1079"}],"wp:attachment":[{"href":"https:\/\/www.turkali-architekten.de\/en\/wp-json\/wp\/v2\/media?parent=679"}],"curies":[{"name":"wp","href":"https:\/\/api.w.org\/{rel}","templated":true}]}}