{"id":6602,"date":"2025-03-12T14:04:38","date_gmt":"2025-03-12T13:04:38","guid":{"rendered":"https:\/\/www.turkali-architekten.de\/?page_id=6602"},"modified":"2026-03-12T16:53:06","modified_gmt":"2026-03-12T15:53:06","slug":"06-06-2025-frankfurter-denkmalforum-mit-plaenen","status":"publish","type":"page","link":"https:\/\/www.turkali-architekten.de\/en\/aktuelles\/06-06-2025-frankfurter-denkmalforum-mit-plaenen\/","title":{"rendered":"06.06.2025 - Frankfurter Denkmalforum mit Pl\u00e4nen"},"content":{"rendered":"<div>06.06.2025<\/div>\n<h1>Frankfurter Denkmalforum mit Pl\u00e4nen<\/h1>\n<div>\n<p>Im Frankfurter Haus des Handwerks fand nach der Sitzung des Vorstands die j\u00e4hrliche Mitgliederversammlung des Frankfurter Denkmalforums statt.<\/p>\n<p>Die Vorsitzenden Prof. Zvonko Turkali und Susanne Haus, Pr\u00e4sidentin der Handwerkskammer Frankfurt Rhein-Main, stellten ihre Programmplanungen f\u00fcr die kommende Zeit vor.<\/p>\n<p>Noch 2025 erwartet die Mitglieder des Frankfurter Denkmalforums eine F\u00fchrung in der J\u00fcdischen Akademie, die derzeit von Zvonko Turkali Architekten gebaut wird.<\/p>\n<p>Als H\u00f6hepunkt und zum Abschluss der Mitgliederversammlung folgte der Vortrag \u201eFrankfurter Silberinschrift &#8211; \u00e4ltester Nachweis f\u00fcr Christen n\u00f6rdlich der Alpen\u201c von Dr. Andrea Hampel, Leiterin des Frankfurter Denkmalschutzamtes.<\/p>\n<p>Foto: J\u00f6rg Schmitz<\/p>\n<\/div>\n<p><a href=\"\/wp-content\/uploads\/2025\/06\/vorstand_fdf.jpeg\"><img decoding=\"async\" src=\"\/wp-content\/uploads\/2025\/06\/vorstand_fdf.jpeg\" alt=\"\"><\/a><\/p>\n<div>\n<p>Vorstand des Frankfurter Denkmalforums: Susanne Haus, Prof. Zvonko Turkali, Juan Aragon und Erhard Theil (v.r.n.l.). Es fehlt Ursula Henrich.<\/p>\n<\/div>\n<p><!--more--><br \/>\n<!-- {\"type\":\"layout\",\"children\":[{\"type\":\"section\",\"props\":{\"css\":\"  .el-section {\\n\\tpadding:128px 0px;\\n\\t}\\n\\n@media only screen and (max-width: 600px) {\\n  .el-section {\\n\\tpadding:20px 0px;\\n\\t}\\n}\",\"image_position\":\"center-center\",\"style\":\"default\",\"title_breakpoint\":\"xl\",\"title_position\":\"top-left\",\"title_rotation\":\"left\",\"vertical_align\":\"\",\"width\":\"default\"},\"children\":[{\"type\":\"row\",\"props\":{\"layout\":\"1-2,1-2\"},\"children\":[{\"type\":\"column\",\"props\":{\"css\":\".el-column {\\npadding-right:35px;\\n}\",\"image_position\":\"center-center\",\"position_sticky_breakpoint\":\"m\",\"width_medium\":\"1-2\"},\"children\":[{\"type\":\"text\",\"props\":{\"column_breakpoint\":\"m\",\"content\":\"06.06.2025\",\"margin_bottom\":\"default\",\"margin_top\":\"default\",\"text_style\":\"meta\"}}]},{\"type\":\"column\",\"props\":{\"image_position\":\"center-center\",\"position_sticky_breakpoint\":\"m\",\"width_medium\":\"1-2\"}}]},{\"type\":\"row\",\"props\":{\"layout\":\"1-2,1-2\"},\"children\":[{\"type\":\"column\",\"props\":{\"css\":\".el-column {\\npadding-right:35px;\\n}\",\"image_position\":\"center-center\",\"position_sticky_breakpoint\":\"m\",\"width_medium\":\"1-2\"},\"children\":[{\"type\":\"headline\",\"props\":{\"content\":\"Frankfurter Denkmalforum mit Pl\u00e4nen\",\"content_en_us\":\"Frankfurter Denkmalforum with plans\",\"image_align\":\"left\",\"image_margin\":\"xsmall\",\"title_element\":\"h1\"}},{\"type\":\"text\",\"props\":{\"column_breakpoint\":\"m\",\"content\":\"\n\n<p>Im Frankfurter Haus des Handwerks fand nach der Sitzung des Vorstands die j\u00e4hrliche Mitgliederversammlung des Frankfurter Denkmalforums statt.<\/p>\n\n\\n\n\n<p>Die Vorsitzenden Prof. Zvonko Turkali und Susanne Haus, Pr\u00e4sidentin der Handwerkskammer Frankfurt Rhein-Main, stellten ihre Programmplanungen f\u00fcr die kommende Zeit vor.<\/p>\n\n\\n\n\n<p>Noch 2025 erwartet die Mitglieder des Frankfurter Denkmalforums eine F\u00fchrung in der J\u00fcdischen Akademie, die derzeit von Zvonko Turkali Architekten gebaut wird.<\/p>\n\n\\n\n\n<p>Als H\u00f6hepunkt und zum Abschluss der Mitgliederversammlung folgte der Vortrag \u201eFrankfurter Silberinschrift - \u00e4ltester Nachweis f\u00fcr Christen n\u00f6rdlich der Alpen\u201c von Dr. Andrea Hampel, Leiterin des Frankfurter Denkmalschutzamtes.<\/p>\n\n\\n\n\n<p>Foto: J\u00f6rg Schmitz<\/p>\n\n\",\"content_en_us\":\"\n\n<div class=\\\"uk-panel uk-margin\\\" data-id=\\\"page#0-0-0-1\\\" data-element=\\\"\\\" id=\\\"page#0\\\">\\n\n\n<p>Following the board meeting, the annual general meeting of the Frankfurt Monument Forum took place at the Frankfurt House of Crafts.<\/p>\n\n\\n\n\n<p>The chairmen, Prof. Zvonko Turkali, and Susanne Haus, President of the Frankfurt Rhine-Main Chamber of Crafts, presented their program plans for the coming period.<\/p>\n\n\\n\n\n<p>In 2025, the members of the Frankfurt Monument Forum will be treated to a guided tour of the Jewish Academy, currently under construction by Zvonko Turkali Architects.<\/p>\n\n\\n\n\n<p>The highlight and conclusion of the general meeting was the lecture \\\"Frankfurt Silver Inscription - Oldest Evidence of Christians North of the Alps\\\" by Dr. Andrea Hampel, Head of the Frankfurt Monument Protection Office.<\/p>\n\n\\n\n\n<p>Photo: J\u00f6rg Schmitz<\/p>\n\n\\n<\/div>\n\n\",\"css\":\".el-element {\\nfont-size:15px;\\nline-height:25px;\\n}\",\"margin_bottom\":\"default\",\"margin_top\":\"default\"}}]},{\"type\":\"column\",\"props\":{\"image_position\":\"center-center\",\"position_sticky_breakpoint\":\"m\",\"width_medium\":\"1-2\"},\"children\":[{\"type\":\"image\",\"props\":{\"image\":\"wp-content\/uploads\/2025\/06\/vorstand_fdf.jpeg\",\"image_svg_color\":\"emphasis\",\"link\":\"wp-content\/uploads\/2025\/06\/vorstand_fdf.jpeg\",\"margin_bottom\":\"default\",\"margin_top\":\"default\"}},{\"type\":\"text\",\"props\":{\"column_breakpoint\":\"m\",\"content\":\"\n\n<p>Vorstand des Frankfurter Denkmalforums: Susanne Haus, Prof. Zvonko Turkali, Juan Aragon und Erhard Theil (v.r.n.l.). Es fehlt Ursula Henrich.<\/p>\n\n\",\"content_en_us\":\"\n\n<p>Board of the Frankfurt Monument Forum: Susanne Haus, Prof. Zvonko Turkali, Juan Aragon, and Erhard Theil (from right to left). Missing is Ursula Henrich.<\/p>\n\n\",\"margin_bottom\":\"default\",\"margin_top\":\"default\"}}]}]}],\"name\":\"Header-Section-Start\"}],\"version\":\"5.0.15\"} --><\/p>\n","protected":false},"excerpt":{"rendered":"<p>06.06.2025 Frankfurter Denkmalforum mit Pl\u00e4nen Im Frankfurter Haus des Handwerks fand nach der Sitzung des Vorstands die j\u00e4hrliche Mitgliederversammlung des Frankfurter Denkmalforums statt. Die Vorsitzenden Prof. Zvonko Turkali und Susanne Haus, Pr\u00e4sidentin der Handwerkskammer Frankfurt Rhein-Main, stellten ihre Programmplanungen f\u00fcr die kommende Zeit vor. Noch 2025 erwartet die Mitglieder des Frankfurter Denkmalforums eine F\u00fchrung in [&hellip;]<\/p>\n","protected":false},"author":4,"featured_media":0,"parent":1079,"menu_order":10,"comment_status":"closed","ping_status":"closed","template":"","meta":{"footnotes":""},"class_list":["post-6602","page","type-page","status-publish","hentry"],"_links":{"self":[{"href":"https:\/\/www.turkali-architekten.de\/en\/wp-json\/wp\/v2\/pages\/6602","targetHints":{"allow":["GET"]}}],"collection":[{"href":"https:\/\/www.turkali-architekten.de\/en\/wp-json\/wp\/v2\/pages"}],"about":[{"href":"https:\/\/www.turkali-architekten.de\/en\/wp-json\/wp\/v2\/types\/page"}],"author":[{"embeddable":true,"href":"https:\/\/www.turkali-architekten.de\/en\/wp-json\/wp\/v2\/users\/4"}],"replies":[{"embeddable":true,"href":"https:\/\/www.turkali-architekten.de\/en\/wp-json\/wp\/v2\/comments?post=6602"}],"version-history":[{"count":36,"href":"https:\/\/www.turkali-architekten.de\/en\/wp-json\/wp\/v2\/pages\/6602\/revisions"}],"predecessor-version":[{"id":7944,"href":"https:\/\/www.turkali-architekten.de\/en\/wp-json\/wp\/v2\/pages\/6602\/revisions\/7944"}],"up":[{"embeddable":true,"href":"https:\/\/www.turkali-architekten.de\/en\/wp-json\/wp\/v2\/pages\/1079"}],"wp:attachment":[{"href":"https:\/\/www.turkali-architekten.de\/en\/wp-json\/wp\/v2\/media?parent=6602"}],"curies":[{"name":"wp","href":"https:\/\/api.w.org\/{rel}","templated":true}]}}