{"id":6596,"date":"2025-03-12T14:02:06","date_gmt":"2025-03-12T13:02:06","guid":{"rendered":"https:\/\/www.turkali-architekten.de\/?page_id=6596"},"modified":"2026-03-12T12:47:55","modified_gmt":"2026-03-12T11:47:55","slug":"03-09-25-solitaere-ueberzeugen","status":"publish","type":"page","link":"https:\/\/www.turkali-architekten.de\/en\/aktuelles\/03-09-25-solitaere-ueberzeugen\/","title":{"rendered":"03.09.2025 - Solit\u00e4re \u00fcberzeugen"},"content":{"rendered":"<div>03.09.2025<\/div>\n<h1>Solit\u00e4re \u00fcberzeugen<\/h1>\n<div>\n<p style=\"line-height: 150%; background: white; margin: 0cm 0cm 15.0pt 0cm;\"><span>Im Stadtplanungsamt der Stadt Frankfurt <\/span><span>waren nun die Beitr\u00e4ge zum Wettbewerb des Um- und Neubaus des Studierendenwohnheims Ginnheimer Landstra\u00dfe 40-42 in Frankfurt\u00a0ausgestellt. Zvonko Turkali Architekten erlangte im Wettbewerb den 3. Preis.<\/span><\/p>\n<p><span>Aus der Beurteilung des Preisgerichts: \u201eDie vier geplanten Solit\u00e4re f\u00fcgen sich st\u00e4dtebaulich selbstverst\u00e4ndlich in die Umgebung ein und tragen dazu bei, dass ein bisher nahezu vollversiegelter Parkplatz in eine attraktive Gr\u00fcnfl\u00e4che entwickelt wird. Die vier Solit\u00e4re reagieren mit ihrer unterschiedlichen Geschossigkeit gut auf die vorhandene Umgebung. Die vorhandenen Hochh\u00e4user werden respektiert, wichtige Blickbeziehungen werden von der Neubebauung freigehalten. Der 7-geschossige Solit\u00e4r an der Ginnheimer Landstra\u00dfe korrespondiert als h\u00f6chstes neues Geb\u00e4ude mit dem bereits bestehenden Studierendenwohnheim auf der gegen\u00fcberliegenden Stra\u00dfenseite. Er schafft damit eine Verbindung zwischen alt und neu, zwischen Stadt und angrenzendem Landschaftsraum. Damit wird ein verbindendes und \u00fcberzeugendes Element zwischen den zwei Wohnheimstandorten geschaffen.\u201c<\/span><\/p>\n<p><span>Und: \u201eDie Arbeit liefert insgesamt einen \u00fcberzeugenden Beitrag (\u2026) und geht insbesondere aufgrund der Kompaktheit mit der Ressource Boden schonend um. Auf wenig Fl\u00e4che kann in gr\u00f6\u00dferem Umfang neuer bezahlbarer Wohnraum in hoher Qualit\u00e4t geschaffen werden.\u201c<\/span><\/p>\n<p><span>Der Jury geh\u00f6rten neben freien Architekten und Architektinnen auch Vertreterinnen und Vertreter der Stadt Frankfurt am Main, dem Hessischen Ministerium f\u00fcr Wirtschaft, Energie, Verkehr, Wohnen und l\u00e4ndlichen Raum sowie der Goethe-Universit\u00e4t Frankfurt an.<\/span><\/p>\n<\/div>\n<p><a href=\"\/wp-content\/uploads\/2025\/09\/stadtpl1-scaled.jpg\"><img decoding=\"async\" src=\"\/wp-content\/uploads\/2025\/09\/stadtpl1-scaled.jpg\" alt=\"\"><\/a><\/p>\n<p><!--more--><br \/>\n<!-- {\"type\":\"layout\",\"children\":[{\"type\":\"section\",\"props\":{\"css\":\"  .el-section {\\n\\tpadding:128px 0px;\\n\\t}\\n\\n@media only screen and (max-width: 600px) {\\n  .el-section {\\n\\tpadding:20px 0px;\\n\\t}\\n}\",\"image_position\":\"center-center\",\"style\":\"default\",\"title_breakpoint\":\"xl\",\"title_position\":\"top-left\",\"title_rotation\":\"left\",\"vertical_align\":\"\",\"width\":\"default\"},\"children\":[{\"type\":\"row\",\"props\":{\"layout\":\"1-2,1-2\"},\"children\":[{\"type\":\"column\",\"props\":{\"css\":\".el-column {\\npadding-right:35px;\\n}\",\"image_position\":\"center-center\",\"position_sticky_breakpoint\":\"m\",\"width_medium\":\"1-2\"},\"children\":[{\"type\":\"text\",\"props\":{\"column_breakpoint\":\"m\",\"content\":\"03.09.2025\",\"margin_bottom\":\"default\",\"margin_top\":\"default\",\"text_style\":\"meta\"}}]},{\"type\":\"column\",\"props\":{\"image_position\":\"center-center\",\"position_sticky_breakpoint\":\"m\",\"width_medium\":\"1-2\"}}]},{\"type\":\"row\",\"props\":{\"layout\":\"1-2,1-2\"},\"children\":[{\"type\":\"column\",\"props\":{\"css\":\".el-column {\\npadding-right:35px;\\n}\",\"image_position\":\"center-center\",\"position_sticky_breakpoint\":\"m\",\"width_medium\":\"1-2\"},\"children\":[{\"type\":\"headline\",\"props\":{\"content\":\"Solit\u00e4re \u00fcberzeugen\",\"content_en_us\":\"\n\n<h1 data-id=\\\"page#0-0-0-0\\\" data-element=\\\"\\\" style=\\\"text-align: left;\\\">Solitaires that convince<\/h1>\n\n\\n\n\n<div class=\\\"uk-panel uk-margin\\\" data-id=\\\"page#0-0-0-1\\\" data-element=\\\"\\\" id=\\\"page#0\\\"><\/div>\n\n\",\"image_align\":\"left\",\"image_margin\":\"xsmall\",\"title_element\":\"h1\"}},{\"type\":\"text\",\"props\":{\"column_breakpoint\":\"m\",\"content\":\"\n\n<p style=\\\"line-height: 150%; background: white; margin: 0cm 0cm 15.0pt 0cm;\\\"><span>Im Stadtplanungsamt der Stadt Frankfurt <\/span><span>waren nun die Beitr\u00e4ge zum Wettbewerb des Um- und Neubaus des Studierendenwohnheims Ginnheimer Landstra\u00dfe 40-42 in Frankfurt\u00a0ausgestellt. Zvonko Turkali Architekten erlangte im Wettbewerb den 3. Preis.<\/span>\n\n<span>Aus der Beurteilung des Preisgerichts: \u201eDie vier geplanten Solit\u00e4re f\u00fcgen sich st\u00e4dtebaulich selbstverst\u00e4ndlich in die Umgebung ein und tragen dazu bei, dass ein bisher nahezu vollversiegelter Parkplatz in eine attraktive Gr\u00fcnfl\u00e4che entwickelt wird. Die vier Solit\u00e4re reagieren mit ihrer unterschiedlichen Geschossigkeit gut auf die vorhandene Umgebung. Die vorhandenen Hochh\u00e4user werden respektiert, wichtige Blickbeziehungen werden von der Neubebauung freigehalten. Der 7-geschossige Solit\u00e4r an der Ginnheimer Landstra\u00dfe korrespondiert als h\u00f6chstes neues Geb\u00e4ude mit dem bereits bestehenden Studierendenwohnheim auf der gegen\u00fcberliegenden Stra\u00dfenseite. Er schafft damit eine Verbindung zwischen alt und neu, zwischen Stadt und angrenzendem Landschaftsraum. Damit wird ein verbindendes und \u00fcberzeugendes Element zwischen den zwei Wohnheimstandorten geschaffen.\u201c<\/span>\n\n<span>Und: \u201eDie Arbeit liefert insgesamt einen \u00fcberzeugenden Beitrag (\u2026) und geht insbesondere aufgrund der Kompaktheit mit der Ressource Boden schonend um. Auf wenig Fl\u00e4che kann in gr\u00f6\u00dferem Umfang neuer bezahlbarer Wohnraum in hoher Qualit\u00e4t geschaffen werden.\u201c<\/span>\n\n<span>Der Jury geh\u00f6rten neben freien Architekten und Architektinnen auch Vertreterinnen und Vertreter der Stadt Frankfurt am Main, dem Hessischen Ministerium f\u00fcr Wirtschaft, Energie, Verkehr, Wohnen und l\u00e4ndlichen Raum sowie der Goethe-Universit\u00e4t Frankfurt an.<\/span><\/p>\n\n\",\"content_en_us\":\"\n\n<div class=\\\"uk-panel uk-margin\\\" data-id=\\\"page#0-0-0-1\\\" data-element=\\\"\\\" id=\\\"page#0\\\">\\n\n\n<p>The entries for the competition for the renovation and new construction of the student residence hall at Ginnheimer Landstra\u00dfe 40-42 in Frankfurt were recently exhibited at the Frankfurt City Planning Office. Zvonko Turkali Architekten won third prize in the competition.<\/p>\n\n\\n\n\n<p>From the jury's assessment: \\\"The four planned stand-alone buildings blend seamlessly into the surroundings in terms of urban planning and contribute to the development of a previously almost completely paved parking lot into an attractive green space. With their different levels of height, the four stand-alone buildings respond well to the existing environment. The existing high-rise buildings are respected, and important visual connections are kept clear from the new development. As the tallest new building, the seven-story stand-alone building on Ginnheimer Landstra\u00dfe corresponds with the existing student residence hall across the street. It thus creates a link between old and new, between the city and the adjacent landscape. This creates a unifying and compelling element between the two residence hall locations.\\\"<\/p>\n\n\\n\n\n<p>And: \\\"Overall, the work makes a convincing contribution (...) and, particularly due to its compact size, uses the land resource sparingly. A large amount of new, affordable, high-quality housing can be created in a small area.\\\"<\/p>\n\n\\n\n\n<p>The jury included freelance architects, representatives from the City of Frankfurt am Main, the Hessian Ministry of Economic Affairs, Energy, Transport, Housing and Rural Areas, and Goethe University Frankfurt.<\/p>\n\n\\n<\/div>\n\n\",\"css\":\".el-element {\\nfont-size:15px;\\nline-height:25px;\\n}\",\"margin_bottom\":\"default\",\"margin_top\":\"default\"}}]},{\"type\":\"column\",\"props\":{\"image_position\":\"center-center\",\"position_sticky_breakpoint\":\"m\",\"width_medium\":\"1-2\"},\"children\":[{\"type\":\"image\",\"props\":{\"image\":\"wp-content\/uploads\/2025\/09\/stadtpl1-scaled.jpg\",\"image_svg_color\":\"emphasis\",\"link\":\"wp-content\/uploads\/2025\/09\/stadtpl1-scaled.jpg\",\"margin_bottom\":\"default\",\"margin_top\":\"default\"}}]}]}],\"name\":\"Header-Section-Start\"}],\"version\":\"5.0.15\"} --><\/p>\n","protected":false},"excerpt":{"rendered":"<p>03.09.2025 Solit\u00e4re \u00fcberzeugen Im Stadtplanungsamt der Stadt Frankfurt waren nun die Beitr\u00e4ge zum Wettbewerb des Um- und Neubaus des Studierendenwohnheims Ginnheimer Landstra\u00dfe 40-42 in Frankfurt\u00a0ausgestellt. Zvonko Turkali Architekten erlangte im Wettbewerb den 3. Preis. Aus der Beurteilung des Preisgerichts: \u201eDie vier geplanten Solit\u00e4re f\u00fcgen sich st\u00e4dtebaulich selbstverst\u00e4ndlich in die Umgebung ein und tragen dazu bei, [&hellip;]<\/p>\n","protected":false},"author":4,"featured_media":0,"parent":1079,"menu_order":8,"comment_status":"closed","ping_status":"closed","template":"","meta":{"footnotes":""},"class_list":["post-6596","page","type-page","status-publish","hentry"],"_links":{"self":[{"href":"https:\/\/www.turkali-architekten.de\/en\/wp-json\/wp\/v2\/pages\/6596","targetHints":{"allow":["GET"]}}],"collection":[{"href":"https:\/\/www.turkali-architekten.de\/en\/wp-json\/wp\/v2\/pages"}],"about":[{"href":"https:\/\/www.turkali-architekten.de\/en\/wp-json\/wp\/v2\/types\/page"}],"author":[{"embeddable":true,"href":"https:\/\/www.turkali-architekten.de\/en\/wp-json\/wp\/v2\/users\/4"}],"replies":[{"embeddable":true,"href":"https:\/\/www.turkali-architekten.de\/en\/wp-json\/wp\/v2\/comments?post=6596"}],"version-history":[{"count":26,"href":"https:\/\/www.turkali-architekten.de\/en\/wp-json\/wp\/v2\/pages\/6596\/revisions"}],"predecessor-version":[{"id":7935,"href":"https:\/\/www.turkali-architekten.de\/en\/wp-json\/wp\/v2\/pages\/6596\/revisions\/7935"}],"up":[{"embeddable":true,"href":"https:\/\/www.turkali-architekten.de\/en\/wp-json\/wp\/v2\/pages\/1079"}],"wp:attachment":[{"href":"https:\/\/www.turkali-architekten.de\/en\/wp-json\/wp\/v2\/media?parent=6596"}],"curies":[{"name":"wp","href":"https:\/\/api.w.org\/{rel}","templated":true}]}}