{"id":6592,"date":"2025-03-12T13:58:52","date_gmt":"2025-03-12T12:58:52","guid":{"rendered":"https:\/\/www.turkali-architekten.de\/?page_id=6592"},"modified":"2026-03-02T14:32:49","modified_gmt":"2026-03-02T13:32:49","slug":"wettbewerb-studierendenwohnheim-ginnheimer-landstrasse","status":"publish","type":"page","link":"https:\/\/www.turkali-architekten.de\/en\/aktuelles\/wettbewerb-studierendenwohnheim-ginnheimer-landstrasse\/","title":{"rendered":"Wettbewerb Studierendenwohnheim Ginnheimer Landstra\u00dfe"},"content":{"rendered":"<div>\n<p><em>31.07.2025<\/em><\/p>\n<\/div>\n<h1><strong>Wohnqualit\u00e4t durch Gemeinschaftsgef\u00fchl<\/strong><\/h1>\n<div>\n<p>Im Wettbewerb um einen Um- und Neubau des Studierendenwohnheims Ginnheimer Landstra\u00dfe 40-42 in Frankfurt am Main erhielt der Beitrag von Zvonko Turkali Architekten den dritten Preis.<\/p>\n<p>Ziel der Planung war, eine gr\u00fcne, lebenswerte Wohnumgebung f\u00fcr Studierende zu schaffen, die Gemeinschaft erlebbar macht. Hochwertiges Wohnen und vielf\u00e4ltige Angebote sollen soziale Bindungen st\u00e4rken, Solidarit\u00e4t f\u00f6rdern und das psychische Wohlbefinden nachhaltig unterst\u00fctzen.<\/p>\n<p>Ein zentrales Element des st\u00e4dtebaulichen Konzepts bilden vier freistehende Solit\u00e4re, die behutsam in die park\u00e4hnliche Landschaft eingebettet sind. Die aufgelockerte Struktur erlaubt Sichtbeziehungen, schafft Begegnungsr\u00e4ume und f\u00f6rdert die r\u00e4umliche Vernetzung mit dem umliegenden Quartier. Die Neubauten orientieren sich hinsichtlich Ma\u00dfstab und Charakter an der umliegenden Bebauung \u2013 von offener Villenstruktur bis zur dichteren Blockrandbebauung.<\/p>\n<p>Die Apartments werden im Elementbauverfahren realisiert, das im Vergleich zum Modulbau weniger Material verbraucht und ein kleineres Transportvolumen aufweist. Die Neubauten folgen einer ressourcenschonenden Holzbauweise.<\/p>\n<p>Die Freianlagen sind als gr\u00fcne, gemeinschaftsf\u00f6rdernde R\u00e4ume gestaltet. Gro\u00dfz\u00fcgige Liegewiesen, Terrassen und gemeinschaftlich nutzbare Au\u00dfenfl\u00e4chen bieten vielf\u00e4ltige Aufenthaltsqualit\u00e4ten und f\u00f6rdern das nachbarschaftliche Miteinander. Durch den R\u00fcckbau versiegelter Fl\u00e4chen, gezielte Regenr\u00fcckhaltung und Verdunstungsmulden entsteht ein klimaresilienter, \u00f6kologisch wertvoller Au\u00dfenraum.<\/p>\n<p><strong>\u00a0<\/strong><\/p>\n<\/div>\n<p><a href=\"\/wp-content\/uploads\/2025\/07\/SGL_EXTERIOR_SPRING_v03-scaled.jpg\"><img decoding=\"async\" src=\"\/wp-content\/uploads\/2025\/07\/SGL_EXTERIOR_SPRING_v03-scaled.jpg\" alt=\"\"><\/a><\/p>\n<div>\n<p><span>Gemeinschaftsf\u00f6rdernde Begegnungsr\u00e4ume<\/span><\/p>\n<\/div>\n<p><!--more--><br \/>\n<!-- {\"type\":\"layout\",\"children\":[{\"type\":\"section\",\"props\":{\"css\":\"  .el-section {\\n\\tpadding:128px 0px;\\n\\t}\\n\\n@media only screen and (max-width: 600px) {\\n  .el-section {\\n\\tpadding:20px 0px;\\n\\t}\\n}\",\"image_position\":\"center-center\",\"style\":\"default\",\"title_breakpoint\":\"xl\",\"title_position\":\"top-left\",\"title_rotation\":\"left\",\"vertical_align\":\"\",\"width\":\"default\"},\"children\":[{\"type\":\"row\",\"props\":{\"layout\":\"1-2,1-2\"},\"children\":[{\"type\":\"column\",\"props\":{\"css\":\".el-column {\\npadding-right:35px;\\n}\",\"image_position\":\"center-center\",\"position_sticky_breakpoint\":\"m\",\"width_medium\":\"1-2\"},\"children\":[{\"type\":\"text\",\"props\":{\"column_breakpoint\":\"m\",\"content\":\"\n\n<p><em>31.07.2025<\/em><\/p>\n\n\",\"margin_bottom\":\"default\",\"margin_top\":\"default\"}}]},{\"type\":\"column\",\"props\":{\"image_position\":\"center-center\",\"position_sticky_breakpoint\":\"m\",\"width_medium\":\"1-2\"}}]},{\"type\":\"row\",\"props\":{\"layout\":\"1-2,1-2\"},\"children\":[{\"type\":\"column\",\"props\":{\"css\":\".el-column {\\npadding-right:35px;\\n}\",\"image_position\":\"center-center\",\"position_sticky_breakpoint\":\"m\",\"width_medium\":\"1-2\"},\"children\":[{\"type\":\"headline\",\"props\":{\"content\":\"<strong>Wohnqualit\u00e4t durch Gemeinschaftsgef\u00fchl<\/strong>\",\"content_en_us\":\"\n\n<h1 data-id=\\\"page#0-0-0-0\\\" data-element=\\\"\\\" style=\\\"text-align: left;\\\">31.07.2025 - Quality of Living through a Sense of Community<\/h1>\n\n\\n\n\n<div class=\\\"uk-panel uk-margin\\\" data-id=\\\"page#0-0-0-1\\\" data-element=\\\"\\\" id=\\\"page#0\\\"><\/div>\n\n\",\"image_align\":\"left\",\"image_margin\":\"xsmall\",\"position\":\"relative\",\"position_top\":\"-10\",\"title_element\":\"h1\"}},{\"type\":\"text\",\"props\":{\"column_breakpoint\":\"m\",\"content\":\"\n\n<p>Im Wettbewerb um einen Um- und Neubau des Studierendenwohnheims Ginnheimer Landstra\u00dfe 40-42 in Frankfurt am Main erhielt der Beitrag von Zvonko Turkali Architekten den dritten Preis.<\/p>\n\n\\n\n\n<p>Ziel der Planung war, eine gr\u00fcne, lebenswerte Wohnumgebung f\u00fcr Studierende zu schaffen, die Gemeinschaft erlebbar macht. Hochwertiges Wohnen und vielf\u00e4ltige Angebote sollen soziale Bindungen st\u00e4rken, Solidarit\u00e4t f\u00f6rdern und das psychische Wohlbefinden nachhaltig unterst\u00fctzen.<\/p>\n\n\\n\n\n<p>Ein zentrales Element des st\u00e4dtebaulichen Konzepts bilden vier freistehende Solit\u00e4re, die behutsam in die park\u00e4hnliche Landschaft eingebettet sind. Die aufgelockerte Struktur erlaubt Sichtbeziehungen, schafft Begegnungsr\u00e4ume und f\u00f6rdert die r\u00e4umliche Vernetzung mit dem umliegenden Quartier. Die Neubauten orientieren sich hinsichtlich Ma\u00dfstab und Charakter an der umliegenden Bebauung \u2013 von offener Villenstruktur bis zur dichteren Blockrandbebauung.<\/p>\n\n\\n\n\n<p>Die Apartments werden im Elementbauverfahren realisiert, das im Vergleich zum Modulbau weniger Material verbraucht und ein kleineres Transportvolumen aufweist. Die Neubauten folgen einer ressourcenschonenden Holzbauweise.<\/p>\n\n\\n\n\n<p>Die Freianlagen sind als gr\u00fcne, gemeinschaftsf\u00f6rdernde R\u00e4ume gestaltet. Gro\u00dfz\u00fcgige Liegewiesen, Terrassen und gemeinschaftlich nutzbare Au\u00dfenfl\u00e4chen bieten vielf\u00e4ltige Aufenthaltsqualit\u00e4ten und f\u00f6rdern das nachbarschaftliche Miteinander. Durch den R\u00fcckbau versiegelter Fl\u00e4chen, gezielte Regenr\u00fcckhaltung und Verdunstungsmulden entsteht ein klimaresilienter, \u00f6kologisch wertvoller Au\u00dfenraum.<\/p>\n\n\\n\n\n<p><strong>\u00a0<\/strong><\/p>\n\n\",\"content_en_us\":\"\n\n<div class=\\\"uk-panel uk-margin\\\" data-id=\\\"page#0-0-0-1\\\" data-element=\\\"\\\" id=\\\"page#0\\\">\\n\n\n<p>In the competition for the renovation and new construction of the student residence hall at Ginnheimer Landstra\u00dfe 40-42 in Frankfurt am Main, the entry by Zvonko Turkali Architekten won third prize.<\/p>\n\n\\n\n\n<p>The goal of the planning was to create a green, livable living environment for students that fosters a sense of community. High-quality housing and diverse amenities are intended to strengthen social ties, promote solidarity, and sustainably support psychological well-being.<\/p>\n\n\\n\n\n<p>A central element of the urban design concept is four freestanding, solitary buildings carefully embedded in the park-like landscape. The open structure allows for visual connections, creates meeting spaces, and promotes spatial connectivity with the surrounding neighborhood. The new buildings are based on the surrounding development in terms of scale and character \u2013 from open villa structures to denser perimeter blocks.<\/p>\n\n\\n\n\n<p>The apartments are being constructed using prefabricated construction methods, which use less material and require less transport volume than modular construction. The new buildings use a resource-efficient timber construction method.<\/p>\n\n\\n\n\n<p>The outdoor areas are designed as green spaces that promote community. Spacious lawns, terraces, and communal outdoor areas offer a variety of recreational qualities and promote neighborly interaction. The removal of sealed surfaces, targeted rainwater retention, and evaporation basins create a climate-resilient, ecologically valuable outdoor space.<\/p>\n\n\\n<\/div>\n\n\",\"css\":\".el-element {\\nfont-size:15px;\\nline-height:25px;\\n}\",\"margin_bottom\":\"default\",\"margin_top\":\"default\"}}]},{\"type\":\"column\",\"props\":{\"image_position\":\"center-center\",\"position_sticky_breakpoint\":\"m\",\"width_medium\":\"1-2\"},\"children\":[{\"type\":\"image\",\"props\":{\"image\":\"wp-content\/uploads\/2025\/07\/SGL_EXTERIOR_SPRING_v03-scaled.jpg\",\"image_en_us\":\"wp-content\/uploads\/2025\/07\/SGL_EXTERIOR_SPRING_v03-scaled.jpg\",\"image_svg_color\":\"emphasis\",\"link\":\"wp-content\/uploads\/2025\/07\/SGL_EXTERIOR_SPRING_v03-scaled.jpg\",\"link_en_us\":\"wp-content\/uploads\/2025\/07\/SGL_EXTERIOR_SPRING_v03-scaled.jpg\",\"margin_bottom\":\"remove\",\"margin_top\":\"default\"}},{\"type\":\"text\",\"props\":{\"column_breakpoint\":\"m\",\"content\":\"\n\n<p><span>Gemeinschaftsf\u00f6rdernde Begegnungsr\u00e4ume<\/span><\/p>\n\n\",\"content_en_us\":\"\n\n<p>Community-promoting meeting spaces<\/p>\n\n\",\"margin_bottom\":\"default\",\"margin_top\":\"default\"}}]}]}],\"name\":\"Header-Section-Start\"}],\"version\":\"5.0.15\"} --><\/p>\n","protected":false},"excerpt":{"rendered":"<p>31.07.2025 Wohnqualit\u00e4t durch Gemeinschaftsgef\u00fchl Im Wettbewerb um einen Um- und Neubau des Studierendenwohnheims Ginnheimer Landstra\u00dfe 40-42 in Frankfurt am Main erhielt der Beitrag von Zvonko Turkali Architekten den dritten Preis. Ziel der Planung war, eine gr\u00fcne, lebenswerte Wohnumgebung f\u00fcr Studierende zu schaffen, die Gemeinschaft erlebbar macht. Hochwertiges Wohnen und vielf\u00e4ltige Angebote sollen soziale Bindungen st\u00e4rken, [&hellip;]<\/p>\n","protected":false},"author":4,"featured_media":7199,"parent":1079,"menu_order":9,"comment_status":"closed","ping_status":"closed","template":"","meta":{"footnotes":""},"class_list":["post-6592","page","type-page","status-publish","has-post-thumbnail","hentry"],"_links":{"self":[{"href":"https:\/\/www.turkali-architekten.de\/en\/wp-json\/wp\/v2\/pages\/6592","targetHints":{"allow":["GET"]}}],"collection":[{"href":"https:\/\/www.turkali-architekten.de\/en\/wp-json\/wp\/v2\/pages"}],"about":[{"href":"https:\/\/www.turkali-architekten.de\/en\/wp-json\/wp\/v2\/types\/page"}],"author":[{"embeddable":true,"href":"https:\/\/www.turkali-architekten.de\/en\/wp-json\/wp\/v2\/users\/4"}],"replies":[{"embeddable":true,"href":"https:\/\/www.turkali-architekten.de\/en\/wp-json\/wp\/v2\/comments?post=6592"}],"version-history":[{"count":38,"href":"https:\/\/www.turkali-architekten.de\/en\/wp-json\/wp\/v2\/pages\/6592\/revisions"}],"predecessor-version":[{"id":7882,"href":"https:\/\/www.turkali-architekten.de\/en\/wp-json\/wp\/v2\/pages\/6592\/revisions\/7882"}],"up":[{"embeddable":true,"href":"https:\/\/www.turkali-architekten.de\/en\/wp-json\/wp\/v2\/pages\/1079"}],"wp:featuredmedia":[{"embeddable":true,"href":"https:\/\/www.turkali-architekten.de\/en\/wp-json\/wp\/v2\/media\/7199"}],"wp:attachment":[{"href":"https:\/\/www.turkali-architekten.de\/en\/wp-json\/wp\/v2\/media?parent=6592"}],"curies":[{"name":"wp","href":"https:\/\/api.w.org\/{rel}","templated":true}]}}