{"id":6541,"date":"2025-02-26T11:52:50","date_gmt":"2025-02-26T10:52:50","guid":{"rendered":"https:\/\/www.turkali-architekten.de\/?page_id=6541"},"modified":"2025-03-28T14:48:37","modified_gmt":"2025-03-28T13:48:37","slug":"10-03-2025-kronsrode-quartier-bezugsfertig","status":"publish","type":"page","link":"https:\/\/www.turkali-architekten.de\/en\/aktuelles\/10-03-2025-kronsrode-quartier-bezugsfertig\/","title":{"rendered":"03.03.2025 - Kronsrode Areal bezugsfertig"},"content":{"rendered":"<h1>03.03.2025 \u2013 Kronsrode Areal bezugsfertig<\/h1>\n<div>\n<p style=\"line-height: 150%; background: white; margin: 0cm 0cm 15.0pt 0cm;\"><span>Das Kronsberg Areal liegt in unmittelbarer N\u00e4he zur Messe Hannover und geh\u00f6rt zu den gr\u00f6\u00dften Stadtentwicklungsprojekten der nieders\u00e4chsischen Landeshauptstadt. Das insgesamt 53 Hektar gro\u00dfe Gel\u00e4nde ist in drei selbst\u00e4ndige Wohnquartiere mit insgesamt 3.500 Wohnungen f\u00fcr 7.000 bis 8.000 Menschen aufgeteilt.<\/span><\/p>\n<p style=\"line-height: 150%; background: white; margin: 0cm 0cm 15.0pt 0cm;\"><span>Das B\u00fcro Zvonko Turkali Architekten hat an insgesamt drei Wettbewerben in Hannover-Kronsberg teilgenommen und wurde mit zwei zweiten und einem ersten Preis ausgezeichnet. <\/p>\n<p>Der Siegesentwurf ist nun bezugsfertigt; erste Mieterinnen und Mieter sind bereits eingezogen, Strasse und B\u00fcrgersteig stehen vor der Erschliessung. <\/p>\n<p>Das Geb\u00e4udeensemble aus r\u00f6tlichem Backstein mit 100 Wohnungen umschliesst einen gro\u00dfz\u00fcgigen Innenhof. Mehr als 30 Prozent der Wohnungen sind \u00f6ffentlich gef\u00f6rdert, Bauherr ist die GWH Wohnungsgesellschaft mbH Hessen.<\/span><\/p>\n<p>Zum <a href=\"https:\/\/www.turkali-architekten.de\/de\/kronsberg-sued-areal-nord\/\">Projekt.<\/a><\/p>\n<\/p>\n<\/div>\n<p><a href=\"\/wp-content\/uploads\/2025\/02\/kronsrode2-scaled.jpg\"><img decoding=\"async\" src=\"\/wp-content\/uploads\/2025\/02\/kronsrode2-scaled.jpg\" alt=\"\"><\/a><\/p>\n<div>\n<p>Kronsrode Areal<\/p>\n<\/div>\n<p><!--more--><br \/>\n<!-- {\"type\":\"layout\",\"children\":[{\"type\":\"section\",\"props\":{\"css\":\"  .el-section {\\n\\tpadding:128px 0px;\\n\\t}\\n\\n@media only screen and (max-width: 600px) {\\n  .el-section {\\n\\tpadding:20px 0px;\\n\\t}\\n}\",\"image_position\":\"center-center\",\"padding_remove_top\":false,\"style\":\"default\",\"title_breakpoint\":\"xl\",\"title_position\":\"top-left\",\"title_rotation\":\"left\",\"vertical_align\":\"\",\"width\":\"default\"},\"children\":[{\"type\":\"row\",\"props\":{\"layout\":\"1-2,1-2\"},\"children\":[{\"type\":\"column\",\"props\":{\"css\":\".el-column {\\npadding-right:35px;\\n}\",\"image_position\":\"center-center\",\"position_sticky_breakpoint\":\"m\",\"width_medium\":\"1-2\"},\"children\":[{\"type\":\"headline\",\"props\":{\"content\":\"03.03.2025 \\u2013 Kronsrode Areal bezugsfertig\",\"content_en_us\":\"\n\n<h1 data-id=\\\"page#0-0-0-0\\\" data-element=\\\"\\\" style=\\\"text-align: left;\\\">03.03.2025 - Kronsrode area ready for occupancy<\\\/h1>\",\"title_element\":\"h1\"}},{\"type\":\"text\",\"props\":{\"column_breakpoint\":\"m\",\"content\":\"\n\n<p style=\\\"line-height: 150%; background: white; margin: 0cm 0cm 15.0pt 0cm;\\\"><span>Das Kronsberg Areal liegt in unmittelbarer N\\u00e4he zur Messe Hannover und geh\\u00f6rt zu den gr\\u00f6\\u00dften Stadtentwicklungsprojekten der nieders\\u00e4chsischen Landeshauptstadt. Das insgesamt 53 Hektar gro\\u00dfe Gel\\u00e4nde ist in drei selbst\\u00e4ndige Wohnquartiere mit insgesamt 3.500 Wohnungen f\\u00fcr 7.000 bis 8.000 Menschen aufgeteilt.<\\\/span><\\\/p>\\n\n\n<p style=\\\"line-height: 150%; background: white; margin: 0cm 0cm 15.0pt 0cm;\\\"><span>Das B\\u00fcro Zvonko Turkali Architekten hat an insgesamt drei Wettbewerben in Hannover-Kronsberg teilgenommen und wurde mit zwei zweiten und einem ersten Preis ausgezeichnet. <br \\\/><br \\\/>Der Siegesentwurf ist nun bezugsfertigt; erste Mieterinnen und Mieter sind bereits eingezogen, Strasse und B\\u00fcrgersteig stehen vor der Erschliessung. <br \\\/><br \\\/>Das Geb\\u00e4udeensemble aus r\\u00f6tlichem Backstein mit 100 Wohnungen umschliesst einen gro\\u00dfz\\u00fcgigen Innenhof. Mehr als 30 Prozent der Wohnungen sind \\u00f6ffentlich gef\\u00f6rdert, Bauherr ist die GWH Wohnungsgesellschaft mbH Hessen.<\\\/span><br \\\/><br \\\/>Zum <a href=\\\"https:\\\/\\\/www.turkali-architekten.de\\\/de\\\/kronsberg-sued-areal-nord\\\/\\\">Projekt.<\\\/a><\\\/p>\\n\n\n<p><\\\/p>\",\"content_en_us\":\"\n\n<div class=\\\"uk-panel uk-margin\\\" data-id=\\\"page#0-0-0-1\\\" data-element=\\\"\\\" id=\\\"page#0\\\">\\n\n\n<p>The Kronsberg area is located in the immediate vicinity of the Hanover trade fair and is one of the largest urban development projects in the Lower Saxony capital. The 53-hectare site is divided into three independent residential areas with a total of 3,500 apartments for 7,000 to 8,000 people.<\\\/p>\\n\n\n<p>The Zvonko Turkali Architects office took part in a total of three competitions in Hanover-Kronsberg and was awarded two second and one first prize.<\\\/p>\\n\n\n<p>The winning design is now ready for occupancy; The first tenants have already moved in, the street and sidewalk are about to be opened up.<\\\/p>\\n\n\n<p>The reddish brick building ensemble with 100 apartments encloses a spacious inner courtyard. More than 30 percent of the apartments are publicly subsidized; the developer is GWH Wohnungsgesellschaft mbH Hessen.<\\\/p>\\n\n\n<p>To the <a href=\\\"https:\\\/\\\/www.turkali-architekten.de\\\/en\\\/kronsberg-sued-areal-nord\\\/\\\">project.<\\\/a><\\\/p>\\n<\\\/div>\",\"css\":\".el-element {\\nfont-size:15px;\\nline-height:25px;\\n}\",\"margin\":\"default\",\"margin_remove_bottom\":false}}]},{\"type\":\"column\",\"props\":{\"image_position\":\"center-center\",\"position_sticky_breakpoint\":\"m\",\"width_medium\":\"1-2\"},\"children\":[{\"type\":\"image\",\"props\":{\"image\":\"wp-content\\\/uploads\\\/2025\\\/02\\\/kronsrode2-scaled.jpg\",\"image_en_us\":\"wp-content\\\/uploads\\\/2025\\\/02\\\/kronsrode2-scaled.jpg\",\"image_svg_color\":\"emphasis\",\"link\":\"wp-content\\\/uploads\\\/2025\\\/02\\\/kronsrode2-scaled.jpg\",\"link_en_us\":\"wp-content\\\/uploads\\\/2025\\\/02\\\/kronsrode2-scaled.jpg\",\"margin\":\"default\",\"margin_remove_bottom\":true}},{\"type\":\"text\",\"props\":{\"column_breakpoint\":\"m\",\"content\":\"\n\n<p>Kronsrode Areal<\\\/p>\",\"content_en_us\":\"\n\n<p>Kronsrode area<\\\/p>\",\"margin\":\"default\"}}]}]},{\"type\":\"row\",\"props\":{\"layout\":\"1-2,1-2\"},\"children\":[{\"type\":\"column\",\"props\":{\"css\":\".el-column {\\npadding-right:35px;\\n}\",\"image_position\":\"center-center\",\"position_sticky_breakpoint\":\"m\",\"width_medium\":\"1-2\"}},{\"type\":\"column\",\"props\":{\"image_position\":\"center-center\",\"position_sticky_breakpoint\":\"m\",\"width_medium\":\"1-2\"}}]}],\"name\":\"Header-Section-Start\"}],\"version\":\"4.4.16\"} --><\/p>\n","protected":false},"excerpt":{"rendered":"<p>03.03.2025 \u2013 Kronsrode Areal bezugsfertig Das Kronsberg Areal liegt in unmittelbarer N\u00e4he zur Messe Hannover und geh\u00f6rt zu den gr\u00f6\u00dften Stadtentwicklungsprojekten der nieders\u00e4chsischen Landeshauptstadt. Das insgesamt 53 Hektar gro\u00dfe Gel\u00e4nde ist in drei selbst\u00e4ndige Wohnquartiere mit insgesamt 3.500 Wohnungen f\u00fcr 7.000 bis 8.000 Menschen aufgeteilt. Das B\u00fcro Zvonko Turkali Architekten hat an insgesamt drei Wettbewerben [&hellip;]<\/p>\n","protected":false},"author":4,"featured_media":0,"parent":1079,"menu_order":12,"comment_status":"closed","ping_status":"closed","template":"","meta":{"footnotes":""},"class_list":["post-6541","page","type-page","status-publish","hentry"],"_links":{"self":[{"href":"https:\/\/www.turkali-architekten.de\/en\/wp-json\/wp\/v2\/pages\/6541","targetHints":{"allow":["GET"]}}],"collection":[{"href":"https:\/\/www.turkali-architekten.de\/en\/wp-json\/wp\/v2\/pages"}],"about":[{"href":"https:\/\/www.turkali-architekten.de\/en\/wp-json\/wp\/v2\/types\/page"}],"author":[{"embeddable":true,"href":"https:\/\/www.turkali-architekten.de\/en\/wp-json\/wp\/v2\/users\/4"}],"replies":[{"embeddable":true,"href":"https:\/\/www.turkali-architekten.de\/en\/wp-json\/wp\/v2\/comments?post=6541"}],"version-history":[{"count":28,"href":"https:\/\/www.turkali-architekten.de\/en\/wp-json\/wp\/v2\/pages\/6541\/revisions"}],"predecessor-version":[{"id":6631,"href":"https:\/\/www.turkali-architekten.de\/en\/wp-json\/wp\/v2\/pages\/6541\/revisions\/6631"}],"up":[{"embeddable":true,"href":"https:\/\/www.turkali-architekten.de\/en\/wp-json\/wp\/v2\/pages\/1079"}],"wp:attachment":[{"href":"https:\/\/www.turkali-architekten.de\/en\/wp-json\/wp\/v2\/media?parent=6541"}],"curies":[{"name":"wp","href":"https:\/\/api.w.org\/{rel}","templated":true}]}}