{"id":6488,"date":"2025-02-19T17:34:50","date_gmt":"2025-02-19T16:34:50","guid":{"rendered":"https:\/\/www.turkali-architekten.de\/?page_id=6488"},"modified":"2025-02-24T12:09:39","modified_gmt":"2025-02-24T11:09:39","slug":"16-12-2024-mit-trax-on-tracks","status":"publish","type":"page","link":"https:\/\/www.turkali-architekten.de\/en\/aktuelles\/16-12-2024-mit-trax-on-tracks\/","title":{"rendered":"13.01.2025 - Mit TRAX on tracks"},"content":{"rendered":"<h1>13.01.2025 \u2013 Mit TRAX on tracks<\/h1>\n<div>\n<p>Das Trainee-Programm \u201eTrax\u201c des BDA Hessen bietet engagierten Absolventen eines Architekturstudiums qualifizierte Weiterbildung und berufliche Orientierung im Architekturb\u00fcro.<\/p>\n<p>Zvonko Turkali Architekten bieten regelm\u00e4ssig Pl\u00e4tze f\u00fcr Trainees an. Prof. Zvonko Turkali ist Gr\u00fcndungsmitglied des Tr\u00e4gers Trax e.V. : \u201eTheorie ist das Eine, Praxis das Andere. Als Architekturb\u00fcro, das seit 1988 am Markt ist, ist uns wichtig, dass wir k\u00fcnftige Architektinnen und Architekten bestm\u00f6glichst auf ihren Berufsalltag vorbereiten.\u201c Trax solle ferner dazu motivieren, nach dem Bachelor- auch den Masterabschluss anzustreben.<\/p>\n<p>Die positiven R\u00fcckmeldungen von Praktikantinnen spiegeln den Erfolg des Programms:\u00a0 \u201eDas Trax-Praktikum finde ich eine gute Idee, weil es eine perfekte M\u00f6glichkeit ist, nach seinem sehr theoretischen Studium einen angemessenen Einstieg in die Arbeitswelt zu bekommen. Die Kombination aus Arbeitstagen im B\u00fcro und Workshop-Phasen bieten zusammen einen umfangreichen Einblick, bei dem man lernt, dass Architektur mehr als nur Architektur ist\u201c sagt TRAX-Absolventin Alessia Zwaer. <\/p>\n<p>Die Erkenntnisse, die die jungen Trainees sammeln k\u00f6nnen, sind durchaus immer wieder \u00fcberraschend. Absolventin Janet Weber: \u201eWas ich vor meinem Praktikum noch nicht wusste, ist, dass die kleinsten Details, wie T\u00fcrgriffe oder Lichtschalter, das Gesamtbild eines Geb\u00e4udes beeinflussen k\u00f6nnen. Ich wusste auch nicht wie regelm\u00e4\u00dfig die Baustellen von Architekten kontrolliert werden, um sicherzustellen, dass alles nach Plan l\u00e4uft.\u201c<\/p>\n<p>Hinweise f\u00fcr Bewerbungen auf das TRAX-Trainee-Programm sind der Homepage <a href=\"http:\/\/www.trax-studium.de\/\" target=\"_blank\" rel=\"noopener\">http:\/\/www.trax-studium.de\/<\/a> zu entnehmen\u00a0<\/p>\n<p>Fotos: J\u00f6rg Schmitz<\/p>\n<\/div>\n<p><a href=\"\/wp-content\/uploads\/2025\/02\/preisgericht.jpg\"><img decoding=\"async\" src=\"\/wp-content\/uploads\/2025\/02\/trax_trainees.jpg\" alt=\"\"><\/a><\/p>\n<div>\n<p>TRAX-Trainees 2024\/25 Alessia Zwaer und Janet Weber<\/p>\n<\/div>\n<p><!--more--><br \/>\n<!-- {\"type\":\"layout\",\"children\":[{\"type\":\"section\",\"props\":{\"css\":\"  .el-section {\\n\\tpadding:128px 0px;\\n\\t}\\n\\n@media only screen and (max-width: 600px) {\\n  .el-section {\\n\\tpadding:20px 0px;\\n\\t}\\n}\",\"image_position\":\"center-center\",\"padding_remove_top\":false,\"style\":\"default\",\"title_breakpoint\":\"xl\",\"title_position\":\"top-left\",\"title_rotation\":\"left\",\"vertical_align\":\"\",\"width\":\"default\"},\"children\":[{\"type\":\"row\",\"props\":{\"layout\":\"1-2,1-2\"},\"children\":[{\"type\":\"column\",\"props\":{\"css\":\".el-column {\\npadding-right:35px;\\n}\",\"image_position\":\"center-center\",\"position_sticky_breakpoint\":\"m\",\"width_medium\":\"1-2\"},\"children\":[{\"type\":\"headline\",\"props\":{\"content\":\"13.01.2025 \\u2013 Mit TRAX on tracks\",\"content_en_us\":\"\n\n<h1 data-id=\\\"page#0-0-0-0\\\" data-element=\\\"\\\" style=\\\"text-align: left;\\\">13.01.2025 \\u2013 On tracks with TRAX<\\\/h1>\\n\n\n<div class=\\\"uk-panel uk-margin\\\" data-id=\\\"page#0-0-0-1\\\" data-element=\\\"\\\" id=\\\"page#0\\\"><\\\/div>\",\"title_element\":\"h1\"}},{\"type\":\"text\",\"props\":{\"column_breakpoint\":\"m\",\"content\":\"\n\n<p>Das Trainee-Programm \\u201eTrax\\u201c des BDA Hessen bietet engagierten Absolventen eines Architekturstudiums qualifizierte Weiterbildung und berufliche Orientierung im Architekturb\\u00fcro.<\\\/p>\\n\n\n<p>Zvonko Turkali Architekten bieten regelm\\u00e4ssig Pl\\u00e4tze f\\u00fcr Trainees an. Prof. Zvonko Turkali ist Gr\\u00fcndungsmitglied des Tr\\u00e4gers Trax e.V. : \\u201eTheorie ist das Eine, Praxis das Andere. Als Architekturb\\u00fcro, das seit 1988 am Markt ist, ist uns wichtig, dass wir k\\u00fcnftige Architektinnen und Architekten bestm\\u00f6glichst auf ihren Berufsalltag vorbereiten.\\u201c Trax solle ferner dazu motivieren, nach dem Bachelor- auch den Masterabschluss anzustreben.<\\\/p>\\n\n\n<p>Die positiven R\\u00fcckmeldungen von Praktikantinnen spiegeln den Erfolg des Programms:\\u00a0 \\u201eDas Trax-Praktikum finde ich eine gute Idee, weil es eine perfekte M\\u00f6glichkeit ist, nach seinem sehr theoretischen Studium einen angemessenen Einstieg in die Arbeitswelt zu bekommen. Die Kombination aus Arbeitstagen im B\\u00fcro und Workshop-Phasen bieten zusammen einen umfangreichen Einblick, bei dem man lernt, dass Architektur mehr als nur Architektur ist\\u201c sagt TRAX-Absolventin Alessia Zwaer. <br \\\/><br \\\/>Die Erkenntnisse, die die jungen Trainees sammeln k\\u00f6nnen, sind durchaus immer wieder \\u00fcberraschend. Absolventin Janet Weber: \\u201eWas ich vor meinem Praktikum noch nicht wusste, ist, dass die kleinsten Details, wie T\\u00fcrgriffe oder Lichtschalter, das Gesamtbild eines Geb\\u00e4udes beeinflussen k\\u00f6nnen. Ich wusste auch nicht wie regelm\\u00e4\\u00dfig die Baustellen von Architekten kontrolliert werden, um sicherzustellen, dass alles nach Plan l\\u00e4uft.\\u201c<\\\/p>\\n\n\n<p>Hinweise f\\u00fcr Bewerbungen auf das TRAX-Trainee-Programm sind der Homepage <a href=\\\"http:\\\/\\\/www.trax-studium.de\\\/\\\">http:\\\/\\\/www.trax-studium.de\\\/<\\\/a> zu entnehmen\\u00a0<br \\\/><br \\\/><br \\\/>Fotos: J\\u00f6rg Schmitz<\\\/p>\",\"content_en_us\":\"\n\n<div class=\\\"uk-panel uk-margin\\\" data-id=\\\"page#0-0-0-1\\\" data-element=\\\"\\\" id=\\\"page#0\\\">\\n\n\n<p>The BDA Hessen's \\u201cTrax\\u201d trainee program offers committed graduates of an architecture degree qualified further training and professional orientation in the architectural office.<\\\/p>\\n\n\n<p>Zvonko Turkali Architects regularly offer places for trainees. Prof. Zvonko Turkali is a founding member of the Trax e.V. organization: \\u201cTheory is one thing, practice is another. As an architectural firm that has been on the market since 1988, it is important to us that we prepare future architects as best as possible for their everyday working lives.\\u201d Trax should also motivate people to pursue a master's degree after completing their bachelor's degree.<\\\/p>\\n\n\n<p>The positive feedback from interns reflects the success of the program:\\u00a0 \\u201cI think the Trax internship is a good idea because it is a perfect opportunity to get a proper entry into the working world after your very theoretical studies. The combination of working days in the office and workshop phases offer a comprehensive insight in which you learn that architecture is more than just architecture,\\u201d says TRAX graduate Alessia Zwaer.<\\\/p>\\n\n\n<p>The insights that the young trainees can gather are always surprising. Graduate Janet Weber: \\u201cWhat I didn\\u2019t know before my internship is that the smallest details, like door handles or light switches, can influence the overall appearance of a building. I also didn\\u2019t know how regularly the construction sites are checked by architects to make sure everything is going according to plan.\\u201d<\\\/p>\\n\n\n<p>Information on applications for the TRAX trainee program can be found on the homepage http:\\\/\\\/www.trax-studium.de\\\/<\\\/p>\\n<\\\/div>\\n\n\n<p><\\\/p>\\n\n\n<p><\\\/p>\\n\n\n<p><\\\/p>\\n\n\n<p>Photography: J\\u00f6rg Schmitz<\\\/p>\",\"css\":\".el-element {\\nfont-size:15px;\\nline-height:25px;\\n}\",\"margin\":\"default\",\"margin_remove_bottom\":false}}]},{\"type\":\"column\",\"props\":{\"image_position\":\"center-center\",\"position_sticky_breakpoint\":\"m\",\"width_medium\":\"1-2\"},\"children\":[{\"type\":\"image\",\"props\":{\"image\":\"wp-content\\\/uploads\\\/2025\\\/02\\\/trax_trainees.jpg\",\"image_svg_color\":\"emphasis\",\"link\":\"wp-content\\\/uploads\\\/2025\\\/02\\\/preisgericht.jpg\",\"margin\":\"default\",\"margin_remove_bottom\":true}},{\"type\":\"text\",\"props\":{\"column_breakpoint\":\"m\",\"content\":\"\n\n<p>TRAX-Trainees 2024\\\/25 Alessia Zwaer und Janet Weber<\\\/p>\",\"content_en_us\":\"<main id=\\\"tm-main\\\">\\n\n\n<div data-id=\\\"page#0\\\" id=\\\"page#3\\\" class=\\\"uk-section-default uk-section\\\">\\n\n\n<div class=\\\"uk-container\\\">\\n\n\n<div data-id=\\\"page#0-0\\\" class=\\\"uk-grid tm-grid-expand uk-grid-margin\\\" uk-grid=\\\"\\\">\\n\n\n<div class=\\\"uk-width-1-2@m\\\" data-id=\\\"page#0-0-1\\\">\\n\n\n<div class=\\\"uk-panel uk-margin\\\" data-id=\\\"page#0-0-1-1\\\" data-element=\\\"\\\">\\n\n\n<p>TRAX-Trainees 2024\\\/25 Alessia Zwaer and Janet Weber<\\\/p>\\n<\\\/div>\\n<\\\/div>\\n<\\\/div>\\n<\\\/div>\\n<\\\/div>\\n<\\\/main>\",\"margin\":\"default\"}}]}]},{\"type\":\"row\",\"props\":{\"layout\":\"1-2,1-2\"},\"children\":[{\"type\":\"column\",\"props\":{\"css\":\".el-column {\\npadding-right:35px;\\n}\",\"image_position\":\"center-center\",\"position_sticky_breakpoint\":\"m\",\"width_medium\":\"1-2\"}},{\"type\":\"column\",\"props\":{\"image_position\":\"center-center\",\"position_sticky_breakpoint\":\"m\",\"width_medium\":\"1-2\"}}]}],\"name\":\"Header-Section-Start\"}],\"version\":\"4.4.16\"} --><\/p>\n","protected":false},"excerpt":{"rendered":"<p>13.01.2025 \u2013 Mit TRAX on tracks Das Trainee-Programm \u201eTrax\u201c des BDA Hessen bietet engagierten Absolventen eines Architekturstudiums qualifizierte Weiterbildung und berufliche Orientierung im Architekturb\u00fcro. Zvonko Turkali Architekten bieten regelm\u00e4ssig Pl\u00e4tze f\u00fcr Trainees an. Prof. Zvonko Turkali ist Gr\u00fcndungsmitglied des Tr\u00e4gers Trax e.V. : \u201eTheorie ist das Eine, Praxis das Andere. Als Architekturb\u00fcro, das seit 1988 [&hellip;]<\/p>\n","protected":false},"author":4,"featured_media":0,"parent":1079,"menu_order":14,"comment_status":"closed","ping_status":"closed","template":"","meta":{"footnotes":""},"class_list":["post-6488","page","type-page","status-publish","hentry"],"_links":{"self":[{"href":"https:\/\/www.turkali-architekten.de\/en\/wp-json\/wp\/v2\/pages\/6488","targetHints":{"allow":["GET"]}}],"collection":[{"href":"https:\/\/www.turkali-architekten.de\/en\/wp-json\/wp\/v2\/pages"}],"about":[{"href":"https:\/\/www.turkali-architekten.de\/en\/wp-json\/wp\/v2\/types\/page"}],"author":[{"embeddable":true,"href":"https:\/\/www.turkali-architekten.de\/en\/wp-json\/wp\/v2\/users\/4"}],"replies":[{"embeddable":true,"href":"https:\/\/www.turkali-architekten.de\/en\/wp-json\/wp\/v2\/comments?post=6488"}],"version-history":[{"count":19,"href":"https:\/\/www.turkali-architekten.de\/en\/wp-json\/wp\/v2\/pages\/6488\/revisions"}],"predecessor-version":[{"id":6525,"href":"https:\/\/www.turkali-architekten.de\/en\/wp-json\/wp\/v2\/pages\/6488\/revisions\/6525"}],"up":[{"embeddable":true,"href":"https:\/\/www.turkali-architekten.de\/en\/wp-json\/wp\/v2\/pages\/1079"}],"wp:attachment":[{"href":"https:\/\/www.turkali-architekten.de\/en\/wp-json\/wp\/v2\/media?parent=6488"}],"curies":[{"name":"wp","href":"https:\/\/api.w.org\/{rel}","templated":true}]}}