{"id":642,"date":"2024-02-13T11:04:45","date_gmt":"2024-02-13T10:04:45","guid":{"rendered":"http:\/\/s992978995.online.de\/?page_id=642"},"modified":"2024-05-08T23:23:12","modified_gmt":"2024-05-08T21:23:12","slug":"30-11-2021","status":"publish","type":"page","link":"https:\/\/www.turkali-architekten.de\/en\/aktuelles\/30-11-2021\/","title":{"rendered":"30.11.2021"},"content":{"rendered":"<h1>30.11.2021 \u2013 \u201eKlimama\u00dfnahmen in Linz steuern und beschleunigen\u201c<\/h1>\n<div>\n<p>Sonderheft der Klimastabstelle Linz<\/p>\n<p>\u201eKlimama\u00dfnahmen in Linz steuern und beschleunigen\u201c \u2013 so lautet der Titel eines Sonderhefts, das die Klimastabstelle Linz im Oktober 2021 ver\u00f6ffentlicht hat. Das Heft sei ein wichtiges Grundlagendokument f\u00fcr die weitere Klimaarbeit der Stadt Linz, weil es den notwendigen \u00dcberblick gebe und den Weg zur Klimastadt zwischenevaluiere, hei\u00dft es aus dem B\u00fcro der Stadtregierung.<\/p>\n<p>\u201eLinz hat sich zur saubersten Industriestadt, zur sozialen Friedensstadt und schlie\u00dflich zur Europ\u00e4ischen Kulturhauptstadt entwickelt. (\u2026) Durch einen vorbildlichen Ma\u00dfnahmenkatalog f\u00fcr Klimaschutz und f\u00fcr Anpassungen an den Klimawandel bereitet sich Linz seit 2020 vor, zu einer klimaneutralen Stadt zu werden. Angesichts dieser festgelegten Top-Ma\u00dfnahmen soll Linz 2025 zur Klimahauptstadt Europas werden.\u201c, schreibt Klaus Luger, B\u00fcrgermeister der Stadt Linz, im Vorwort der Publikation.<\/p>\n<p>Linz und die dort angesiedelte Industrie h\u00e4tten in der Vergangenheit oft bewiesen, dass Klimaschutz und zukunftsf\u00e4hige Industriearbeitspl\u00e4tze in keinem Widerspruch st\u00fcnden, so Luger. \u201eMit der Klimastabsstelle stellten wir die ersten Weichen auf dem Weg zur Umsetzung unserer Ma\u00dfnahmen. Mit der dort ans\u00e4ssigen Expertise wissen wir, die richtigen und konkreten Strategien Schritt f\u00fcr Schritt umzusetzen.\u201c, so der B\u00fcrgermeister weiter.<\/p>\n<p>Das Kapitel \u201ePraxiseinblicke\u201c widmet sich den Mitglieder*innen des Klimabeirates und gibt u.a. spannende Einblicke in deren Arbeit. Prof. Zvonko Turkali ist seit Gr\u00fcndung des Beirats im Jahr 2020 dessen Vorsitzender. Die Hauptaufgabe sieht er auch in Zukunft in der Begutachtung von Klimafondsprojekten und der Unterst\u00fctzung stadtinternen Arbeitsgruppen, beispielsweise bei Begr\u00fcnungs- oder Mobilit\u00e4tsfragen.<\/p>\n<p>\u201eDer Klimaschutz ist eine gesamtgesellschaftliche Aufgabe von sozialer, kultureller und gestalterischer Dimension. Besonders in St\u00e4dten wie Linz, die ein unverwechselbares, \u00fcber Jahrhunderte entwickeltes Stadtbild zeigen, ist die Anpassung der Stadtentwicklung an die Anforderungen des Klimawandels besonders komplex. Hier kann der Beirat seinen Beitrag leisten!\u201c, so Prof. Turkali.<\/p>\n<p>Das Sonderheft ist als Print und E-book verf\u00fcgbar unter: https:\/\/www.linz.at\/images\/files\/Klimamassnahmen_Sonderheft_Ebook.pdf<\/p>\n<\/div>\n<p><img decoding=\"async\" src=\"\/wp-content\/uploads\/2024\/02\/30-11-2021_Foto-scaled.jpg\" alt=\"\"><\/p>\n<p><!--more--><br \/>\n<!-- {\"type\":\"layout\",\"children\":[{\"type\":\"section\",\"props\":{\"css\":\"  .el-section {\\n\\tpadding:128px 0px;\\n\\t}\\n\\n@media only screen and (max-width: 600px) {\\n  .el-section {\\n\\tpadding:20px 0px;\\n\\t}\\n}\",\"image_position\":\"center-center\",\"padding_remove_top\":false,\"style\":\"default\",\"title_breakpoint\":\"xl\",\"title_position\":\"top-left\",\"title_rotation\":\"left\",\"vertical_align\":\"middle\",\"width\":\"default\"},\"children\":[{\"type\":\"row\",\"props\":{\"layout\":\"1-2,1-2\"},\"children\":[{\"type\":\"column\",\"props\":{\"css\":\".el-column {\\npadding-right:35px;\\n}\",\"image_position\":\"center-center\",\"position_sticky_breakpoint\":\"m\",\"width_medium\":\"1-2\"},\"children\":[{\"type\":\"headline\",\"props\":{\"content\":\"30.11.2021 \\u2013 \\u201eKlimama\\u00dfnahmen in Linz steuern und beschleunigen\\u201c\",\"content_en_us\":\"30.11.2021 - \\\"Steering and Accelerating Climate Measures in Linz\\\"\",\"title_element\":\"h1\"}},{\"type\":\"text\",\"props\":{\"column_breakpoint\":\"m\",\"content\":\"\n\n<p>Sonderheft der Klimastabstelle Linz<\\\/p>\\n\n\n<p>\\u201eKlimama\\u00dfnahmen in Linz steuern und beschleunigen\\u201c \\u2013 so lautet der Titel eines Sonderhefts, das die Klimastabstelle Linz im Oktober 2021 ver\\u00f6ffentlicht hat. Das Heft sei ein wichtiges Grundlagendokument f\\u00fcr die weitere Klimaarbeit der Stadt Linz, weil es den notwendigen \\u00dcberblick gebe und den Weg zur Klimastadt zwischenevaluiere, hei\\u00dft es aus dem B\\u00fcro der Stadtregierung.<\\\/p>\\n\n\n<p>\\u201eLinz hat sich zur saubersten Industriestadt, zur sozialen Friedensstadt und schlie\\u00dflich zur Europ\\u00e4ischen Kulturhauptstadt entwickelt. (\\u2026) Durch einen vorbildlichen Ma\\u00dfnahmenkatalog f\\u00fcr Klimaschutz und f\\u00fcr Anpassungen an den Klimawandel bereitet sich Linz seit 2020 vor, zu einer klimaneutralen Stadt zu werden. Angesichts dieser festgelegten Top-Ma\\u00dfnahmen soll Linz 2025 zur Klimahauptstadt Europas werden.\\u201c, schreibt Klaus Luger, B\\u00fcrgermeister der Stadt Linz, im Vorwort der Publikation.<\\\/p>\\n\n\n<p>Linz und die dort angesiedelte Industrie h\\u00e4tten in der Vergangenheit oft bewiesen, dass Klimaschutz und zukunftsf\\u00e4hige Industriearbeitspl\\u00e4tze in keinem Widerspruch st\\u00fcnden, so Luger. \\u201eMit der Klimastabsstelle stellten wir die ersten Weichen auf dem Weg zur Umsetzung unserer Ma\\u00dfnahmen. Mit der dort ans\\u00e4ssigen Expertise wissen wir, die richtigen und konkreten Strategien Schritt f\\u00fcr Schritt umzusetzen.\\u201c, so der B\\u00fcrgermeister weiter.<\\\/p>\\n\n\n<p>Das Kapitel \\u201ePraxiseinblicke\\u201c widmet sich den Mitglieder*innen des Klimabeirates und gibt u.a. spannende Einblicke in deren Arbeit. Prof. Zvonko Turkali ist seit Gr\\u00fcndung des Beirats im Jahr 2020 dessen Vorsitzender. Die Hauptaufgabe sieht er auch in Zukunft in der Begutachtung von Klimafondsprojekten und der Unterst\\u00fctzung stadtinternen Arbeitsgruppen, beispielsweise bei Begr\\u00fcnungs- oder Mobilit\\u00e4tsfragen.<\\\/p>\\n\n\n<p>\\u201eDer Klimaschutz ist eine gesamtgesellschaftliche Aufgabe von sozialer, kultureller und gestalterischer Dimension. Besonders in St\\u00e4dten wie Linz, die ein unverwechselbares, \\u00fcber Jahrhunderte entwickeltes Stadtbild zeigen, ist die Anpassung der Stadtentwicklung an die Anforderungen des Klimawandels besonders komplex. Hier kann der Beirat seinen Beitrag leisten!\\u201c, so Prof. Turkali.<\\\/p>\\n\n\n<p>Das Sonderheft ist als Print und E-book verf\\u00fcgbar unter: https:\\\/\\\/www.linz.at\\\/images\\\/files\\\/Klimamassnahmen_Sonderheft_Ebook.pdf<\\\/p>\",\"content_en_us\":\"\n\n<p>Special booklet of the Climate Office Linz<\\\/p>\\n\n\n<p>\\\"Steering and Accelerating Climate Measures in Linz\\\" is the title of a special booklet published by the Climate Office Linz in October 2021. According to the office of the city government, the booklet is an important fundamental document for the further climate work of the city of Linz, providing the required overview and interim evaluation on its way of becoming a climate city.<\\\/p>\\n\n\n<p>\\\"Linz has become the cleanest industrial city, a social city of peace and finally the European Capital of Culture. (...) Through an exemplary catalog of measures for climate protection and adaptations to climate change, Linz is preparing to become a climate-neutral city since 2020. Considering these defined top measures, Linz is set to become the climate capital of Europe in 2025,\\\" writes Klaus Luger, mayor of the city of Linz, in the foreword to the publication.<\\\/p>\\n\n\n<p>Linz and its industry have often proven in the past that climate protection and sustainable industrial jobs are not contradictory, says Luger. \\\"With the Climate Unit, we have paved the way for the implementation of our measures. With the local expertise, we know how to implement the right and concrete strategies step by step,\\\" Luger continued.<\\\/p>\\n\n\n<p>The chapter \\\"Practical Insights\\\" is dedicated to the members of the Climate Council and provides exciting insights into their work. One of them is Prof. Zvonko Turkali, who has been the chairman of the advisory board since it was founded in 2020. Prof. Turkali sees the main task as continuing to be the assessment of climate fund projects and the support of city-internal working groups, for example in greening or mobility issues.<\\\/p>\\n\n\n<p>\\\"Climate protection is a task for the society as a whole, with social, cultural and design dimensions. Especially in cities like Linz, which display a distinctive cityscape that has evolved over centuries, adapting urban development to the demands of climate change is particularly complex. This is where the Advisory Council can make its contribution!\\\" says Prof. Turkali.<\\\/p>\\n\n\n<p>The special issue is available as a print and e-book at: https:\\\/\\\/www.linz.at\\\/images\\\/files\\\/Klimamassnahmen_Sonderheft_Ebook.pdf<\\\/p>\",\"css\":\".el-element {\\nfont-size:15px;\\nline-height:25px;\\n}\",\"margin\":\"default\",\"margin_remove_bottom\":false}}]},{\"type\":\"column\",\"props\":{\"image_position\":\"center-center\",\"position_sticky_breakpoint\":\"m\",\"width_medium\":\"1-2\"},\"children\":[{\"type\":\"image\",\"props\":{\"image\":\"wp-content\\\/uploads\\\/2024\\\/02\\\/30-11-2021_Foto-scaled.jpg\",\"image_svg_color\":\"emphasis\",\"margin\":\"default\",\"margin_remove_bottom\":true}},{\"type\":\"text\",\"props\":{\"column_breakpoint\":\"m\",\"content\":\"\",\"css\":\".el-element {\\nfont-size:10px;\\n\\nline-height:25px;\\n}\",\"margin\":\"\",\"margin_remove_bottom\":false,\"margin_remove_top\":false}},{\"type\":\"text\",\"props\":{\"column_breakpoint\":\"m\",\"content\":\"\",\"css\":\".el-element {\\nfont-size:10px;\\n\\nline-height:25px;\\n}\",\"margin\":\"\",\"margin_remove_bottom\":false,\"margin_remove_top\":false}}]}]}],\"name\":\"Header-Section-Start\"}],\"version\":\"4.2.12\"} --><\/p>\n","protected":false},"excerpt":{"rendered":"<p>30.11.2021 \u2013 \u201eKlimama\u00dfnahmen in Linz steuern und beschleunigen\u201c Sonderheft der Klimastabstelle Linz \u201eKlimama\u00dfnahmen in Linz steuern und beschleunigen\u201c \u2013 so lautet der Titel eines Sonderhefts, das die Klimastabstelle Linz im Oktober 2021 ver\u00f6ffentlicht hat. Das Heft sei ein wichtiges Grundlagendokument f\u00fcr die weitere Klimaarbeit der Stadt Linz, weil es den notwendigen \u00dcberblick gebe und den [&hellip;]<\/p>\n","protected":false},"author":1,"featured_media":0,"parent":1079,"menu_order":42,"comment_status":"closed","ping_status":"closed","template":"","meta":{"footnotes":""},"class_list":["post-642","page","type-page","status-publish","hentry"],"_links":{"self":[{"href":"https:\/\/www.turkali-architekten.de\/en\/wp-json\/wp\/v2\/pages\/642","targetHints":{"allow":["GET"]}}],"collection":[{"href":"https:\/\/www.turkali-architekten.de\/en\/wp-json\/wp\/v2\/pages"}],"about":[{"href":"https:\/\/www.turkali-architekten.de\/en\/wp-json\/wp\/v2\/types\/page"}],"author":[{"embeddable":true,"href":"https:\/\/www.turkali-architekten.de\/en\/wp-json\/wp\/v2\/users\/1"}],"replies":[{"embeddable":true,"href":"https:\/\/www.turkali-architekten.de\/en\/wp-json\/wp\/v2\/comments?post=642"}],"version-history":[{"count":8,"href":"https:\/\/www.turkali-architekten.de\/en\/wp-json\/wp\/v2\/pages\/642\/revisions"}],"predecessor-version":[{"id":4185,"href":"https:\/\/www.turkali-architekten.de\/en\/wp-json\/wp\/v2\/pages\/642\/revisions\/4185"}],"up":[{"embeddable":true,"href":"https:\/\/www.turkali-architekten.de\/en\/wp-json\/wp\/v2\/pages\/1079"}],"wp:attachment":[{"href":"https:\/\/www.turkali-architekten.de\/en\/wp-json\/wp\/v2\/media?parent=642"}],"curies":[{"name":"wp","href":"https:\/\/api.w.org\/{rel}","templated":true}]}}