{"id":6191,"date":"2024-11-28T09:58:00","date_gmt":"2024-11-28T08:58:00","guid":{"rendered":"https:\/\/www.turkali-architekten.de\/?page_id=6191"},"modified":"2024-12-04T14:20:06","modified_gmt":"2024-12-04T13:20:06","slug":"28-11-2024-vive-larchitecture","status":"publish","type":"page","link":"https:\/\/www.turkali-architekten.de\/en\/aktuelles\/28-11-2024-vive-larchitecture\/","title":{"rendered":"28.11.2024 - Vive l'architecture"},"content":{"rendered":"<h1>28.11.2024 \u2013 Vive l&#8217;architecture<\/h1>\n<div>\n<p>Vom 7. bis 13. November 2024 fand die S\u00fcdfrankreich-Exkursion der Abteilung Baukunst (Leitung Prof. Zvonko Turkali) des Instituts f\u00fcr Entwerfen und Geb\u00e4udelehre der Leibniz Universit\u00e4t Hannover statt.<\/p>\n<p>Die Exkursion war der vorl\u00e4ufige H\u00f6hepunkt der Bachelorthesis und des Projekt Lang im Masterstudiengang und f\u00fchrte in die Provinz Languedoc unter anderem nach Arles, N\u00eemes\u00a0und Montpellier.<\/p>\n<p>Highlights der Reise waren Landmarks wie die Amphitheater sowie der Aqu\u00e4dukt Pont du Gard in Arles bzw. N\u00eemes. Zahlreiche zeitgen\u00f6ssische Bauten standen ebenso auf dem Programm, so beispielsweise das Nemausus, ein soziales Wohnungsbauprojekt von Jean Nouvel von 1987, die Mediathek \u201eCarr\u00e9 d\u00b4art von Norman Forster oder \u201eAntigone\u201c, ein von Riccardo Bofill von 1979 bis 1999 mit postmodernen Elementen realisiertes Gro\u00dfprojekt mitten im Montpellier. Ein weiterer H\u00f6henpunkt der Reise war die mehrst\u00fcndige F\u00fchrung, in der Herr Prof. Martin Andersch die st\u00e4dtebauliche Entwicklung und die architektonischen Besonderheiten von Montpellier vorstellte.<\/p>\n<p>Die Exkursionen finden im engen Zusammenhang mit den vom Institut angebotenen Entwurfsthemen statt. Bei der Bachelorthesis ist in diesem Semester ein Forschungs- und Veranstaltungszentrum in der Altstadt von Arles, bei Projekt Lang ein Begegnungszentrum in Montpellier zu entwerfen.<\/p>\n<p>Neben Prof. Zvonko Turkali wird das Projekt von den wissenschaftlichen Mitarbeitern Dr. Jens Broszeit, Arlette Feltz-S\u00fc\u00dfenbach, Leonie Glaser und Fabian Reinsch betreut.<\/p>\n<\/div>\n<p><img decoding=\"async\" src=\"\/wp-content\/uploads\/2024\/11\/groupe2-scaled.jpg\" alt=\"\"><\/p>\n<p><!--more--><br \/>\n<!-- {\"type\":\"layout\",\"children\":[{\"type\":\"section\",\"props\":{\"css\":\"  .el-section {\\n\\tpadding:128px 0px;\\n\\t}\\n\\n@media only screen and (max-width: 600px) {\\n  .el-section {\\n\\tpadding:20px 0px;\\n\\t}\\n}\",\"image_position\":\"center-center\",\"padding_remove_top\":false,\"style\":\"default\",\"title_breakpoint\":\"xl\",\"title_position\":\"top-left\",\"title_rotation\":\"left\",\"vertical_align\":\"\",\"width\":\"default\"},\"children\":[{\"type\":\"row\",\"props\":{\"layout\":\"1-2,1-2\"},\"children\":[{\"type\":\"column\",\"props\":{\"css\":\".el-column {\\npadding-right:35px;\\n}\",\"image_position\":\"center-center\",\"position_sticky_breakpoint\":\"m\",\"width_medium\":\"1-2\"},\"children\":[{\"type\":\"headline\",\"props\":{\"content\":\"28.11.2024 \\u2013 Vive l'architecture\",\"content_en_us\":\"\n\n<h1 data-id=\\\"page#0-0-0-0\\\" data-element=\\\"\\\" style=\\\"text-align: left;\\\">28.11.2024 \\u2013 Vive l\\u2019architecture<\\\/h1>\\n\n\n<div class=\\\"uk-panel uk-margin\\\" data-id=\\\"page#0-0-0-1\\\" data-element=\\\"\\\" id=\\\"page#0\\\"><\\\/div>\",\"title_element\":\"h1\"}},{\"type\":\"text\",\"props\":{\"column_breakpoint\":\"m\",\"content\":\"\n\n<p>Vom 7. bis 13. November 2024 fand die S\\u00fcdfrankreich-Exkursion der Abteilung Baukunst (Leitung Prof. Zvonko Turkali) des Instituts f\\u00fcr Entwerfen und Geb\\u00e4udelehre der Leibniz Universit\\u00e4t Hannover statt.<\\\/p>\\n\n\n<p>Die Exkursion war der vorl\\u00e4ufige H\\u00f6hepunkt der Bachelorthesis und des Projekt Lang im Masterstudiengang und f\\u00fchrte in die Provinz Languedoc unter anderem nach Arles, N\\u00eemes\\u00a0und Montpellier.<\\\/p>\\n\n\n<p>Highlights der Reise waren Landmarks wie die Amphitheater sowie der Aqu\\u00e4dukt Pont du Gard in Arles bzw. N\\u00eemes. Zahlreiche zeitgen\\u00f6ssische Bauten standen ebenso auf dem Programm, so beispielsweise das Nemausus, ein soziales Wohnungsbauprojekt von Jean Nouvel von 1987, die Mediathek \\u201eCarr\\u00e9 d\\u00b4art von Norman Forster oder \\u201eAntigone\\u201c, ein von Riccardo Bofill von 1979 bis 1999 mit postmodernen Elementen realisiertes Gro\\u00dfprojekt mitten im Montpellier. Ein weiterer H\\u00f6henpunkt der Reise war die mehrst\\u00fcndige F\\u00fchrung, in der Herr Prof. Martin Andersch die st\\u00e4dtebauliche Entwicklung und die architektonischen Besonderheiten von Montpellier vorstellte.<\\\/p>\\n\n\n<p>Die Exkursionen finden im engen Zusammenhang mit den vom Institut angebotenen Entwurfsthemen statt. Bei der Bachelorthesis ist in diesem Semester ein Forschungs- und Veranstaltungszentrum in der Altstadt von Arles, bei Projekt Lang ein Begegnungszentrum in Montpellier zu entwerfen.<\\\/p>\\n\n\n<p>Neben Prof. Zvonko Turkali wird das Projekt von den wissenschaftlichen Mitarbeitern Dr. Jens Broszeit, Arlette Feltz-S\\u00fc\\u00dfenbach, Leonie Glaser und Fabian Reinsch betreut.<\\\/p>\",\"content_en_us\":\"\n\n<div class=\\\"uk-panel uk-margin\\\" data-id=\\\"page#0-0-0-1\\\" data-element=\\\"\\\" id=\\\"page#0\\\">\\n\n\n<p>The excursion to the south of France by the Architecture Department (headed by Prof. Zvonko Turkali) of the Institute for Design and Building Theory at Leibniz University Hannover took place from November 7th to 13th, 2024.<\\\/p>\\n\n\n<p>The excursion was the preliminary highlight of the bachelor's thesis and the Lang project in the master's program and led to the province of Languedoc, including Arles, N\\u00eemes\\u00a0and Montpellier.<\\\/p>\\n\n\n<p>Highlights of the trip were landmarks such as the amphitheaters and the Pont du Gard aqueduct in Arles and N\\u00eemes. Numerous contemporary buildings were also on the program, such as the Nemausus, a social housing project by Jean Nouvel from 1987, the \\u201cCarr\\u00e9 d'art\\u201d media library by Norman Forster and \\u201cAntigone\\u201d, a major project designed by Riccardo Bofill from 1979 to 1999 with postmodern elements in the middle of Montpellier. Another highlight of the trip was the guided tour lasting several hours, in which Prof. Martin Andersch presented the urban development and architectural features of Montpellier.<\\\/p>\\n\n\n<p>The excursions take place in close connection with the design topics offered by the institute. This semester, the bachelor's thesis involves designing a research and event center in the old town of Arles, and the Lang project involves designing a meeting center in Montpellier.<\\\/p>\\n\n\n<p>In addition to Prof. Zvonko Turkali, the project is led by the scientific staff Dr. Jens Brozeit, Arlette Feltz-S\\u00fc\\u00dfenbach, Leonie Glaser and Fabian Reinsch supervised.<\\\/p>\\n<\\\/div>\",\"css\":\".el-element {\\nfont-size:15px;\\nline-height:25px;\\n}\",\"margin\":\"default\",\"margin_remove_bottom\":false}}]},{\"type\":\"column\",\"props\":{\"image_position\":\"center-center\",\"position_sticky_breakpoint\":\"m\",\"width_medium\":\"1-2\"},\"children\":[{\"type\":\"image\",\"props\":{\"image\":\"wp-content\\\/uploads\\\/2024\\\/11\\\/groupe2-scaled.jpg\",\"image_svg_color\":\"emphasis\",\"margin\":\"default\",\"margin_remove_bottom\":true}}]}]},{\"type\":\"row\",\"props\":{\"layout\":\"1-2,1-2\"},\"children\":[{\"type\":\"column\",\"props\":{\"css\":\".el-column {\\npadding-right:35px;\\n}\",\"image_position\":\"center-center\",\"position_sticky_breakpoint\":\"m\",\"width_medium\":\"1-2\"}},{\"type\":\"column\",\"props\":{\"image_position\":\"center-center\",\"position_sticky_breakpoint\":\"m\",\"width_medium\":\"1-2\"}}]}],\"name\":\"Header-Section-Start\"}],\"version\":\"4.4.7\"} --><\/p>\n","protected":false},"excerpt":{"rendered":"<p>28.11.2024 \u2013 Vive l&#8217;architecture Vom 7. bis 13. November 2024 fand die S\u00fcdfrankreich-Exkursion der Abteilung Baukunst (Leitung Prof. Zvonko Turkali) des Instituts f\u00fcr Entwerfen und Geb\u00e4udelehre der Leibniz Universit\u00e4t Hannover statt. Die Exkursion war der vorl\u00e4ufige H\u00f6hepunkt der Bachelorthesis und des Projekt Lang im Masterstudiengang und f\u00fchrte in die Provinz Languedoc unter anderem nach Arles, [&hellip;]<\/p>\n","protected":false},"author":4,"featured_media":0,"parent":1079,"menu_order":16,"comment_status":"closed","ping_status":"closed","template":"","meta":{"footnotes":""},"class_list":["post-6191","page","type-page","status-publish","hentry"],"_links":{"self":[{"href":"https:\/\/www.turkali-architekten.de\/en\/wp-json\/wp\/v2\/pages\/6191","targetHints":{"allow":["GET"]}}],"collection":[{"href":"https:\/\/www.turkali-architekten.de\/en\/wp-json\/wp\/v2\/pages"}],"about":[{"href":"https:\/\/www.turkali-architekten.de\/en\/wp-json\/wp\/v2\/types\/page"}],"author":[{"embeddable":true,"href":"https:\/\/www.turkali-architekten.de\/en\/wp-json\/wp\/v2\/users\/4"}],"replies":[{"embeddable":true,"href":"https:\/\/www.turkali-architekten.de\/en\/wp-json\/wp\/v2\/comments?post=6191"}],"version-history":[{"count":28,"href":"https:\/\/www.turkali-architekten.de\/en\/wp-json\/wp\/v2\/pages\/6191\/revisions"}],"predecessor-version":[{"id":6228,"href":"https:\/\/www.turkali-architekten.de\/en\/wp-json\/wp\/v2\/pages\/6191\/revisions\/6228"}],"up":[{"embeddable":true,"href":"https:\/\/www.turkali-architekten.de\/en\/wp-json\/wp\/v2\/pages\/1079"}],"wp:attachment":[{"href":"https:\/\/www.turkali-architekten.de\/en\/wp-json\/wp\/v2\/media?parent=6191"}],"curies":[{"name":"wp","href":"https:\/\/api.w.org\/{rel}","templated":true}]}}