{"id":593,"date":"2024-02-13T10:54:31","date_gmt":"2024-02-13T09:54:31","guid":{"rendered":"http:\/\/s992978995.online.de\/?page_id=593"},"modified":"2024-09-16T17:18:26","modified_gmt":"2024-09-16T15:18:26","slug":"16-01-2023","status":"publish","type":"page","link":"https:\/\/www.turkali-architekten.de\/en\/aktuelles\/16-01-2023\/","title":{"rendered":"16.01.2023"},"content":{"rendered":"<h1>16.01.2023 \u2013 J\u00fcdische Akademie: Es geht voran!<\/h1>\n<div>\n<p>Sanierungsarbeiten am Bestand schreiten voran<\/p>\n<p>Mehr als ein Jahr ziehen sich die Sanierungsarbeiten am neoklassizistischen Altbau in der Senckenberganlage 11 im Westen Frankfurts bereits hin. Grund hierf\u00fcr ist, dass sich das Geb\u00e4ude in einem sehr viel schlechteren konstruktiven Zustand befindet als urspr\u00fcnglich angenommen. So mussten beispielsweise die alten Holzdecken ausgebaut und durch Ziegeldecken ersetzt werden. Im Bereich der Standsicherheit mussten diverse Ert\u00fcchtigungen f\u00fcr marode Wandbereiche vorgenommen, in der S\u00fcdh\u00e4lfte des Hauses umfangreiche Hochdruckinjektionen (HDI) eingebracht werden.<\/p>\n<p>Foto: Zvonko Turkali Architekten<\/p>\n<\/div>\n<p><img decoding=\"async\" src=\"\/wp-content\/uploads\/2024\/02\/16-01-2023_Foto-scaled-e1726499713811.jpg\" alt=\"\"><\/p>\n<p><!--more--><br \/>\n<!-- {\"type\":\"layout\",\"children\":[{\"type\":\"section\",\"props\":{\"css\":\"  .el-section {\\n\\tpadding:128px 0px;\\n\\t}\\n\\n@media only screen and (max-width: 600px) {\\n  .el-section {\\n\\tpadding:20px 0px;\\n\\t}\\n}\",\"image_position\":\"center-center\",\"padding_remove_top\":false,\"style\":\"default\",\"title_breakpoint\":\"xl\",\"title_position\":\"top-left\",\"title_rotation\":\"left\",\"vertical_align\":\"\",\"width\":\"default\"},\"children\":[{\"type\":\"row\",\"props\":{\"layout\":\"1-2,1-2\"},\"children\":[{\"type\":\"column\",\"props\":{\"css\":\".el-column {\\npadding-right:35px;\\n}\",\"image_position\":\"center-center\",\"position_sticky_breakpoint\":\"m\",\"width_medium\":\"1-2\"},\"children\":[{\"type\":\"headline\",\"props\":{\"content\":\"16.01.2023 \\u2013 J\\u00fcdische Akademie: Es geht voran!\",\"content_en_us\":\"16.01.2023 - Jewish Academy: Progress is being made!\",\"title_element\":\"h1\"}},{\"type\":\"text\",\"props\":{\"column_breakpoint\":\"m\",\"content\":\"\n\n<p>Sanierungsarbeiten am Bestand schreiten voran<\\\/p>\\n\n\n<p>Mehr als ein Jahr ziehen sich die Sanierungsarbeiten am neoklassizistischen Altbau in der Senckenberganlage 11 im Westen Frankfurts bereits hin. Grund hierf\\u00fcr ist, dass sich das Geb\\u00e4ude in einem sehr viel schlechteren konstruktiven Zustand befindet als urspr\\u00fcnglich angenommen. So mussten beispielsweise die alten Holzdecken ausgebaut und durch Ziegeldecken ersetzt werden. Im Bereich der Standsicherheit mussten diverse Ert\\u00fcchtigungen f\\u00fcr marode Wandbereiche vorgenommen, in der S\\u00fcdh\\u00e4lfte des Hauses umfangreiche Hochdruckinjektionen (HDI) eingebracht werden.<\\\/p>\\n\n\n<p>Foto: Zvonko Turkali Architekten<\\\/p>\",\"content_en_us\":\"\n\n<p>Renovation work on the existing building is progressing<\\\/p>\\n\n\n<p>Renovation work on the neoclassical old building at Senckenberganlage 11 in western Frankfurt has been ongoing for more than a year. The reason is that the building is in a much worse structural condition than originally assumed. For example, the old wooden ceilings had to be removed and replaced by brick ceilings. In terms of structural stability, various retrofits had to be carried out for ailing wall areas, and extensive high-pressure injections (HDI) had to be installed in the southern half of the building.<\\\/p>\\n\n\n<p>Photo: Zvonko Turkali Architekten<\\\/p>\",\"css\":\".el-element {\\nfont-size:15px;\\nline-height:25px;\\n}\",\"margin\":\"default\",\"margin_remove_bottom\":false}}]},{\"type\":\"column\",\"props\":{\"image_position\":\"center-center\",\"position_sticky_breakpoint\":\"m\",\"width_medium\":\"1-2\"},\"children\":[{\"type\":\"image\",\"props\":{\"image\":\"wp-content\\\/uploads\\\/2024\\\/02\\\/16-01-2023_Foto-scaled-e1726499713811.jpg\",\"image_svg_color\":\"emphasis\",\"margin\":\"default\",\"margin_remove_bottom\":true}},{\"type\":\"text\",\"props\":{\"column_breakpoint\":\"m\",\"content\":\"\",\"css\":\".el-element {\\nfont-size:10px;\\n\\nline-height:25px;\\n}\",\"margin\":\"\",\"margin_remove_bottom\":false,\"margin_remove_top\":false}},{\"type\":\"text\",\"props\":{\"column_breakpoint\":\"m\",\"content\":\"\",\"css\":\".el-element {\\nfont-size:10px;\\n\\nline-height:25px;\\n}\",\"margin\":\"\",\"margin_remove_bottom\":false,\"margin_remove_top\":false}}]}]}],\"name\":\"Header-Section-Start\"}],\"version\":\"4.4.7\"} --><\/p>\n","protected":false},"excerpt":{"rendered":"<p>16.01.2023 \u2013 J\u00fcdische Akademie: Es geht voran! Sanierungsarbeiten am Bestand schreiten voran Mehr als ein Jahr ziehen sich die Sanierungsarbeiten am neoklassizistischen Altbau in der Senckenberganlage 11 im Westen Frankfurts bereits hin. Grund hierf\u00fcr ist, dass sich das Geb\u00e4ude in einem sehr viel schlechteren konstruktiven Zustand befindet als urspr\u00fcnglich angenommen. So mussten beispielsweise die alten [&hellip;]<\/p>\n","protected":false},"author":1,"featured_media":0,"parent":1079,"menu_order":59,"comment_status":"closed","ping_status":"closed","template":"","meta":{"footnotes":""},"class_list":["post-593","page","type-page","status-publish","hentry"],"_links":{"self":[{"href":"https:\/\/www.turkali-architekten.de\/en\/wp-json\/wp\/v2\/pages\/593","targetHints":{"allow":["GET"]}}],"collection":[{"href":"https:\/\/www.turkali-architekten.de\/en\/wp-json\/wp\/v2\/pages"}],"about":[{"href":"https:\/\/www.turkali-architekten.de\/en\/wp-json\/wp\/v2\/types\/page"}],"author":[{"embeddable":true,"href":"https:\/\/www.turkali-architekten.de\/en\/wp-json\/wp\/v2\/users\/1"}],"replies":[{"embeddable":true,"href":"https:\/\/www.turkali-architekten.de\/en\/wp-json\/wp\/v2\/comments?post=593"}],"version-history":[{"count":9,"href":"https:\/\/www.turkali-architekten.de\/en\/wp-json\/wp\/v2\/pages\/593\/revisions"}],"predecessor-version":[{"id":5500,"href":"https:\/\/www.turkali-architekten.de\/en\/wp-json\/wp\/v2\/pages\/593\/revisions\/5500"}],"up":[{"embeddable":true,"href":"https:\/\/www.turkali-architekten.de\/en\/wp-json\/wp\/v2\/pages\/1079"}],"wp:attachment":[{"href":"https:\/\/www.turkali-architekten.de\/en\/wp-json\/wp\/v2\/media?parent=593"}],"curies":[{"name":"wp","href":"https:\/\/api.w.org\/{rel}","templated":true}]}}