{"id":587,"date":"2024-02-13T11:03:58","date_gmt":"2024-02-13T10:03:58","guid":{"rendered":"http:\/\/s992978995.online.de\/?page_id=587"},"modified":"2024-05-08T23:21:54","modified_gmt":"2024-05-08T21:21:54","slug":"27-01-2023","status":"publish","type":"page","link":"https:\/\/www.turkali-architekten.de\/en\/aktuelles\/27-01-2023\/","title":{"rendered":"27.01.2023"},"content":{"rendered":"<h1>27.01.2023 \u2013 Baufortschritt bei der St. Nicolai-Gemeinde in Frankfurt<\/h1>\n<div>\n<p>Die Baugrube ist ausgehoben<\/p>\n<p>Es geht voran auf der Baustelle in der Waldschmidtstra\u00dfe 116 am Zoo in Frankfurt. Die Baugrube im Frankfurter Ostend ist mittlerweile ausgehoben. Mit dem Rohbau f\u00fcr das neue Gemeindezentrum samt Wohngeb\u00e4ude am Standort der Evangelisch-Lutherischen St. Nicolai-Gemeinde ist vor wenigen Wochen gestartet werden.<\/p>\n<p>Die Grundsteinlegung ist f\u00fcr Ende April 2023 geplant, erl\u00e4utert Prof. Zvonko Turkali von Zvonko Turkali Architekten. In einem Wettbewerbsverfahren hatte sich das Frankfurter B\u00fcro bereits im Jahr 2017 gegen namhafte Architekturb\u00fcros durchgesetzt.<\/p>\n<p>Der Siegesentwurf sieht einen eingeschossigen Gemeindehausneubau vor, der sich an das Seitenschiff der Kirche anschlie\u00dft und gemeinsam mit dem neuen Wohngeb\u00e4ude einen begr\u00fcnten Hof umschlie\u00dft. Das Wohnobjekt beherbergt insgesamt 15 Drei- und Vier-Zimmer-Wohnungen sowie eine Tiefgarage mit 28 Stellpl\u00e4tzen.<\/p>\n<p>Realisiert wird das Projekt auf dem knapp 2.800 Quadratmeter gro\u00dfen Areal vom Evangelischen Regionalverband Frankfurt und Offenbach gemeinsam mit der Wohnbaugenossenschaft in Frankfurt am Main eG.<\/p>\n<p>Foto: Zvonko Turkali Architekten<\/p>\n<\/div>\n<p><img decoding=\"async\" src=\"\/wp-content\/uploads\/2024\/02\/27-01-2023_Foto-scaled.jpg\" alt=\"\"><\/p>\n<p><!--more--><br \/>\n<!-- {\"type\":\"layout\",\"children\":[{\"type\":\"section\",\"props\":{\"css\":\"  .el-section {\\n\\tpadding:128px 0px;\\n\\t}\\n\\n@media only screen and (max-width: 600px) {\\n  .el-section {\\n\\tpadding:20px 0px;\\n\\t}\\n}\",\"image_position\":\"center-center\",\"padding_remove_top\":false,\"style\":\"default\",\"title_breakpoint\":\"xl\",\"title_position\":\"top-left\",\"title_rotation\":\"left\",\"vertical_align\":\"middle\",\"width\":\"default\"},\"children\":[{\"type\":\"row\",\"props\":{\"layout\":\"1-2,1-2\"},\"children\":[{\"type\":\"column\",\"props\":{\"css\":\".el-column {\\npadding-right:35px;\\n}\",\"image_position\":\"center-center\",\"position_sticky_breakpoint\":\"m\",\"width_medium\":\"1-2\"},\"children\":[{\"type\":\"headline\",\"props\":{\"content\":\"27.01.2023 \\u2013 Baufortschritt bei der St. Nicolai-Gemeinde in Frankfurt\",\"content_en_us\":\"27.01.2023 - Construction progress at St. Nicolai Parish in Frankfurt\",\"title_element\":\"h1\"}},{\"type\":\"text\",\"props\":{\"column_breakpoint\":\"m\",\"content\":\"\n\n<p>Die Baugrube ist ausgehoben<\\\/p>\\n\n\n<p>Es geht voran auf der Baustelle in der Waldschmidtstra\\u00dfe 116 am Zoo in Frankfurt. Die Baugrube im Frankfurter Ostend ist mittlerweile ausgehoben. Mit dem Rohbau f\\u00fcr das neue Gemeindezentrum samt Wohngeb\\u00e4ude am Standort der Evangelisch-Lutherischen St. Nicolai-Gemeinde ist vor wenigen Wochen gestartet werden.<\\\/p>\\n\n\n<p>Die Grundsteinlegung ist f\\u00fcr Ende April 2023 geplant, erl\\u00e4utert Prof. Zvonko Turkali von Zvonko Turkali Architekten. In einem Wettbewerbsverfahren hatte sich das Frankfurter B\\u00fcro bereits im Jahr 2017 gegen namhafte Architekturb\\u00fcros durchgesetzt.<\\\/p>\\n\n\n<p>Der Siegesentwurf sieht einen eingeschossigen Gemeindehausneubau vor, der sich an das Seitenschiff der Kirche anschlie\\u00dft und gemeinsam mit dem neuen Wohngeb\\u00e4ude einen begr\\u00fcnten Hof umschlie\\u00dft. Das Wohnobjekt beherbergt insgesamt 15 Drei- und Vier-Zimmer-Wohnungen sowie eine Tiefgarage mit 28 Stellpl\\u00e4tzen.<\\\/p>\\n\n\n<p>Realisiert wird das Projekt auf dem knapp 2.800 Quadratmeter gro\\u00dfen Areal vom Evangelischen Regionalverband Frankfurt und Offenbach gemeinsam mit der Wohnbaugenossenschaft in Frankfurt am Main eG.<\\\/p>\\n\n\n<p>Foto: Zvonko Turkali Architekten<\\\/p>\",\"content_en_us\":\"\n\n<p>The excavation pit is dug<\\\/p>\\n\n\n<p>Progress is being made on the construction site at Waldschmidtstrasse 116 near Frankfurt Zoo. The excavation pit in Frankfurt's Ostend has now been dug. A few weeks ago, the construction of the shell for the new community center and residential building at the site of the Evangelical Lutheran St. Nicolai Parish began.<\\\/p>\\n\n\n<p>The laying of the foundation stone is planned for the end of April 2023, explains Prof. Zvonko Turkali of Zvonko Turkali Architekten. In a competition, the Frankfurt office had prevailed against renowned architectural firms in 2017.<\\\/p>\\n\n\n<p>The winning design envisions a new one-story parish hall adjoining the side aisle of the church and enclosing a landscaped green courtyard together with the new residential building. The residential building will include a total of 15 three- and four-room apartments as well as an underground garage with 28 parking spaces.<\\\/p>\\n\n\n<p>The project is being realized on the almost 2,800 square meter site by the Evangelische Regionalverband Frankfurt und Offenbach together with the Wohnbaugenossenschaft in Frankfurt am Main eG.<\\\/p>\\n\n\n<p>Photo: Zvonko Turkali Architekten<\\\/p>\",\"css\":\".el-element {\\nfont-size:15px;\\nline-height:25px;\\n}\",\"margin\":\"default\",\"margin_remove_bottom\":false}}]},{\"type\":\"column\",\"props\":{\"image_position\":\"center-center\",\"position_sticky_breakpoint\":\"m\",\"width_medium\":\"1-2\"},\"children\":[{\"type\":\"image\",\"props\":{\"image\":\"wp-content\\\/uploads\\\/2024\\\/02\\\/27-01-2023_Foto-scaled.jpg\",\"image_svg_color\":\"emphasis\",\"margin\":\"default\",\"margin_remove_bottom\":true}},{\"type\":\"text\",\"props\":{\"column_breakpoint\":\"m\",\"content\":\"\",\"css\":\".el-element {\\nfont-size:10px;\\n\\nline-height:25px;\\n}\",\"margin\":\"\",\"margin_remove_bottom\":false,\"margin_remove_top\":false}},{\"type\":\"text\",\"props\":{\"column_breakpoint\":\"m\",\"content\":\"\",\"css\":\".el-element {\\nfont-size:10px;\\n\\nline-height:25px;\\n}\",\"margin\":\"\",\"margin_remove_bottom\":false,\"margin_remove_top\":false}}]}]}],\"name\":\"Header-Section-Start\"}],\"version\":\"4.2.12\"} --><\/p>\n","protected":false},"excerpt":{"rendered":"<p>27.01.2023 \u2013 Baufortschritt bei der St. Nicolai-Gemeinde in Frankfurt Die Baugrube ist ausgehoben Es geht voran auf der Baustelle in der Waldschmidtstra\u00dfe 116 am Zoo in Frankfurt. Die Baugrube im Frankfurter Ostend ist mittlerweile ausgehoben. Mit dem Rohbau f\u00fcr das neue Gemeindezentrum samt Wohngeb\u00e4ude am Standort der Evangelisch-Lutherischen St. Nicolai-Gemeinde ist vor wenigen Wochen gestartet [&hellip;]<\/p>\n","protected":false},"author":1,"featured_media":0,"parent":1079,"menu_order":47,"comment_status":"closed","ping_status":"closed","template":"","meta":{"footnotes":""},"class_list":["post-587","page","type-page","status-publish","hentry"],"_links":{"self":[{"href":"https:\/\/www.turkali-architekten.de\/en\/wp-json\/wp\/v2\/pages\/587","targetHints":{"allow":["GET"]}}],"collection":[{"href":"https:\/\/www.turkali-architekten.de\/en\/wp-json\/wp\/v2\/pages"}],"about":[{"href":"https:\/\/www.turkali-architekten.de\/en\/wp-json\/wp\/v2\/types\/page"}],"author":[{"embeddable":true,"href":"https:\/\/www.turkali-architekten.de\/en\/wp-json\/wp\/v2\/users\/1"}],"replies":[{"embeddable":true,"href":"https:\/\/www.turkali-architekten.de\/en\/wp-json\/wp\/v2\/comments?post=587"}],"version-history":[{"count":9,"href":"https:\/\/www.turkali-architekten.de\/en\/wp-json\/wp\/v2\/pages\/587\/revisions"}],"predecessor-version":[{"id":4180,"href":"https:\/\/www.turkali-architekten.de\/en\/wp-json\/wp\/v2\/pages\/587\/revisions\/4180"}],"up":[{"embeddable":true,"href":"https:\/\/www.turkali-architekten.de\/en\/wp-json\/wp\/v2\/pages\/1079"}],"wp:attachment":[{"href":"https:\/\/www.turkali-architekten.de\/en\/wp-json\/wp\/v2\/media?parent=587"}],"curies":[{"name":"wp","href":"https:\/\/api.w.org\/{rel}","templated":true}]}}