{"id":5729,"date":"2024-10-31T11:27:09","date_gmt":"2024-10-31T10:27:09","guid":{"rendered":"https:\/\/www.turkali-architekten.de\/?page_id=5729"},"modified":"2024-12-02T14:14:55","modified_gmt":"2024-12-02T13:14:55","slug":"29-10-2024-doppelter-geburtstag-fuer-denkmalschutz-hessen","status":"publish","type":"page","link":"https:\/\/www.turkali-architekten.de\/en\/aktuelles\/29-10-2024-doppelter-geburtstag-fuer-denkmalschutz-hessen\/","title":{"rendered":"29.10.2024 - Doppelter Geburtstag f\u00fcr Denkmalschutz Hessen"},"content":{"rendered":"<h1>29.10.2024 \u2013 Doppelter Geburtstag f\u00fcr den Denkmalschutz in Hessen<\/h1>\n<div>\n<p>30 Jahre Frankfurter Denkmalforum e.V. und 50 Jahre Hessisches Landesamt f\u00fcr Denkmalschutz: unter dem Titel &#8220;Baukultur &#8211; Umbaukultur &#8211; Denkmalpflege&#8221; luden Zvonko Turkali Architekten, die Handwerkskammer Rhein-Main, das Landesamt f\u00fcr Denkmalpflege, das Denkmalamt der Stadt Frankfurt am Main und der Bund Deutscher Architekten (BDA) Hessen zur Jubil\u00e4umsfeier ein.<\/p>\n<p>Im Haus des Handwerks in Frankfurt am Main begr\u00fcssten die Veranstalter am 29. Oktober 2024 zahlreiche am Denkmalschutz Interessierten zu drei Vortr\u00e4gen mit anschliessender Diskussion.<\/p>\n<p>Nach der Begr\u00fc\u00dfung durch Prof. Zvonko Turkali Zvonko Turkali Architekten und Vorsitzender des Frankfurter Denkmalforum e.V. und Gru\u00dfworten von Wolfgang Siefert, Stadtrat Frankfurt am Main sowie Prof. Dr. Markus Harzenetter, Pr\u00e4sident des Landesamtes f\u00fcr Denkmalpflege Hessen, folgten drei Vortr\u00e4ge von Denkmalschutzpraktikern.<\/p>\n<p>Zu \u201eAspekte der Gro\u00dfstadtdenkmalpflege am Beispiel Frankfurts\u201c referierte Dr. Maria W\u00fcllenkemper, Landesamt f\u00fcr Denkmalpflege Hessen.<br \/>\u201eUnterirdisch! Bodendenkmalpflege in einer Gro\u00dfstadt\u201c lautete der Vortrag von Dr. Andrea Hampel, Leiterin des Denkmalamts Frankfurt.<br \/>Mit seinem Referat \u201eWeiterbauen. Poetische Rekonstruktionen in der Denkmalpflege\u201c schloss Architekt Prof. Alexander Reichel den Vortragsteil.<\/p>\n<p>Im Anschlu\u00df folgte eine Diskussion der Vortragenden und Susanne Haus, Pr\u00e4sidentin der Handwerkskammer Frankfurt-Rhein-Main und gesch\u00e4ftsf\u00fchrende Vorst\u00e4ndin des Frankfurter Denkmalforum e.V. Die Moderation \u00fcbernahm Dr. Matthias Alexander (Frankfurter Allgemeine Zeitung).<\/p>\n<p>Vereinsvorsitzender Prof. Zvonko Turkali betont: \u201eDenkmalschutz hat sich l\u00e4ngst vom reinen Expertenthema hin zur gesellschaftlichen Herausforderung beim Bauen entwickelt. Denkmalpflegerische Bem\u00fchungen sind ein Spiegel daf\u00fcr, wie wir in unserer Gesellschaft mit Geschichte umgehen.\u201c<\/p>\n<p>Prof. Dr. Markus Harzenetter, Pr\u00e4sident des Landesamtes f\u00fcr Denkmalpflege Hessen erg\u00e4nzt: \u201eIn den f\u00fcnfzig Jahren unseres Bestehens konnten wir als Landesamt f\u00fcr Denkmalpflege gemeinsam mit den Akteuren vor Ort ein breites Bewusstsein f\u00fcr einen achtsamen Umgang mit dem baukulturellen Erbe erreichen. Gr\u00fcnde, sich auf diesem Erfolg auszuruhen, gibt es allerdings keine.\u201c<\/p>\n<p>Der Verein Frankfurter Denkmalforum e.V. besch\u00e4ftigt sich seit seiner Gr\u00fcndung im Jahr 1994 mit der Geschichte, Kultur und Denkmalpflege der Stadt Frankfurt am Main. In diesem Zusammenhang unterst\u00fctzt er zahlreiche Aktivit\u00e4ten (u.a. Vortr\u00e4ge, F\u00fchrungen f\u00fcr Frankfurter B\u00fcrger*innen zu den Denkmalen der Stadt) und Publikationen. Seit Bestehen verbindet das Frankfurter Denkmalforum eine enge Zusammenarbeit mit dem Denkmalamt der Stadt Frankfurt. Gemeinsam wurden u.a. o\u0308ffentliche Vortra\u0308ge zum Denkmalschutz und zur Baugeschichte der Stadt Frankfurt am Main initiiert sowie Publikationen des Denkmalamtes finanziell unterstu\u0308tzt. Das Frankfurter Denkmalforum finanziert sich aus Mitgliedsbeitra\u0308gen und Spenden.<\/p>\n<\/div>\n<p><img decoding=\"async\" src=\"\/wp-content\/uploads\/2024\/10\/IMG_0099-scaled.jpeg\" alt=\"\"><br \/>\n<img decoding=\"async\" src=\"\/wp-content\/uploads\/2024\/10\/IMG_0033-scaled.jpeg\" alt=\"\"><\/p>\n<div>\n<p>Fotos: J\u00f6rg Schmitz<\/p>\n<\/div>\n<p><!--more--><br \/>\n<!-- {\"type\":\"layout\",\"children\":[{\"type\":\"section\",\"props\":{\"css\":\"  .el-section {\\n\\tpadding:128px 0px;\\n\\t}\\n\\n@media only screen and (max-width: 600px) {\\n  .el-section {\\n\\tpadding:20px 0px;\\n\\t}\\n}\",\"image_position\":\"center-center\",\"padding_remove_top\":false,\"style\":\"default\",\"title_breakpoint\":\"xl\",\"title_position\":\"top-left\",\"title_rotation\":\"left\",\"vertical_align\":\"\",\"width\":\"default\"},\"children\":[{\"type\":\"row\",\"props\":{\"layout\":\"1-2,1-2\"},\"children\":[{\"type\":\"column\",\"props\":{\"css\":\".el-column {\\npadding-right:35px;\\n}\",\"image_position\":\"center-center\",\"position_sticky_breakpoint\":\"m\",\"width_medium\":\"1-2\"},\"children\":[{\"type\":\"headline\",\"props\":{\"content\":\"29.10.2024 \\u2013 Doppelter Geburtstag f\\u00fcr den Denkmalschutz in Hessen\",\"content_en_us\":\"29.10.2024 \\u2013 Double birthday for monument protection in Hesse\",\"title_element\":\"h1\"}},{\"type\":\"text\",\"props\":{\"column_breakpoint\":\"m\",\"content\":\"\n\n<p>30 Jahre Frankfurter Denkmalforum e.V. und 50 Jahre Hessisches Landesamt f\\u00fcr Denkmalschutz: unter dem Titel \\\"Baukultur - Umbaukultur - Denkmalpflege\\\" luden Zvonko Turkali Architekten, die Handwerkskammer Rhein-Main, das Landesamt f\\u00fcr Denkmalpflege, das Denkmalamt der Stadt Frankfurt am Main und der Bund Deutscher Architekten (BDA) Hessen zur Jubil\\u00e4umsfeier ein.<\\\/p>\\n\n\n<p>Im Haus des Handwerks in Frankfurt am Main begr\\u00fcssten die Veranstalter am 29. Oktober 2024 zahlreiche am Denkmalschutz Interessierten zu drei Vortr\\u00e4gen mit anschliessender Diskussion.<\\\/p>\\n\n\n<p>Nach der Begr\\u00fc\\u00dfung durch Prof. Zvonko Turkali Zvonko Turkali Architekten und Vorsitzender des Frankfurter Denkmalforum e.V. und Gru\\u00dfworten von Wolfgang Siefert, Stadtrat Frankfurt am Main sowie Prof. Dr. Markus Harzenetter, Pr\\u00e4sident des Landesamtes f\\u00fcr Denkmalpflege Hessen, folgten drei Vortr\\u00e4ge von Denkmalschutzpraktikern.<\\\/p>\\n\n\n<p>Zu \\u201eAspekte der Gro\\u00dfstadtdenkmalpflege am Beispiel Frankfurts\\u201c referierte Dr. Maria W\\u00fcllenkemper, Landesamt f\\u00fcr Denkmalpflege Hessen.<br \\\/>\\u201eUnterirdisch! Bodendenkmalpflege in einer Gro\\u00dfstadt\\u201c lautete der Vortrag von Dr. Andrea Hampel, Leiterin des Denkmalamts Frankfurt.<br \\\/>Mit seinem Referat \\u201eWeiterbauen. Poetische Rekonstruktionen in der Denkmalpflege\\u201c schloss Architekt Prof. Alexander Reichel den Vortragsteil.<\\\/p>\\n\n\n<p>Im Anschlu\\u00df folgte eine Diskussion der Vortragenden und Susanne Haus, Pr\\u00e4sidentin der Handwerkskammer Frankfurt-Rhein-Main und gesch\\u00e4ftsf\\u00fchrende Vorst\\u00e4ndin des Frankfurter Denkmalforum e.V. Die Moderation \\u00fcbernahm Dr. Matthias Alexander (Frankfurter Allgemeine Zeitung).<\\\/p>\\n\n\n<p>Vereinsvorsitzender Prof. Zvonko Turkali betont: \\u201eDenkmalschutz hat sich l\\u00e4ngst vom reinen Expertenthema hin zur gesellschaftlichen Herausforderung beim Bauen entwickelt. Denkmalpflegerische Bem\\u00fchungen sind ein Spiegel daf\\u00fcr, wie wir in unserer Gesellschaft mit Geschichte umgehen.\\u201c<\\\/p>\\n\n\n<p>Prof. Dr. Markus Harzenetter, Pr\\u00e4sident des Landesamtes f\\u00fcr Denkmalpflege Hessen erg\\u00e4nzt: \\u201eIn den f\\u00fcnfzig Jahren unseres Bestehens konnten wir als Landesamt f\\u00fcr Denkmalpflege gemeinsam mit den Akteuren vor Ort ein breites Bewusstsein f\\u00fcr einen achtsamen Umgang mit dem baukulturellen Erbe erreichen. Gr\\u00fcnde, sich auf diesem Erfolg auszuruhen, gibt es allerdings keine.\\u201c<\\\/p>\\n\n\n<p>Der Verein Frankfurter Denkmalforum e.V. besch\\u00e4ftigt sich seit seiner Gr\\u00fcndung im Jahr 1994 mit der Geschichte, Kultur und Denkmalpflege der Stadt Frankfurt am Main. In diesem Zusammenhang unterst\\u00fctzt er zahlreiche Aktivit\\u00e4ten (u.a. Vortr\\u00e4ge, F\\u00fchrungen f\\u00fcr Frankfurter B\\u00fcrger*innen zu den Denkmalen der Stadt) und Publikationen. Seit Bestehen verbindet das Frankfurter Denkmalforum eine enge Zusammenarbeit mit dem Denkmalamt der Stadt Frankfurt. Gemeinsam wurden u.a. o\\u0308ffentliche Vortra\\u0308ge zum Denkmalschutz und zur Baugeschichte der Stadt Frankfurt am Main initiiert sowie Publikationen des Denkmalamtes finanziell unterstu\\u0308tzt. Das Frankfurter Denkmalforum finanziert sich aus Mitgliedsbeitra\\u0308gen und Spenden.<\\\/p>\",\"content_en_us\":\"\n\n<div class=\\\"uk-panel uk-margin\\\" data-id=\\\"page#0-0-0-1\\\" data-element=\\\"\\\" id=\\\"page#0\\\">\\n\n\n<p>30 years of the Frankfurt Monument Forum e.V. and 50 years of the Hessian State Office for Monument Protection: Zvonko Turkali Architects, the Rhine-Main Chamber of Crafts, the State Office for Monument Preservation, the Monuments Office of the City of Frankfurt am Main and the Association of Germans invited under the title \\u201cBuilding Culture \\u2013 Reconstruction Culture \\u2013 Monument Preservation\\u201d. Architects (BDA) Hessen to the anniversary celebration.<\\\/p>\\n\n\n<p>On October 29, 2024, at the House of Crafts in Frankfurt am Main, the organizers welcomed numerous people interested in monument protection to three lectures followed by a discussion.<\\\/p>\\n\n\n<p>After the welcome by Prof. Zvonko Turkali (Zvonko Turkali Architects) and Chairman of the Frankfurt Monument Forum e.V., greetings by Wolfgang Siefert, Frankfurt am Main City Council and Prof. Dr. Markus Harzenetter, President of the Hesse State Office for Monument Preservation, was followed by three lectures by monument protection practitioners.<\\\/p>\\n\n\n<p>Dr. Maria W\\u00fcllenkemper, Hesse State Office for Monument Preservation. gave a lecture on \\u201cAspects of large city monument preservation using Frankfurt as an example\\u201d.\\u00a0<br \\\/>\\\"Underground! Conservation of archaeological monuments in a big city\\u201d was the lecture by Dr. Andrea Hampel, head of the Frankfurt Monument Office.<br \\\/>With his presentation \\u201cContinue building. Poetic Reconstructions in Monument Preservation,\\u201d architect Prof. Alexander Reichel concluded the lecture section.<\\\/p>\\n\n\n<p>This was followed by a discussion between the speakers and Susanne Haus, President of the Frankfurt-Rhine-Main Chamber of Crafts and Managing Director of the Frankfurt Monument Forum e.V. The moderation was taken over by Dr. Matthias Alexander (Frankfurter Allgemeine Zeitung).<\\\/p>\\n\n\n<p>Association chairman Prof. Zvonko Turkali emphasizes: \\u201cHistoric protection has long since developed from a purely expert topic to a social challenge in building. Monument preservation efforts are a reflection of how we deal with history in our society.\\u201d<\\\/p>\\n\n\n<p>Prof. Dr. Markus Harzenetter, President of the Hesse State Office for Monument Preservation, adds: \\u201cIn the fifty years of our existence, we as the State Office for Monument Preservation, together with local actors, have been able to achieve a broad awareness of the need for careful handling of architectural heritage. However, there are no reasons to rest on this success.\\u201d<\\\/p>\\n\n\n<p>The Frankfurter Monument Forum e.V. association has been concerned with the history, culture and monument preservation of the city of Frankfurt am Main since it was founded in 1994. In this context, he supports numerous activities (including lectures, guided tours for Frankfurt citizens to the city's monuments) and publications. Since its inception, the Frankfurt Monument Forum has worked closely with the Monument Office of the City of Frankfurt. Among other things, public lectures on monument protection and the architectural history of the city of Frankfurt am Main were initiated together and publications by the Monument Office were financially supported. The Frankfurt Monument Forum is financed through membership fees and donations.<\\\/p>\\n<\\\/div>\",\"css\":\".el-element {\\nfont-size:15px;\\nline-height:25px;\\n}\",\"margin\":\"default\",\"margin_remove_bottom\":false}}]},{\"type\":\"column\",\"props\":{\"image_position\":\"center-center\",\"position_sticky_breakpoint\":\"m\",\"width_medium\":\"1-2\"},\"children\":[{\"type\":\"image\",\"props\":{\"image\":\"wp-content\\\/uploads\\\/2024\\\/10\\\/IMG_0099-scaled.jpeg\",\"image_svg_color\":\"emphasis\",\"margin\":\"default\",\"margin_remove_bottom\":true}},{\"type\":\"image\",\"props\":{\"image\":\"wp-content\\\/uploads\\\/2024\\\/10\\\/IMG_0033-scaled.jpeg\",\"image_svg_color\":\"emphasis\",\"margin\":\"default\",\"margin_remove_bottom\":true}},{\"type\":\"text\",\"props\":{\"column_breakpoint\":\"m\",\"content\":\"\n\n<p>Fotos: J\\u00f6rg Schmitz<\\\/p>\",\"margin\":\"default\"}}]}]},{\"type\":\"row\",\"props\":{\"layout\":\"1-2,1-2\"},\"children\":[{\"type\":\"column\",\"props\":{\"css\":\".el-column {\\npadding-right:35px;\\n}\",\"image_position\":\"center-center\",\"position_sticky_breakpoint\":\"m\",\"width_medium\":\"1-2\"}},{\"type\":\"column\",\"props\":{\"image_position\":\"center-center\",\"position_sticky_breakpoint\":\"m\",\"width_medium\":\"1-2\"}}]}],\"name\":\"Header-Section-Start\"}],\"version\":\"4.4.7\"} --><\/p>\n","protected":false},"excerpt":{"rendered":"<p>29.10.2024 \u2013 Doppelter Geburtstag f\u00fcr den Denkmalschutz in Hessen 30 Jahre Frankfurter Denkmalforum e.V. und 50 Jahre Hessisches Landesamt f\u00fcr Denkmalschutz: unter dem Titel &#8220;Baukultur &#8211; Umbaukultur &#8211; Denkmalpflege&#8221; luden Zvonko Turkali Architekten, die Handwerkskammer Rhein-Main, das Landesamt f\u00fcr Denkmalpflege, das Denkmalamt der Stadt Frankfurt am Main und der Bund Deutscher Architekten (BDA) Hessen zur [&hellip;]<\/p>\n","protected":false},"author":4,"featured_media":5590,"parent":1079,"menu_order":17,"comment_status":"closed","ping_status":"closed","template":"","meta":{"footnotes":""},"class_list":["post-5729","page","type-page","status-publish","has-post-thumbnail","hentry"],"_links":{"self":[{"href":"https:\/\/www.turkali-architekten.de\/en\/wp-json\/wp\/v2\/pages\/5729","targetHints":{"allow":["GET"]}}],"collection":[{"href":"https:\/\/www.turkali-architekten.de\/en\/wp-json\/wp\/v2\/pages"}],"about":[{"href":"https:\/\/www.turkali-architekten.de\/en\/wp-json\/wp\/v2\/types\/page"}],"author":[{"embeddable":true,"href":"https:\/\/www.turkali-architekten.de\/en\/wp-json\/wp\/v2\/users\/4"}],"replies":[{"embeddable":true,"href":"https:\/\/www.turkali-architekten.de\/en\/wp-json\/wp\/v2\/comments?post=5729"}],"version-history":[{"count":23,"href":"https:\/\/www.turkali-architekten.de\/en\/wp-json\/wp\/v2\/pages\/5729\/revisions"}],"predecessor-version":[{"id":6245,"href":"https:\/\/www.turkali-architekten.de\/en\/wp-json\/wp\/v2\/pages\/5729\/revisions\/6245"}],"up":[{"embeddable":true,"href":"https:\/\/www.turkali-architekten.de\/en\/wp-json\/wp\/v2\/pages\/1079"}],"wp:featuredmedia":[{"embeddable":true,"href":"https:\/\/www.turkali-architekten.de\/en\/wp-json\/wp\/v2\/media\/5590"}],"wp:attachment":[{"href":"https:\/\/www.turkali-architekten.de\/en\/wp-json\/wp\/v2\/media?parent=5729"}],"curies":[{"name":"wp","href":"https:\/\/api.w.org\/{rel}","templated":true}]}}