{"id":564,"date":"2024-02-13T10:54:51","date_gmt":"2024-02-13T09:54:51","guid":{"rendered":"http:\/\/s992978995.online.de\/?page_id=564"},"modified":"2025-06-10T12:00:30","modified_gmt":"2025-06-10T10:00:30","slug":"17-03-2023","status":"publish","type":"page","link":"https:\/\/www.turkali-architekten.de\/en\/aktuelles\/17-03-2023\/","title":{"rendered":"17.03.2023"},"content":{"rendered":"<h1>17.03.2023 \u2013 Joseph-Maria-Olbrich-Plakette 2023<\/h1>\n<div>\n<p>Internat der Handwerkskammer Frankfurt-Rhein-Main ausgezeichnet<\/p>\n<p>Als eines von insgesamt sieben Geb\u00e4uden ist das von Zvonko Turkali Architekten realisierte Internat der Handwerkskammer Frankfurt-Rhein-Main in Weiterstadt mit dem BDA Architekturpreis \u201eAusgezeichnete Architektur in Hessen \u2013 Joseph-Maria-Olbrich-Plakette\u201c 2023 der BDA-Gruppe Darmstadt ausgezeichnet worden.<\/p>\n<p>Die feierliche Preisverleihung fand am Donnerstag, den 16. M\u00e4rz 2023, im INTeF in Darmstadt statt. Zur Jurysitzung der Joseph-Maria-Olbrich-Plakette 2023 zugelassen waren Bauten jeglicher Gr\u00f6\u00dfe und Nutzung, die zwischen 2018 und Januar 2023 fertig gestellt wurden und ihren Standort in Darmstadt bzw. den Landkreisen Darmstadt-Dieburg, Bergstra\u00dfe, Gro\u00df-Gerau oder im Odenwald haben.<\/p>\n<p>\u201eWir sind dankbar und gl\u00fccklich \u00fcber die Auszeichnung!\u201c, freute sich Prof. Zvonko Turkali, der die Plakette gemeinsam mit den Bauherren, Thomas Heinz (Vizepr\u00e4sident der Handwerkskammer Frankfurt-Rhein-Main) und Karsten Lamers (Stellvertretender Hauptgesch\u00e4ftsf\u00fchrer der Handwerkskammer Frankfurt-Rhein-Main), entgegengenommen hat.<\/p>\n<p>Mit dem Preis m\u00f6chte der BDA Hessen gute, beispielhafte Architektur einer breiten \u00d6ffentlichkeit bekannt machen. Im Zyklus von jeweils f\u00fcnf Jahren loben die BDA-Gruppen deshalb vier regionale Wettbewerbe aus: Joseph-Maria-Olbrich-Plakette (BDA-Gruppe-Darmstadt), Martin-Elsaesser-Plakette (BDA-Gruppe Frankfurt am Main), Simon-Louis-du-Ry-Plakette (BDA-Gruppen Kassel und Mittelhessen) und Johann-Wilhelm-Lehr-Plakette (BDA-Gruppe Wiesbaden).<\/p>\n<p>Die Pressemitteilung des BDA-Hessen lesen Sie hier!<\/p>\n<\/div>\n<p><img decoding=\"async\" src=\"\/wp-content\/uploads\/2024\/02\/17-03-2023_Foto.jpg\" alt=\"\"><\/p>\n<p><!--more--><br \/>\n<!-- {\"type\":\"layout\",\"children\":[{\"type\":\"section\",\"props\":{\"css\":\"  .el-section {\\n\\tpadding:128px 0px;\\n\\t}\\n\\n@media only screen and (max-width: 600px) {\\n  .el-section {\\n\\tpadding:20px 0px;\\n\\t}\\n}\",\"image_position\":\"center-center\",\"padding_remove_top\":false,\"style\":\"default\",\"title_breakpoint\":\"xl\",\"title_position\":\"top-left\",\"title_rotation\":\"left\",\"vertical_align\":\"\",\"width\":\"default\"},\"children\":[{\"type\":\"row\",\"props\":{\"layout\":\"1-2,1-2\"},\"children\":[{\"type\":\"column\",\"props\":{\"css\":\".el-column {\\npadding-right:35px;\\n}\",\"image_position\":\"center-center\",\"position_sticky_breakpoint\":\"m\",\"width_medium\":\"1-2\"},\"children\":[{\"type\":\"headline\",\"props\":{\"content\":\"17.03.2023 \\u2013 Joseph-Maria-Olbrich-Plakette 2023\",\"content_en_us\":\"17.03.2023 - Joseph-Maria-Olbrich-Plaque 2023\",\"title_element\":\"h1\"}},{\"type\":\"text\",\"props\":{\"column_breakpoint\":\"m\",\"content\":\"\n\n<p>Internat der Handwerkskammer Frankfurt-Rhein-Main ausgezeichnet<\\\/p>\\n\n\n<p>Als eines von insgesamt sieben Geb\\u00e4uden ist das von Zvonko Turkali Architekten realisierte Internat der Handwerkskammer Frankfurt-Rhein-Main in Weiterstadt mit dem BDA Architekturpreis \\u201eAusgezeichnete Architektur in Hessen \\u2013 Joseph-Maria-Olbrich-Plakette\\u201c 2023 der BDA-Gruppe Darmstadt ausgezeichnet worden.<\\\/p>\\n\n\n<p>Die feierliche Preisverleihung fand am Donnerstag, den 16. M\\u00e4rz 2023, im INTeF in Darmstadt statt. Zur Jurysitzung der Joseph-Maria-Olbrich-Plakette 2023 zugelassen waren Bauten jeglicher Gr\\u00f6\\u00dfe und Nutzung, die zwischen 2018 und Januar 2023 fertig gestellt wurden und ihren Standort in Darmstadt bzw. den Landkreisen Darmstadt-Dieburg, Bergstra\\u00dfe, Gro\\u00df-Gerau oder im Odenwald haben.<\\\/p>\\n\n\n<p>\\u201eWir sind dankbar und gl\\u00fccklich \\u00fcber die Auszeichnung!\\u201c, freute sich Prof. Zvonko Turkali, der die Plakette gemeinsam mit den Bauherren, Thomas Heinz (Vizepr\\u00e4sident der Handwerkskammer Frankfurt-Rhein-Main) und Karsten Lamers (Stellvertretender Hauptgesch\\u00e4ftsf\\u00fchrer der Handwerkskammer Frankfurt-Rhein-Main), entgegengenommen hat.<\\\/p>\\n\n\n<p>Mit dem Preis m\\u00f6chte der BDA Hessen gute, beispielhafte Architektur einer breiten \\u00d6ffentlichkeit bekannt machen. Im Zyklus von jeweils f\\u00fcnf Jahren loben die BDA-Gruppen deshalb vier regionale Wettbewerbe aus: Joseph-Maria-Olbrich-Plakette (BDA-Gruppe-Darmstadt), Martin-Elsaesser-Plakette (BDA-Gruppe Frankfurt am Main), Simon-Louis-du-Ry-Plakette (BDA-Gruppen Kassel und Mittelhessen) und Johann-Wilhelm-Lehr-Plakette (BDA-Gruppe Wiesbaden).<\\\/p>\\n\n\n<p>Die Pressemitteilung des BDA-Hessen lesen Sie hier!<\\\/p>\",\"content_en_us\":\"\n\n<p>Boarding school of the Chamber of Crafts Frankfurt-Rhein-Main receives award<\\\/p>\\n\n\n<p>As one of a total of seven buildings, the boarding school of the Chamber of Skilled Crafts Frankfurt-Rhein-Main in Weiterstadt, realized by Zvonko Turkali Architekten, has been awarded the BDA Architecture Prize \\\"Excellent Architecture in Hesse \\u2013 Joseph-Maria-Olbrich-Plakette 2023\\\" of the BDA Group Darmstadt.<\\\/p>\\n\n\n<p>The festive award ceremony took place on Thursday, March 16, 2023, at INTeF in Darmstadt. Admitted to the jury session of the Joseph-Maria-Olbrich-Plakette 2023 were buildings of any size and use, which were completed between 2018 and January 2023 and have their location in Darmstadt or the districts of Darmstadt-Dieburg, Bergstrasse, Gro\\u00df-Gerau or in the Odenwald.<\\\/p>\\n\n\n<p>\\\"We are grateful and happy about the award!\\\" said a delighted Prof. Zvonko Turkali, who accepted the plaque together with the builders, Thomas Heinz (Vice President of the Chamber of Skilled Crafts Frankfurt-Rhein-Main) and Karsten Lamers (Deputy Chief Executive of the Chamber of Skilled Crafts Frankfurt-Rhein-Main).<\\\/p>\\n\n\n<p>With the prize, the BDA Hessen wants to make fine, exemplary architecture known to the public at large. In a cycle of five years, the BDA groups therefore announce four regional competitions: Joseph-Maria-Olbrich-Plakette (BDA-Group-Darmstadt), Martin-Elsaesser-Plakette (BDA-Group Frankfurt am Main), Simon-Louis-du-Ry-Plakette (BDA-Groups Kassel and Mittelhessen) and Johann-Wilhelm-Lehr-Plakette (BDA-Group Wiesbaden).<\\\/p>\",\"css\":\".el-element {\\nfont-size:15px;\\nline-height:25px;\\n}\",\"margin\":\"default\",\"margin_remove_bottom\":false}}]},{\"type\":\"column\",\"props\":{\"image_position\":\"center-center\",\"position_sticky_breakpoint\":\"m\",\"width_medium\":\"1-2\"},\"children\":[{\"type\":\"image\",\"props\":{\"image\":\"wp-content\\\/uploads\\\/2024\\\/02\\\/17-03-2023_Foto.jpg\",\"image_svg_color\":\"emphasis\",\"margin\":\"default\",\"margin_remove_bottom\":true}},{\"type\":\"text\",\"props\":{\"column_breakpoint\":\"m\",\"content\":\"\",\"css\":\".el-element {\\nfont-size:10px;\\n\\nline-height:25px;\\n}\",\"margin\":\"\",\"margin_remove_bottom\":false,\"margin_remove_top\":false}},{\"type\":\"text\",\"props\":{\"column_breakpoint\":\"m\",\"content\":\"\",\"css\":\".el-element {\\nfont-size:10px;\\n\\nline-height:25px;\\n}\",\"margin\":\"\",\"margin_remove_bottom\":false,\"margin_remove_top\":false}}]}]}],\"name\":\"Header-Section-Start\"}],\"version\":\"4.4.16\"} --><\/p>\n","protected":false},"excerpt":{"rendered":"<p>17.03.2023 \u2013 Joseph-Maria-Olbrich-Plakette 2023 Internat der Handwerkskammer Frankfurt-Rhein-Main ausgezeichnet Als eines von insgesamt sieben Geb\u00e4uden ist das von Zvonko Turkali Architekten realisierte Internat der Handwerkskammer Frankfurt-Rhein-Main in Weiterstadt mit dem BDA Architekturpreis \u201eAusgezeichnete Architektur in Hessen \u2013 Joseph-Maria-Olbrich-Plakette\u201c 2023 der BDA-Gruppe Darmstadt ausgezeichnet worden. Die feierliche Preisverleihung fand am Donnerstag, den 16. M\u00e4rz 2023, im [&hellip;]<\/p>\n","protected":false},"author":1,"featured_media":0,"parent":1079,"menu_order":57,"comment_status":"closed","ping_status":"closed","template":"","meta":{"footnotes":""},"class_list":["post-564","page","type-page","status-publish","hentry"],"_links":{"self":[{"href":"https:\/\/www.turkali-architekten.de\/en\/wp-json\/wp\/v2\/pages\/564","targetHints":{"allow":["GET"]}}],"collection":[{"href":"https:\/\/www.turkali-architekten.de\/en\/wp-json\/wp\/v2\/pages"}],"about":[{"href":"https:\/\/www.turkali-architekten.de\/en\/wp-json\/wp\/v2\/types\/page"}],"author":[{"embeddable":true,"href":"https:\/\/www.turkali-architekten.de\/en\/wp-json\/wp\/v2\/users\/1"}],"replies":[{"embeddable":true,"href":"https:\/\/www.turkali-architekten.de\/en\/wp-json\/wp\/v2\/comments?post=564"}],"version-history":[{"count":9,"href":"https:\/\/www.turkali-architekten.de\/en\/wp-json\/wp\/v2\/pages\/564\/revisions"}],"predecessor-version":[{"id":7088,"href":"https:\/\/www.turkali-architekten.de\/en\/wp-json\/wp\/v2\/pages\/564\/revisions\/7088"}],"up":[{"embeddable":true,"href":"https:\/\/www.turkali-architekten.de\/en\/wp-json\/wp\/v2\/pages\/1079"}],"wp:attachment":[{"href":"https:\/\/www.turkali-architekten.de\/en\/wp-json\/wp\/v2\/media?parent=564"}],"curies":[{"name":"wp","href":"https:\/\/api.w.org\/{rel}","templated":true}]}}