{"id":543,"date":"2024-02-13T10:51:55","date_gmt":"2024-02-13T09:51:55","guid":{"rendered":"http:\/\/s992978995.online.de\/?page_id=543"},"modified":"2025-06-10T12:10:09","modified_gmt":"2025-06-10T10:10:09","slug":"02-06-2023","status":"publish","type":"page","link":"https:\/\/www.turkali-architekten.de\/en\/aktuelles\/02-06-2023\/","title":{"rendered":"02.06.2023"},"content":{"rendered":"<h1>02.06.2023 \u2013 Feierliche Grundsteinlegung am Zoo<\/h1>\n<div>\n<p>Die St. Nicolai-Gemeinde hat Grund zum Feiern<\/p>\n<p>Knapp acht Monate nach Beginn der Bauarbeiten in der Waldschmidtstra\u00dfe 114 und 116 am Zoo fand am Freitag, den 2. Juni 2023, die feierliche Grundsteinlegung auf der Baustelle der St. Nicolai-Gemeinde im Frankfurter Ostend statt.<\/p>\n<p>\u201eWir freuen uns \u00fcber den z\u00fcgigen Fortschritt und hoffen, dass auch die kommenden Monate ohne nennenswerte Unf\u00e4lle vonstattengehen.,\u201c sagte Prof. Zvonko Turkali in seiner Rede. Das Frankfurter Architekturb\u00fcro hatte in einem Architektenwettbewerb mit seinem Entwurf f\u00fcr einen eingeschossigen Gemeindehausneubau, der gemeinsam mit einem neuen Wohngeb\u00e4ude einen begr\u00fcnten Hof umschlie\u00dft, bereits im Jahr 2017 den Zuschlag erhalten.<\/p>\n<p>Eingeladen zur Grundsteinlegung hatten der Evangelische Regionalverband Frankfurt und Offenbach und die Wohnbaugenossenschaft in Frankfurt am Main eG, die das Projekt auf dem knapp 2.800 Quadratmeter gro\u00dfen Areal gemeinsam realisieren.<\/p>\n<\/div>\n<p><img decoding=\"async\" src=\"\/wp-content\/uploads\/2024\/02\/02-06-2023_Foto-scaled.jpg\" alt=\"\"><\/p>\n<p><!--more--><br \/>\n<!-- {\"type\":\"layout\",\"children\":[{\"type\":\"section\",\"props\":{\"css\":\"  .el-section {\\n\\tpadding:128px 0px;\\n\\t}\\n\\n@media only screen and (max-width: 600px) {\\n  .el-section {\\n\\tpadding:20px 0px;\\n\\t}\\n}\",\"image_position\":\"center-center\",\"padding_remove_top\":false,\"style\":\"default\",\"title_breakpoint\":\"xl\",\"title_position\":\"top-left\",\"title_rotation\":\"left\",\"vertical_align\":\"\",\"width\":\"default\"},\"children\":[{\"type\":\"row\",\"props\":{\"layout\":\"1-2,1-2\"},\"children\":[{\"type\":\"column\",\"props\":{\"css\":\".el-column {\\npadding-right:35px;\\n}\",\"image_position\":\"center-center\",\"position_sticky_breakpoint\":\"m\",\"width_medium\":\"1-2\"},\"children\":[{\"type\":\"headline\",\"props\":{\"content\":\"02.06.2023 \\u2013 Feierliche Grundsteinlegung am Zoo\",\"content_en_us\":\"02.06.24 \\u2013 Ceremonial laying of the foundation stone at the zoo\",\"title_element\":\"h1\"}},{\"type\":\"text\",\"props\":{\"column_breakpoint\":\"m\",\"content\":\"\n\n<p>Die St. Nicolai-Gemeinde hat Grund zum Feiern<\\\/p>\\n\n\n<p>Knapp acht Monate nach Beginn der Bauarbeiten in der Waldschmidtstra\\u00dfe 114 und 116 am Zoo fand am Freitag, den 2. Juni 2023, die feierliche Grundsteinlegung auf der Baustelle der St. Nicolai-Gemeinde im Frankfurter Ostend statt.<\\\/p>\\n\n\n<p>\\u201eWir freuen uns \\u00fcber den z\\u00fcgigen Fortschritt und hoffen, dass auch die kommenden Monate ohne nennenswerte Unf\\u00e4lle vonstattengehen.,\\u201c sagte Prof. Zvonko Turkali in seiner Rede. Das Frankfurter Architekturb\\u00fcro hatte in einem Architektenwettbewerb mit seinem Entwurf f\\u00fcr einen eingeschossigen Gemeindehausneubau, der gemeinsam mit einem neuen Wohngeb\\u00e4ude einen begr\\u00fcnten Hof umschlie\\u00dft, bereits im Jahr 2017 den Zuschlag erhalten.<\\\/p>\\n\n\n<p>Eingeladen zur Grundsteinlegung hatten der Evangelische Regionalverband Frankfurt und Offenbach und die Wohnbaugenossenschaft in Frankfurt am Main eG, die das Projekt auf dem knapp 2.800 Quadratmeter gro\\u00dfen Areal gemeinsam realisieren.<\\\/p>\",\"content_en_us\":\"\n\n<p>St. Nicolai Parish has reason to celebrate<\\\/p>\\n\n\n<p>Just under eight months after construction began at Waldschmidtstrasse 114 and 116 near Frankfurt Zoo, the ceremonial laying of the foundation stone took place on Friday, June 2nd, 2023, at the St. Nicolai Parish construction site in Frankfurt\\u2019s Ostend district.<\\\/p>\\n\n\n<p>\\u201eWe are pleased with the rapid progress and hope that the coming months will also proceed without any significant accidents,\\u201c Prof. Zvonko Turkali said in his speech. The Frankfurt-based architectural office had won an architectural competition in 2017 with its design for a new one-story parish hall, which is connected to the side aisle of the church and, together with the new residential building, encloses a green courtyard.<\\\/p>\\n\n\n<p>The foundation stone was laid by the Evangelische Regionalverband Frankfurt und Offenbach, and the Wohnbaugenossenschaft in Frankfurt am Main eG, which are jointly realizing the project on the almost 2,800-square-meter site.<\\\/p>\",\"css\":\".el-element {\\nfont-size:15px;\\nline-height:25px;\\n}\",\"margin\":\"default\",\"margin_remove_bottom\":false}}]},{\"type\":\"column\",\"props\":{\"image_position\":\"center-center\",\"position_sticky_breakpoint\":\"m\",\"width_medium\":\"1-2\"},\"children\":[{\"type\":\"image\",\"props\":{\"image\":\"wp-content\\\/uploads\\\/2024\\\/02\\\/02-06-2023_Foto-scaled.jpg\",\"image_svg_color\":\"emphasis\",\"margin\":\"default\",\"margin_remove_bottom\":true}},{\"type\":\"text\",\"props\":{\"column_breakpoint\":\"m\",\"content\":\"\",\"css\":\".el-element {\\nfont-size:10px;\\n\\nline-height:25px;\\n}\",\"margin\":\"\",\"margin_remove_bottom\":false,\"margin_remove_top\":false}},{\"type\":\"text\",\"props\":{\"column_breakpoint\":\"m\",\"content\":\"\",\"css\":\".el-element {\\nfont-size:10px;\\n\\nline-height:25px;\\n}\",\"margin\":\"\",\"margin_remove_bottom\":false,\"margin_remove_top\":false}}]}]}],\"name\":\"Header-Section-Start\"}],\"version\":\"4.4.16\"} --><\/p>\n","protected":false},"excerpt":{"rendered":"<p>02.06.2023 \u2013 Feierliche Grundsteinlegung am Zoo Die St. Nicolai-Gemeinde hat Grund zum Feiern Knapp acht Monate nach Beginn der Bauarbeiten in der Waldschmidtstra\u00dfe 114 und 116 am Zoo fand am Freitag, den 2. Juni 2023, die feierliche Grundsteinlegung auf der Baustelle der St. Nicolai-Gemeinde im Frankfurter Ostend statt. \u201eWir freuen uns \u00fcber den z\u00fcgigen Fortschritt [&hellip;]<\/p>\n","protected":false},"author":1,"featured_media":0,"parent":1079,"menu_order":74,"comment_status":"closed","ping_status":"closed","template":"","meta":{"footnotes":""},"class_list":["post-543","page","type-page","status-publish","hentry"],"_links":{"self":[{"href":"https:\/\/www.turkali-architekten.de\/en\/wp-json\/wp\/v2\/pages\/543","targetHints":{"allow":["GET"]}}],"collection":[{"href":"https:\/\/www.turkali-architekten.de\/en\/wp-json\/wp\/v2\/pages"}],"about":[{"href":"https:\/\/www.turkali-architekten.de\/en\/wp-json\/wp\/v2\/types\/page"}],"author":[{"embeddable":true,"href":"https:\/\/www.turkali-architekten.de\/en\/wp-json\/wp\/v2\/users\/1"}],"replies":[{"embeddable":true,"href":"https:\/\/www.turkali-architekten.de\/en\/wp-json\/wp\/v2\/comments?post=543"}],"version-history":[{"count":11,"href":"https:\/\/www.turkali-architekten.de\/en\/wp-json\/wp\/v2\/pages\/543\/revisions"}],"predecessor-version":[{"id":7099,"href":"https:\/\/www.turkali-architekten.de\/en\/wp-json\/wp\/v2\/pages\/543\/revisions\/7099"}],"up":[{"embeddable":true,"href":"https:\/\/www.turkali-architekten.de\/en\/wp-json\/wp\/v2\/pages\/1079"}],"wp:attachment":[{"href":"https:\/\/www.turkali-architekten.de\/en\/wp-json\/wp\/v2\/media?parent=543"}],"curies":[{"name":"wp","href":"https:\/\/api.w.org\/{rel}","templated":true}]}}