{"id":532,"date":"2024-02-13T10:53:30","date_gmt":"2024-02-13T09:53:30","guid":{"rendered":"http:\/\/s992978995.online.de\/?page_id=532"},"modified":"2024-05-08T23:13:44","modified_gmt":"2024-05-08T21:13:44","slug":"12-12-2023","status":"publish","type":"page","link":"https:\/\/www.turkali-architekten.de\/en\/aktuelles\/12-12-2023\/","title":{"rendered":"12.12.2023"},"content":{"rendered":"<h1>12.12.2023 \u2013 Beirat f\u00fcr Architektur und Stadtgestaltung: Werkbericht 2013 \u2013 2023<\/h1>\n<div>\n<p>Werkbericht gibt Einblick in die Arbeit des Gestaltungsbeirats<\/p>\n<p>Anhand 15 ausgew\u00e4hlter realisierter Projekte gibt der Werkbericht einen Einblick in die erfolgreiche Arbeit des Gestaltungsbeirats der Stadt Konstanz der Jahre 2013 bis 2023. Das Spektrum reicht dabei von gro\u00dfen Wohn-, Gewerbe- und \u00f6ffentlichen Bauten bis hin zu privaten Sanierungsvorhaben.<\/p>\n<p>\u201eArchitektur definiert Orte und schafft Urbanit\u00e4t, gleicherma\u00dfen f\u00fcr die B\u00fcrgerinnen und B\u00fcrger eines Gemeinwesens, als auch f\u00fcr Besucherinnen und Besucher. Wenn man sich bewusstmacht, dass jedes Bauvorhaben \u2013 in unterschiedlichem Ma\u00dfe \u2013 unsere Umwelt gestaltet und ver\u00e4ndert, wird die gro\u00dfe gesellschaftliche Verantwortung aller am Bauen Beteiligten deutlich\u201c, so Karl Langensteiner-Sch\u00f6nborn, B\u00fcrgermeister der Stadt Konstanz im Vorwort des Berichts. <\/p>\n<p>Als einer der ersten Gestaltungsbeir\u00e4te in Baden-W\u00fcrttemberg hat sich der Konstanzer Beirat f\u00fcr Architektur und Stadtgestaltung, kurz Gestaltungsbeirat, bereits im Jahr 2008 in seiner aktuellen Struktur konstituiert und unterst\u00fctzt seitdem die Stadt als unabh\u00e4ngiges Sachverst\u00e4ndigengremium dabei, eine nachhaltige Steigerung der Planungs- und Baukultur zu erreichen und st\u00e4dtebaulichen bzw. architektonischen Fehlentwicklungen vorzubeugen.<\/p>\n<p>Der Beirat setzt sich zusammen aus vier Experten der Bereiche Architektur, Stadtplanung und Landschaftsplanung, die durch den Gemeinderat berufen wurden. Einer davon ist Prof. Zvonko Turkali, seit 2020 Mitglied im Gestaltungsbeirat und seit 2023 dessen Vorsitzender.<\/p>\n<p>\u201eDer Gestaltungsbeirat wird sich auch zuk\u00fcnftig weiterhin engagiert f\u00fcr die Baukultur einsetzen. Schlie\u00dflich ist die Sch\u00f6nheit unserer Stadt ihr gr\u00f6\u00dftes Kapital, das wir alle zusammen erhalten m\u00fcssen\u201c, versichert Stefanie Hammer, Leiterin der Gesch\u00e4ftsstelle des Gestaltungsbeirats.<\/p>\n<\/div>\n<p><img decoding=\"async\" src=\"\/wp-content\/uploads\/2024\/02\/12.12.2023_Werkbericht-scaled.jpg\" alt=\"\"><\/p>\n<p><!--more--><br \/>\n<!-- {\"type\":\"layout\",\"children\":[{\"type\":\"section\",\"props\":{\"css\":\"  .el-section {\\n\\tpadding:128px 0px;\\n\\t}\\n\\n@media only screen and (max-width: 600px) {\\n  .el-section {\\n\\tpadding:20px 0px;\\n\\t}\\n}\",\"image_position\":\"center-center\",\"padding_remove_top\":false,\"style\":\"default\",\"title_breakpoint\":\"xl\",\"title_position\":\"top-left\",\"title_rotation\":\"left\",\"vertical_align\":\"middle\",\"width\":\"default\"},\"children\":[{\"type\":\"row\",\"props\":{\"layout\":\"1-2,1-2\"},\"children\":[{\"type\":\"column\",\"props\":{\"css\":\".el-column {\\npadding-right:35px;\\n}\",\"image_position\":\"center-center\",\"position_sticky_breakpoint\":\"m\",\"width_medium\":\"1-2\"},\"children\":[{\"type\":\"headline\",\"props\":{\"content\":\"12.12.2023 \\u2013 Beirat f\\u00fcr Architektur und Stadtgestaltung: Werkbericht 2013 \\u2013 2023\",\"content_en_us\":\"12.12.2023 - Design Advisory Board of the City of Constance: work report from 2013 to 2023\",\"title_element\":\"h1\"}},{\"type\":\"text\",\"props\":{\"column_breakpoint\":\"m\",\"content\":\"\n\n<p>Werkbericht gibt Einblick in die Arbeit des Gestaltungsbeirats<br \\\/><br \\\/>Anhand 15 ausgew\\u00e4hlter realisierter Projekte gibt der Werkbericht einen Einblick in die erfolgreiche Arbeit des Gestaltungsbeirats der Stadt Konstanz der Jahre 2013 bis 2023. Das Spektrum reicht dabei von gro\\u00dfen Wohn-, Gewerbe- und \\u00f6ffentlichen Bauten bis hin zu privaten Sanierungsvorhaben.<br \\\/><br \\\/>\\u201eArchitektur definiert Orte und schafft Urbanit\\u00e4t, gleicherma\\u00dfen f\\u00fcr die B\\u00fcrgerinnen und B\\u00fcrger eines Gemeinwesens, als auch f\\u00fcr Besucherinnen und Besucher. Wenn man sich bewusstmacht, dass jedes Bauvorhaben \\u2013 in unterschiedlichem Ma\\u00dfe \\u2013 unsere Umwelt gestaltet und ver\\u00e4ndert, wird die gro\\u00dfe gesellschaftliche Verantwortung aller am Bauen Beteiligten deutlich\\u201c, so Karl Langensteiner-Sch\\u00f6nborn, B\\u00fcrgermeister der Stadt Konstanz im Vorwort des Berichts. <br \\\/><br \\\/>Als einer der ersten Gestaltungsbeir\\u00e4te in Baden-W\\u00fcrttemberg hat sich der Konstanzer Beirat f\\u00fcr Architektur und Stadtgestaltung, kurz Gestaltungsbeirat, bereits im Jahr 2008 in seiner aktuellen Struktur konstituiert und unterst\\u00fctzt seitdem die Stadt als unabh\\u00e4ngiges Sachverst\\u00e4ndigengremium dabei, eine nachhaltige Steigerung der Planungs- und Baukultur zu erreichen und st\\u00e4dtebaulichen bzw. architektonischen Fehlentwicklungen vorzubeugen.<br \\\/><br \\\/>Der Beirat setzt sich zusammen aus vier Experten der Bereiche Architektur, Stadtplanung und Landschaftsplanung, die durch den Gemeinderat berufen wurden. Einer davon ist Prof. Zvonko Turkali, seit 2020 Mitglied im Gestaltungsbeirat und seit 2023 dessen Vorsitzender.<br \\\/><br \\\/>\\u201eDer Gestaltungsbeirat wird sich auch zuk\\u00fcnftig weiterhin engagiert f\\u00fcr die Baukultur einsetzen. Schlie\\u00dflich ist die Sch\\u00f6nheit unserer Stadt ihr gr\\u00f6\\u00dftes Kapital, das wir alle zusammen erhalten m\\u00fcssen\\u201c, versichert Stefanie Hammer, Leiterin der Gesch\\u00e4ftsstelle des Gestaltungsbeirats.<\\\/p>\",\"content_en_us\":\"\n\n<p>Work report provides insight into the work of the Design Advisory Board<\\\/p>\\n\n\n<p>Based on 15 selected realized projects, the work report provides insight into the successful work of the Design Advisory Board of the City of Constance from 2013 to 2023. The spectrum ranges from large residential, commercial and public buildings to private renovation projects.<\\\/p>\\n\n\n<p>\\\"Architecture defines places and creates urbanity, both for local citizens as well as for visitors. When you realize that every building project \\u2013 to varying degrees \\u2013 shapes and changes our environment, the enormous social responsibility of all those involved becomes clear,\\\" says Karl Langensteiner-Schoenborn, Mayor of the City of Constance, in the foreword to the report.<\\\/p>\\n\n\n<p>As one of the first Design Advisory Boards in Baden-W\\u00fcrttemberg, the Constance Advisory Board for Architecture and Urban Design, or Design Advisory Board in short, was constituted in its current structure back in 2008. It has ever since supported the city as an independent body of experts in achieving a sustainable improvement in planning and building culture and preventing undesirable urban and architectural developments.<\\\/p>\\n\n\n<p>The Advisory Board is made of four experts from the fields of architecture, urban planning and landscape planning, who were appointed by the municipal council. One of them is Prof. Zvonko Turkali, who has been a member of the Design Advisory Board since 2020 and acts as its chairman since 2023.<\\\/p>\\n\n\n<p>\\\"The Design Advisory Board will continue to be committed to building culture in the future. After all, the beauty of our city is its greatest asset, which we must all preserve together,\\\" assures Stefanie Hammer, Head of the Design Advisory Board's office.<br \\\/>Back<\\\/p>\",\"css\":\".el-element {\\nfont-size:15px;\\nline-height:25px;\\n}\",\"margin\":\"default\",\"margin_remove_bottom\":false}}]},{\"type\":\"column\",\"props\":{\"image_position\":\"center-center\",\"position_sticky_breakpoint\":\"m\",\"width_medium\":\"1-2\"},\"children\":[{\"type\":\"image\",\"props\":{\"image\":\"wp-content\\\/uploads\\\/2024\\\/02\\\/12.12.2023_Werkbericht-scaled.jpg\",\"image_svg_color\":\"emphasis\",\"margin\":\"default\",\"margin_remove_bottom\":true}},{\"type\":\"text\",\"props\":{\"column_breakpoint\":\"m\",\"content\":\"\",\"css\":\".el-element {\\nfont-size:10px;\\n\\nline-height:25px;\\n}\",\"margin\":\"\",\"margin_remove_bottom\":false,\"margin_remove_top\":false}}]}]}],\"name\":\"Header-Section-Start\"}],\"version\":\"4.2.12\"} --><\/p>\n","protected":false},"excerpt":{"rendered":"<p>12.12.2023 \u2013 Beirat f\u00fcr Architektur und Stadtgestaltung: Werkbericht 2013 \u2013 2023 Werkbericht gibt Einblick in die Arbeit des Gestaltungsbeirats Anhand 15 ausgew\u00e4hlter realisierter Projekte gibt der Werkbericht einen Einblick in die erfolgreiche Arbeit des Gestaltungsbeirats der Stadt Konstanz der Jahre 2013 bis 2023. Das Spektrum reicht dabei von gro\u00dfen Wohn-, Gewerbe- und \u00f6ffentlichen Bauten bis [&hellip;]<\/p>\n","protected":false},"author":1,"featured_media":0,"parent":1079,"menu_order":64,"comment_status":"closed","ping_status":"closed","template":"","meta":{"footnotes":""},"class_list":["post-532","page","type-page","status-publish","hentry"],"_links":{"self":[{"href":"https:\/\/www.turkali-architekten.de\/en\/wp-json\/wp\/v2\/pages\/532","targetHints":{"allow":["GET"]}}],"collection":[{"href":"https:\/\/www.turkali-architekten.de\/en\/wp-json\/wp\/v2\/pages"}],"about":[{"href":"https:\/\/www.turkali-architekten.de\/en\/wp-json\/wp\/v2\/types\/page"}],"author":[{"embeddable":true,"href":"https:\/\/www.turkali-architekten.de\/en\/wp-json\/wp\/v2\/users\/1"}],"replies":[{"embeddable":true,"href":"https:\/\/www.turkali-architekten.de\/en\/wp-json\/wp\/v2\/comments?post=532"}],"version-history":[{"count":9,"href":"https:\/\/www.turkali-architekten.de\/en\/wp-json\/wp\/v2\/pages\/532\/revisions"}],"predecessor-version":[{"id":4151,"href":"https:\/\/www.turkali-architekten.de\/en\/wp-json\/wp\/v2\/pages\/532\/revisions\/4151"}],"up":[{"embeddable":true,"href":"https:\/\/www.turkali-architekten.de\/en\/wp-json\/wp\/v2\/pages\/1079"}],"wp:attachment":[{"href":"https:\/\/www.turkali-architekten.de\/en\/wp-json\/wp\/v2\/media?parent=532"}],"curies":[{"name":"wp","href":"https:\/\/api.w.org\/{rel}","templated":true}]}}