{"id":526,"date":"2024-02-13T10:30:08","date_gmt":"2024-02-13T09:30:08","guid":{"rendered":"http:\/\/s992978995.online.de\/?page_id=526"},"modified":"2026-02-26T12:03:15","modified_gmt":"2026-02-26T11:03:15","slug":"juedischer-gemeindetag-berlin","status":"publish","type":"page","link":"https:\/\/www.turkali-architekten.de\/en\/aktuelles\/juedischer-gemeindetag-berlin\/","title":{"rendered":"21.12.2023 - J\u00fcdischer Gemeindetag Berlin 2023"},"content":{"rendered":"<div>\n<p><em>21.12.2023<\/em><\/p>\n<\/div>\n<h1>J\u00fcdischer Gemeindetag 2023 in Berlin<\/h1>\n<div>\n<p>Prof. Zvonko Turkali nimmt an Podiumsdiskussion teil<\/p>\n<p>Unter dem Leitgedanken \u201eZusammen leben\u201c haben vom 14. bis 17. Dezember 2023 mehr als 1.400 Mitglieder*innen j\u00fcdischer Gemeinden am J\u00fcdischen Gemeindetag in Berlin teilgenommen. Er\u00f6ffnet wurde der Gemeindetag am Donnerstagabend von Bundespr\u00e4sident Frank-Walter Steinmeier. Auch andere prominente Politiker*innen waren unter den G\u00e4sten, darunter Bundeskanzler Olaf Scholz, Bundesau\u00dfenministerin Annalena Baerbock und Nordrhein-Westfalens Ministerpr\u00e4sident Hendrik W\u00fcst.<\/p>\n<p>Auf dem Programm des dreit\u00e4tigen Gemeindetages standen unter anderem die Themen Erinnerungskultur, die R\u00fcckgabe von Raubkunst und K\u00fcnstliche Intelligenz. Hinzu kamen u.a. innenpolitische Themen, der Rechtsextremismus und die in Frankfurt am Main geplante J\u00fcdische Akademie.<\/p>\n<p>An der Podiumsdiskussion zum Thema \u201eDie J\u00fcdische Akademie: J\u00fcdische Perspektiven auf gesellschaftliche Diskurse\u201c nahm neben Dr. Josef Schuster, dem Pr\u00e4sidenten des Zentralrats der Juden in Deutschland, Prof. Dr. Doron Kiesel und Sabena Donath, der k\u00fcnftigen Leitung der J\u00fcdischen Akademie, und Hanna Veiler, Pr\u00e4sidentin der J\u00fcdischen Studierendenunion Deutschland, auch Prof. Zvonko Turkali teil.<\/p>\n<p>\u201eWelche k\u00fcnftigen Aufgaben soll diese Institution erf\u00fcllen? Welchen Einfluss nimmt die Architektur, damit aus einem Geb\u00e4ude ein Zuhause des offenen gesellschaftlichen, kulturellen, politischen und religi\u00f6sen Diskurses wird? Mit welchen Programmschwerpunkten wird das zuk\u00fcnftige Akademieprogramm einen eigenen Beitrag des zeitgen\u00f6ssischen j\u00fcdischen Denkens in Deutschland und Europa leisten?\u201c waren Fragen, \u00fcber die in der anderthalbst\u00fcndigen Veranstaltung lebhaft diskutiert wurde.<\/p>\n<p>Den Abschluss bildete ein Imagefilm \u00fcber die J\u00fcdische Akademie, der Einblicke in die unterschiedlichen R\u00e4ume der Akademie gew\u00e4hrte. Zus\u00e4tzlich bot sich den Besucher*innen die Gelegenheit eines virtuellen Rundgangs durch das Geb\u00e4ude mittels VR-Brillen.<\/p>\n<\/p>\n<p><\/p>\n<p>Mehr zum Projekt <a href=\"https:\/\/www.turkali-architekten.de\/de\/juedische-akademie-frankfurt\/\">J\u00fcdische Akademie Frankfurt<\/a>.<\/p>\n<\/p>\n<\/div>\n<p><img decoding=\"async\" src=\"\/wp-content\/uploads\/2024\/02\/Juedischer-Gemeindetag_final.jpg\" alt=\"\"><\/p>\n<p><!--more--><br \/>\n<!-- {\"type\":\"layout\",\"children\":[{\"type\":\"section\",\"props\":{\"css\":\"  .el-section {\\n\\tpadding:128px 0px;\\n\\t}\\n\\n@media only screen and (max-width: 600px) {\\n  .el-section {\\n\\tpadding:20px 0px;\\n\\t}\\n}\",\"image_position\":\"center-center\",\"style\":\"default\",\"title_breakpoint\":\"xl\",\"title_position\":\"top-left\",\"title_rotation\":\"left\",\"vertical_align\":\"\",\"width\":\"default\"},\"children\":[{\"type\":\"row\",\"props\":{\"layout\":\"1-2,1-2\"},\"children\":[{\"type\":\"column\",\"props\":{\"image_position\":\"center-center\",\"position_sticky_breakpoint\":\"m\",\"width_medium\":\"1-2\"},\"children\":[{\"type\":\"text\",\"props\":{\"column_breakpoint\":\"m\",\"content\":\"\n\n<p><em>21.12.2023<\/em><\/p>\n\n\",\"margin_bottom\":\"default\",\"margin_top\":\"default\"}}]},{\"type\":\"column\",\"props\":{\"image_position\":\"center-center\",\"position_sticky_breakpoint\":\"m\",\"width_medium\":\"1-2\"}}]},{\"type\":\"row\",\"props\":{\"layout\":\"1-2,1-2\"},\"children\":[{\"type\":\"column\",\"props\":{\"css\":\".el-column {\\npadding-right:35px;\\n}\",\"image_position\":\"center-center\",\"position_sticky_breakpoint\":\"m\",\"width_medium\":\"1-2\"},\"children\":[{\"type\":\"headline\",\"props\":{\"content\":\"J\u00fcdischer Gemeindetag 2023 in Berlin\",\"content_en_us\":\"Jewish Community Day 2023 in Berlin\",\"image_align\":\"left\",\"image_margin\":\"xsmall\",\"position\":\"relative\",\"position_top\":\"-10\",\"title_element\":\"h1\"}},{\"type\":\"text\",\"props\":{\"column_breakpoint\":\"m\",\"content\":\"\n\n<p>Prof. Zvonko Turkali nimmt an Podiumsdiskussion teil<\/p>\n\n\\n\n\n<p>Unter dem Leitgedanken \u201eZusammen leben\u201c haben vom 14. bis 17. Dezember 2023 mehr als 1.400 Mitglieder*innen j\u00fcdischer Gemeinden am J\u00fcdischen Gemeindetag in Berlin teilgenommen. Er\u00f6ffnet wurde der Gemeindetag am Donnerstagabend von Bundespr\u00e4sident Frank-Walter Steinmeier. Auch andere prominente Politiker*innen waren unter den G\u00e4sten, darunter Bundeskanzler Olaf Scholz, Bundesau\u00dfenministerin Annalena Baerbock und Nordrhein-Westfalens Ministerpr\u00e4sident Hendrik W\u00fcst.<\/p>\n\n\\n\n\n<p>Auf dem Programm des dreit\u00e4tigen Gemeindetages standen unter anderem die Themen Erinnerungskultur, die R\u00fcckgabe von Raubkunst und K\u00fcnstliche Intelligenz. Hinzu kamen u.a. innenpolitische Themen, der Rechtsextremismus und die in Frankfurt am Main geplante J\u00fcdische Akademie.<\/p>\n\n\\n\n\n<p>An der Podiumsdiskussion zum Thema \u201eDie J\u00fcdische Akademie: J\u00fcdische Perspektiven auf gesellschaftliche Diskurse\u201c nahm neben Dr. Josef Schuster, dem Pr\u00e4sidenten des Zentralrats der Juden in Deutschland, Prof. Dr. Doron Kiesel und Sabena Donath, der k\u00fcnftigen Leitung der J\u00fcdischen Akademie, und Hanna Veiler, Pr\u00e4sidentin der J\u00fcdischen Studierendenunion Deutschland, auch Prof. Zvonko Turkali teil.<\/p>\n\n\\n\n\n<p>\u201eWelche k\u00fcnftigen Aufgaben soll diese Institution erf\u00fcllen? Welchen Einfluss nimmt die Architektur, damit aus einem Geb\u00e4ude ein Zuhause des offenen gesellschaftlichen, kulturellen, politischen und religi\u00f6sen Diskurses wird? Mit welchen Programmschwerpunkten wird das zuk\u00fcnftige Akademieprogramm einen eigenen Beitrag des zeitgen\u00f6ssischen j\u00fcdischen Denkens in Deutschland und Europa leisten?\u201c waren Fragen, \u00fcber die in der anderthalbst\u00fcndigen Veranstaltung lebhaft diskutiert wurde.<\/p>\n\n\\n\n\n<p>Den Abschluss bildete ein Imagefilm \u00fcber die J\u00fcdische Akademie, der Einblicke in die unterschiedlichen R\u00e4ume der Akademie gew\u00e4hrte. Zus\u00e4tzlich bot sich den Besucher*innen die Gelegenheit eines virtuellen Rundgangs durch das Geb\u00e4ude mittels VR-Brillen.<\/p>\n\n\\n\n\n\n\n\\n<br \/>\\n\n\n<p>Mehr zum Projekt <a href=\\\"https:\/\/www.turkali-architekten.de\/de\/juedische-akademie-frankfurt\/\\\">J\u00fcdische Akademie Frankfurt<\/a>.<\/p>\n\n\\n\n\n\n\n\",\"content_en_us\":\"\n\n<p>Prof. Zvonko Turkali takes part in a panel discussion<\/p>\n\n\\n\n\n<p>Under the motto \\\"Living together\\\", more than 1,400 members of Jewish communities participated in the Jewish Community Day in Berlin from December 14th-17th, 2023. With a speech Federal President Frank-Walter Steinmeier declared the Community Day open. Other prominent politicians were among the guests, including Federal Chancellor Olaf Scholz, Federal Foreign Minister Annalena Baerbock and North Rhine-Westphalia's Minister President Hendrik W\u00fcst.<\/p>\n\n\\n\n\n<p>The program of the three-day Community Day included topics such as the culture of remembrance, the restitution of looted art and artificial intelligence. Other topics addressed domestic policy, right-wing extremism and the Jewish Academy planned for Frankfurt am Main.<\/p>\n\n\\n\n\n<p>The panel discussion on \u201cThe Jewish Academy: Jewish perspectives on social discourse\u201d was attended by Dr Josef Schuster, President of the Central Council of Jews in Germany, Prof. Dr Doron Kiesel and Sabena Donath, the future director of the Jewish Academy, and Hanna Veiler, President of the Jewish Student Union Germany, as well as Prof. Zvonko Turkali.<\/p>\n\n\\n\n\n<p>\\\"What future tasks should this institution fulfil? Which influence does the architecture have to turn a building into a home for open social, cultural, political and religious discourse? Which key aspects will the future Academy contribute to contemporary Jewish thinking in Germany and Europe?\\\" These were subjects for a lively debate during the one-and-a-half-hour event.<\/p>\n\n\\n\n\n<p>The event concluded with an image film about the Jewish Academy, which provided insights into the various rooms of the Academy. Visitors also had the opportunity to take a virtual tour of the building using VR glasses.<\/p>\n\n\\n\n\n\n\n\\n\n\n<p>More on the <a href=\\\"https:\/\/www.turkali-architekten.de\/en\/juedische-akademie-frankfurt\/\\\">Jewish Academy Frankfurt.<\/a><\/p>\n\n\",\"css\":\".el-element {\\nfont-size:15px;\\nline-height:25px;\\n}\",\"margin_bottom\":\"default\",\"margin_top\":\"default\"}}]},{\"type\":\"column\",\"props\":{\"image_position\":\"center-center\",\"position_sticky_breakpoint\":\"m\",\"width_medium\":\"1-2\"},\"children\":[{\"type\":\"image\",\"props\":{\"image\":\"wp-content\/uploads\/2024\/02\/Juedischer-Gemeindetag_final.jpg\",\"image_svg_color\":\"emphasis\",\"margin_bottom\":\"remove\",\"margin_top\":\"default\"}},{\"type\":\"text\",\"props\":{\"column_breakpoint\":\"m\",\"content\":\"\",\"css\":\".el-element {\\nfont-size:10px;\\n\\nline-height:25px;\\n}\",\"margin_bottom\":\"\",\"margin_top\":\"\"}}]}]}],\"name\":\"Header-Section-Start\"}],\"version\":\"5.0.15\"} --><\/p>\n","protected":false},"excerpt":{"rendered":"<p>21.12.2023 J\u00fcdischer Gemeindetag 2023 in Berlin Prof. Zvonko Turkali nimmt an Podiumsdiskussion teil Unter dem Leitgedanken \u201eZusammen leben\u201c haben vom 14. bis 17. Dezember 2023 mehr als 1.400 Mitglieder*innen j\u00fcdischer Gemeinden am J\u00fcdischen Gemeindetag in Berlin teilgenommen. Er\u00f6ffnet wurde der Gemeindetag am Donnerstagabend von Bundespr\u00e4sident Frank-Walter Steinmeier. Auch andere prominente Politiker*innen waren unter den G\u00e4sten, [&hellip;]<\/p>\n","protected":false},"author":1,"featured_media":0,"parent":1079,"menu_order":76,"comment_status":"closed","ping_status":"closed","template":"","meta":{"footnotes":""},"class_list":["post-526","page","type-page","status-publish","hentry"],"_links":{"self":[{"href":"https:\/\/www.turkali-architekten.de\/en\/wp-json\/wp\/v2\/pages\/526","targetHints":{"allow":["GET"]}}],"collection":[{"href":"https:\/\/www.turkali-architekten.de\/en\/wp-json\/wp\/v2\/pages"}],"about":[{"href":"https:\/\/www.turkali-architekten.de\/en\/wp-json\/wp\/v2\/types\/page"}],"author":[{"embeddable":true,"href":"https:\/\/www.turkali-architekten.de\/en\/wp-json\/wp\/v2\/users\/1"}],"replies":[{"embeddable":true,"href":"https:\/\/www.turkali-architekten.de\/en\/wp-json\/wp\/v2\/comments?post=526"}],"version-history":[{"count":25,"href":"https:\/\/www.turkali-architekten.de\/en\/wp-json\/wp\/v2\/pages\/526\/revisions"}],"predecessor-version":[{"id":7717,"href":"https:\/\/www.turkali-architekten.de\/en\/wp-json\/wp\/v2\/pages\/526\/revisions\/7717"}],"up":[{"embeddable":true,"href":"https:\/\/www.turkali-architekten.de\/en\/wp-json\/wp\/v2\/pages\/1079"}],"wp:attachment":[{"href":"https:\/\/www.turkali-architekten.de\/en\/wp-json\/wp\/v2\/media?parent=526"}],"curies":[{"name":"wp","href":"https:\/\/api.w.org\/{rel}","templated":true}]}}