{"id":5251,"date":"2024-08-19T10:10:36","date_gmt":"2024-08-19T08:10:36","guid":{"rendered":"http:\/\/s992978995.online.de\/?page_id=5251"},"modified":"2026-03-12T16:50:47","modified_gmt":"2026-03-12T15:50:47","slug":"15-08-2024-webseite-frankfurter-denkmalforum","status":"publish","type":"page","link":"https:\/\/www.turkali-architekten.de\/en\/aktuelles\/15-08-2024-webseite-frankfurter-denkmalforum\/","title":{"rendered":"15.08.2024 - Webseite Frankfurter Denkmalforum"},"content":{"rendered":"<div>15.08.2024<\/div>\n<h1>Neue Webseite Frankfurter Denkmalforum<\/h1>\n<div>\n<div>\n<p>Die neue Webseite des Frankfurter Denkmalforums ist online unter <a href=\"http:\/\/www.frankfurter-denkmalforum.de\" target=\"_blank\" rel=\"noopener\">www.frankfurter-denkmalforum.de<\/a> zu erreichen.<\/p>\n<p>Der Verein Frankfurter Denkmalforum e.V. wurde im Jahr 1994 von namhaften Perso\u0308nlichkeiten der Stadt Frankfurt am Main gegru\u0308ndet. Das Ziel: die Fo\u0308rderung von Denkmalpflege, Volksbildung und Wissenschaft. Zu den Leistungen des Vereins za\u0308hlen die Unterst\u00fctzung wissenschaftlicher Publikationen sowie die Organisation von Fu\u0308hrungen und Vortra\u0308gen zu spannenden Themen auf dem Gebiet des Denkmalschutzes.<\/p>\n<p class=\"bodytext\">Im Sommer 2022 wurde Prof. Zvonko Turkali bei der Mitgliederversammlung des F\u00f6rderkreises einstimmig zum neuen Vorsitzenden gew\u00e4hlt.\u00a0<\/p>\n<\/div>\n<div>\n<p class=\"bodytext\">Neben Prof. Turkali geh\u00f6ren die Pr\u00e4sidentin der Handwerkskammer, Susanne Haus, der Wirtschaftspr\u00fcfer Erhard Theil, der Regionaldirektor bei der Frankfurter Volksbank eG, Juan Aragon und Ursula Henrich von der Henrich Druck + Medien GmbH dem Vorstand an.<\/p>\n<\/div>\n<\/div>\n<p><img decoding=\"async\" src=\"\/wp-content\/uploads\/2024\/08\/01_FDF_Logo.png\" alt=\"\"><\/p>\n<p><!--more--><br \/>\n<!-- {\"type\":\"layout\",\"children\":[{\"type\":\"section\",\"props\":{\"css\":\"  .el-section {\\n\\tpadding:128px 0px;\\n\\t}\\n\\n@media only screen and (max-width: 600px) {\\n  .el-section {\\n\\tpadding:20px 0px;\\n\\t}\\n}\",\"image_position\":\"center-center\",\"style\":\"default\",\"title_breakpoint\":\"xl\",\"title_position\":\"top-left\",\"title_rotation\":\"left\",\"vertical_align\":\"\",\"width\":\"default\"},\"children\":[{\"type\":\"row\",\"props\":{\"layout\":\"1-2,1-2\"},\"children\":[{\"type\":\"column\",\"props\":{\"image_position\":\"center-center\",\"position_sticky_breakpoint\":\"m\",\"width_medium\":\"1-2\"},\"children\":[{\"type\":\"text\",\"props\":{\"column_breakpoint\":\"m\",\"content\":\"15.08.2024\",\"margin_bottom\":\"default\",\"margin_top\":\"default\",\"text_style\":\"meta\"}}]},{\"type\":\"column\",\"props\":{\"image_position\":\"center-center\",\"position_sticky_breakpoint\":\"m\",\"width_medium\":\"1-2\"}}]},{\"type\":\"row\",\"props\":{\"layout\":\"1-2,1-2\"},\"children\":[{\"type\":\"column\",\"props\":{\"css\":\".el-column {\\npadding-right:35px;\\n}\",\"image_position\":\"center-center\",\"position_sticky_breakpoint\":\"m\",\"width_medium\":\"1-2\"},\"children\":[{\"type\":\"headline\",\"props\":{\"content\":\"Neue Webseite Frankfurter Denkmalforum\",\"content_en_us\":\"New website Frankfurter Denkmalforum\",\"image_align\":\"left\",\"image_margin\":\"xsmall\",\"title_element\":\"h1\"}},{\"type\":\"text\",\"props\":{\"column_breakpoint\":\"m\",\"content\":\"\n\n<div>\\n\n\n<p>Die neue Webseite des Frankfurter Denkmalforums ist online unter <a href=\\\"http:\/\/www.frankfurter-denkmalforum.de\\\">www.frankfurter-denkmalforum.de<\/a> zu erreichen.<\/p>\n\n\\n\n\n<p>Der Verein Frankfurter Denkmalforum e.V. wurde im Jahr 1994 von namhaften Perso\u0308nlichkeiten der Stadt Frankfurt am Main gegru\u0308ndet. Das Ziel: die Fo\u0308rderung von Denkmalpflege, Volksbildung und Wissenschaft. Zu den Leistungen des Vereins za\u0308hlen die Unterst\u00fctzung wissenschaftlicher Publikationen sowie die Organisation von Fu\u0308hrungen und Vortra\u0308gen zu spannenden Themen auf dem Gebiet des Denkmalschutzes.<\/p>\n\n\\n\n\n<p class=\\\"bodytext\\\">Im Sommer 2022 wurde Prof. Zvonko Turkali bei der Mitgliederversammlung des F\u00f6rderkreises einstimmig zum neuen Vorsitzenden gew\u00e4hlt.\u00a0<\/p>\n\n\\n<\/div>\n\n\\n\n\n<div>\\n\n\n<p class=\\\"bodytext\\\">Neben Prof. Turkali geh\u00f6ren die Pr\u00e4sidentin der Handwerkskammer, Susanne Haus, der Wirtschaftspr\u00fcfer Erhard Theil, der Regionaldirektor bei der Frankfurter Volksbank eG, Juan Aragon und Ursula Henrich von der Henrich Druck + Medien GmbH dem Vorstand an.<\/p>\n\n\\n<\/div>\n\n\\n\n\n\n\n\",\"content_en_us\":\"\n\n<div class=\\\"uk-panel uk-margin\\\" data-id=\\\"page#0-0-0-1\\\" data-element=\\\"\\\" id=\\\"page#0\\\">\\n\n\n<p>The new website of the Frankfurt Monument Forum can be accessed online at <a href=\\\"http:\/\/www.frankfurter-denkmalforum.de\\\">www.frankfurter-denkmalforum.de<\/a>.<\/p>\n\n\\n\n\n<p>The Frankfurter Monument Forum e.V. association was founded in 1994 by well-known personalities from the city of Frankfurt am Main. The goal: to promote monument preservation, public education and science. The association's services include supporting scientific publications as well as organizing tours and lectures on exciting topics in the field of monument protection.<\/p>\n\n\\n\n\n<p>In summer 2022, Prof. Zvonko Turkali was unanimously elected as the new chairman at the general meeting of the support group.\u00a0<\/p>\n\n\\n\n\n<p>In addition to Prof. Turkali, the board includes the President of the Chamber of Crafts, Susanne Haus, the auditor Erhard Theil, the regional director at Frankfurter Volksbank eG, Juan Aragon and Ursula Henrich from Henrich Druck + Medien GmbH.<\/p>\n\n\\n<\/div>\n\n\",\"css\":\".el-element {\\nfont-size:15px;\\nline-height:25px;\\n}\",\"margin_bottom\":\"default\",\"margin_top\":\"default\"}}]},{\"type\":\"column\",\"props\":{\"image_position\":\"center-center\",\"position_sticky_breakpoint\":\"m\",\"width_medium\":\"1-2\"},\"children\":[{\"type\":\"image\",\"props\":{\"image\":\"wp-content\/uploads\/2024\/08\/01_FDF_Logo.png\",\"image_en_us\":\"wp-content\/uploads\/2024\/08\/01_FDF_Logo.png\",\"image_svg_color\":\"emphasis\",\"margin_bottom\":\"remove\",\"margin_top\":\"default\"}},{\"type\":\"text\",\"props\":{\"column_breakpoint\":\"m\",\"content\":\"\",\"css\":\".el-element {\\nfont-size:10px;\\n\\nline-height:25px;\\n}\",\"margin_bottom\":\"\",\"margin_top\":\"\"}},{\"type\":\"text\",\"props\":{\"column_breakpoint\":\"m\",\"content\":\"\",\"css\":\".el-element {\\nfont-size:10px;\\n\\nline-height:25px;\\n}\",\"margin_bottom\":\"\",\"margin_top\":\"\"}}]}]}],\"name\":\"Header-Section-Start\"}],\"version\":\"5.0.15\"} --><\/p>\n","protected":false},"excerpt":{"rendered":"<p>15.08.2024 Neue Webseite Frankfurter Denkmalforum Die neue Webseite des Frankfurter Denkmalforums ist online unter www.frankfurter-denkmalforum.de zu erreichen. Der Verein Frankfurter Denkmalforum e.V. wurde im Jahr 1994 von namhaften Perso\u0308nlichkeiten der Stadt Frankfurt am Main gegru\u0308ndet. Das Ziel: die Fo\u0308rderung von Denkmalpflege, Volksbildung und Wissenschaft. Zu den Leistungen des Vereins za\u0308hlen die Unterst\u00fctzung wissenschaftlicher Publikationen sowie [&hellip;]<\/p>\n","protected":false},"author":4,"featured_media":5255,"parent":1079,"menu_order":21,"comment_status":"closed","ping_status":"closed","template":"","meta":{"footnotes":""},"class_list":["post-5251","page","type-page","status-publish","has-post-thumbnail","hentry"],"_links":{"self":[{"href":"https:\/\/www.turkali-architekten.de\/en\/wp-json\/wp\/v2\/pages\/5251","targetHints":{"allow":["GET"]}}],"collection":[{"href":"https:\/\/www.turkali-architekten.de\/en\/wp-json\/wp\/v2\/pages"}],"about":[{"href":"https:\/\/www.turkali-architekten.de\/en\/wp-json\/wp\/v2\/types\/page"}],"author":[{"embeddable":true,"href":"https:\/\/www.turkali-architekten.de\/en\/wp-json\/wp\/v2\/users\/4"}],"replies":[{"embeddable":true,"href":"https:\/\/www.turkali-architekten.de\/en\/wp-json\/wp\/v2\/comments?post=5251"}],"version-history":[{"count":9,"href":"https:\/\/www.turkali-architekten.de\/en\/wp-json\/wp\/v2\/pages\/5251\/revisions"}],"predecessor-version":[{"id":7941,"href":"https:\/\/www.turkali-architekten.de\/en\/wp-json\/wp\/v2\/pages\/5251\/revisions\/7941"}],"up":[{"embeddable":true,"href":"https:\/\/www.turkali-architekten.de\/en\/wp-json\/wp\/v2\/pages\/1079"}],"wp:featuredmedia":[{"embeddable":true,"href":"https:\/\/www.turkali-architekten.de\/en\/wp-json\/wp\/v2\/media\/5255"}],"wp:attachment":[{"href":"https:\/\/www.turkali-architekten.de\/en\/wp-json\/wp\/v2\/media?parent=5251"}],"curies":[{"name":"wp","href":"https:\/\/api.w.org\/{rel}","templated":true}]}}