{"id":190,"date":"2024-02-13T10:52:35","date_gmt":"2024-02-13T09:52:35","guid":{"rendered":"http:\/\/s992978995.online.de\/?page_id=190"},"modified":"2024-05-08T23:11:34","modified_gmt":"2024-05-08T21:11:34","slug":"05-02-2024","status":"publish","type":"page","link":"https:\/\/www.turkali-architekten.de\/en\/aktuelles\/05-02-2024\/","title":{"rendered":"05.02.2024"},"content":{"rendered":"<h1>05.02.2024 \u2013 Ausstellungser\u00f6ffnung \u201eGro\u00dfe H\u00e4user, kleine H\u00e4user \u2013 Ausgezeichnete Architektur in Hessen 2018\u20132023\u201c in die Kunsthalle Darmstadt<\/h1>\n<div>\n<p>Zwei Projekte von Zvonko Turkali Architekten unter den Preistr\u00e4gern<\/p>\n<p>Am Freitag, dem 9. Februar 2024, l\u00e4dt der Bund Deutscher Architektinnen und Architekten BDA Hessen zur Ausstellungser\u00f6ffnung \u201eGro\u00dfe H\u00e4user, kleine H\u00e4user \u2013 Ausgezeichnete Architektur in Hessen 2018-2023\u201c in die Kunsthalle Darmstadt in Anwesenheit der Bauherrschaft sowie der Architekt*innen der ausgezeichneten Bauten ein.<\/p>\n<p>Die Ausstellung \u201eGro\u00dfe H\u00e4user, kleine H\u00e4user\u201c pr\u00e4sentiert in Fotografien und Zeichnungen alle 37 mit den vier regionalen Plaketten der BDA-Gruppen hessenweit 2023 ausgezeichneten Bauten, darunter auch zwei Geb\u00e4ude von Zvonko Turkali Architekten. Das Internat der Handwerkskammer Frankfurt-Rhein-Main hat die Joseph-Maria-Olbrich-Plakette 2023 verliehen bekommen, w\u00e4hrend die Luisenstra\u00dfe 7 in Wiesbaden mit der Johann-Wilhelm-Lehr-Plakette 2023 ausgezeichnet worden ist.<\/p>\n<p>Die Ausstellung wird vom 10. Februar bis 3. M\u00e4rz 2024 jeweils von Mittwoch bis Sonntag, 11 bis 17 Uhr, in der Kunsthalle Darmstadt zu sehen sein.<\/p>\n<p>Mehr \u00fcber das Internat der Handwerkskammer Frankfurt-Rhein-Main lesen Sie <a href=\"https:\/\/www.bda-hessen.de\/awards\/internat-der-handwerkskammer-frankfurt-rhein-main\/\" target=\"_blank\" rel=\"noopener\">hier!<\/a><br \/>Zu unserem Projekt Luisenstra\u00dfe 7 in Wiesbaden auf der BDA-Homepage gelangen Sie <a href=\"https:\/\/www.bda-hessen.de\/awards\/biedermeierhaus-luisenstrasse-7\/\" target=\"_blank\" rel=\"noopener\">hier!<\/a><br \/>Hier geht\u00b4s zur <a href=\"https:\/\/www.kunsthalle-darmstadt.de\/\" target=\"_blank\" rel=\"noopener\">Webseite der Kunsthalle Darmstadt<\/a><\/p>\n<\/div>\n<p><img decoding=\"async\" src=\"\/wp-content\/uploads\/2024\/02\/BDA_GrosseHaeuser-kleineHaeuser_2023.jpg\" alt=\"\"><\/p>\n<p><!--more--><br \/>\n<!-- {\"type\":\"layout\",\"children\":[{\"type\":\"section\",\"props\":{\"css\":\"  .el-section {\\n\\tpadding:128px 0px;\\n\\t}\\n\\n@media only screen and (max-width: 600px) {\\n  .el-section {\\n\\tpadding:20px 0px;\\n\\t}\\n}\",\"image_position\":\"center-center\",\"padding_remove_top\":false,\"style\":\"default\",\"title_breakpoint\":\"xl\",\"title_position\":\"top-left\",\"title_rotation\":\"left\",\"vertical_align\":\"middle\",\"width\":\"default\"},\"children\":[{\"type\":\"row\",\"props\":{\"layout\":\"1-2,1-2\"},\"children\":[{\"type\":\"column\",\"props\":{\"css\":\".el-column {\\npadding-right:35px;\\n}\",\"image_position\":\"center-center\",\"position_sticky_breakpoint\":\"m\",\"width_medium\":\"1-2\"},\"children\":[{\"type\":\"headline\",\"props\":{\"content\":\"05.02.2024 \\u2013 Ausstellungser\\u00f6ffnung \\u201eGro\\u00dfe H\\u00e4user, kleine H\\u00e4user \\u2013 Ausgezeichnete Architektur in Hessen 2018\\u20132023\\u201c in die Kunsthalle Darmstadt\",\"content_en_us\":\"05.02.2024 \\u2013 Opening of the exhibition \\\"Big Houses, Small Houses \\u2013 Award-winning Architecture in Hesse 2018-2023\\\" at the Kunsthalle Darmstadt\",\"title_element\":\"h1\"}},{\"type\":\"text\",\"props\":{\"column_breakpoint\":\"m\",\"content\":\"\n\n<p>Zwei Projekte von Zvonko Turkali Architekten unter den Preistr\\u00e4gern<\\\/p>\\n\n\n<p>Am Freitag, dem 9. Februar 2024, l\\u00e4dt der Bund Deutscher Architektinnen und Architekten BDA Hessen zur Ausstellungser\\u00f6ffnung \\u201eGro\\u00dfe H\\u00e4user, kleine H\\u00e4user \\u2013 Ausgezeichnete Architektur in Hessen 2018-2023\\u201c in die Kunsthalle Darmstadt in Anwesenheit der Bauherrschaft sowie der Architekt*innen der ausgezeichneten Bauten ein.<\\\/p>\\n\n\n<p>Die Ausstellung \\u201eGro\\u00dfe H\\u00e4user, kleine H\\u00e4user\\u201c pr\\u00e4sentiert in Fotografien und Zeichnungen alle 37 mit den vier regionalen Plaketten der BDA-Gruppen hessenweit 2023 ausgezeichneten Bauten, darunter auch zwei Geb\\u00e4ude von Zvonko Turkali Architekten. Das Internat der Handwerkskammer Frankfurt-Rhein-Main hat die Joseph-Maria-Olbrich-Plakette 2023 verliehen bekommen, w\\u00e4hrend die Luisenstra\\u00dfe 7 in Wiesbaden mit der Johann-Wilhelm-Lehr-Plakette 2023 ausgezeichnet worden ist.<\\\/p>\\n\n\n<p>Die Ausstellung wird vom 10. Februar bis 3. M\\u00e4rz 2024 jeweils von Mittwoch bis Sonntag, 11 bis 17 Uhr, in der Kunsthalle Darmstadt zu sehen sein.<\\\/p>\\n\n\n<p>Mehr \\u00fcber das Internat der Handwerkskammer Frankfurt-Rhein-Main lesen Sie <a href=\\\"https:\\\/\\\/www.bda-hessen.de\\\/awards\\\/internat-der-handwerkskammer-frankfurt-rhein-main\\\/\\\" target=\\\"_blank\\\" rel=\\\"noopener\\\">hier!<\\\/a><br \\\/>Zu unserem Projekt Luisenstra\\u00dfe 7 in Wiesbaden auf der BDA-Homepage gelangen Sie <a href=\\\"https:\\\/\\\/www.bda-hessen.de\\\/awards\\\/biedermeierhaus-luisenstrasse-7\\\/\\\" target=\\\"_blank\\\" rel=\\\"noopener\\\">hier!<\\\/a><br \\\/>Hier geht\\u00b4s zur <a href=\\\"https:\\\/\\\/www.kunsthalle-darmstadt.de\\\/\\\" target=\\\"_blank\\\" rel=\\\"noopener\\\">Webseite der Kunsthalle Darmstadt<\\\/a><\\\/p>\",\"content_en_us\":\"\n\n<p>Two projects by Zvonko Turkali Architekten among the award winners<\\\/p>\\n\n\n<p>On Friday, February 9th, 2024, the Association of German Architects BDA Hesse invites the public to the opening \\\"Big Houses, Small Houses \\u2013 Outstanding Architecture in Hesse 2018-2023\\\" at the Kunsthalle Darmstadt. Clients and architects of the award-winning buildings will be present.<\\\/p>\\n\n\n<p>The exhibition \\\"Big Houses, Small Houses\\\" presents photographs and drawings of all 37 buildings awarded with the four regional Plaketten (plaques) of the BDA groups in Hesse in 2023, including two buildings by Zvonko Turkali Architekten. The Boarding school of the Chamber of Crafts Frankfurt-Rhein-Main has been awarded the Joseph-Maria-Olbrich-Plakette 2023, while the Biedermeier building at Luisenstrasse 7 in Wiesbaden has been awarded the Johann-Wilhelm-Lehr-Plakette 2023.<\\\/p>\\n\n\n<p>The exhibition will be on display at the Kunsthalle Darmstadt from February 10th to March 3rd, 2024, from Wednesday to Sunday, 11 a.m. to 5 p.m.<\\\/p>\\n\n\n<p>Read more about our Boarding school of the C<a href=\\\"https:\\\/\\\/www.bda-hessen.de\\\/awards\\\/internat-der-handwerkskammer-frankfurt-rhein-main\\\/\\\" target=\\\"_blank\\\" rel=\\\"noopener\\\">hamber of Crafts Frankfurt-Rhein-Main<\\\/a> here!<br \\\/>Our project Luisenstrasse 7 in Wiesbaden can be found here! <br \\\/>Click here to go to the <a href=\\\"https:\\\/\\\/www.kunsthalle-darmstadt.de\\\/\\\" target=\\\"_blank\\\" rel=\\\"noopener\\\">Kunsthalle Darmstadt website!<\\\/a><\\\/p>\",\"css\":\".el-element {\\nfont-size:15px;\\nline-height:25px;\\n}\",\"margin\":\"default\",\"margin_remove_bottom\":false}}]},{\"type\":\"column\",\"props\":{\"image_position\":\"center-center\",\"position_sticky_breakpoint\":\"m\",\"width_medium\":\"1-2\"},\"children\":[{\"type\":\"image\",\"props\":{\"image\":\"wp-content\\\/uploads\\\/2024\\\/02\\\/BDA_GrosseHaeuser-kleineHaeuser_2023.jpg\",\"image_svg_color\":\"emphasis\",\"margin\":\"default\",\"margin_remove_bottom\":true}},{\"type\":\"text\",\"props\":{\"column_breakpoint\":\"m\",\"content\":\"\",\"css\":\".el-element {\\nfont-size:10px;\\n\\nline-height:25px;\\n}\",\"margin\":\"\",\"margin_remove_bottom\":false,\"margin_remove_top\":false}}]}]}],\"name\":\"Header-Section-Start\"}],\"version\":\"4.2.12\"} --><\/p>\n","protected":false},"excerpt":{"rendered":"<p>05.02.2024 \u2013 Ausstellungser\u00f6ffnung \u201eGro\u00dfe H\u00e4user, kleine H\u00e4user \u2013 Ausgezeichnete Architektur in Hessen 2018\u20132023\u201c in die Kunsthalle Darmstadt Zwei Projekte von Zvonko Turkali Architekten unter den Preistr\u00e4gern Am Freitag, dem 9. Februar 2024, l\u00e4dt der Bund Deutscher Architektinnen und Architekten BDA Hessen zur Ausstellungser\u00f6ffnung \u201eGro\u00dfe H\u00e4user, kleine H\u00e4user \u2013 Ausgezeichnete Architektur in Hessen 2018-2023\u201c in die [&hellip;]<\/p>\n","protected":false},"author":1,"featured_media":0,"parent":1079,"menu_order":70,"comment_status":"closed","ping_status":"closed","template":"","meta":{"footnotes":""},"class_list":["post-190","page","type-page","status-publish","hentry"],"_links":{"self":[{"href":"https:\/\/www.turkali-architekten.de\/en\/wp-json\/wp\/v2\/pages\/190","targetHints":{"allow":["GET"]}}],"collection":[{"href":"https:\/\/www.turkali-architekten.de\/en\/wp-json\/wp\/v2\/pages"}],"about":[{"href":"https:\/\/www.turkali-architekten.de\/en\/wp-json\/wp\/v2\/types\/page"}],"author":[{"embeddable":true,"href":"https:\/\/www.turkali-architekten.de\/en\/wp-json\/wp\/v2\/users\/1"}],"replies":[{"embeddable":true,"href":"https:\/\/www.turkali-architekten.de\/en\/wp-json\/wp\/v2\/comments?post=190"}],"version-history":[{"count":25,"href":"https:\/\/www.turkali-architekten.de\/en\/wp-json\/wp\/v2\/pages\/190\/revisions"}],"predecessor-version":[{"id":4143,"href":"https:\/\/www.turkali-architekten.de\/en\/wp-json\/wp\/v2\/pages\/190\/revisions\/4143"}],"up":[{"embeddable":true,"href":"https:\/\/www.turkali-architekten.de\/en\/wp-json\/wp\/v2\/pages\/1079"}],"wp:attachment":[{"href":"https:\/\/www.turkali-architekten.de\/en\/wp-json\/wp\/v2\/media?parent=190"}],"curies":[{"name":"wp","href":"https:\/\/api.w.org\/{rel}","templated":true}]}}