{"id":110,"date":"2024-01-23T22:48:35","date_gmt":"2024-01-23T21:48:35","guid":{"rendered":"http:\/\/s992978995.online.de\/?page_id=110"},"modified":"2026-02-02T17:49:23","modified_gmt":"2026-02-02T16:49:23","slug":"team","status":"publish","type":"page","link":"https:\/\/www.turkali-architekten.de\/en\/buero\/team\/","title":{"rendered":"Team"},"content":{"rendered":"<h1>Das Team von Zvonko Turkali Architekten<\/h1>\n<div>\n<p>        <img decoding=\"async\" src=\"\/wp-content\/uploads\/2024\/10\/IMG_7320_dominikloh1ausschnitt-scaled.jpg\" alt=\"\"><\/p>\n<h3>B\u00fcroleitung<\/h3>\n<div>\n<p>Dominik Loh diplomierte an der Architekturfakult\u00e4t der Technischen Universit\u00e4t in Darmstadt. Vor dem Eintritt in das B\u00fcro Zvonko Turkali Architekten im Jahr 2000 war er in verschiedenen Architekturb\u00fcros im Rhein-Main-Gebiet t\u00e4tig. Zu seinen Aufgaben geh\u00f6rt die Betreuung von Neubau- und Umbauma\u00dfnahmen \u00f6ffentlicher Geb\u00e4ude und Sonderbauten. Er h\u00e4lt Vortr\u00e4ge zu verschiedenen Aspekten der Architektur, insbesondere zum Thema Bauen im Bestand. Dominik Loh ist Mitglied der Bayerischen Architektenkammer.<\/p>\n<\/div>\n<\/div>\n<div>\n<p>Foto: J\u00f6rg Schmitz<\/p>\n<\/p>\n<\/p>\n<\/div>\n<ul>\n<li>\n<p>        <img decoding=\"async\" src=\"\/wp-content\/uploads\/2024\/09\/Turkali036_neu-scaled.jpg\" alt=\"\"><\/p>\n<h3>Einblick<\/h3>\n<\/li>\n<li>\n<p>        <img decoding=\"async\" src=\"\/wp-content\/uploads\/2024\/09\/Turkali069-scaled.jpg\" alt=\"\"><\/p>\n<h3>Durchblick<\/h3>\n<\/li>\n<li>\n<p>        <img decoding=\"async\" src=\"\/wp-content\/uploads\/2024\/09\/Turkali056_neu-scaled.jpg\" alt=\"\"><\/p>\n<h3>Austausch<\/h3>\n<\/li>\n<li>\n<p>        <img decoding=\"async\" src=\"\/wp-content\/uploads\/2024\/10\/Turkali105-scaled.jpg\" alt=\"\"><\/p>\n<h3>Teamwork<\/h3>\n<\/li>\n<\/ul>\n<div>\n<p>Fotografie: Mark Alexander Goodwin\u00a0<\/p>\n<\/div>\n<div>\n<h3>Das Team<\/h3>\n<div>\n<p>Tuba Aks\u00fct <span>Jakob v. Allw\u00f6rden<\/span> <strong>Rula Alrachid<\/strong> <span>Bedrettin Altay<\/span> <span>Katharina Baur<\/span> <span>Nicolai Beckmann<\/span> <span>Salih Begdeda<\/span> Gregor Beinhofer <span>Mira Bellersheim<\/span> <span>Selin Belli<\/span> <span>Moritz Berchtenbreiter<\/span> <span>Holger Biermann<\/span> <span>Nicolas Bittner<\/span> <span>Tobias Boysen<\/span> <span>Peter Br\u00e4ndle<\/span> <span>Arne Br\u00f6tje<\/span> <span>Dennis B\u00fcrgel<\/span> <span>Samuele Caruso<\/span> <span>Ornella Clappier<\/span> <span>Sabrina Clemens<\/span> <span>Birgit Cornelsen<\/span> <span>Jason Danziger <\/span><strong>Stine Daude<\/strong>\u00a0<span>Christiane Daum<\/span> <span>Lars Dehnrich<\/span> <span>Frederic Dudziak<\/span> <span>Ivo Dzojic<\/span> <span>Claudia Falconi<\/span> <span>Matthias Feuer<\/span> <span>Christian Frentzel<\/span> <span>Klaus Fudickar<\/span> <span>Marcus Geilke<\/span> <span>Athanasios Georginas<\/span> <span>Peter Germann<\/span> <span>Jaqueline Gies<\/span> <strong>Felicitas Gilles<\/strong> <span>Thomas v. Girsewald<\/span> <span>Natalie Girth<\/span> <span>Bettina Grabs<\/span> <span>Ren\u00e9 Groth\u2020<\/span> <span>Hans G\u00fcnther\u2020<\/span> <span>Cl\u00e9ment Haize<\/span> <span>Silvia Han\u00dfke<\/span> <span>Patrick Hass<\/span> <span>Mareike Hecker<\/span> <span>Jan Heiken<\/span> <span>Fiorella Heimberg<\/span>Alexander Heinelt\u00a0 <span>Anja Henning<\/span> <span>Jochen Herter<\/span> <span>Christina He\u00df<\/span> <strong>Ulf Hille<\/strong> <span>J\u00f6rg Hintz<\/span> <span>Claudio Aceituno Husch<\/span> <span>Eunjoon Jang<\/span> <span>Inken Jeziorkowski<\/span> <span>Bo Jin<\/span> <span>Max Jonas<\/span> <span>Fabienne Joos<\/span> <span>Gundula Kappen<\/span> <span>Tuncay Keskin<\/span> <span>Gyung-sun Kim<\/span> <span>Bettina Kirstein<\/span> <span>Josephine Kitz<\/span> <span>Daniel Kleineher<\/span> <span>Stefanie Klopsch<\/span> <span>Julia Kolk<\/span> <strong>Joshua Krischel\u00a0 Tatjana Krotov<\/strong> <span>Viola Kruth<\/span> <span>Aridona Kuliqi<\/span> <span>Jialin Lin<\/span><span><strong>Eva Linder<\/strong><\/span><strong>Dominik Loh<\/strong> <span>Andreas Lokitek<\/span> <span>Philip v. Magnis<\/span> <span>Mario Melnik<\/span> <span>Karina Melskens<\/span> <span>Andreas Mende<\/span> <span>Tuba Meydanacar<\/span> <span>Laura Meyer<\/span> <span>Susann Miethe<\/span> <span>Sebastian Milbradt<\/span> <span>Claudio Moscaritolo<\/span> <span>Lea M\u00fcller<\/span> <span>Katharina M\u00fcller<\/span> <span>Marcel M\u00fcller<\/span> <strong>Eva M\u00fcnzesheimer<\/strong> <span>Ulrich Noll<\/span> <span>Dr. Achim Nowock<\/span> <span>Andreas Nunn<\/span> <span>Ina Patschicke<\/span> <span>Maximillian Platte<\/span> <span>Sven Pohl-Niedlich<\/span> <span>Alexander Popski<\/span> <span>Yassi Puya<\/span> <span>Anke Ramin<\/span> <strong>Lennart Reidelbach<\/strong> <span>Lukas Richter<\/span> <span>Joachim Rieder<\/span> <span>Johannes Roolf<\/span> <span>Joanna Rosinska<\/span> <span>Nina Ross<\/span> <span>Sergej Sachnovski<\/span> <span>Sepide Sameri<\/span> <span>Draganco Sazdov<\/span>\u00a0<span>Peter Sch\u00e4fer<\/span> <span>Stefan Scheiding<\/span> <span>Rick Scheppat<\/span> <span>Laura Schindeh\u00fctte<\/span> <span>Norman Schinke<\/span> <span>Ute Schluppkotten<\/span> <span>Frank Schmitz<\/span> <strong>J\u00f6rg Schmitz<\/strong> \u00a0<span>Ulrike Schneider<\/span> <span>Kristina Schr\u00f6der<\/span> <span>Fabienne Schr\u00f6der-Rust<\/span> <span>David Sch\u00fcller<\/span> <span>Georg Seegr\u00e4ber<\/span> <span>Tim Seidel<\/span> <span>Luis Simon Senkal<\/span> <strong>Mahdokht Shaddel<\/strong> <span>Juliane Simon<\/span> <span>Youngjin Son<\/span> <span>\u00d6zlem Soyt\u00fcrk<\/span> <span>Boris Steinweg<\/span> <span>Roland Summ<\/span> <span>Cansu Tanis<\/span> <span>Aylin Tekin<\/span> <span>Florian Theis<\/span> <span>Florian Titz<\/span> <span>Duc Tuan<\/span> <span>Tong Tran<\/span> <span>Julia Turkali<\/span> <strong>Besart Uka<\/strong> <span>Martin Unger<\/span> <span>Stephanie Unger<\/span> <span>Wilmar Valdivieso-Moreno<\/span> <span>Nora Vitale<\/span> <span>Daniel V\u00f6lker<\/span> <span>Jochen Vollmer<\/span> <span>Linda Voss<\/span> <span>Victor Vrecko<\/span> <span>Volker Walz<\/span> <span>Xuan Wang<\/span> <span>Henrik Weber <\/span><strong>Janet Weber<\/strong> <span>Steffen Wesseler<\/span> <span>Ananda Wiegandt<\/span> <span>Friederike Willemer<\/span> <span>Andreas Wolf<\/span> <span>Kathrin Wrona<\/span> <span>Seung Hyun Yang<\/span> <span>Taohui Yang<\/span> <span>Merle Zadeh<\/span> <span>Huiying Zhou<\/span> <span>Annika Ziemann <strong>Alessia Zwaer<\/strong><\/span><\/p>\n<\/div>\n<\/div>\n<ul>\n<li>\n        <a href=\"\/buero\/\">Profil<\/a>\n    <\/li>\n<li>\n        <a href=\"\/buero\/prof-zvonko-turkali\/\">Prof. Zvonko Turkali<\/a>\n    <\/li>\n<\/ul>\n<p><!--more--><br \/>\n<!-- {\"type\":\"layout\",\"children\":[{\"type\":\"section\",\"props\":{\"css\":\"  .el-section {\\n\\tpadding:128px 0px;\\n\\t}\\n\\n@media only screen and (max-width: 600px) {\\n  .el-section {\\n\\tpadding:20px 0px;\\n\\t}\\n}\",\"height\":\"page\",\"image_position\":\"center-center\",\"padding_remove_top\":false,\"style\":\"default\",\"title_breakpoint\":\"xl\",\"title_position\":\"top-left\",\"title_rotation\":\"left\",\"vertical_align\":\"\",\"width\":\"default\"},\"children\":[{\"type\":\"row\",\"props\":{\"layout\":\"1-2,1-2\",\"margin_remove_bottom\":true},\"children\":[{\"type\":\"column\",\"props\":{\"css\":\".el-column {\\npadding-right:35px;\\n}\",\"image_position\":\"center-center\",\"position_sticky_breakpoint\":\"m\",\"width_medium\":\"1-2\"},\"children\":[{\"type\":\"headline\",\"props\":{\"content\":\"Das Team von Zvonko Turkali Architekten\",\"content_en_us\":\"Zvonko Turkali Architekten \\u2013 Management and Team\",\"title_element\":\"h1\"}}]},{\"type\":\"column\",\"props\":{\"image_position\":\"center-center\",\"position_sticky_breakpoint\":\"m\",\"width_medium\":\"1-2\"}}]},{\"type\":\"row\",\"props\":{\"layout\":\"1-2,1-2\",\"margin\":\"default\",\"margin_remove_top\":false},\"children\":[{\"type\":\"column\",\"props\":{\"css\":\".el-column {\\npadding-right:35px;\\n}\",\"image_position\":\"center-center\",\"position_sticky_breakpoint\":\"m\",\"width_medium\":\"1-2\"},\"children\":[{\"type\":\"panel\",\"props\":{\"content\":\"\n\n<p>Dominik Loh diplomierte an der Architekturfakult\\u00e4t der Technischen Universit\\u00e4t in Darmstadt. Vor dem Eintritt in das B\\u00fcro Zvonko Turkali Architekten im Jahr 2000 war er in verschiedenen Architekturb\\u00fcros im Rhein-Main-Gebiet t\\u00e4tig. Zu seinen Aufgaben geh\\u00f6rt die Betreuung von Neubau- und Umbauma\\u00dfnahmen \\u00f6ffentlicher Geb\\u00e4ude und Sonderbauten. Er h\\u00e4lt Vortr\\u00e4ge zu verschiedenen Aspekten der Architektur, insbesondere zum Thema Bauen im Bestand. Dominik Loh ist Mitglied der Bayerischen Architektenkammer.<\\\/p>\",\"content_column_breakpoint\":\"m\",\"content_en_us\":\"\n\n<p>Dominik Loh graduated from the Faculty of Architecture at Darmstadt University of Technology. Before joining Turkali Architekten in 2000, he worked for various architectural firms in the Rhine-Main Area. He is responsible for the new construction and renovation of public buildings and special structures. Dominik Loh lectures on various aspects of architecture, especially on building and construction in existing contexts. He is a member of the Bavarian Chamber of Architects.<\\\/p>\",\"css\":\".el-element {\\nfont-size:15px;\\nline-height:25px;\\n}\",\"icon_width\":80,\"image\":\"wp-content\\\/uploads\\\/2024\\\/10\\\/IMG_7320_dominikloh1ausschnitt-scaled.jpg\",\"image_align\":\"bottom\",\"image_grid_breakpoint\":\"m\",\"image_grid_width\":\"1-2\",\"image_svg_color\":\"emphasis\",\"link_style\":\"default\",\"link_text\":\"Read more\",\"margin\":\"default\",\"meta_align\":\"below-title\",\"meta_element\":\"div\",\"meta_style\":\"text-meta\",\"title\":\"B\\u00fcroleitung\",\"title_align\":\"top\",\"title_element\":\"h3\",\"title_en_us\":\"Office Management\",\"title_grid_breakpoint\":\"m\",\"title_grid_width\":\"1-2\",\"title_hover_style\":\"reset\"}},{\"type\":\"text\",\"props\":{\"column_breakpoint\":\"m\",\"content\":\"\n\n<p>Foto: J\\u00f6rg Schmitz<\\\/p>\\n\n\n<p><\\\/p>\\n\n\n<p><\\\/p>\\n\n\n<p><\\\/p>\\n\n\n<p><\\\/p>\",\"content_en_us\":\"\n\n<p>Photo: J\\u00f6rg Schmitz<\\\/p>\",\"margin\":\"default\"}},{\"type\":\"fragment\",\"props\":{\"margin\":\"default\",\"position_bottom\":\"-50\",\"position_left\":\"-190\"},\"children\":[{\"type\":\"row\",\"children\":[{\"type\":\"column\",\"props\":{\"image_position\":\"center-center\",\"position_sticky_breakpoint\":\"m\"}}]},{\"type\":\"row\",\"children\":[{\"type\":\"column\",\"props\":{\"image_position\":\"center-center\",\"position_sticky_breakpoint\":\"m\"}}]},{\"type\":\"row\",\"children\":[{\"type\":\"column\",\"props\":{\"image_position\":\"center-center\",\"position_sticky_breakpoint\":\"m\"}}]}]},{\"type\":\"fragment\",\"props\":{\"margin\":\"default\",\"position_bottom\":\"-50\",\"position_left\":\"-190\"},\"children\":[{\"type\":\"row\",\"children\":[{\"type\":\"column\",\"props\":{\"image_position\":\"center-center\",\"position_sticky_breakpoint\":\"m\"}}]},{\"type\":\"row\",\"children\":[{\"type\":\"column\",\"props\":{\"image_position\":\"center-center\",\"position_sticky_breakpoint\":\"m\"}}]},{\"type\":\"row\",\"children\":[{\"type\":\"column\",\"props\":{\"image_position\":\"center-center\",\"position_sticky_breakpoint\":\"m\"}}]},{\"type\":\"row\",\"children\":[{\"type\":\"column\",\"props\":{\"image_position\":\"center-center\",\"position_sticky_breakpoint\":\"m\"}}]}]},{\"type\":\"gallery\",\"props\":{\"filter_align\":\"left\",\"filter_all\":true,\"filter_grid_breakpoint\":\"m\",\"filter_grid_width\":\"auto\",\"filter_position\":\"top\",\"filter_style\":\"tab\",\"grid_default\":\"1\",\"grid_medium\":\"1\",\"item_animation\":true,\"link_style\":\"default\",\"link_text\":\"Read more\",\"margin\":\"default\",\"meta_align\":\"below-title\",\"meta_element\":\"div\",\"meta_style\":\"text-meta\",\"overlay_hover\":true,\"overlay_mode\":\"cover\",\"overlay_position\":\"center\",\"overlay_style\":\"overlay-primary\",\"overlay_transition\":\"fade\",\"show_content\":true,\"show_hover_image\":true,\"show_hover_video\":true,\"show_link\":true,\"show_meta\":true,\"show_title\":true,\"text_align\":\"center\",\"text_color\":\"light\",\"title_element\":\"h3\",\"title_hover_style\":\"reset\"},\"children\":[{\"type\":\"gallery_item\",\"props\":{\"image\":\"wp-content\\\/uploads\\\/2024\\\/09\\\/Turkali036_neu-scaled.jpg\",\"title\":\"Einblick\",\"title_en_us\":\"Insight\"}},{\"type\":\"gallery_item\",\"props\":{\"image\":\"wp-content\\\/uploads\\\/2024\\\/09\\\/Turkali069-scaled.jpg\",\"title\":\"Durchblick\",\"title_en_us\":\"Perspective\"}},{\"type\":\"gallery_item\",\"props\":{\"image\":\"wp-content\\\/uploads\\\/2024\\\/09\\\/Turkali056_neu-scaled.jpg\",\"title\":\"Austausch\",\"title_en_us\":\"Dialogue\"}},{\"type\":\"gallery_item\",\"props\":{\"content\":\"\",\"image\":\"wp-content\\\/uploads\\\/2024\\\/10\\\/Turkali105-scaled.jpg\",\"title\":\"Teamwork\"}}]},{\"type\":\"text\",\"props\":{\"column_breakpoint\":\"m\",\"content\":\"\n\n<p>Fotografie: Mark Alexander Goodwin\\u00a0<\\\/p>\",\"content_en_us\":\"\n\n<p>Photography: Mark Alexander Goodwin\\u00a0<\\\/p>\",\"margin\":\"default\"}}]},{\"type\":\"column\",\"props\":{\"image_position\":\"center-center\",\"position_sticky_breakpoint\":\"m\",\"width_medium\":\"1-2\"},\"children\":[{\"type\":\"panel\",\"props\":{\"content\":\"\n\n<p>Tuba Aks\\u00fct <span>Jakob v. Allw\\u00f6rden<\\\/span> <strong>Rula Alrachid<\\\/strong> <span>Bedrettin Altay<\\\/span> <span>Katharina Baur<\\\/span> <span>Nicolai Beckmann<\\\/span> <span>Salih Begdeda<\\\/span> Gregor Beinhofer <span>Mira Bellersheim<\\\/span> <span>Selin Belli<\\\/span> <span>Moritz Berchtenbreiter<\\\/span> <span>Holger Biermann<\\\/span> <span>Nicolas Bittner<\\\/span> <span>Tobias Boysen<\\\/span> <span>Peter Br\\u00e4ndle<\\\/span> <span>Arne Br\\u00f6tje<\\\/span> <span>Dennis B\\u00fcrgel<\\\/span> <span>Samuele Caruso<\\\/span> <span>Ornella Clappier<\\\/span> <span>Sabrina Clemens<\\\/span> <span>Birgit Cornelsen<\\\/span> <span>Jason Danziger <\\\/span><strong>Stine Daude<\\\/strong>\\u00a0<span>Christiane Daum<\\\/span> <span>Lars Dehnrich<\\\/span> <span>Frederic Dudziak<\\\/span> <span>Ivo Dzojic<\\\/span> <span>Claudia Falconi<\\\/span> <span>Matthias Feuer<\\\/span> <span>Christian Frentzel<\\\/span> <span>Klaus Fudickar<\\\/span> <span>Marcus Geilke<\\\/span> <span>Athanasios Georginas<\\\/span> <span>Peter Germann<\\\/span> <span>Jaqueline Gies<\\\/span> <strong>Felicitas Gilles<\\\/strong> <span>Thomas v. Girsewald<\\\/span> <span>Natalie Girth<\\\/span> <span>Bettina Grabs<\\\/span> <span>Ren\\u00e9 Groth\\u2020<\\\/span> <span>Hans G\\u00fcnther\\u2020<\\\/span> <span>Cl\\u00e9ment Haize<\\\/span> <span>Silvia Han\\u00dfke<\\\/span> <span>Patrick Hass<\\\/span> <span>Mareike Hecker<\\\/span> <span>Jan Heiken<\\\/span> <span>Fiorella Heimberg<\\\/span>Alexander Heinelt\\u00a0 <span>Anja Henning<\\\/span> <span>Jochen Herter<\\\/span> <span>Christina He\\u00df<\\\/span> <strong>Ulf Hille<\\\/strong> <span>J\\u00f6rg Hintz<\\\/span> <span>Claudio Aceituno Husch<\\\/span> <span>Eunjoon Jang<\\\/span> <span>Inken Jeziorkowski<\\\/span> <span>Bo Jin<\\\/span> <span>Max Jonas<\\\/span> <span>Fabienne Joos<\\\/span> <span>Gundula Kappen<\\\/span> <span>Tuncay Keskin<\\\/span> <span>Gyung-sun Kim<\\\/span> <span>Bettina Kirstein<\\\/span> <span>Josephine Kitz<\\\/span> <span>Daniel Kleineher<\\\/span> <span>Stefanie Klopsch<\\\/span> <span>Julia Kolk<\\\/span> <strong>Joshua Krischel\\u00a0 Tatjana Krotov<\\\/strong> <span>Viola Kruth<\\\/span> <span>Aridona Kuliqi<\\\/span> <span>Jialin Lin<\\\/span><span><strong>Eva Linder<\\\/strong><\\\/span><strong>Dominik Loh<\\\/strong> <span>Andreas Lokitek<\\\/span> <span>Philip v. Magnis<\\\/span> <span>Mario Melnik<\\\/span> <span>Karina Melskens<\\\/span> <span>Andreas Mende<\\\/span> <span>Tuba Meydanacar<\\\/span> <span>Laura Meyer<\\\/span> <span>Susann Miethe<\\\/span> <span>Sebastian Milbradt<\\\/span> <span>Claudio Moscaritolo<\\\/span> <span>Lea M\\u00fcller<\\\/span> <span>Katharina M\\u00fcller<\\\/span> <span>Marcel M\\u00fcller<\\\/span> <strong>Eva M\\u00fcnzesheimer<\\\/strong> <span>Ulrich Noll<\\\/span> <span>Dr. Achim Nowock<\\\/span> <span>Andreas Nunn<\\\/span> <span>Ina Patschicke<\\\/span> <span>Maximillian Platte<\\\/span> <span>Sven Pohl-Niedlich<\\\/span> <span>Alexander Popski<\\\/span> <span>Yassi Puya<\\\/span> <span>Anke Ramin<\\\/span> <strong>Lennart Reidelbach<\\\/strong> <span>Lukas Richter<\\\/span> <span>Joachim Rieder<\\\/span> <span>Johannes Roolf<\\\/span> <span>Joanna Rosinska<\\\/span> <span>Nina Ross<\\\/span> <span>Sergej Sachnovski<\\\/span> <span>Sepide Sameri<\\\/span> <span>Draganco Sazdov<\\\/span>\\u00a0<span>Peter Sch\\u00e4fer<\\\/span> <span>Stefan Scheiding<\\\/span> <span>Rick Scheppat<\\\/span> <span>Laura Schindeh\\u00fctte<\\\/span> <span>Norman Schinke<\\\/span> <span>Ute Schluppkotten<\\\/span> <span>Frank Schmitz<\\\/span> <strong>J\\u00f6rg Schmitz<\\\/strong> \\u00a0<span>Ulrike Schneider<\\\/span> <span>Kristina Schr\\u00f6der<\\\/span> <span>Fabienne Schr\\u00f6der-Rust<\\\/span> <span>David Sch\\u00fcller<\\\/span> <span>Georg Seegr\\u00e4ber<\\\/span> <span>Tim Seidel<\\\/span> <span>Luis Simon Senkal<\\\/span> <strong>Mahdokht Shaddel<\\\/strong> <span>Juliane Simon<\\\/span> <span>Youngjin Son<\\\/span> <span>\\u00d6zlem Soyt\\u00fcrk<\\\/span> <span>Boris Steinweg<\\\/span> <span>Roland Summ<\\\/span> <span>Cansu Tanis<\\\/span> <span>Aylin Tekin<\\\/span> <span>Florian Theis<\\\/span> <span>Florian Titz<\\\/span> <span>Duc Tuan<\\\/span> <span>Tong Tran<\\\/span> <span>Julia Turkali<\\\/span> <strong>Besart Uka<\\\/strong> <span>Martin Unger<\\\/span> <span>Stephanie Unger<\\\/span> <span>Wilmar Valdivieso-Moreno<\\\/span> <span>Nora Vitale<\\\/span> <span>Daniel V\\u00f6lker<\\\/span> <span>Jochen Vollmer<\\\/span> <span>Linda Voss<\\\/span> <span>Victor Vrecko<\\\/span> <span>Volker Walz<\\\/span> <span>Xuan Wang<\\\/span> <span>Henrik Weber <\\\/span><strong>Janet Weber<\\\/strong> <span>Steffen Wesseler<\\\/span> <span>Ananda Wiegandt<\\\/span> <span>Friederike Willemer<\\\/span> <span>Andreas Wolf<\\\/span> <span>Kathrin Wrona<\\\/span> <span>Seung Hyun Yang<\\\/span> <span>Taohui Yang<\\\/span> <span>Merle Zadeh<\\\/span> <span>Huiying Zhou<\\\/span> <span>Annika Ziemann <strong>Alessia Zwaer<\\\/strong><\\\/span><\\\/p>\",\"content_column_breakpoint\":\"m\",\"content_en_us\":\"\n\n<p>Tuba Aks\\u00fct <span>Jakob v. Allw\\u00f6rden<\\\/span> <strong>Rula Alrachid <\\\/strong><span>Bedrettin Altay<\\\/span> <span>Katharina Baur<\\\/span> <span>Nicolai Beckmann<\\\/span> <span>Salih Begdeda<\\\/span> Gregor Beinhofer <span>Mira Bellersheim<\\\/span> <span>Selin Belli<\\\/span> <span>Moritz Berchtenbreiter<\\\/span> <span>Holger Biermann<\\\/span> <span>Nicolas Bittner<\\\/span> <span>Tobias Boysen<\\\/span> <span>Peter Br\\u00e4ndle<\\\/span> <span>Arne Br\\u00f6tje<\\\/span> <span>Dennis B\\u00fcrgel<\\\/span> <span>Samuele Caruso<\\\/span> <span>Ornella Clappier<\\\/span> <span>Sabrina Clemens<\\\/span> <span>Birgit Cornelsen<\\\/span> <span>Jason Danziger<\\\/span> <strong>Stine Daude <\\\/strong><span>Christiane Daum<\\\/span> <span>Lars Dehnrich<\\\/span> <span>Frederic Dudziak<\\\/span> <span>Ivo Dzojic<\\\/span> <span>Claudia Falconi<\\\/span> <span>Matthias Feuer<\\\/span> <span>Christian Frentzel<\\\/span> <span>Klaus Fudickar<\\\/span> <span>Marcus Geilke<\\\/span> <span>Athanasios Georginas<\\\/span> <span>Peter Germann<\\\/span> <span>Jaqueline Gies<\\\/span> <strong>Felicitas Gilles<\\\/strong> <span>Thomas v. Girsewald<\\\/span> <span>Natalie Girth<\\\/span> <span>Bettina Grabs<\\\/span> <span>Ren\\u00e9 Groth\\u2020<\\\/span> <span>Hans G\\u00fcnther\\u2020<\\\/span> <span>Cl\\u00e9ment Haize<\\\/span> <span>Silvia Han\\u00dfke<\\\/span> <span>Patrick Hass<\\\/span> <span>Mareike Hecker<\\\/span> <span>Jan Heiken<\\\/span> <span>Fiorella Heimberg<\\\/span> Alexander Heinelt\\u00a0 \\u00a0<span>Anja Henning<\\\/span> <span>Jochen Herter<\\\/span> <span>Christina He\\u00df<\\\/span> <strong>Ulf Hille<\\\/strong> <span>J\\u00f6rg Hintz<\\\/span> <span>Claudio Aceituno Husch<\\\/span> <span>Eunjoon Jang<\\\/span> <span>Golnaz Jarahbashi<\\\/span> <span>Inken Jeziorkowski<\\\/span> <span>Bo Jin<\\\/span> <span>Max Jonas<\\\/span> <span>Fabienne Joos<\\\/span> <span>Gundula Kappen<\\\/span> <span>Tuncay Keskin<\\\/span> <span>Gyung-sun Kim<\\\/span> <span>Bettina Kirstein<\\\/span> <span>Josephine Kitz<\\\/span> <span>Daniel Kleineher<\\\/span> <span>Stefanie Klopsch<\\\/span> <span>Julia Kolk<\\\/span> <strong>Joshua Krischel\\u00a0 Tatjana Krotov<\\\/strong> <span>Viola Kruth<\\\/span> <span>Aridona Kuliqi<\\\/span> <span>Jialin Lin<\\\/span> <strong>Dominik Loh<\\\/strong> <span>Andreas Lokitek<\\\/span> <span>Philip v. Magnis<\\\/span> <span>Mario Melnik<\\\/span> <span>Karina Melskens<\\\/span> <span>Andreas Mende<\\\/span> <span>Tuba Meydanacar<\\\/span> <span>Laura Meyer<\\\/span> <span>Susann Miethe<\\\/span> <span>Sebastian Milbradt<\\\/span> <span>Claudio Moscaritolo<\\\/span> <span>Lea M\\u00fcller<\\\/span> <span>Katharina M\\u00fcller<\\\/span> <span>Marcel M\\u00fcller<\\\/span> <strong>Eva M\\u00fcnzesheimer<\\\/strong> <span>Ulrich Noll<\\\/span> <span>Dr. Achim Nowock<\\\/span> <span>Andreas Nunn<\\\/span> <span>Ina Patschicke<\\\/span> <span>Maximillian Platte<\\\/span> <span>Sven Pohl-Niedlich<\\\/span> <span>Alexander Popski<\\\/span> <span>Yassi Puya<\\\/span> <span>Anke Ramin<\\\/span> <strong>Lennart Reidelbach<\\\/strong> <span>Lukas Richter<\\\/span> <span>Joachim Rieder<\\\/span> <span>Johannes Roolf<\\\/span> <span>Joanna Rosinska<\\\/span> <span>Nina Ross<\\\/span> <span>Sergej Sachnovski<\\\/span> <span>Sepide Sameri<\\\/span> <span>Draganco Sazdov<\\\/span>\\u00a0<span>Peter Sch\\u00e4fer<\\\/span> <span>Stefan Scheiding<\\\/span> <span>Rick Scheppat<\\\/span> <span>Laura Schindeh\\u00fctte<\\\/span> <span>Norman Schinke<\\\/span> <span>Ute Schluppkotten<\\\/span> <span>Frank Schmitz<\\\/span> <strong>J\\u00f6rg Schmitz<\\\/strong> \\u00a0<span>Ulrike Schneider<\\\/span> <span>Kristina Schr\\u00f6der<\\\/span> <span>Fabienne Schr\\u00f6der-Rust<\\\/span> <span>David Sch\\u00fcller<\\\/span> <span>Georg Seegr\\u00e4ber<\\\/span> <span>Tim Seidel<\\\/span> <span>Luis Simon Senkal<\\\/span> <strong>Mahdokht Shaddel<\\\/strong> <span>Juliane Simon<\\\/span> <span>Youngjin Son<\\\/span> <span>\\u00d6zlem Soyt\\u00fcrk<\\\/span> <span>Boris Steinweg<\\\/span> <span>Roland Summ<\\\/span> <span>Cansu Tanis<\\\/span> <span>Aylin Tekin<\\\/span> <span>Florian Theis<\\\/span> <span>Florian Titz<\\\/span> <span>Duc Tuan<\\\/span> <span>Tong Tran<\\\/span> <span>Julia Turkali<\\\/span> <strong>Besart Uka<\\\/strong> <span>Martin Unger<\\\/span> <span>Stephanie Unger<\\\/span> <span>Wilmar Valdivieso-Moreno<\\\/span> <span>Nora Vitale<\\\/span> <span>Daniel V\\u00f6lker<\\\/span> <span>Jochen Vollmer<\\\/span> <span>Linda Voss<\\\/span> <span>Victor Vrecko<\\\/span> <span>Volker Walz<\\\/span> <span>Xuan Wang<\\\/span> <span>Henrik Weber<\\\/span> <strong>Janet Weber<\\\/strong> <span>Steffen Wesseler<\\\/span> <span>Ananda Wiegandt<\\\/span> <span>Friederike Willemer<\\\/span> <span>Andreas Wolf<\\\/span> <span>Kathrin Wrona<\\\/span> <span>Seung Hyun Yang<\\\/span> <span>Taohui Yang<\\\/span> <span>Merle Zadeh<\\\/span> <span>Huiying Zhou<\\\/span> <span>Annika Ziemann <strong>Alessia Zwaer<\\\/strong><\\\/span><\\\/p>\",\"css\":\".el-element {\\nfont-size:15px;\\nline-height:25px;\\ncolor:#000;\\n}\\n\\n.el-element span {\\npadding: 0px 10px 0px 0px;\\n}\\n\\n.el-element p {\\nfont-weight:unset;\\n}\",\"icon_width\":80,\"image\":\"\",\"image_align\":\"left\",\"image_grid_breakpoint\":\"m\",\"image_grid_width\":\"1-2\",\"image_svg_color\":\"emphasis\",\"link_style\":\"default\",\"link_text\":\"Read more\",\"margin\":\"default\",\"meta_align\":\"below-title\",\"meta_element\":\"div\",\"meta_style\":\"text-meta\",\"title\":\"Das Team\",\"title_align\":\"top\",\"title_element\":\"h3\",\"title_en_us\":\"The Team\",\"title_grid_breakpoint\":\"m\",\"title_grid_width\":\"1-2\",\"title_hover_style\":\"reset\"}},{\"type\":\"fragment\",\"props\":{\"margin\":\"default\",\"position_bottom\":\"-50\",\"position_left\":\"-190\"},\"children\":[{\"type\":\"row\",\"children\":[{\"type\":\"column\",\"props\":{\"image_position\":\"center-center\",\"position_sticky_breakpoint\":\"m\"}}]}]},{\"type\":\"button\",\"props\":{\"grid_column_gap\":\"\",\"grid_row_gap\":\"small\",\"margin\":\"default\"},\"children\":[{\"type\":\"button_item\",\"props\":{\"button_style\":\"text\",\"content\":\"Profil\",\"content_en_us\":\"Profile\",\"icon_align\":\"left\",\"link\":\"buero\\\/\",\"link_en_us\":\"https:\\\/\\\/www.turkali-architekten.de\\\/en\\\/buero\\\/\"}},{\"type\":\"button_item\",\"props\":{\"button_style\":\"text\",\"content\":\"Prof. Zvonko Turkali\",\"icon_align\":\"left\",\"link\":\"buero\\\/prof-zvonko-turkali\\\/\",\"link_en_us\":\"https:\\\/\\\/www.turkali-architekten.de\\\/en\\\/buero\\\/prof-zvonko-turkali\\\/\"}}]}]}]},{\"type\":\"row\",\"props\":{\"layout\":\"1-2,1-2\"},\"children\":[{\"type\":\"column\",\"props\":{\"image_position\":\"center-center\",\"position_sticky_breakpoint\":\"m\",\"width_medium\":\"1-2\"}},{\"type\":\"column\",\"props\":{\"image_position\":\"center-center\",\"position_sticky_breakpoint\":\"m\",\"width_medium\":\"1-2\"}}]}],\"name\":\"B\\u00fcro\"}],\"version\":\"4.4.16\"} --><\/p>\n","protected":false},"excerpt":{"rendered":"<p>Das Team von Zvonko Turkali Architekten B\u00fcroleitung Dominik Loh diplomierte an der Architekturfakult\u00e4t der Technischen Universit\u00e4t in Darmstadt. Vor dem Eintritt in das B\u00fcro Zvonko Turkali Architekten im Jahr 2000 war er in verschiedenen Architekturb\u00fcros im Rhein-Main-Gebiet t\u00e4tig. Zu seinen Aufgaben geh\u00f6rt die Betreuung von Neubau- und Umbauma\u00dfnahmen \u00f6ffentlicher Geb\u00e4ude und Sonderbauten. Er h\u00e4lt Vortr\u00e4ge [&hellip;]<\/p>\n","protected":false},"author":1,"featured_media":0,"parent":16,"menu_order":78,"comment_status":"closed","ping_status":"closed","template":"","meta":{"footnotes":""},"class_list":["post-110","page","type-page","status-publish","hentry"],"_links":{"self":[{"href":"https:\/\/www.turkali-architekten.de\/en\/wp-json\/wp\/v2\/pages\/110","targetHints":{"allow":["GET"]}}],"collection":[{"href":"https:\/\/www.turkali-architekten.de\/en\/wp-json\/wp\/v2\/pages"}],"about":[{"href":"https:\/\/www.turkali-architekten.de\/en\/wp-json\/wp\/v2\/types\/page"}],"author":[{"embeddable":true,"href":"https:\/\/www.turkali-architekten.de\/en\/wp-json\/wp\/v2\/users\/1"}],"replies":[{"embeddable":true,"href":"https:\/\/www.turkali-architekten.de\/en\/wp-json\/wp\/v2\/comments?post=110"}],"version-history":[{"count":98,"href":"https:\/\/www.turkali-architekten.de\/en\/wp-json\/wp\/v2\/pages\/110\/revisions"}],"predecessor-version":[{"id":7393,"href":"https:\/\/www.turkali-architekten.de\/en\/wp-json\/wp\/v2\/pages\/110\/revisions\/7393"}],"up":[{"embeddable":true,"href":"https:\/\/www.turkali-architekten.de\/en\/wp-json\/wp\/v2\/pages\/16"}],"wp:attachment":[{"href":"https:\/\/www.turkali-architekten.de\/en\/wp-json\/wp\/v2\/media?parent=110"}],"curies":[{"name":"wp","href":"https:\/\/api.w.org\/{rel}","templated":true}]}}