{"id":1079,"date":"2024-02-20T12:45:48","date_gmt":"2024-02-20T11:45:48","guid":{"rendered":"http:\/\/s992978995.online.de\/?page_id=1079"},"modified":"2026-03-12T12:45:07","modified_gmt":"2026-03-12T11:45:07","slug":"aktuelles","status":"publish","type":"page","link":"https:\/\/www.turkali-architekten.de\/en\/aktuelles\/","title":{"rendered":"Aktuelles"},"content":{"rendered":"<h1>Aktuelles<\/h1>\n<p><p>\n        <a href=\"\/presse\/\">Presse<\/a>\n    <\/p>\n<\/p>\n<h1>2026<\/h1>\n<div>\n<h3>01.02.2026<\/h3>\n<p><a href=\"\/index.php?page_id=7345&amp;preview=true&amp;lang=de\">Zentrum St. Nicolai feierlich er\u00f6ffnet<\/a><\/p>\n<\/div>\n<h1>\n<p>2025<\/h1>\n<ul>\n<li>\n<h3>30.10.2025<\/h3>\n<p><a href=\"\/aktuelles\/architekturquartett-ludwigsburg\/\"> Architekturvermittlung im Fokus<\/a><\/p>\n<\/li>\n<li>\n<h3>03.09.2025<\/h3>\n<p><a href=\"\/aktuelles\/03-09-25-solitaere-ueberzeugen\/\">Solit\u00e4re \u00fcberzeugen<\/a><\/p>\n<\/li>\n<li>\n<h3>31.07.2025<\/h3>\n<p><a href=\"\/de\/aktuelles\/wettbewerb-studierendenwohnheim-ginnheimer-landstrasse\">3. Platz im Wettbewerb f\u00fcr Studierendenwohnheim<\/a><\/p>\n<\/li>\n<li>\n<h3>06.06.2025<\/h3>\n<p><a href=\"https:\/\/www.turkali-architekten.de\/aktuelles\/06-06-2025-frankfurter-denkmalforum-mit-plaenen\/\">Frankfurter Denkmalforum mit Pl\u00e4nen<\/a><\/p>\n<\/li>\n<li>\n<h3>03.04.2025<\/h3>\n<p><a href=\"\/de\/aktuelles\/juedische-akademie-frankfurt-schabbat-modus\/\">J\u00fcdische Akademie Frankfurt im Schabbat-Modus<\/a><\/p>\n<\/li>\n<li>\n<h3>03.03.2025<\/h3>\n<p><a href=\"https:\/\/www.turkali-architekten.de\/aktuelles\/10-03-2025-kronsrode-quartier-bezugsfertig\/\">Kronsrode Areal bezugsfertig<\/a><\/p>\n<\/li>\n<li>\n<h3>21.02.2025<\/h3>\n<p><a href=\"https:\/\/www.turkali-architekten.de\/aktuelles\/21-02-2025-zentrum-st-nicolai-vor-fertigstellung\/\">Zentrum St. Nicolai vor Fertigstellung<\/a><\/p>\n<\/li>\n<li>\n<h3>13.01.2025<\/h3>\n<p><a href=\"https:\/\/www.turkali-architekten.de\/aktuelles\/16-12-2024-mit-trax-on-tracks\/\">Mit TRAX on track<\/a><\/p>\n<\/li>\n<\/ul>\n<h1>2024<\/h1>\n<ul>\n<li>\n<h3>16.12.2024<\/h3>\n<p><a href=\"\/aktuelles\/16-12-2024-vertrauensbildende-massnahme\/\">Vertrauensbildende Massnahme<\/a><\/p>\n<\/li>\n<li>\n<h3>28.11.2024  <\/h3>\n<p><a href=\"\/aktuelles\/28-11-2024-vive-larchitecture\/\"><\/p>\n<p>Vive l&#8217;architecture<\/p>\n<p><\/a><\/p>\n<\/li>\n<li>\n<h3>29.10.2024 <\/h3>\n<p><a href=\"\/aktuelles\/29-10-2024-doppelter-geburtstag-fuer-denkmalschutz-hessen\/\"><\/p>\n<p>Doppelter Geburtstag f\u00fcr Denkmalschutz in Hessen<\/p>\n<p><\/a><\/p>\n<\/li>\n<li>\n<h3>25.09.2024<\/h3>\n<p><a href=\"\/de\/aktuelles\/juedische-akademie-frankfurt-richtfest\/\"><\/p>\n<p>Richtfest J\u00fcdische Akademie Frankfurt<\/p>\n<p><\/a><\/p>\n<\/li>\n<li>\n<h3>15.08.2024 <\/h3>\n<p><a href=\"\/aktuelles\/15-08-2024-webseite-frankfurter-denkmalforum\/\">Neue Webseite Frankfurter Denkmalforum<\/a><\/p>\n<\/li>\n<li>\n<h3>27.05.2024<\/h3>\n<p><a href=\"\/de\/aktuelles\/20-jahre-cafe-siesmayer\">Eine Frankfurter Institution: 20 Jahre Caf\u00e9 Siesmayer<\/a><\/p>\n<\/li>\n<li>\n<h3>05.02.2024<\/h3>\n<p><a href=\"\/aktuelles\/05-02-2024\/\">Ausstellungser\u00f6ffnung \u201eGro\u00dfe H\u00e4user, kleine H\u00e4user \u2013 Ausgezeichnete Architektur in Hessen 2018\u20132023\u201c in die Kunsthalle Darmstadt<\/a><\/p>\n<\/li>\n<\/ul>\n<p><p>\n        <a href=\"https:\/\/www.turkali-architekten.de\/de\/aktuelles-archiv\/\">Archiv<\/a>\n    <\/p>\n<\/p>\n<p><!--more--><br \/>\n<!-- {\"type\":\"layout\",\"children\":[{\"type\":\"section\",\"props\":{\"image_position\":\"center-center\",\"style\":\"default\",\"title_breakpoint\":\"xl\",\"title_position\":\"top-left\",\"title_rotation\":\"left\",\"vertical_align\":\"\",\"width\":\"default\"},\"children\":[{\"type\":\"row\",\"props\":{\"layout\":\"1-2,1-2\"},\"children\":[{\"type\":\"column\",\"props\":{\"image_position\":\"center-center\",\"position_sticky_breakpoint\":\"m\",\"width_medium\":\"1-2\"},\"children\":[{\"type\":\"headline\",\"props\":{\"content\":\"Aktuelles\",\"content_en_us\":\"News\",\"image_align\":\"left\",\"image_margin\":\"xsmall\",\"title_element\":\"h1\"},\"name\":\"headline\"},{\"type\":\"button\",\"props\":{\"css\":\".el-item {\\nmargin:0 0;\\npadding-left:none;\\ntext-align:left !important;\\n}\\n\\n.el-content {\\ntext-align:left !important;\\n}\",\"fullwidth\":true,\"grid_column_gap\":\"\",\"grid_row_gap\":\"small\",\"margin_bottom\":\"default\",\"margin_top\":\"default\",\"text_align\":\"left\"},\"children\":[{\"type\":\"button_item\",\"props\":{\"button_style\":\"text\",\"content\":\"Presse\",\"content_en_us\":\"press\",\"dialog_layout\":\"modal\",\"dialog_offcanvas_flip\":true,\"icon_align\":\"left\",\"link\":\"presse\/\",\"link_en_us\":\"en\/presse\/\"}}],\"name\":\"Button-Kategorien\"}]},{\"type\":\"column\",\"props\":{\"image_position\":\"center-center\",\"position_sticky_breakpoint\":\"m\",\"width_medium\":\"1-2\"}}]}],\"name\":\"grid-wechsel1_projekte\"},{\"type\":\"section\",\"props\":{\"css\":\"  .el-section {\\n\\tpadding:128px 0px;\\n\\t}\\n\\n@media only screen and (max-width: 600px) {\\n  .el-section {\\n\\tpadding:20px 0px;\\n\\t}\\n}\",\"height\":\"page\",\"image_position\":\"center-center\",\"style\":\"default\",\"title_breakpoint\":\"xl\",\"title_position\":\"top-left\",\"title_rotation\":\"left\",\"vertical_align\":\"\",\"width\":\"default\"},\"children\":[{\"type\":\"row\",\"props\":{\"layout\":\"1-2,1-2\"},\"children\":[{\"type\":\"column\",\"props\":{\"image_position\":\"center-center\",\"position_sticky_breakpoint\":\"m\",\"width_medium\":\"1-2\"},\"children\":[{\"type\":\"headline\",\"props\":{\"content\":\"2026\",\"image_align\":\"left\",\"image_margin\":\"xsmall\",\"margin_bottom\":\"small\",\"margin_top\":\"small\",\"title_element\":\"h1\"}},{\"type\":\"description_list\",\"props\":{\"column_breakpoint\":\"m\",\"css\":\".el-title, .el-content {\\nfont-size:15px;\\ncolor:#000;\\n}\\n\\n.el-item {\\nborder-bottom:solid 1px #00000055;\\npadding: 10px 0px 18px 0px;\\n}\\n\\n.el-element:last-child .el-item:last-child {\\n    border-bottom: solid 0px #000 !important;\\n}\",\"layout\":\"grid-2\",\"list_element\":\"ul\",\"margin_top\":\"remove\",\"meta_align\":\"below-content\",\"meta_style\":\"text-meta\",\"show_content\":true,\"show_link\":true,\"show_meta\":true,\"show_title\":true,\"title_element\":\"div\",\"title_grid_column_gap\":\"small\",\"title_grid_row_gap\":\"small\",\"title_grid_width\":\"auto\"},\"name\":\"2026_desc\",\"children\":[{\"type\":\"description_list_item\",\"props\":{\"content\":\"Zentrum St. Nicolai feierlich er\u00f6ffnet\",\"content_en_us\":\"Ceremonial Opening of the St. Nicolai Parish Center\",\"link\":\"index.php?page_id=7345&preview=true&lang=de\",\"link_target\":false,\"title\":\"01.02.2026\"}}]},{\"type\":\"headline\",\"props\":{\"content\":\"<br \/>\\n<br \/>\\n2025\",\"image_align\":\"left\",\"image_margin\":\"xsmall\",\"margin_bottom\":\"small\",\"margin_top\":\"small\",\"title_element\":\"h1\"}},{\"type\":\"description_list\",\"props\":{\"column_breakpoint\":\"m\",\"css\":\".el-title, .el-content {\\nfont-size:15px;\\ncolor:#000;\\n}\\n\\n.el-item {\\nborder-bottom:solid 1px #00000055;\\npadding: 10px 0px 18px 0px;\\n}\\n\\n.el-element:last-child .el-item:last-child {\\n    border-bottom: solid 0px #000 !important;\\n}\",\"layout\":\"grid-2\",\"list_element\":\"ul\",\"margin_top\":\"remove\",\"meta_align\":\"below-content\",\"meta_style\":\"text-meta\",\"show_content\":true,\"show_link\":true,\"show_meta\":true,\"show_title\":true,\"title_element\":\"div\",\"title_grid_column_gap\":\"small\",\"title_grid_row_gap\":\"small\",\"title_grid_width\":\"auto\"},\"name\":\"2025_desc\",\"children\":[{\"type\":\"description_list_item\",\"props\":{\"content\":\" Architekturvermittlung im Fokus\",\"content_en_us\":\"Prof. Zvonko Turkali at the 49th Architekturquartett Ludwigsburg\",\"link\":\"aktuelles\/architekturquartett-ludwigsburg\/\",\"link_en_us\":\"https:\/\/www.turkali-architekten.de\/en\/aktuelles\/architekturquartett-ludwigsburg\/\",\"link_target\":false,\"title\":\"30.10.2025\"}},{\"type\":\"description_list_item\",\"props\":{\"content\":\"Solit\u00e4re \u00fcberzeugen\",\"content_en_us\":\"\n\n<p>Solitaires that convince<\/p>\n\n\",\"link\":\"aktuelles\/03-09-25-solitaere-ueberzeugen\/\",\"link_en_us\":\"https:\/\/www.turkali-architekten.de\/en\/aktuelles\/03-09-25-solitaere-ueberzeugen\/\",\"link_target\":true,\"title\":\"03.09.2025\",\"title_en_us\":\"03.09.2025\"}},{\"type\":\"description_list_item\",\"props\":{\"content\":\"3. Platz im Wettbewerb f\u00fcr Studierendenwohnheim\",\"content_en_us\":\"3rd place in the competition for student housing\",\"link\":\"de\/aktuelles\/wettbewerb-studierendenwohnheim-ginnheimer-landstrasse\",\"link_en_us\":\"en\/aktuelles\/wettbewerb-studierendenwohnheim-ginnheimer-landstrasse\",\"link_target\":true,\"title\":\"31.07.2025\",\"title_en_us\":\"31.07.2025\"}},{\"type\":\"description_list_item\",\"props\":{\"content\":\"Frankfurter Denkmalforum mit Pl\u00e4nen\",\"content_en_us\":\"\n\n<p>Frankfurter Denkmalforum with plans<\/p>\n\n\",\"link\":\"https:\/\/www.turkali-architekten.de\/aktuelles\/06-06-2025-frankfurter-denkmalforum-mit-plaenen\/\",\"link_en_us\":\"https:\/\/www.turkali-architekten.de\/en\/aktuelles\/06-06-2025-frankfurter-denkmalforum-mit-plaenen\/\",\"title\":\"06.06.2025\",\"title_en_us\":\"06.06.2025\"}},{\"type\":\"description_list_item\",\"props\":{\"content\":\"J\u00fcdische Akademie Frankfurt im Schabbat-Modus\",\"content_en_us\":\"\n\n<p>Jewish Academy Frankfurt in shabbat mode<\/p>\n\n\",\"link\":\"de\/aktuelles\/juedische-akademie-frankfurt-schabbat-modus\/\",\"link_en_us\":\"en\/aktuelles\/juedische-akademie-frankfurt-schabbat-modus\/\",\"meta\":\"\",\"title\":\"03.04.2025\",\"title_en_us\":\"03.04.2025 \"}},{\"type\":\"description_list_item\",\"props\":{\"content\":\"Kronsrode Areal bezugsfertig\",\"content_en_us\":\"\n\n<p>Kronsrode area ready for occupancy<\/p>\n\n\",\"link\":\"https:\/\/www.turkali-architekten.de\/aktuelles\/10-03-2025-kronsrode-quartier-bezugsfertig\/\",\"link_en_us\":\"https:\/\/www.turkali-architekten.de\/en\/aktuelles\/10-03-2025-kronsrode-quartier-bezugsfertig\/\",\"title\":\"03.03.2025\",\"title_en_us\":\"03.03.2025\"}},{\"type\":\"description_list_item\",\"props\":{\"content\":\"Zentrum St. Nicolai vor Fertigstellung\",\"content_en_us\":\"\n\n<p>St. Nicolai center before completion<\/p>\n\n\",\"link\":\"https:\/\/www.turkali-architekten.de\/aktuelles\/21-02-2025-zentrum-st-nicolai-vor-fertigstellung\/\",\"link_en_us\":\"https:\/\/www.turkali-architekten.de\/en\/aktuelles\/21-02-2025-zentrum-st-nicolai-vor-fertigstellung\/\",\"title\":\"21.02.2025\"}},{\"type\":\"description_list_item\",\"props\":{\"content\":\"Mit TRAX on track\",\"content_en_us\":\"\n\n<p>On tracks with TRAX<\/p>\n\n\",\"link\":\"https:\/\/www.turkali-architekten.de\/aktuelles\/16-12-2024-mit-trax-on-tracks\/\",\"link_en_us\":\"https:\/\/www.turkali-architekten.de\/en\/aktuelles\/16-12-2024-mit-trax-on-tracks\/\",\"meta\":\"\",\"title\":\"13.01.2025\",\"title_en_us\":\"13.01.2025\"}}]}]},{\"type\":\"column\",\"props\":{\"image_position\":\"center-center\",\"position_sticky_breakpoint\":\"m\",\"width_medium\":\"1-2\"}}]},{\"type\":\"row\",\"props\":{\"layout\":\"1-2,1-2\"},\"children\":[{\"type\":\"column\",\"props\":{\"image_position\":\"center-center\",\"position_sticky_breakpoint\":\"m\",\"width_medium\":\"1-2\"},\"children\":[{\"type\":\"headline\",\"props\":{\"content\":\"2024\",\"image_align\":\"left\",\"image_margin\":\"xsmall\",\"margin_bottom\":\"small\",\"margin_top\":\"small\",\"title_element\":\"h1\"}},{\"type\":\"description_list\",\"props\":{\"column_breakpoint\":\"m\",\"css\":\".el-title, .el-content {\\nfont-size:15px;\\ncolor:#000;\\n}\\n\\n.el-item {\\nborder-bottom:solid 1px #00000055;\\npadding: 10px 0px 18px 0px;\\n}\\n\\n.el-element:last-child .el-item:last-child {\\n    border-bottom: solid 0px #000 !important;\\n}\",\"layout\":\"grid-2\",\"list_element\":\"ul\",\"margin_top\":\"remove\",\"meta_align\":\"below-content\",\"meta_style\":\"text-meta\",\"show_content\":true,\"show_link\":true,\"show_meta\":true,\"show_title\":true,\"title_element\":\"div\",\"title_grid_column_gap\":\"small\",\"title_grid_row_gap\":\"small\",\"title_grid_width\":\"auto\"},\"children\":[{\"type\":\"description_list_item\",\"props\":{\"content\":\"Vertrauensbildende Massnahme\",\"content_en_us\":\"Trust building measure\",\"link\":\"aktuelles\/16-12-2024-vertrauensbildende-massnahme\/\",\"link_en_us\":\"https:\/\/www.turkali-architekten.de\/en\/aktuelles\/16-12-2024-vertrauensbildende-massnahme\/\",\"title\":\"16.12.2024\",\"title_en_us\":\"16.12.24\"}},{\"type\":\"description_list_item\",\"props\":{\"content\":\"\n\n<p>Vive l'architecture<\/p>\n\n\",\"content_en_us\":\"\n\n<p>Vive l'architecture<\/p>\n\n\",\"link\":\"aktuelles\/28-11-2024-vive-larchitecture\/\",\"link_en_us\":\"https:\/\/www.turkali-architekten.de\/en\/aktuelles\/28-11-2024-vive-larchitecture\/\",\"title\":\"28.11.2024  \",\"title_en_us\":\"28.11.2024\"}},{\"type\":\"description_list_item\",\"props\":{\"content\":\"\n\n<p>Doppelter Geburtstag f\u00fcr Denkmalschutz in Hessen<\/p>\n\n\",\"content_en_us\":\"\n\n<p>Double birthday for monument protection in Hesse<\/p>\n\n\",\"link\":\"aktuelles\/29-10-2024-doppelter-geburtstag-fuer-denkmalschutz-hessen\/\",\"link_en_us\":\"en\/aktuelles\/29-10-2024-doppelter-geburtstag-fuer-denkmalschutz-hessen\/\",\"meta\":\"\",\"title\":\"29.10.2024 \",\"title_en_us\":\"29.10.2024 \"}},{\"type\":\"description_list_item\",\"props\":{\"content\":\"\n\n<p>Richtfest J\u00fcdische Akademie Frankfurt<\/p>\n\n\",\"content_en_us\":\"\n\n<p>Topping-out ceremony Jewish Academy Frankfurt<\/p>\n\n\",\"link\":\"de\/aktuelles\/juedische-akademie-frankfurt-richtfest\/\",\"link_en_us\":\"en\/aktuelles\/juedische-akademie-frankfurt-richtfest\/\",\"title\":\"25.09.2024\",\"title_en_us\":\"25.09.2024\"}},{\"type\":\"description_list_item\",\"props\":{\"content\":\"Neue Webseite Frankfurter Denkmalforum\",\"content_en_us\":\"\n\n<p>New webpage Frankfurter Denkmalforum<\/p>\n\n\",\"link\":\"aktuelles\/15-08-2024-webseite-frankfurter-denkmalforum\/\",\"link_en_us\":\"en\/aktuelles\/15-08-2024-webseite-frankfurter-denkmalforum\/\",\"title\":\"15.08.2024 \"}},{\"type\":\"description_list_item\",\"props\":{\"content\":\"Eine Frankfurter Institution: 20 Jahre Caf\u00e9 Siesmayer\",\"content_en_us\":\"\n\n<p>A Frankfurt institution: 20 years of Caf\u00e9 Siesmayer<\/p>\n\n\",\"link\":\"de\/aktuelles\/20-jahre-cafe-siesmayer\",\"link_en_us\":\"en\/aktuelles\/20-jahre-cafe-siesmayer\",\"title\":\"27.05.2024\"}},{\"type\":\"description_list_item\",\"props\":{\"content\":\"Ausstellungser\u00f6ffnung \u201eGro\u00dfe H\u00e4user, kleine H\u00e4user \u2013 Ausgezeichnete Architektur in Hessen 2018\u20132023\u201c in die Kunsthalle Darmstadt\",\"content_en_us\":\"Opening of the exhibition \\\"Big Houses, Small Houses \u2013 Award-winning Architecture in Hesse 2018-2023\\\" at the Kunsthalle Darmstadt\",\"link\":\"aktuelles\/05-02-2024\/\",\"link_en_us\":\"en\/aktuelles\/05-02-2024\/\",\"title\":\"05.02.2024\",\"title_en_us\":\"05.02.2024\"}}],\"name\":\"2024_desc\"}]},{\"type\":\"column\",\"props\":{\"image_position\":\"center-center\",\"position_sticky_breakpoint\":\"m\",\"width_medium\":\"1-2\"}}]},{\"type\":\"row\",\"props\":{\"layout\":\"1-2,1-2\"},\"children\":[{\"type\":\"column\",\"props\":{\"image_position\":\"center-center\",\"position_sticky_breakpoint\":\"m\",\"width_medium\":\"1-2\"},\"children\":[{\"type\":\"button\",\"props\":{\"grid_column_gap\":\"\",\"grid_row_gap\":\"small\",\"margin_bottom\":\"default\",\"margin_top\":\"default\"},\"children\":[{\"type\":\"button_item\",\"props\":{\"button_style\":\"text\",\"content\":\"Archiv\",\"content_en_us\":\"Archive\",\"dialog_layout\":\"modal\",\"dialog_offcanvas_flip\":true,\"icon_align\":\"left\",\"link\":\"https:\/\/www.turkali-architekten.de\/de\/aktuelles-archiv\/\",\"link_en_us\":\"https:\/\/www.turkali-architekten.de\/en\/aktuelles-archiv\/\",\"link_title\":\"Archiv\"}}],\"name\":\"Button\"}]},{\"type\":\"column\",\"props\":{\"image_position\":\"center-center\",\"position_sticky_breakpoint\":\"m\",\"width_medium\":\"1-2\"}}]}],\"name\":\"Aktuelles\"}],\"version\":\"5.0.15\"} --><\/p>\n","protected":false},"excerpt":{"rendered":"<p>Aktuelles Presse 2026 01.02.2026 Zentrum St. Nicolai feierlich er\u00f6ffnet 2025 30.10.2025 Architekturvermittlung im Fokus 03.09.2025 Solit\u00e4re \u00fcberzeugen 31.07.2025 3. Platz im Wettbewerb f\u00fcr Studierendenwohnheim 06.06.2025 Frankfurter Denkmalforum mit Pl\u00e4nen 03.04.2025 J\u00fcdische Akademie Frankfurt im Schabbat-Modus 03.03.2025 Kronsrode Areal bezugsfertig 21.02.2025 Zentrum St. Nicolai vor Fertigstellung 13.01.2025 Mit TRAX on track 2024 16.12.2024 Vertrauensbildende Massnahme 28.11.2024 [&hellip;]<\/p>\n","protected":false},"author":1,"featured_media":0,"parent":0,"menu_order":41,"comment_status":"closed","ping_status":"closed","template":"","meta":{"footnotes":""},"class_list":["post-1079","page","type-page","status-publish","hentry"],"_links":{"self":[{"href":"https:\/\/www.turkali-architekten.de\/en\/wp-json\/wp\/v2\/pages\/1079","targetHints":{"allow":["GET"]}}],"collection":[{"href":"https:\/\/www.turkali-architekten.de\/en\/wp-json\/wp\/v2\/pages"}],"about":[{"href":"https:\/\/www.turkali-architekten.de\/en\/wp-json\/wp\/v2\/types\/page"}],"author":[{"embeddable":true,"href":"https:\/\/www.turkali-architekten.de\/en\/wp-json\/wp\/v2\/users\/1"}],"replies":[{"embeddable":true,"href":"https:\/\/www.turkali-architekten.de\/en\/wp-json\/wp\/v2\/comments?post=1079"}],"version-history":[{"count":340,"href":"https:\/\/www.turkali-architekten.de\/en\/wp-json\/wp\/v2\/pages\/1079\/revisions"}],"predecessor-version":[{"id":7933,"href":"https:\/\/www.turkali-architekten.de\/en\/wp-json\/wp\/v2\/pages\/1079\/revisions\/7933"}],"wp:attachment":[{"href":"https:\/\/www.turkali-architekten.de\/en\/wp-json\/wp\/v2\/media?parent=1079"}],"curies":[{"name":"wp","href":"https:\/\/api.w.org\/{rel}","templated":true}]}}