{"id":77,"date":"2024-01-23T18:58:34","date_gmt":"2024-01-23T17:58:34","guid":{"rendered":"http:\/\/s992978995.online.de\/?page_id=77"},"modified":"2024-12-05T16:00:23","modified_gmt":"2024-12-05T15:00:23","slug":"impressum","status":"publish","type":"page","link":"https:\/\/www.turkali-architekten.de\/de\/impressum\/","title":{"rendered":"Impressum"},"content":{"rendered":"<h1>Impressum<\/h1>\n<div>\n<p class=\"bodytext\" style=\"font-weight: 400;\"><b>Zvonko Turkali Architekten<br \/><\/b>Professor Zvonko Turkali Architekt BDA\u00a0<\/p>\n<p class=\"bodytext\">Kettenhofweg 14-16<br \/>60325 Frankfurt am Main<\/p>\n<p>Telefon: +49 69 970 975 19 &#8211; 0<br \/>Telefax: +49 69 970 975 19 &#8211; 9<\/p>\n<p class=\"bodytext\">E-Mail: office@turkali-architekten.de<\/p>\n<p class=\"bodytext\">\n<p class=\"bodytext\">Prof. Zvonko Turkali<br \/>Dipl.-Ing. M.Arch. Architekt BDA<\/p>\n<p class=\"bodytext\">Mitglied der Architekten- und Stadtplanerkammer Hessen, Kammernummer 9960<\/p>\n<p class=\"bodytext\">\n<p class=\"bodytext\">Steuernummer: 01487562053<\/p>\n<p class=\"bodytext\">\n<p class=\"bodytext\">Haftungshinweis: Trotz sorgf\u00e4ltiger inhaltlicher Kontrolle \u00fcbernehmen wir keine Haftung f\u00fcr die Inhalte externer Links.<br \/>F\u00fcr den Inhalt der verlinkten Seiten sind ausschlie\u00dflich deren Betreiber verantwortlich.<\/p>\n<\/div>\n<div><strong>Webdesign &amp; Umsetzung:<\/strong><br \/>Unkreativ Design<br \/>Sascha Grabau<br \/><a href=\"https:\/\/www.unkreativ-design.de\" target=\"_blank\" rel=\"noopener\">www.unkreativ-design.de<\/a><\/p>\n<\/div>\n<p><!--more--><br \/>\n<!-- {\"type\":\"layout\",\"children\":[{\"type\":\"section\",\"props\":{\"css\":\"  .el-section {\\n\\tpadding:128px 0px;\\n\\t}\\n\\n@media only screen and (max-width: 600px) {\\n  .el-section {\\n\\tpadding:20px 0px;\\n\\t}\\n}\",\"image_position\":\"center-center\",\"padding_remove_top\":false,\"style\":\"default\",\"title_breakpoint\":\"xl\",\"title_position\":\"top-left\",\"title_rotation\":\"left\",\"vertical_align\":\"\",\"width\":\"default\"},\"children\":[{\"type\":\"row\",\"props\":{\"layout\":\"1-2,1-2\"},\"children\":[{\"type\":\"column\",\"props\":{\"css\":\".el-column {\\npadding-right:35px;\\n}\",\"image_position\":\"center-center\",\"position_sticky_breakpoint\":\"m\",\"width_medium\":\"1-2\"},\"children\":[{\"type\":\"headline\",\"props\":{\"content\":\"Impressum\",\"title_element\":\"h1\"}},{\"type\":\"text\",\"props\":{\"column_breakpoint\":\"m\",\"content\":\"\n\n<p class=\\\"bodytext\\\" style=\\\"font-weight: 400;\\\"><b>Zvonko Turkali Architekten<br \\\/><\\\/b>Professor Zvonko Turkali Architekt BDA\\u00a0<\\\/p>\\n\n\n<p class=\\\"bodytext\\\">Kettenhofweg 14-16<br \\\/>60325 Frankfurt am Main<br \\\/><br \\\/>Telefon: +49 69 970 975 19 - 0<br \\\/>Telefax: +49 69 970 975 19 - 9<\\\/p>\\n\n\n<p class=\\\"bodytext\\\">E-Mail: office@turkali-architekten.de<\\\/p>\\n\n\n<p class=\\\"bodytext\\\"><\\\/p>\\n\n\n<p class=\\\"bodytext\\\">Prof. Zvonko Turkali<br \\\/>Dipl.-Ing. M.Arch. Architekt BDA<\\\/p>\\n\n\n<p class=\\\"bodytext\\\">Mitglied der Architekten- und Stadtplanerkammer Hessen, Kammernummer 9960<\\\/p>\\n\n\n<p class=\\\"bodytext\\\"><\\\/p>\\n\n\n<p class=\\\"bodytext\\\">Steuernummer: 01487562053<\\\/p>\\n\n\n<p class=\\\"bodytext\\\"><\\\/p>\\n\n\n<p class=\\\"bodytext\\\">Haftungshinweis: Trotz sorgf\\u00e4ltiger inhaltlicher Kontrolle \\u00fcbernehmen wir keine Haftung f\\u00fcr die Inhalte externer Links.<br \\\/>F\\u00fcr den Inhalt der verlinkten Seiten sind ausschlie\\u00dflich deren Betreiber verantwortlich.<\\\/p>\",\"css\":\".el-element {\\nfont-size:15px;\\nline-height:25px;\\n}\",\"margin\":\"default\"}},{\"type\":\"text\",\"props\":{\"column_breakpoint\":\"m\",\"content\":\"<strong>Webdesign &amp; Umsetzung:<\\\/strong><br \\\/>Unkreativ Design<br \\\/>Sascha Grabau<br \\\/><a href=\\\"https:\\\/\\\/www.unkreativ-design.de\\\">www.unkreativ-design.de<\\\/a><br \\\/><br \\\/>\",\"css\":\".el-element {\\nfont-size:15px;\\nline-height:25px;\\ncolor:#000;\\npadding-top:30px;\\n}\",\"margin\":\"default\"}}]},{\"type\":\"column\",\"props\":{\"image_position\":\"center-center\",\"position_sticky_breakpoint\":\"m\",\"width_medium\":\"1-2\"}}]}],\"name\":\"Header-Section-Start\"}],\"version\":\"4.4.7\"} --><\/p>\n","protected":false},"excerpt":{"rendered":"<p>Impressum Zvonko Turkali ArchitektenProfessor Zvonko Turkali Architekt BDA\u00a0 Kettenhofweg 14-1660325 Frankfurt am Main Telefon: +49 69 970 975 19 &#8211; 0Telefax: +49 69 970 975 19 &#8211; 9 E-Mail: office@turkali-architekten.de Prof. Zvonko TurkaliDipl.-Ing. M.Arch. Architekt BDA Mitglied der Architekten- und Stadtplanerkammer Hessen, Kammernummer 9960 Steuernummer: 01487562053 Haftungshinweis: Trotz sorgf\u00e4ltiger inhaltlicher Kontrolle \u00fcbernehmen wir keine Haftung [&hellip;]<\/p>\n","protected":false},"author":1,"featured_media":0,"parent":0,"menu_order":82,"comment_status":"closed","ping_status":"closed","template":"","meta":{"footnotes":""},"class_list":["post-77","page","type-page","status-publish","hentry"],"_links":{"self":[{"href":"https:\/\/www.turkali-architekten.de\/de\/wp-json\/wp\/v2\/pages\/77","targetHints":{"allow":["GET"]}}],"collection":[{"href":"https:\/\/www.turkali-architekten.de\/de\/wp-json\/wp\/v2\/pages"}],"about":[{"href":"https:\/\/www.turkali-architekten.de\/de\/wp-json\/wp\/v2\/types\/page"}],"author":[{"embeddable":true,"href":"https:\/\/www.turkali-architekten.de\/de\/wp-json\/wp\/v2\/users\/1"}],"replies":[{"embeddable":true,"href":"https:\/\/www.turkali-architekten.de\/de\/wp-json\/wp\/v2\/comments?post=77"}],"version-history":[{"count":11,"href":"https:\/\/www.turkali-architekten.de\/de\/wp-json\/wp\/v2\/pages\/77\/revisions"}],"predecessor-version":[{"id":6254,"href":"https:\/\/www.turkali-architekten.de\/de\/wp-json\/wp\/v2\/pages\/77\/revisions\/6254"}],"wp:attachment":[{"href":"https:\/\/www.turkali-architekten.de\/de\/wp-json\/wp\/v2\/media?parent=77"}],"curies":[{"name":"wp","href":"https:\/\/api.w.org\/{rel}","templated":true}]}}