{"id":7293,"date":"2026-01-12T18:09:59","date_gmt":"2026-01-12T17:09:59","guid":{"rendered":"https:\/\/www.turkali-architekten.de\/?page_id=7293"},"modified":"2026-03-12T11:18:01","modified_gmt":"2026-03-12T10:18:01","slug":"architekturquartett-ludwigsburg","status":"publish","type":"page","link":"https:\/\/www.turkali-architekten.de\/de\/aktuelles\/architekturquartett-ludwigsburg\/","title":{"rendered":"30.10.20256 &#8211; Architekturquartett Ludwigsburg"},"content":{"rendered":"<div>30.10.2026<\/div>\n<h1><strong> Prof. Zvonko Turkali beim 49. Architekturquartett Ludwigsburg<\/strong><\/h1>\n<div>\n<p>Das <strong>49. Architekturquartett Ludwigsburg<\/strong> am <strong>30. Oktober 2025<\/strong> zeigte erneut, wie wichtig \u00f6ffentliche Diskussionsformate f\u00fcr die Vermittlung zeitgen\u00f6ssischer Architektur sind. Als Podiumsgast war Prof. <span><strong>Zvonko Turkali<\/strong><\/span> als eingeladener Experte Teil der renommierten Veranstaltung, die erneut zahlreiche Architekturinteressierte in die Musikhalle Ludwigsburg zog.<\/p>\n<p>Das Architekturquartett Ludwigsburg wird seit <strong>1998<\/strong> zweimal j\u00e4hrlich ausgerichtet und gilt als erstes Veranstaltungsformat dieser Art, das sp\u00e4ter in vielen weiteren St\u00e4dten aufgegriffen wurde. Die Reihe versteht sich als \u00f6ffentliche und publikumswirksame Auseinandersetzung mit den Qualit\u00e4ten zeitgen\u00f6ssischer Architektur und hat zum Ziel, einer breiten \u00d6ffentlichkeit aktuelles Bauen im Raum Stuttgart n\u00e4herzubringen.<\/p>\n<p>Gemeinsam mit <strong>Amber Sayah<\/strong> (Architekturjournalistin und Mitbegr\u00fcnderin des Architekturquartetts) und <strong>Sara Dahme<\/strong> (Kunstvermittlerin und kulturpolitische Sprecherin der SPD-Fraktion Stuttgart) diskutierte Prof. Turkali aktuelle Architekturobjekte aus der Region. Im Fokus standen das <strong>Kunstgeb\u00e4ude Stuttgart<\/strong> (blocher partners), das <strong>Haus des Tourismus Stuttgart<\/strong> (asp Architekten) sowie das <strong>H\u00f6lderlinhaus N\u00fcrtingen<\/strong> (Aldinger Architekten). Die Projekte wurden dem Publikum anhand von Fotografien vorgestellt und anschlie\u00dfend kritisch eingeordnet.<\/p>\n<p>Prof. Turkali brachte dabei seine langj\u00e4hrige Erfahrung als Architekt, Professor und Mitglied von zahlreichen Gestaltungsbeir\u00e4ten in die Diskussion ein und beleuchtete die Projekte aus fachlicher und kultureller Perspektive. Die intensive Debatte verdeutlicht, wie Architekturvermittlung gelingen kann, wenn Projekte nicht nur pr\u00e4sentiert, sondern in ihren kulturellen, st\u00e4dtebaulichen und gesellschaftlichen Zusammenh\u00e4ngen verst\u00e4ndlich gemacht werden.<\/p>\n<\/p>\n<p>Fotos: Bernhard Kahrmann<\/p>\n<\/div>\n<p><img decoding=\"async\" src=\"\/wp-content\/uploads\/2026\/01\/Architekturquartett_Ludwigsburg-scaled.jpg\" alt=\"\"><\/p>\n<p><!--more--><br \/>\n<!-- {\"type\":\"layout\",\"children\":[{\"type\":\"section\",\"props\":{\"css\":\"  .el-section {\\n\\tpadding:128px 0px;\\n\\t}\\n\\n@media only screen and (max-width: 600px) {\\n  .el-section {\\n\\tpadding:20px 0px;\\n\\t}\\n}\",\"image_position\":\"center-center\",\"style\":\"default\",\"title_breakpoint\":\"xl\",\"title_position\":\"top-left\",\"title_rotation\":\"left\",\"vertical_align\":\"\",\"width\":\"default\"},\"children\":[{\"type\":\"row\",\"props\":{\"layout\":\"1-2,1-2\"},\"children\":[{\"type\":\"column\",\"props\":{\"css\":\".el-column {\\npadding-right:35px;\\n}\",\"image_position\":\"center-center\",\"position_sticky_breakpoint\":\"m\",\"width_medium\":\"1-2\"},\"children\":[{\"type\":\"text\",\"props\":{\"column_breakpoint\":\"m\",\"content\":\"30.10.2026\",\"margin_bottom\":\"default\",\"margin_top\":\"default\",\"text_style\":\"meta\"}}]},{\"type\":\"column\",\"props\":{\"image_position\":\"center-center\",\"position_sticky_breakpoint\":\"m\",\"width_medium\":\"1-2\"}}]},{\"type\":\"row\",\"props\":{\"layout\":\"1-2,1-2\"},\"children\":[{\"type\":\"column\",\"props\":{\"css\":\".el-column {\\npadding-right:35px;\\n}\",\"image_position\":\"center-center\",\"position_sticky_breakpoint\":\"m\",\"width_medium\":\"1-2\"},\"children\":[{\"type\":\"headline\",\"props\":{\"content\":\"<strong> Prof. Zvonko Turkali beim 49. Architekturquartett Ludwigsburg<\/strong>\",\"content_en_us\":\"\n\n<h1 data-id=\\\"page#0-0-0-0\\\" data-element=\\\"\\\" style=\\\"text-align: left;\\\">30.10.2025 \u2013 Prof. Zvonko Turkali at the 49th Architekturquartett Ludwigsburg<\/h1>\n\n\\n\n\n<div class=\\\"uk-panel uk-margin\\\" data-id=\\\"page#0-0-0-1\\\" data-element=\\\"\\\" id=\\\"page#0\\\"><\/div>\n\n\",\"image_align\":\"left\",\"image_margin\":\"xsmall\",\"title_element\":\"h1\"}},{\"type\":\"text\",\"props\":{\"column_breakpoint\":\"m\",\"content\":\"\n\n<p>Das <strong>49. Architekturquartett Ludwigsburg<\/strong> am <strong>30. Oktober 2025<\/strong> zeigte erneut, wie wichtig \u00f6ffentliche Diskussionsformate f\u00fcr die Vermittlung zeitgen\u00f6ssischer Architektur sind. Als Podiumsgast war Prof. <span><strong>Zvonko Turkali<\/strong><\/span> als eingeladener Experte Teil der renommierten Veranstaltung, die erneut zahlreiche Architekturinteressierte in die Musikhalle Ludwigsburg zog.<\/p>\n\n\\n\n\n<p>Das Architekturquartett Ludwigsburg wird seit <strong>1998<\/strong> zweimal j\u00e4hrlich ausgerichtet und gilt als erstes Veranstaltungsformat dieser Art, das sp\u00e4ter in vielen weiteren St\u00e4dten aufgegriffen wurde. Die Reihe versteht sich als \u00f6ffentliche und publikumswirksame Auseinandersetzung mit den Qualit\u00e4ten zeitgen\u00f6ssischer Architektur und hat zum Ziel, einer breiten \u00d6ffentlichkeit aktuelles Bauen im Raum Stuttgart n\u00e4herzubringen.<\/p>\n\n\\n\n\n<p>Gemeinsam mit <strong>Amber Sayah<\/strong> (Architekturjournalistin und Mitbegr\u00fcnderin des Architekturquartetts) und <strong>Sara Dahme<\/strong> (Kunstvermittlerin und kulturpolitische Sprecherin der SPD-Fraktion Stuttgart) diskutierte Prof. Turkali aktuelle Architekturobjekte aus der Region. Im Fokus standen das <strong>Kunstgeb\u00e4ude Stuttgart<\/strong> (blocher partners), das <strong>Haus des Tourismus Stuttgart<\/strong> (asp Architekten) sowie das <strong>H\u00f6lderlinhaus N\u00fcrtingen<\/strong> (Aldinger Architekten). Die Projekte wurden dem Publikum anhand von Fotografien vorgestellt und anschlie\u00dfend kritisch eingeordnet.<\/p>\n\n\\n\n\n<p>Prof. Turkali brachte dabei seine langj\u00e4hrige Erfahrung als Architekt, Professor und Mitglied von zahlreichen Gestaltungsbeir\u00e4ten in die Diskussion ein und beleuchtete die Projekte aus fachlicher und kultureller Perspektive. Die intensive Debatte verdeutlicht, wie Architekturvermittlung gelingen kann, wenn Projekte nicht nur pr\u00e4sentiert, sondern in ihren kulturellen, st\u00e4dtebaulichen und gesellschaftlichen Zusammenh\u00e4ngen verst\u00e4ndlich gemacht werden.<\/p>\n\n\\n\n\n\n\n\\n\n\n\n\n\\n\n\n<p>Fotos: Bernhard Kahrmann<\/p>\n\n\",\"content_en_us\":\"\n\n<div class=\\\"uk-panel uk-margin\\\" data-id=\\\"page#0-0-0-1\\\" data-element=\\\"\\\" id=\\\"page#0\\\">\\n\n\n<p><span>The 49th Architekturquartett Ludwigsburg on 30 October 2025 once again underscored the importance of public discussion formats in communicating contemporary architecture. As an invited expert, Prof. Zvonko Turkali joined the panel and contributed to the renowned event, which once more drew a large audience of architecture enthusiasts to the Musikhalle Ludwigsburg.<\/span><\/p>\n\n\\n\n\n<p><span>Held twice a year since 1998, the Architekturquartett Ludwigsburg is regarded as the first event format of its kind\u2014one that has since been adopted by many other cities. The series positions itself as a public, audience\u2011oriented engagement with the qualities of contemporary architecture and aims to introduce a broad public to current architectural developments in the Stuttgart region.<\/span><\/p>\n\n\\n\n\n<p><span>Together with Amber Sayah (architecture journalist and co\u2011founder of the Architekturquartett) and Sara Dahme (art mediator and cultural policy spokesperson for the SPD parliamentary group in Stuttgart), Prof. Turkali discussed current architectural projects from the region. The conversation focused on the Kunstgeb\u00e4ude Stuttgart (blocher partners), the Haus des Tourismus Stuttgart (asp Architekten), and the H\u00f6lderlinhaus N\u00fcrtingen (Aldinger Architekten). The projects were presented to the audience through photographs and subsequently examined in a critical dialogue.<\/span><\/p>\n\n\\n\n\n<p><span>Prof. Turkali contributed his extensive experience as an architect, professor, and member of numerous design advisory boards, offering both professional and cultural perspectives on the projects. The lively debate highlighted how architectural communication succeeds when projects are not only presented but also made comprehensible within their cultural, urban, and social contexts.<\/span><\/p>\n\n\\n\n\n<div><\/div>\n\n\\n<\/div>\n\n\\n\n\n\n\n\\n\n\n\n\n\\n\n\n<p>Photography: Bernhard Kahrmann<\/p>\n\n\",\"css\":\".el-element {\\nfont-size:15px;\\nline-height:25px;\\n}\",\"margin_bottom\":\"default\",\"margin_top\":\"default\"}}]},{\"type\":\"column\",\"props\":{\"image_position\":\"center-center\",\"position_sticky_breakpoint\":\"m\",\"width_medium\":\"1-2\"},\"children\":[{\"type\":\"image\",\"props\":{\"css\":\".el-image {\\nfilter:sepia(0.05) saturate(40%);\",\"image\":\"wp-content\/uploads\/2026\/01\/Architekturquartett_Ludwigsburg-scaled.jpg\",\"image_height\":-1,\"image_svg_color\":\"emphasis\",\"margin_bottom\":\"remove\",\"margin_top\":\"default\"}}]}]}],\"name\":\"Header-Section-Start\"}],\"version\":\"5.0.15\"} --><\/p>\n","protected":false},"excerpt":{"rendered":"<p>30.10.2026 Prof. Zvonko Turkali beim 49. Architekturquartett Ludwigsburg Das 49. Architekturquartett Ludwigsburg am 30. Oktober 2025 zeigte erneut, wie wichtig \u00f6ffentliche Diskussionsformate f\u00fcr die Vermittlung zeitgen\u00f6ssischer Architektur sind. Als Podiumsgast war Prof. Zvonko Turkali als eingeladener Experte Teil der renommierten Veranstaltung, die erneut zahlreiche Architekturinteressierte in die Musikhalle Ludwigsburg zog. Das Architekturquartett Ludwigsburg wird seit [&hellip;]<\/p>\n","protected":false},"author":4,"featured_media":0,"parent":1079,"menu_order":19,"comment_status":"closed","ping_status":"closed","template":"","meta":{"footnotes":""},"class_list":["post-7293","page","type-page","status-publish","hentry"],"_links":{"self":[{"href":"https:\/\/www.turkali-architekten.de\/de\/wp-json\/wp\/v2\/pages\/7293","targetHints":{"allow":["GET"]}}],"collection":[{"href":"https:\/\/www.turkali-architekten.de\/de\/wp-json\/wp\/v2\/pages"}],"about":[{"href":"https:\/\/www.turkali-architekten.de\/de\/wp-json\/wp\/v2\/types\/page"}],"author":[{"embeddable":true,"href":"https:\/\/www.turkali-architekten.de\/de\/wp-json\/wp\/v2\/users\/4"}],"replies":[{"embeddable":true,"href":"https:\/\/www.turkali-architekten.de\/de\/wp-json\/wp\/v2\/comments?post=7293"}],"version-history":[{"count":19,"href":"https:\/\/www.turkali-architekten.de\/de\/wp-json\/wp\/v2\/pages\/7293\/revisions"}],"predecessor-version":[{"id":7920,"href":"https:\/\/www.turkali-architekten.de\/de\/wp-json\/wp\/v2\/pages\/7293\/revisions\/7920"}],"up":[{"embeddable":true,"href":"https:\/\/www.turkali-architekten.de\/de\/wp-json\/wp\/v2\/pages\/1079"}],"wp:attachment":[{"href":"https:\/\/www.turkali-architekten.de\/de\/wp-json\/wp\/v2\/media?parent=7293"}],"curies":[{"name":"wp","href":"https:\/\/api.w.org\/{rel}","templated":true}]}}