{"id":667,"date":"2024-02-13T11:04:10","date_gmt":"2024-02-13T10:04:10","guid":{"rendered":"http:\/\/s992978995.online.de\/?page_id=667"},"modified":"2026-02-26T12:22:38","modified_gmt":"2026-02-26T11:22:38","slug":"juedische-akademie-frankfurt-bauschild","status":"publish","type":"page","link":"https:\/\/www.turkali-architekten.de\/de\/aktuelles\/juedische-akademie-frankfurt-bauschild\/","title":{"rendered":"29.06.2021 Bauschild J\u00fcdische Akademie"},"content":{"rendered":"<div>\n<p><em>29.06.2021<\/em><\/p>\n<\/div>\n<h1><span>Bauschild der J\u00fcdischen Akademie Frankfurt offiziell enth\u00fcllt<\/span><\/h1>\n<div>\n<p>Es geht voran im Bauvorhaben <a href=\"https:\/\/www.turkali-architekten.de\/de\/juedische-akademie-frankfurt\/\">J\u00fcdische Akademie Frankfurt<\/a>, das nach der Planung von Turkali Architekten an der S\u00fcdspitze des neu geplanten Kulturcampus realisiert wird. Am Montag, den 28. Juni 2021, fand die offizielle Enth\u00fcllung des 4,7 Meter hohen und 5 Meter breiten Bauschildes statt.<\/p>\n<p>Neben Uwe Becker, B\u00fcrgermeister der Stadt Frankfurt sowie Beauftragter f\u00fcr J\u00fcdisches Leben und den Kampf gegen Antisemitismus wohnten auch Mark Dainow, Vizepr\u00e4sident des Zentralrats der Juden in Deutschland und Harry Schnabel, Pr\u00e4sidiumsmitglied des Zentralrats der Juden in Deutschland und Vorstandsmitglied der J\u00fcdischen Gemeinde Frankfurt sowie Prof. Doron Kiesel, Wissenschaftlicher Direktor der Bildungsabteilung des Zentralrats der Juden und Sabena Donath, Leiterin der Bildungsabteilung des Zentralrats der Juden, der Zeremonie bei.<\/p>\n<p>Die Baugenehmigung f\u00fcr den Bau der ersten J\u00fcdischen Akademie in der Bundesrepublik ist bereits Ende Dezember 2019 erteilt worden. Mit seinem preisgekr\u00f6nten Entwurf hatten sich Turkali Architekten gegen prominente Konkurrenz durchsetzt. Der Entwurf zeichnet sich durch ein Ensemble aus Alt- und Neubau aus, die durch einen verglasten, eingeschossigen Bauk\u00f6rper miteinander verbunden sind.<\/p>\n<p>Der Neubau nimmt einen Veranstaltungssaal f\u00fcr ca. 200 Personen, einen Speisesaal, Foyer-R\u00e4ume in unterschiedlichen Gr\u00f6\u00dfen sowie eine massive, gewendelte Treppenanlage ein, die auf eine gro\u00dfz\u00fcgige Dachterrasse mit Blick auf die Frankfurter Skyline f\u00fchrt, w\u00e4hrend im neoklassizistischen Altbau u.a. ein Caf\u00e9, Besprechungs- und Verwaltungsr\u00e4ume untergebracht sind.<\/p>\n<p>Finanziert wird das Projekt vom Zentralrat der Juden, der Bundesrepublik Deutschland, dem Land Hessen und der Stadt Frankfurt. Es befindet sich derzeit in der Phase der Ausf\u00fchrungsplanung, Baubeginn ist voraussichtlich im Oktober 2021.<\/p>\n<\/p>\n<p><\/p>\n<p>Mehr zum Projekt <a href=\"https:\/\/www.turkali-architekten.de\/de\/juedische-akademie-frankfurt\/\">J\u00fcdische Akademie Frankfurt<\/a>.<\/p>\n<\/div>\n<p><img decoding=\"async\" src=\"\/wp-content\/uploads\/2024\/02\/29-06-2021_Foto.jpg\" alt=\"\"><\/p>\n<div>\n<p style=\"text-align: right;\">Foto: J\u00f6rg Baumann<\/p>\n<\/div>\n<p><!--more--><br \/>\n<!-- {\"type\":\"layout\",\"children\":[{\"type\":\"section\",\"props\":{\"css\":\"  .el-section {\\n\\tpadding:128px 0px;\\n\\t}\\n\\n@media only screen and (max-width: 600px) {\\n  .el-section {\\n\\tpadding:20px 0px;\\n\\t}\\n}\",\"image_position\":\"center-center\",\"style\":\"default\",\"title_breakpoint\":\"xl\",\"title_position\":\"top-left\",\"title_rotation\":\"left\",\"vertical_align\":\"\",\"width\":\"default\"},\"children\":[{\"type\":\"row\",\"props\":{\"layout\":\"1-2,1-2\"},\"children\":[{\"type\":\"column\",\"props\":{\"image_position\":\"center-center\",\"position_sticky_breakpoint\":\"m\",\"width_medium\":\"1-2\"},\"children\":[{\"type\":\"text\",\"props\":{\"column_breakpoint\":\"m\",\"content\":\"\n\n<p><em>29.06.2021<\/em><\/p>\n\n\",\"margin_bottom\":\"default\",\"margin_top\":\"default\"}}]},{\"type\":\"column\",\"props\":{\"image_position\":\"center-center\",\"position_sticky_breakpoint\":\"m\",\"width_medium\":\"1-2\"}}]},{\"type\":\"row\",\"props\":{\"layout\":\"1-2,1-2\"},\"children\":[{\"type\":\"column\",\"props\":{\"css\":\".el-column {\\npadding-right:35px;\\n}\",\"image_position\":\"center-center\",\"position_sticky_breakpoint\":\"m\",\"width_medium\":\"1-2\"},\"children\":[{\"type\":\"headline\",\"props\":{\"content\":\"<span>Bauschild der J\u00fcdischen Akademie Frankfurt offiziell enth\u00fcllt<\/span>\",\"content_en_us\":\"Construction sign for the Jewish Academy Frankfurt officially unveiled\",\"image_align\":\"left\",\"image_margin\":\"xsmall\",\"title_element\":\"h1\"}},{\"type\":\"text\",\"props\":{\"column_breakpoint\":\"m\",\"content\":\"\n\n<p>Es geht voran im Bauvorhaben <a href=\\\"https:\/\/www.turkali-architekten.de\/de\/juedische-akademie-frankfurt\/\\\">J\u00fcdische Akademie Frankfurt<\/a>, das nach der Planung von Turkali Architekten an der S\u00fcdspitze des neu geplanten Kulturcampus realisiert wird. Am Montag, den 28. Juni 2021, fand die offizielle Enth\u00fcllung des 4,7 Meter hohen und 5 Meter breiten Bauschildes statt.<\/p>\n\n\\n\n\n<p>Neben Uwe Becker, B\u00fcrgermeister der Stadt Frankfurt sowie Beauftragter f\u00fcr J\u00fcdisches Leben und den Kampf gegen Antisemitismus wohnten auch Mark Dainow, Vizepr\u00e4sident des Zentralrats der Juden in Deutschland und Harry Schnabel, Pr\u00e4sidiumsmitglied des Zentralrats der Juden in Deutschland und Vorstandsmitglied der J\u00fcdischen Gemeinde Frankfurt sowie Prof. Doron Kiesel, Wissenschaftlicher Direktor der Bildungsabteilung des Zentralrats der Juden und Sabena Donath, Leiterin der Bildungsabteilung des Zentralrats der Juden, der Zeremonie bei.<\/p>\n\n\\n\n\n<p>Die Baugenehmigung f\u00fcr den Bau der ersten J\u00fcdischen Akademie in der Bundesrepublik ist bereits Ende Dezember 2019 erteilt worden. Mit seinem preisgekr\u00f6nten Entwurf hatten sich Turkali Architekten gegen prominente Konkurrenz durchsetzt. Der Entwurf zeichnet sich durch ein Ensemble aus Alt- und Neubau aus, die durch einen verglasten, eingeschossigen Bauk\u00f6rper miteinander verbunden sind.<\/p>\n\n\\n\n\n<p>Der Neubau nimmt einen Veranstaltungssaal f\u00fcr ca. 200 Personen, einen Speisesaal, Foyer-R\u00e4ume in unterschiedlichen Gr\u00f6\u00dfen sowie eine massive, gewendelte Treppenanlage ein, die auf eine gro\u00dfz\u00fcgige Dachterrasse mit Blick auf die Frankfurter Skyline f\u00fchrt, w\u00e4hrend im neoklassizistischen Altbau u.a. ein Caf\u00e9, Besprechungs- und Verwaltungsr\u00e4ume untergebracht sind.<\/p>\n\n\\n\n\n<p>Finanziert wird das Projekt vom Zentralrat der Juden, der Bundesrepublik Deutschland, dem Land Hessen und der Stadt Frankfurt. Es befindet sich derzeit in der Phase der Ausf\u00fchrungsplanung, Baubeginn ist voraussichtlich im Oktober 2021.<\/p>\n\n\\n\n\n\n\n\\n<br \/>\\n\n\n<p>Mehr zum Projekt <a href=\\\"https:\/\/www.turkali-architekten.de\/de\/juedische-akademie-frankfurt\/\\\">J\u00fcdische Akademie Frankfurt<\/a>.<\/p>\n\n\",\"content_en_us\":\"\n\n<p>Progress is being made in the construction project <a href=\\\"https:\/\/www.turkali-architekten.de\/en\/juedische-akademie-frankfurt\/\\\">Jewish Academy Frankfurt<\/a>, which is being realized by Turkali Architekten at the southern tip of the newly planned cultural campus in Frankfurt. On Monday, June 28th, 2021, the official 4.7 meter high and 5 meter wide construction sign was unveiled.<\/p>\n\n\\n\n\n<p>Uwe Becker, Mayor of the City of Frankfurt and Commissioner for Jewish Life and the Fight against Anti-Semitism, Mark Dainow, Vice President of the Central Council of Jews in Germany and Harry Schnabel, Member of the Presidium of the Central Council of Jews in Germany and Member of the Board of the Jewish Community Frankfurt, as well as Prof. Doron Kiesel, academic director of the education department at the Central Council of Jews in Germany and Sabena Donath, Head of the education department at the Central Council of Jews in Germany, attended the ceremony.<\/p>\n\n\\n\n\n<p>The building permit for the construction of the first Jewish Academy in Germany has already been granted at the end of 2019. With its award-winning design, Turkali Architekten had prevailed against prominent competition. The design is characterized by an ensemble of an old and a new building being connected by a glazed, single-story structure.<\/p>\n\n\\n\n\n<p>The new building accommodates an event hall for approximately 200 people, a dining hall, foyer rooms of various sizes and a massive spiral staircase leading to a spacious roof terrace with a fabulous view over the Frankfurt skyline, while the neoclassical old building houses a caf\u00e9, meeting rooms and administrative offices.<\/p>\n\n\\n\n\n<p>The project is financed by the Central Council of Jews in Germany, the Federal Republic of Germany, the State of Hesse and the City of Frankfurt. It is currently in the execution planning phase. The construction is expected to begin in October 2021.<\/p>\n\n\\n\n\n\n\n\\n\n\n\n\n\\n\n\n<p>More on the <a href=\\\"https:\/\/www.turkali-architekten.de\/en\/juedische-akademie-frankfurt\/\\\">Jewish Academy Frankfurt<\/a>.<\/p>\n\n\",\"css\":\".el-element {\\nfont-size:15px;\\nline-height:25px;\\n}\",\"margin_bottom\":\"default\",\"margin_top\":\"default\"}}]},{\"type\":\"column\",\"props\":{\"image_position\":\"center-center\",\"position_sticky_breakpoint\":\"m\",\"width_medium\":\"1-2\"},\"children\":[{\"type\":\"image\",\"props\":{\"image\":\"wp-content\/uploads\/2024\/02\/29-06-2021_Foto.jpg\",\"image_svg_color\":\"emphasis\",\"margin_bottom\":\"remove\",\"margin_top\":\"default\"}},{\"type\":\"text\",\"props\":{\"column_breakpoint\":\"m\",\"content\":\"\n\n<p style=\\\"text-align: right;\\\">Foto: J\u00f6rg Baumann<\/p>\n\n\",\"content_en_us\":\"\n\n<p style=\\\"text-align: right;\\\">Photo: J\u00f6rg Baumann<\/p>\n\n\",\"css\":\".el-element {\\nfont-size:10px;\\n\\nline-height:25px;\\n}\",\"margin_bottom\":\"\",\"margin_top\":\"\"}},{\"type\":\"text\",\"props\":{\"column_breakpoint\":\"m\",\"content\":\"\",\"css\":\".el-element {\\nfont-size:10px;\\n\\nline-height:25px;\\n}\",\"margin_bottom\":\"\",\"margin_top\":\"\"}}]}]}],\"name\":\"Header-Section-Start\"}],\"version\":\"5.0.15\"} --><\/p>\n","protected":false},"excerpt":{"rendered":"<p>29.06.2021 Bauschild der J\u00fcdischen Akademie Frankfurt offiziell enth\u00fcllt Es geht voran im Bauvorhaben J\u00fcdische Akademie Frankfurt, das nach der Planung von Turkali Architekten an der S\u00fcdspitze des neu geplanten Kulturcampus realisiert wird. Am Montag, den 28. Juni 2021, fand die offizielle Enth\u00fcllung des 4,7 Meter hohen und 5 Meter breiten Bauschildes statt. Neben Uwe Becker, [&hellip;]<\/p>\n","protected":false},"author":1,"featured_media":0,"parent":1079,"menu_order":46,"comment_status":"closed","ping_status":"closed","template":"","meta":{"footnotes":""},"class_list":["post-667","page","type-page","status-publish","hentry"],"_links":{"self":[{"href":"https:\/\/www.turkali-architekten.de\/de\/wp-json\/wp\/v2\/pages\/667","targetHints":{"allow":["GET"]}}],"collection":[{"href":"https:\/\/www.turkali-architekten.de\/de\/wp-json\/wp\/v2\/pages"}],"about":[{"href":"https:\/\/www.turkali-architekten.de\/de\/wp-json\/wp\/v2\/types\/page"}],"author":[{"embeddable":true,"href":"https:\/\/www.turkali-architekten.de\/de\/wp-json\/wp\/v2\/users\/1"}],"replies":[{"embeddable":true,"href":"https:\/\/www.turkali-architekten.de\/de\/wp-json\/wp\/v2\/comments?post=667"}],"version-history":[{"count":20,"href":"https:\/\/www.turkali-architekten.de\/de\/wp-json\/wp\/v2\/pages\/667\/revisions"}],"predecessor-version":[{"id":7735,"href":"https:\/\/www.turkali-architekten.de\/de\/wp-json\/wp\/v2\/pages\/667\/revisions\/7735"}],"up":[{"embeddable":true,"href":"https:\/\/www.turkali-architekten.de\/de\/wp-json\/wp\/v2\/pages\/1079"}],"wp:attachment":[{"href":"https:\/\/www.turkali-architekten.de\/de\/wp-json\/wp\/v2\/media?parent=667"}],"curies":[{"name":"wp","href":"https:\/\/api.w.org\/{rel}","templated":true}]}}