{"id":654,"date":"2024-02-13T10:53:45","date_gmt":"2024-02-13T09:53:45","guid":{"rendered":"http:\/\/s992978995.online.de\/?page_id=654"},"modified":"2024-05-08T23:14:00","modified_gmt":"2024-05-08T21:14:00","slug":"13-08-2021","status":"publish","type":"page","link":"https:\/\/www.turkali-architekten.de\/de\/aktuelles\/13-08-2021\/","title":{"rendered":"13.08.2021"},"content":{"rendered":"<h1>13.08.2021 \u2013 Feierlicher Spatenstich steht bevor<\/h1>\n<div>\n<p>Baubeginn der J\u00fcdischen Akademie Anfang September 2021<\/p>\n<p>Mit einem feierlichen Spatenstich am 2. September 2021 l\u00e4utet der Zentralrat der Juden in Deutschland den Baubeginn der J\u00fcdischen Akademie in Frankfurt am Main ein. Neben Dr. Josef Schuster, Pr\u00e4sident des Zentralrats der Juden in Deutschland, werden auch Bundesinnenminister Horst Seehofer und der hessische Ministerpr\u00e4sident Volker Bouffier zu der Veranstaltung erwartet.<\/p>\n<p>Die nach der Planung von Turkali Architekten an der S\u00fcdspitze des neu geplanten Kulturcampus realisierte Akademie ist die erste \u00fcberregionale j\u00fcdische Institution dieser Art, die nach der Schoa errichtet wird. Der Entwurf zeichnet sich durch ein Ensemble aus Alt- und Neubau aus, die durch einen verglasten, eingeschossigen Bauk\u00f6rper miteinander verbunden sind.<\/p>\n<p>Die J\u00fcdische Akademie steht in der Tradition des in den 1920er Jahren gegr\u00fcndeten J\u00fcdischen Lehrhauses, das in Frankfurt von Franz Rosenzweig geleitet wurde. In der Akademie sollen wichtige \u00f6ffentliche Diskurse aufgegriffen und um die j\u00fcdische Perspektive bereichert werden. Damit will die J\u00fcdische Akademie dazu beitragen, die Akzeptanz f\u00fcr religi\u00f6se und kulturelle Pluralit\u00e4t in Deutschland zu erh\u00f6hen.<\/p>\n<p>Zum Download der Visualisierung der J\u00fcdischen Akademie gelangen Sie hier!<\/p>\n<\/div>\n<p><img decoding=\"async\" src=\"\/wp-content\/uploads\/2024\/02\/13-08-2021_Foto.png\" alt=\"\"><\/p>\n<p><!--more--><br \/>\n<!-- {\"type\":\"layout\",\"children\":[{\"type\":\"section\",\"props\":{\"css\":\"  .el-section {\\n\\tpadding:128px 0px;\\n\\t}\\n\\n@media only screen and (max-width: 600px) {\\n  .el-section {\\n\\tpadding:20px 0px;\\n\\t}\\n}\",\"image_position\":\"center-center\",\"padding_remove_top\":false,\"style\":\"default\",\"title_breakpoint\":\"xl\",\"title_position\":\"top-left\",\"title_rotation\":\"left\",\"vertical_align\":\"middle\",\"width\":\"default\"},\"children\":[{\"type\":\"row\",\"props\":{\"layout\":\"1-2,1-2\"},\"children\":[{\"type\":\"column\",\"props\":{\"css\":\".el-column {\\npadding-right:35px;\\n}\",\"image_position\":\"center-center\",\"position_sticky_breakpoint\":\"m\",\"width_medium\":\"1-2\"},\"children\":[{\"type\":\"headline\",\"props\":{\"content\":\"13.08.2021 \\u2013 Feierlicher Spatenstich steht bevor\",\"content_en_us\":\"13.08.2021 - Groundbreaking ceremony upcoming\",\"title_element\":\"h1\"}},{\"type\":\"text\",\"props\":{\"column_breakpoint\":\"m\",\"content\":\"\n\n<p>Baubeginn der J\\u00fcdischen Akademie Anfang September 2021<\\\/p>\\n\n\n<p>Mit einem feierlichen Spatenstich am 2. September 2021 l\\u00e4utet der Zentralrat der Juden in Deutschland den Baubeginn der J\\u00fcdischen Akademie in Frankfurt am Main ein. Neben Dr. Josef Schuster, Pr\\u00e4sident des Zentralrats der Juden in Deutschland, werden auch Bundesinnenminister Horst Seehofer und der hessische Ministerpr\\u00e4sident Volker Bouffier zu der Veranstaltung erwartet.<\\\/p>\\n\n\n<p>Die nach der Planung von Turkali Architekten an der S\\u00fcdspitze des neu geplanten Kulturcampus realisierte Akademie ist die erste \\u00fcberregionale j\\u00fcdische Institution dieser Art, die nach der Schoa errichtet wird. Der Entwurf zeichnet sich durch ein Ensemble aus Alt- und Neubau aus, die durch einen verglasten, eingeschossigen Bauk\\u00f6rper miteinander verbunden sind.<\\\/p>\\n\n\n<p>Die J\\u00fcdische Akademie steht in der Tradition des in den 1920er Jahren gegr\\u00fcndeten J\\u00fcdischen Lehrhauses, das in Frankfurt von Franz Rosenzweig geleitet wurde. In der Akademie sollen wichtige \\u00f6ffentliche Diskurse aufgegriffen und um die j\\u00fcdische Perspektive bereichert werden. Damit will die J\\u00fcdische Akademie dazu beitragen, die Akzeptanz f\\u00fcr religi\\u00f6se und kulturelle Pluralit\\u00e4t in Deutschland zu erh\\u00f6hen.<\\\/p>\\n\n\n<p>Zum Download der Visualisierung der J\\u00fcdischen Akademie gelangen Sie hier!<\\\/p>\",\"content_en_us\":\"\n\n<p>Construction of the Jewish Academy to begin in early September 2021<\\\/p>\\n\n\n<p>The Central Council of Jews in Germany will herald the start of construction of the Jewish Academy in Frankfurt am Main with a groundbreaking ceremony on September 2, 2021. Alongside Dr. Josef Schuster, President of the Central Council of Jews in Germany, Federal Minister of the Interior Horst Seehofer and Hesse's Prime Minister Volker Bouffier are expected to attend the event.<\\\/p>\\n\n\n<p>The academy, which is being realized by Turkali Architekten at the southern tip of the newly planned culture campus in Frankfurt, is the first supra-regional Jewish institution of its kind to be built after the Shoah. The design is characterized by an ensemble of an old and a new building, which are connected by a glazed, single-story structure.<\\\/p>\\n\n\n<p>The Jewish Academy follows the tradition of the Jewish Teaching House founded in the 1920s and led in Frankfurt by Franz Rosenzweig. Important public discourses are to be taken up in the academy and are to be enriched by the Jewish perspective. In this way, the Jewish Academy wants to contribute to an increased acceptance of religious and cultural plurality in Germany.<\\\/p>\\n\n\n<p>Click here to download the <a href=\\\"https:\\\/\\\/www.turkali-architekten.de\\\/fileadmin\\\/uploads\\\/2_News_Bilder\\\/Visualisierung_JAF_mit_Copyright.jpg\\\">visualization of the Jewish Academy!<\\\/a><\\\/p>\",\"css\":\".el-element {\\nfont-size:15px;\\nline-height:25px;\\n}\",\"margin\":\"default\",\"margin_remove_bottom\":false}}]},{\"type\":\"column\",\"props\":{\"image_position\":\"center-center\",\"position_sticky_breakpoint\":\"m\",\"width_medium\":\"1-2\"},\"children\":[{\"type\":\"image\",\"props\":{\"image\":\"wp-content\\\/uploads\\\/2024\\\/02\\\/13-08-2021_Foto.png\",\"image_svg_color\":\"emphasis\",\"margin\":\"default\",\"margin_remove_bottom\":true}},{\"type\":\"image\",\"props\":{\"image\":\"\",\"image_svg_color\":\"emphasis\",\"margin\":\"default\",\"margin_remove_bottom\":true}},{\"type\":\"text\",\"props\":{\"column_breakpoint\":\"m\",\"content\":\"\",\"css\":\".el-element {\\nfont-size:10px;\\n\\nline-height:25px;\\n}\",\"margin\":\"\",\"margin_remove_bottom\":false,\"margin_remove_top\":false}},{\"type\":\"text\",\"props\":{\"column_breakpoint\":\"m\",\"content\":\"\",\"css\":\".el-element {\\nfont-size:10px;\\n\\nline-height:25px;\\n}\",\"margin\":\"\",\"margin_remove_bottom\":false,\"margin_remove_top\":false}}]}]}],\"name\":\"Header-Section-Start\"}],\"version\":\"4.2.12\"} --><\/p>\n","protected":false},"excerpt":{"rendered":"<p>13.08.2021 \u2013 Feierlicher Spatenstich steht bevor Baubeginn der J\u00fcdischen Akademie Anfang September 2021 Mit einem feierlichen Spatenstich am 2. September 2021 l\u00e4utet der Zentralrat der Juden in Deutschland den Baubeginn der J\u00fcdischen Akademie in Frankfurt am Main ein. Neben Dr. Josef Schuster, Pr\u00e4sident des Zentralrats der Juden in Deutschland, werden auch Bundesinnenminister Horst Seehofer und [&hellip;]<\/p>\n","protected":false},"author":1,"featured_media":0,"parent":1079,"menu_order":63,"comment_status":"closed","ping_status":"closed","template":"","meta":{"footnotes":""},"class_list":["post-654","page","type-page","status-publish","hentry"],"_links":{"self":[{"href":"https:\/\/www.turkali-architekten.de\/de\/wp-json\/wp\/v2\/pages\/654","targetHints":{"allow":["GET"]}}],"collection":[{"href":"https:\/\/www.turkali-architekten.de\/de\/wp-json\/wp\/v2\/pages"}],"about":[{"href":"https:\/\/www.turkali-architekten.de\/de\/wp-json\/wp\/v2\/types\/page"}],"author":[{"embeddable":true,"href":"https:\/\/www.turkali-architekten.de\/de\/wp-json\/wp\/v2\/users\/1"}],"replies":[{"embeddable":true,"href":"https:\/\/www.turkali-architekten.de\/de\/wp-json\/wp\/v2\/comments?post=654"}],"version-history":[{"count":10,"href":"https:\/\/www.turkali-architekten.de\/de\/wp-json\/wp\/v2\/pages\/654\/revisions"}],"predecessor-version":[{"id":4152,"href":"https:\/\/www.turkali-architekten.de\/de\/wp-json\/wp\/v2\/pages\/654\/revisions\/4152"}],"up":[{"embeddable":true,"href":"https:\/\/www.turkali-architekten.de\/de\/wp-json\/wp\/v2\/pages\/1079"}],"wp:attachment":[{"href":"https:\/\/www.turkali-architekten.de\/de\/wp-json\/wp\/v2\/media?parent=654"}],"curies":[{"name":"wp","href":"https:\/\/api.w.org\/{rel}","templated":true}]}}