{"id":648,"date":"2024-02-13T10:52:07","date_gmt":"2024-02-13T09:52:07","guid":{"rendered":"http:\/\/s992978995.online.de\/?page_id=648"},"modified":"2026-02-26T13:03:05","modified_gmt":"2026-02-26T12:03:05","slug":"juedische-akademie-frankfurt-spatenstich","status":"publish","type":"page","link":"https:\/\/www.turkali-architekten.de\/de\/juedische-akademie-frankfurt-spatenstich\/","title":{"rendered":"03.09.2021 Spatenstich J\u00fcdische Akademie"},"content":{"rendered":"<div>\n<p><em>03.09.2021<\/em><\/p>\n<\/div>\n<h1>Erster Spatenstich l\u00e4utet Baubeginn f\u00fcr J\u00fcdische Akademie Frankfurt ein<\/h1>\n<div>\n<p>Mit einem symbolischen Ersten Spatenstich hat der Zentralrat der Juden in Deutschland am Donnerstag, den 2. September 2021, den Baubeginn der <a href=\"https:\/\/www.turkali-architekten.de\/de\/juedische-akademie-frankfurt\/\">J\u00fcdischen Akademie<\/a> eingel\u00e4utet. An dem Festakt in der Senckenberganlage in Frankfurt am Main nahmen neben Hessens Ministerpr\u00e4sident Volker Bouffier, der Staatssekret\u00e4r im Bundesinnenministerium, Dr. Markus Kerber, der Pr\u00e4sident des Zentralrats der Juden in Deutschland, Dr. Josef Schuster sowie weitere Politiker teil. Hinzu kamen rund 100 geladene G\u00e4ste aus Politik, Wissenschaft und Kultur.<\/p>\n<p>\u201eWir m\u00f6chten hier religi\u00f6se und interreligi\u00f6se Debatten f\u00fchren. \u00dcber unsere politische Kultur und \u00fcber Kulturpolitik reden. Den Blick der Mehrheitsgesellschaft wollen wir bereichern um die j\u00fcdische Perspektive.\u201c, begr\u00fc\u00dfte Zentralratspr\u00e4sident Dr. Schuster die Anwesenden. Es folgten Redebeitr\u00e4ge der anwesenden Politiker sowie von Sabena Donath und Prof. Dr. Doron Kiesel, die die J\u00fcdische Akademie k\u00fcnftig leiten werden. Prof. Zvonko Turkali sprach \u00fcber die Architektur des Geb\u00e4udes, bevor sich die Redner*innen bei der anschlie\u00dfenden Spatenstichzeremonie zu einem symbolischen Ersten Spatenstich einfanden. Musikalisch eingerahmt wurde der Event von Musiker*innen des Frankfurter Opern- und Museumsorchesters.<\/p>\n<p>Die nach der Planung von Turkali Architekten an der S\u00fcdspitze des neu geplanten Kulturcampus realisierte Akademie ist die erste \u00fcberregionale j\u00fcdische Institution dieser Art, die nach der Schoa errichtet wird. Der Entwurf zeichnet sich durch ein Ensemble aus Alt- und Neubau aus, die durch ein verglastes, eingeschossiges Foyer miteinander verbunden sind. Die Fertigstellung ist f\u00fcr Ende 2023 geplant, 2024 soll die J\u00fcdische Akademie ihren Betrieb aufnehmen.<\/p>\n<\/p>\n<p><\/p>\n<p>Mehr zum Projekt <a href=\"https:\/\/www.turkali-architekten.de\/de\/juedische-akademie-frankfurt\/\">J\u00fcdische Akademie Frankfurt<\/a>.<\/p>\n<\/div>\n<p><img decoding=\"async\" src=\"\/wp-content\/uploads\/2024\/02\/03-09-2021_Foto.jpg\" alt=\"\"><\/p>\n<div>\n<p style=\"text-align: right;\">Foto: baumann fotografie frankfurt a.m.<\/p>\n<\/div>\n<p><!--more--><br \/>\n<!-- {\"type\":\"layout\",\"children\":[{\"type\":\"section\",\"props\":{\"css\":\"  .el-section {\\n\\tpadding:128px 0px;\\n\\t}\\n\\n@media only screen and (max-width: 600px) {\\n  .el-section {\\n\\tpadding:20px 0px;\\n\\t}\\n}\",\"image_position\":\"center-center\",\"style\":\"default\",\"title_breakpoint\":\"xl\",\"title_position\":\"top-left\",\"title_rotation\":\"left\",\"vertical_align\":\"\",\"width\":\"default\"},\"children\":[{\"type\":\"row\",\"props\":{\"layout\":\"1-2,1-2\"},\"children\":[{\"type\":\"column\",\"props\":{\"image_position\":\"center-center\",\"position_sticky_breakpoint\":\"m\",\"width_medium\":\"1-2\"},\"children\":[{\"type\":\"text\",\"props\":{\"column_breakpoint\":\"m\",\"content\":\"\n\n<p><em>03.09.2021<\/em><\/p>\n\n\",\"margin_bottom\":\"default\",\"margin_top\":\"default\"}}]},{\"type\":\"column\",\"props\":{\"image_position\":\"center-center\",\"position_sticky_breakpoint\":\"m\",\"width_medium\":\"1-2\"}}]},{\"type\":\"row\",\"props\":{\"layout\":\"1-2,1-2\"},\"children\":[{\"type\":\"column\",\"props\":{\"css\":\".el-column {\\npadding-right:35px;\\n}\",\"image_position\":\"center-center\",\"position_sticky_breakpoint\":\"m\",\"width_medium\":\"1-2\"},\"children\":[{\"type\":\"headline\",\"props\":{\"content\":\"Erster Spatenstich l\u00e4utet Baubeginn f\u00fcr J\u00fcdische Akademie Frankfurt ein\",\"content_en_us\":\"Groundbreaking ceremony heralds start of construction work for Jewish Academy Frankfurt\",\"image_align\":\"left\",\"image_margin\":\"xsmall\",\"title_element\":\"h1\"}},{\"type\":\"text\",\"props\":{\"column_breakpoint\":\"m\",\"content\":\"\n\n\n\n\\n\n\n<p>Mit einem symbolischen Ersten Spatenstich hat der Zentralrat der Juden in Deutschland am Donnerstag, den 2. September 2021, den Baubeginn der <a href=\\\"https:\/\/www.turkali-architekten.de\/de\/juedische-akademie-frankfurt\/\\\">J\u00fcdischen Akademie<\/a> eingel\u00e4utet. An dem Festakt in der Senckenberganlage in Frankfurt am Main nahmen neben Hessens Ministerpr\u00e4sident Volker Bouffier, der Staatssekret\u00e4r im Bundesinnenministerium, Dr. Markus Kerber, der Pr\u00e4sident des Zentralrats der Juden in Deutschland, Dr. Josef Schuster sowie weitere Politiker teil. Hinzu kamen rund 100 geladene G\u00e4ste aus Politik, Wissenschaft und Kultur.<\/p>\n\n\\n\n\n<p>\u201eWir m\u00f6chten hier religi\u00f6se und interreligi\u00f6se Debatten f\u00fchren. \u00dcber unsere politische Kultur und \u00fcber Kulturpolitik reden. Den Blick der Mehrheitsgesellschaft wollen wir bereichern um die j\u00fcdische Perspektive.\u201c, begr\u00fc\u00dfte Zentralratspr\u00e4sident Dr. Schuster die Anwesenden. Es folgten Redebeitr\u00e4ge der anwesenden Politiker sowie von Sabena Donath und Prof. Dr. Doron Kiesel, die die J\u00fcdische Akademie k\u00fcnftig leiten werden. Prof. Zvonko Turkali sprach \u00fcber die Architektur des Geb\u00e4udes, bevor sich die Redner*innen bei der anschlie\u00dfenden Spatenstichzeremonie zu einem symbolischen Ersten Spatenstich einfanden. Musikalisch eingerahmt wurde der Event von Musiker*innen des Frankfurter Opern- und Museumsorchesters.<\/p>\n\n\\n\n\n<p>Die nach der Planung von Turkali Architekten an der S\u00fcdspitze des neu geplanten Kulturcampus realisierte Akademie ist die erste \u00fcberregionale j\u00fcdische Institution dieser Art, die nach der Schoa errichtet wird. Der Entwurf zeichnet sich durch ein Ensemble aus Alt- und Neubau aus, die durch ein verglastes, eingeschossiges Foyer miteinander verbunden sind. Die Fertigstellung ist f\u00fcr Ende 2023 geplant, 2024 soll die J\u00fcdische Akademie ihren Betrieb aufnehmen.<\/p>\n\n\\n\n\n\n\n\\n<br \/>\\n\n\n<p>Mehr zum Projekt <a href=\\\"https:\/\/www.turkali-architekten.de\/de\/juedische-akademie-frankfurt\/\\\">J\u00fcdische Akademie Frankfurt<\/a>.<\/p>\n\n\",\"content_en_us\":\"\n\n\n\n\\n\n\n<p>With a symbolic groundbreaking ceremony on Thursday, September 2, 2021, the Central Council of Jews in Germany heralded the construction start of the <a href=\\\"https:\/\/www.turkali-architekten.de\/en\/juedische-akademie-frankfurt\/\\\">Jewish Academy<\/a>. The ceremony on Senckenberganlage in Frankfurt am Main was attended by Hesse's Prime Minister Volker Bouffier, the State Secretary in the Federal Ministry of the Interior, Dr. Markus Kerber, the President of the Central Council of Jews in Germany, Dr. Josef Schuster, and other politicians. In addition, approximately 100 invited guests from politics, science and culture attended the ceremony.<\/p>\n\n\\n\n\n<p>\\\"We want to hold religious and interreligious debates here. Talk about our political culture and about cultural politics. We want to enrich the view of the majority society with the Jewish perspective,\\\" said Central Council President Dr. Schuster, welcoming the attendees. This was followed by speeches by the politicians present and by Sabena Donath and Prof. Dr. Doron Kiesel, who will lead the Jewish Academy in the future. Prof. Zvonko Turkali spoke about the architecture of the building before the speakers gathered for a symbolic groundbreaking ceremony. The event was framed by musicians from the Frankfurt Opera and Museum Orchestra.<\/p>\n\n\\n\n\n<p>The Jewish Academy, which is being realized by Turkali Architekten at the southern tip of the newly planned culture campus in Frankfurt, is the first supra-regional Jewish institution of its kind to be built after the Shoah. The design is characterized by an ensemble of an old and a new building, which are connected by a glazed, single-story structure. Completion is scheduled for the end of 2023, the Jewish Academy is expected to begin operations in 2024.<\/p>\n\n\\n\n\n\n\n\\n<br \/>\\n\n\n<p>More on the <a href=\\\"https:\/\/www.turkali-architekten.de\/en\/juedische-akademie-frankfurt\/\\\">Jewish Academy Frankfurt<\/a>.<\/p>\n\n\",\"css\":\".el-element {\\nfont-size:15px;\\nline-height:25px;\\n}\",\"margin_bottom\":\"default\",\"margin_top\":\"default\"}}]},{\"type\":\"column\",\"props\":{\"image_position\":\"center-center\",\"position_sticky_breakpoint\":\"m\",\"width_medium\":\"1-2\"},\"children\":[{\"type\":\"image\",\"props\":{\"image\":\"wp-content\/uploads\/2024\/02\/03-09-2021_Foto.jpg\",\"image_svg_color\":\"emphasis\",\"margin_bottom\":\"remove\",\"margin_top\":\"default\"}},{\"type\":\"text\",\"props\":{\"column_breakpoint\":\"m\",\"content\":\"\n\n<p style=\\\"text-align: right;\\\">Foto: baumann fotografie frankfurt a.m.<\/p>\n\n\",\"content_en_us\":\"\n\n<p style=\\\"text-align: right;\\\">Photo: baumann fotografie frankfurt a.m.<\/p>\n\n\",\"css\":\".el-element {\\nfont-size:10px;\\n\\nline-height:25px;\\n}\",\"margin_bottom\":\"\",\"margin_top\":\"\"}},{\"type\":\"text\",\"props\":{\"column_breakpoint\":\"m\",\"content\":\"\",\"css\":\".el-element {\\nfont-size:10px;\\n\\nline-height:25px;\\n}\",\"margin_bottom\":\"\",\"margin_top\":\"\"}}]}]}],\"name\":\"Header-Section-Start\"}],\"version\":\"5.0.15\"} --><\/p>\n","protected":false},"excerpt":{"rendered":"<p>03.09.2021 Erster Spatenstich l\u00e4utet Baubeginn f\u00fcr J\u00fcdische Akademie Frankfurt ein Mit einem symbolischen Ersten Spatenstich hat der Zentralrat der Juden in Deutschland am Donnerstag, den 2. September 2021, den Baubeginn der J\u00fcdischen Akademie eingel\u00e4utet. An dem Festakt in der Senckenberganlage in Frankfurt am Main nahmen neben Hessens Ministerpr\u00e4sident Volker Bouffier, der Staatssekret\u00e4r im Bundesinnenministerium, Dr. [&hellip;]<\/p>\n","protected":false},"author":1,"featured_media":0,"parent":0,"menu_order":73,"comment_status":"closed","ping_status":"closed","template":"","meta":{"footnotes":""},"class_list":["post-648","page","type-page","status-publish","hentry"],"_links":{"self":[{"href":"https:\/\/www.turkali-architekten.de\/de\/wp-json\/wp\/v2\/pages\/648","targetHints":{"allow":["GET"]}}],"collection":[{"href":"https:\/\/www.turkali-architekten.de\/de\/wp-json\/wp\/v2\/pages"}],"about":[{"href":"https:\/\/www.turkali-architekten.de\/de\/wp-json\/wp\/v2\/types\/page"}],"author":[{"embeddable":true,"href":"https:\/\/www.turkali-architekten.de\/de\/wp-json\/wp\/v2\/users\/1"}],"replies":[{"embeddable":true,"href":"https:\/\/www.turkali-architekten.de\/de\/wp-json\/wp\/v2\/comments?post=648"}],"version-history":[{"count":22,"href":"https:\/\/www.turkali-architekten.de\/de\/wp-json\/wp\/v2\/pages\/648\/revisions"}],"predecessor-version":[{"id":7763,"href":"https:\/\/www.turkali-architekten.de\/de\/wp-json\/wp\/v2\/pages\/648\/revisions\/7763"}],"wp:attachment":[{"href":"https:\/\/www.turkali-architekten.de\/de\/wp-json\/wp\/v2\/media?parent=648"}],"curies":[{"name":"wp","href":"https:\/\/api.w.org\/{rel}","templated":true}]}}