{"id":636,"date":"2024-02-13T10:51:47","date_gmt":"2024-02-13T09:51:47","guid":{"rendered":"http:\/\/s992978995.online.de\/?page_id=636"},"modified":"2024-05-08T23:10:06","modified_gmt":"2024-05-08T21:10:06","slug":"02-05-2022","status":"publish","type":"page","link":"https:\/\/www.turkali-architekten.de\/de\/aktuelles\/02-05-2022\/","title":{"rendered":"02.05.2022"},"content":{"rendered":"<h1>02.05.2022 \u2013 Sieben Touren durch Hannover<\/h1>\n<div>\n<p>Architekturf\u00fchrer Hannover 2022 von Prof. Zvonko Turkali &amp; Dr. Jens Broszeit, erschienen bei DOM publishers<\/p>\n<p>Einen Architekturf\u00fchrer Hannover gab es zuletzt im Jahr 2000 anl\u00e4sslich der Weltausstellung. In Zusammenarbeit mit ihren Studierenden an der Fakult\u00e4t f\u00fcr Architektur und Landschaft der Leibniz Universit\u00e4t Hannover haben Prof. Zvonko Turkali und Dr. Jens Broszeit nun einen aktuellen 445-seitigen Architekturf\u00fchrer herausgegeben, der Lust darauf macht, die Stadt und deren Architektur zu erkunden.<\/p>\n<p>Entlang von sieben geografisch gegliederten Touren zeichnet der Architekturf\u00fchrer die bauliche Geschichte der nieders\u00e4chsischen Landeshauptstadt vom Mittelalter bis in die Gegenwart nach. Die mehr als 330 gezeigten Objekte \u2013 darunter mittelalterliche Wehrt\u00fcrme, barocke Landschaftsg\u00e4rten und Exponate des Backstein-Expressionismus \u2013 veranschaulichen die Vielfalt der hannoverschen Baukunst.<\/p>\n<p>Doch auch die zeitgen\u00f6ssische Architektur kommt in dem Buch nicht zu kurz und macht Lust auf einen, zwei oder auch sieben Spazierg\u00e4nge durch Deutschlands gr\u00fcnste Stadt.<\/p>\n<p>Die Objektfotos und -texte sowie etliche Architekturzeichnungen sind von den Studierenden und deren Lehrkr\u00e4ften im Rahmen eines von Dr. Jens Broszeit durchgef\u00fchrten Seminars an der Leibniz Universit\u00e4t Hannover erstellt worden.<br \/>Internat der Handwerkskammer Frankfurt Rhein-Main, Weiterstadt, Samstag, 25. Juni 2022, 13 Uhr<\/p>\n<\/div>\n<p><img decoding=\"async\" src=\"\/wp-content\/uploads\/2024\/02\/02-05-2022_Foto.jpeg\" alt=\"\"><\/p>\n<p><!--more--><br \/>\n<!-- {\"type\":\"layout\",\"children\":[{\"type\":\"section\",\"props\":{\"css\":\"  .el-section {\\n\\tpadding:128px 0px;\\n\\t}\\n\\n@media only screen and (max-width: 600px) {\\n  .el-section {\\n\\tpadding:20px 0px;\\n\\t}\\n}\",\"image_position\":\"center-center\",\"padding_remove_top\":false,\"style\":\"default\",\"title_breakpoint\":\"xl\",\"title_position\":\"top-left\",\"title_rotation\":\"left\",\"vertical_align\":\"middle\",\"width\":\"default\"},\"children\":[{\"type\":\"row\",\"props\":{\"layout\":\"1-2,1-2\"},\"children\":[{\"type\":\"column\",\"props\":{\"css\":\".el-column {\\npadding-right:35px;\\n}\",\"image_position\":\"center-center\",\"position_sticky_breakpoint\":\"m\",\"width_medium\":\"1-2\"},\"children\":[{\"type\":\"headline\",\"props\":{\"content\":\"02.05.2022 \\u2013 Sieben Touren durch Hannover\",\"content_en_us\":\"02.05.2022 \\u2013 Seven tours through Hannover\",\"title_element\":\"h1\"}},{\"type\":\"text\",\"props\":{\"column_breakpoint\":\"m\",\"content\":\"\n\n<p>Architekturf\\u00fchrer Hannover 2022 von Prof. Zvonko Turkali &amp; Dr. Jens Broszeit, erschienen bei DOM publishers<\\\/p>\\n\n\n<p>Einen Architekturf\\u00fchrer Hannover gab es zuletzt im Jahr 2000 anl\\u00e4sslich der Weltausstellung. In Zusammenarbeit mit ihren Studierenden an der Fakult\\u00e4t f\\u00fcr Architektur und Landschaft der Leibniz Universit\\u00e4t Hannover haben Prof. Zvonko Turkali und Dr. Jens Broszeit nun einen aktuellen 445-seitigen Architekturf\\u00fchrer herausgegeben, der Lust darauf macht, die Stadt und deren Architektur zu erkunden.<\\\/p>\\n\n\n<p>Entlang von sieben geografisch gegliederten Touren zeichnet der Architekturf\\u00fchrer die bauliche Geschichte der nieders\\u00e4chsischen Landeshauptstadt vom Mittelalter bis in die Gegenwart nach. Die mehr als 330 gezeigten Objekte \\u2013 darunter mittelalterliche Wehrt\\u00fcrme, barocke Landschaftsg\\u00e4rten und Exponate des Backstein-Expressionismus \\u2013 veranschaulichen die Vielfalt der hannoverschen Baukunst.<\\\/p>\\n\n\n<p>Doch auch die zeitgen\\u00f6ssische Architektur kommt in dem Buch nicht zu kurz und macht Lust auf einen, zwei oder auch sieben Spazierg\\u00e4nge durch Deutschlands gr\\u00fcnste Stadt.<\\\/p>\\n\n\n<p>Die Objektfotos und -texte sowie etliche Architekturzeichnungen sind von den Studierenden und deren Lehrkr\\u00e4ften im Rahmen eines von Dr. Jens Broszeit durchgef\\u00fchrten Seminars an der Leibniz Universit\\u00e4t Hannover erstellt worden.<br \\\/>Internat der Handwerkskammer Frankfurt Rhein-Main, Weiterstadt, Samstag, 25. Juni 2022, 13 Uhr<\\\/p>\",\"content_en_us\":\"\n\n<div class=\\\"uk-panel uk-margin\\\" data-id=\\\"page#0-0-0-1\\\" data-element=\\\"\\\" id=\\\"page#0\\\">\\n\n\n<p>Architecture Guide Hannover 2022 by Prof. Zvonko Turkali &amp; Dr. Jens Broszeit, published by DOM publishers<\\\/p>\\n\n\n<p>The last time an Architecture Guide to Hannover was published, was in the year 2000 on the occasion of the World\\u2019s Fair. In collaboration with their students at the Faculty of Architecture and Landscape at Leibniz Universit\\u00e4t Hannover, Prof. Zvonko Turkali and Dr. Jens Broszeit have now published an Architecture Guide with a total of 445 pages, which makes you excited about exploring the city and its architecture.<\\\/p>\\n\n\n<p>Via seven geographically structured tours, the publication traces the architectural history of Lower Saxony\\u2019s state capital from the Middle Ages to the present day. More than 330 objects are showcased, including medieval fortified towers, baroque landscape gardens and exhibits of brick expressionism. They vividly illustrate the diversity of Hanoverian architecture.<\\\/p>\\n\n\n<p>The book also includes contemporary architecture and makes you want to take one, two or even seven strolls through Germany\\u2019s greenest city.<\\\/p>\\n\n\n<p>The students and their lecturers created the object photographs and texts as well as several architectural drawings as part of a seminar held by Dr. Jens Broszeit at Leibniz University Hannover.<\\\/p>\\n<\\\/div>\",\"css\":\".el-element {\\nfont-size:15px;\\nline-height:25px;\\n}\",\"margin\":\"default\",\"margin_remove_bottom\":false}}]},{\"type\":\"column\",\"props\":{\"image_position\":\"center-center\",\"position_sticky_breakpoint\":\"m\",\"width_medium\":\"1-2\"},\"children\":[{\"type\":\"image\",\"props\":{\"image\":\"wp-content\\\/uploads\\\/2024\\\/02\\\/02-05-2022_Foto.jpeg\",\"image_svg_color\":\"emphasis\",\"margin\":\"default\",\"margin_remove_bottom\":true}},{\"type\":\"text\",\"props\":{\"column_breakpoint\":\"m\",\"content\":\"\",\"css\":\".el-element {\\nfont-size:10px;\\n\\nline-height:25px;\\n}\",\"margin\":\"\",\"margin_remove_bottom\":false,\"margin_remove_top\":false}},{\"type\":\"text\",\"props\":{\"column_breakpoint\":\"m\",\"content\":\"\",\"css\":\".el-element {\\nfont-size:10px;\\n\\nline-height:25px;\\n}\",\"margin\":\"\",\"margin_remove_bottom\":false,\"margin_remove_top\":false}}]}]}],\"name\":\"Header-Section-Start\"}],\"version\":\"4.2.12\"} --><\/p>\n","protected":false},"excerpt":{"rendered":"<p>02.05.2022 \u2013 Sieben Touren durch Hannover Architekturf\u00fchrer Hannover 2022 von Prof. Zvonko Turkali &amp; Dr. Jens Broszeit, erschienen bei DOM publishers Einen Architekturf\u00fchrer Hannover gab es zuletzt im Jahr 2000 anl\u00e4sslich der Weltausstellung. In Zusammenarbeit mit ihren Studierenden an der Fakult\u00e4t f\u00fcr Architektur und Landschaft der Leibniz Universit\u00e4t Hannover haben Prof. Zvonko Turkali und Dr. [&hellip;]<\/p>\n","protected":false},"author":1,"featured_media":0,"parent":1079,"menu_order":75,"comment_status":"closed","ping_status":"closed","template":"","meta":{"footnotes":""},"class_list":["post-636","page","type-page","status-publish","hentry"],"_links":{"self":[{"href":"https:\/\/www.turkali-architekten.de\/de\/wp-json\/wp\/v2\/pages\/636","targetHints":{"allow":["GET"]}}],"collection":[{"href":"https:\/\/www.turkali-architekten.de\/de\/wp-json\/wp\/v2\/pages"}],"about":[{"href":"https:\/\/www.turkali-architekten.de\/de\/wp-json\/wp\/v2\/types\/page"}],"author":[{"embeddable":true,"href":"https:\/\/www.turkali-architekten.de\/de\/wp-json\/wp\/v2\/users\/1"}],"replies":[{"embeddable":true,"href":"https:\/\/www.turkali-architekten.de\/de\/wp-json\/wp\/v2\/comments?post=636"}],"version-history":[{"count":9,"href":"https:\/\/www.turkali-architekten.de\/de\/wp-json\/wp\/v2\/pages\/636\/revisions"}],"predecessor-version":[{"id":4137,"href":"https:\/\/www.turkali-architekten.de\/de\/wp-json\/wp\/v2\/pages\/636\/revisions\/4137"}],"up":[{"embeddable":true,"href":"https:\/\/www.turkali-architekten.de\/de\/wp-json\/wp\/v2\/pages\/1079"}],"wp:attachment":[{"href":"https:\/\/www.turkali-architekten.de\/de\/wp-json\/wp\/v2\/media?parent=636"}],"curies":[{"name":"wp","href":"https:\/\/api.w.org\/{rel}","templated":true}]}}