{"id":630,"date":"2024-02-13T10:53:55","date_gmt":"2024-02-13T09:53:55","guid":{"rendered":"http:\/\/s992978995.online.de\/?page_id=630"},"modified":"2024-05-08T23:14:17","modified_gmt":"2024-05-08T21:14:17","slug":"14-06-2022","status":"publish","type":"page","link":"https:\/\/www.turkali-architekten.de\/de\/aktuelles\/14-06-2022\/","title":{"rendered":"14.06.2022"},"content":{"rendered":"<h1>14.06.2022 \u2013 Tag der Architektur 2022<\/h1>\n<div>\n<p>Turkali Architekten pr\u00e4sentiert drei Objekte auf dem Tag der Architektur 2022<\/p>\n<p>Zwei Jahre lang konnte der von der Architektenkammer Hessen veranstaltete Tag der Architektur coronabedingt nicht stattfinden. Eine Besichtigung der ausgew\u00e4hlten Projekte war somit nicht m\u00f6glich.<\/p>\n<p>Das sieht beim diesj\u00e4hrigen 28. Tag der Architektur ganz anders aus: Am letzten Juniwochenende darf sich die Architektur interessierte \u00d6ffentlichkeit auf gleich drei F\u00fchrungen von Turkali Architekten freuen.<\/p>\n<p>Am Samstag, den 25. Juni 2022, kann die in Holzbauweise errichtete Sporthalle im Sportpark Frankfurt-Preungesheim besichtigt werden, ebenso ein unter Aspekten des Denkmalschutzes saniertes Biedermeier-Geb\u00e4ude in Wiesbaden sowie ein Internat im hessischen Weiterstadt, das von der Handwerkskammer Frankfurt Rhein-Main betrieben wird.<\/p>\n<p>F\u00fcr den diesj\u00e4hrigen 28. Tag der Architektur haben sich insgesamt 71 Projekte von Architekt*innen, Innenarchitekt*innen, Landschaftsarchitekt*innen und Stadtplaner*innen aus Hessen qualifiziert, hinzu kommen Projekte aus den Jahren 2020 und 2021.<\/p>\n<p>Alle Projekte zum diesj\u00e4hrigen Tag der Architektur sind auf der Baukulturkarte zu sehen unter https:\/\/www.akh.de\/baukultur\/baukultour<\/p>\n<p>Das Faltprogramm zum Tag der Architektur k\u00f6nnen Sie hier herunterladen!<\/p>\n<p>Sie m\u00f6chten an einer F\u00fchrung von Turkali Architekten teilnehmen?<br \/>Dann melden Sie sich bitte per E-Mail unter Nennung des Objektes hier an!<\/p>\n<p>Die Besichtigungen im \u00dcberblick:<\/p>\n<p>Luisenstra\u00dfe 7 in Wiesbaden, Samstag, 25. Juni 2022, 10 Uhr<br \/>Sporthalle im Sportpark Frankfurt-Preungesheim, Samstag, 25. Juni 2022, 13 Uhr<br \/>Internat der Handwerkskammer Frankfurt Rhein-Main, Weiterstadt, Samstag, 25. Juni 2022, 13 Uhr<\/p>\n<\/div>\n<p><img decoding=\"async\" src=\"\/wp-content\/uploads\/2024\/02\/14-06-2022_Foto.jpg\" alt=\"\"><\/p>\n<p><!--more--><br \/>\n<!-- {\"type\":\"layout\",\"children\":[{\"type\":\"section\",\"props\":{\"css\":\"  .el-section {\\n\\tpadding:128px 0px;\\n\\t}\\n\\n@media only screen and (max-width: 600px) {\\n  .el-section {\\n\\tpadding:20px 0px;\\n\\t}\\n}\",\"image_position\":\"center-center\",\"padding_remove_top\":false,\"style\":\"default\",\"title_breakpoint\":\"xl\",\"title_position\":\"top-left\",\"title_rotation\":\"left\",\"vertical_align\":\"middle\",\"width\":\"default\"},\"children\":[{\"type\":\"row\",\"props\":{\"layout\":\"1-2,1-2\"},\"children\":[{\"type\":\"column\",\"props\":{\"css\":\".el-column {\\npadding-right:35px;\\n}\",\"image_position\":\"center-center\",\"position_sticky_breakpoint\":\"m\",\"width_medium\":\"1-2\"},\"children\":[{\"type\":\"headline\",\"props\":{\"content\":\"14.06.2022 \\u2013 Tag der Architektur 2022\",\"content_en_us\":\"14.06.2022 - Day of Architecture 2022\",\"title_element\":\"h1\"}},{\"type\":\"text\",\"props\":{\"column_breakpoint\":\"m\",\"content\":\"\n\n<p>Turkali Architekten pr\\u00e4sentiert drei Objekte auf dem Tag der Architektur 2022<\\\/p>\\n\n\n<p>Zwei Jahre lang konnte der von der Architektenkammer Hessen veranstaltete Tag der Architektur coronabedingt nicht stattfinden. Eine Besichtigung der ausgew\\u00e4hlten Projekte war somit nicht m\\u00f6glich.<\\\/p>\\n\n\n<p>Das sieht beim diesj\\u00e4hrigen 28. Tag der Architektur ganz anders aus: Am letzten Juniwochenende darf sich die Architektur interessierte \\u00d6ffentlichkeit auf gleich drei F\\u00fchrungen von Turkali Architekten freuen.<\\\/p>\\n\n\n<p>Am Samstag, den 25. Juni 2022, kann die in Holzbauweise errichtete Sporthalle im Sportpark Frankfurt-Preungesheim besichtigt werden, ebenso ein unter Aspekten des Denkmalschutzes saniertes Biedermeier-Geb\\u00e4ude in Wiesbaden sowie ein Internat im hessischen Weiterstadt, das von der Handwerkskammer Frankfurt Rhein-Main betrieben wird.<\\\/p>\\n\n\n<p>F\\u00fcr den diesj\\u00e4hrigen 28. Tag der Architektur haben sich insgesamt 71 Projekte von Architekt*innen, Innenarchitekt*innen, Landschaftsarchitekt*innen und Stadtplaner*innen aus Hessen qualifiziert, hinzu kommen Projekte aus den Jahren 2020 und 2021.<\\\/p>\\n\n\n<p>Alle Projekte zum diesj\\u00e4hrigen Tag der Architektur sind auf der Baukulturkarte zu sehen unter https:\\\/\\\/www.akh.de\\\/baukultur\\\/baukultour<\\\/p>\\n\n\n<p>Das Faltprogramm zum Tag der Architektur k\\u00f6nnen Sie hier herunterladen!<\\\/p>\\n\n\n<p>Sie m\\u00f6chten an einer F\\u00fchrung von Turkali Architekten teilnehmen?<br \\\/>Dann melden Sie sich bitte per E-Mail unter Nennung des Objektes hier an!<\\\/p>\\n\n\n<p>Die Besichtigungen im \\u00dcberblick:<\\\/p>\\n\n\n<p>Luisenstra\\u00dfe 7 in Wiesbaden, Samstag, 25. Juni 2022, 10 Uhr<br \\\/>Sporthalle im Sportpark Frankfurt-Preungesheim, Samstag, 25. Juni 2022, 13 Uhr<br \\\/>Internat der Handwerkskammer Frankfurt Rhein-Main, Weiterstadt, Samstag, 25. Juni 2022, 13 Uhr<\\\/p>\",\"content_en_us\":\"\n\n<p>Turkali Architekten presents three projects at the Day of Architecture 2022<\\\/p>\\n\n\n<p>For two years now, the Day of Architecture, organized by the Chamber of Architects of Hesse, could not take place due to Covid restrictions. Thus, the public had no opportunity of viewing the selected objects.<\\\/p>\\n\n\n<p>This looks quite different at this year's 28th Day of Architecture: On the last weekend in June, three buildings realized by Turkali Architekten, can be toured.<\\\/p>\\n\n\n<p>They are: a sports hall in wood construction in Frankfurt-Preungesheim, a Bidermeier building in Wiesbaden, which was renovated in close cooperation with the Hessian State Office for the Preservation of Monuments and Historical Buildings, and a boarding school in Weiterstadt, owned by the Frankfurt Rhein-Main Chamber of Skilled Crafts.<\\\/p>\\n\n\n<p>For this year's 28th Day of Architecture, a total of 71 projects by architects, interior architects, landscape architects and urban planners from Hesse have qualified. In addition, there will be projects from 2020 and 2021.<\\\/p>\\n\n\n<p>All projects for this year's Day of Architecture will be displayed on the Baukultur map under https:\\\/\\\/www.akh.de\\\/baukultur\\\/baukultour<\\\/p>\\n\n\n<p>The program of the Day of Archictecture can be downloaded here!<\\\/p>\\n\n\n<p>You would like to take part in one of the tours of Turkali Architekten?<br \\\/>Then please register by e-mail here naming the object you would like to visit!<\\\/p>\\n\n\n<p>The tours at a glance<\\\/p>\\n\n\n<p>Luisenstrasse 7 in Wiesbaden, Saturday, June 25th, 2022, 10 a.m.<br \\\/>Sports Park Frankfurt-Preungesheim, Saturday, June 25th, 2022, 1 p.m.<br \\\/>Boarding School Weiterstadt, Saturday, June 25th, 2022, 1 p.m.<\\\/p>\",\"css\":\".el-element {\\nfont-size:15px;\\nline-height:25px;\\n}\",\"margin\":\"default\",\"margin_remove_bottom\":false}}]},{\"type\":\"column\",\"props\":{\"image_position\":\"center-center\",\"position_sticky_breakpoint\":\"m\",\"width_medium\":\"1-2\"},\"children\":[{\"type\":\"image\",\"props\":{\"image\":\"wp-content\\\/uploads\\\/2024\\\/02\\\/14-06-2022_Foto.jpg\",\"image_svg_color\":\"emphasis\",\"margin\":\"default\",\"margin_remove_bottom\":true}},{\"type\":\"text\",\"props\":{\"column_breakpoint\":\"m\",\"content\":\"\",\"css\":\".el-element {\\nfont-size:10px;\\n\\nline-height:25px;\\n}\",\"margin\":\"\",\"margin_remove_bottom\":false,\"margin_remove_top\":false}},{\"type\":\"text\",\"props\":{\"column_breakpoint\":\"m\",\"content\":\"\",\"css\":\".el-element {\\nfont-size:10px;\\n\\nline-height:25px;\\n}\",\"margin\":\"\",\"margin_remove_bottom\":false,\"margin_remove_top\":false}}]}]}],\"name\":\"Header-Section-Start\"}],\"version\":\"4.2.12\"} --><\/p>\n","protected":false},"excerpt":{"rendered":"<p>14.06.2022 \u2013 Tag der Architektur 2022 Turkali Architekten pr\u00e4sentiert drei Objekte auf dem Tag der Architektur 2022 Zwei Jahre lang konnte der von der Architektenkammer Hessen veranstaltete Tag der Architektur coronabedingt nicht stattfinden. Eine Besichtigung der ausgew\u00e4hlten Projekte war somit nicht m\u00f6glich. Das sieht beim diesj\u00e4hrigen 28. Tag der Architektur ganz anders aus: Am letzten [&hellip;]<\/p>\n","protected":false},"author":1,"featured_media":0,"parent":1079,"menu_order":62,"comment_status":"closed","ping_status":"closed","template":"","meta":{"footnotes":""},"class_list":["post-630","page","type-page","status-publish","hentry"],"_links":{"self":[{"href":"https:\/\/www.turkali-architekten.de\/de\/wp-json\/wp\/v2\/pages\/630","targetHints":{"allow":["GET"]}}],"collection":[{"href":"https:\/\/www.turkali-architekten.de\/de\/wp-json\/wp\/v2\/pages"}],"about":[{"href":"https:\/\/www.turkali-architekten.de\/de\/wp-json\/wp\/v2\/types\/page"}],"author":[{"embeddable":true,"href":"https:\/\/www.turkali-architekten.de\/de\/wp-json\/wp\/v2\/users\/1"}],"replies":[{"embeddable":true,"href":"https:\/\/www.turkali-architekten.de\/de\/wp-json\/wp\/v2\/comments?post=630"}],"version-history":[{"count":8,"href":"https:\/\/www.turkali-architekten.de\/de\/wp-json\/wp\/v2\/pages\/630\/revisions"}],"predecessor-version":[{"id":4153,"href":"https:\/\/www.turkali-architekten.de\/de\/wp-json\/wp\/v2\/pages\/630\/revisions\/4153"}],"up":[{"embeddable":true,"href":"https:\/\/www.turkali-architekten.de\/de\/wp-json\/wp\/v2\/pages\/1079"}],"wp:attachment":[{"href":"https:\/\/www.turkali-architekten.de\/de\/wp-json\/wp\/v2\/media?parent=630"}],"curies":[{"name":"wp","href":"https:\/\/api.w.org\/{rel}","templated":true}]}}