{"id":623,"date":"2024-02-13T11:04:17","date_gmt":"2024-02-13T10:04:17","guid":{"rendered":"http:\/\/s992978995.online.de\/?page_id=623"},"modified":"2024-05-08T23:22:20","modified_gmt":"2024-05-08T21:22:20","slug":"29-06-2022","status":"publish","type":"page","link":"https:\/\/www.turkali-architekten.de\/de\/aktuelles\/29-06-2022\/","title":{"rendered":"29.06.2022"},"content":{"rendered":"<h1>29.06.2022 \u2013 Reges Interesse am 28. Tag der Architektur<\/h1>\n<div>\n<p>F\u00fchrungen von Turkali Architekten gut besucht<\/p>\n<p>Mehr als f\u00fcnfzig Architektur interessierte Menschen nahmen das Angebot von Turkali Architekten am diesj\u00e4hrigen 28. Tag der Architektur wahr und lie\u00dfen sich von den Architekten durch Objekte in Frankfurt, Wiesbaden und Weiterstadt f\u00fchren.<\/p>\n<p>In Frankfurt-Preungesheim f\u00fchrte Prof. Zvonko Turkali durch eine im Jahr 2017 fertiggestellte und in Holzbauweise errichtete Sporthalle im Sportpark Frankfurt-Preungesheim. Neben der Erkundung des rund 6,5 Hektar gro\u00dfen Gel\u00e4ndes bot sich den Besucher*innen Gelegenheit, die 45 Meter lange und 27 Meter breite Sportfl\u00e4che zu betreten.<\/p>\n<p>Dominik Loh, B\u00fcroleiter bei Turkali Architekten, f\u00fchrte u.a. durch ein unter Aspekten des Denkmalschutzes saniertes Biedermeier-Geb\u00e4ude in der Luisenstra\u00dfe 7 in Wiesbaden. Dort sind seit Ende 2020 die Kriminologische Zentralstelle und die Nationale Stelle zur Verh\u00fctung von Folter ans\u00e4ssig \u2013 das Geb\u00e4ude ist in der Regel f\u00fcr die \u00d6ffentlichkeit nicht zug\u00e4nglich. Im hessischen Weiterstadt \u00f6ffnete ein von Turkali Architekten im Auftrag der Handwerkskammer Frankfurt Rhein-Main errichtetes Internat seine Pforten f\u00fcr die \u00d6ffentlichkeit.<\/p>\n<\/div>\n<p><img decoding=\"async\" src=\"\/wp-content\/uploads\/2024\/02\/TdA_web.jpg\" alt=\"\"><\/p>\n<p><!--more--><br \/>\n<!-- {\"type\":\"layout\",\"children\":[{\"type\":\"section\",\"props\":{\"css\":\"  .el-section {\\n\\tpadding:128px 0px;\\n\\t}\\n\\n@media only screen and (max-width: 600px) {\\n  .el-section {\\n\\tpadding:20px 0px;\\n\\t}\\n}\",\"image_position\":\"center-center\",\"padding_remove_top\":false,\"style\":\"default\",\"title_breakpoint\":\"xl\",\"title_position\":\"top-left\",\"title_rotation\":\"left\",\"vertical_align\":\"middle\",\"width\":\"default\"},\"children\":[{\"type\":\"row\",\"props\":{\"layout\":\"1-2,1-2\"},\"children\":[{\"type\":\"column\",\"props\":{\"css\":\".el-column {\\npadding-right:35px;\\n}\",\"image_position\":\"center-center\",\"position_sticky_breakpoint\":\"m\",\"width_medium\":\"1-2\"},\"children\":[{\"type\":\"headline\",\"props\":{\"content\":\"29.06.2022 \\u2013 Reges Interesse am 28. Tag der Architektur\",\"content_en_us\":\"29.06.2022 - Lively interest in the 28th Day of Architecture\",\"title_element\":\"h1\"}},{\"type\":\"text\",\"props\":{\"column_breakpoint\":\"m\",\"content\":\"\n\n<p>F\\u00fchrungen von Turkali Architekten gut besucht<\\\/p>\\n\n\n<p>Mehr als f\\u00fcnfzig Architektur interessierte Menschen nahmen das Angebot von Turkali Architekten am diesj\\u00e4hrigen 28. Tag der Architektur wahr und lie\\u00dfen sich von den Architekten durch Objekte in Frankfurt, Wiesbaden und Weiterstadt f\\u00fchren.<\\\/p>\\n\n\n<p>In Frankfurt-Preungesheim f\\u00fchrte Prof. Zvonko Turkali durch eine im Jahr 2017 fertiggestellte und in Holzbauweise errichtete Sporthalle im Sportpark Frankfurt-Preungesheim. Neben der Erkundung des rund 6,5 Hektar gro\\u00dfen Gel\\u00e4ndes bot sich den Besucher*innen Gelegenheit, die 45 Meter lange und 27 Meter breite Sportfl\\u00e4che zu betreten.<\\\/p>\\n\n\n<p>Dominik Loh, B\\u00fcroleiter bei Turkali Architekten, f\\u00fchrte u.a. durch ein unter Aspekten des Denkmalschutzes saniertes Biedermeier-Geb\\u00e4ude in der Luisenstra\\u00dfe 7 in Wiesbaden. Dort sind seit Ende 2020 die Kriminologische Zentralstelle und die Nationale Stelle zur Verh\\u00fctung von Folter ans\\u00e4ssig \\u2013 das Geb\\u00e4ude ist in der Regel f\\u00fcr die \\u00d6ffentlichkeit nicht zug\\u00e4nglich. Im hessischen Weiterstadt \\u00f6ffnete ein von Turkali Architekten im Auftrag der Handwerkskammer Frankfurt Rhein-Main errichtetes Internat seine Pforten f\\u00fcr die \\u00d6ffentlichkeit.<\\\/p>\",\"content_en_us\":\"\n\n<p>Tours of Turkali Architekten well attended<\\\/p>\\n\n\n<p>More than fifty people with an interest in architecture took up the offer by Turkali Architekten to join the guided tours through buildings in Frankfurt, Wiesbaden and Weiterstadt on this year's 28th Day of Architecture.<\\\/p>\\n\n\n<p>In the north of Frankfurt, Prof. Zvonko Turkali led a tour through a sports hall in the Sports Park Frankfurt-Preungesheim, which was completed in 2017 and built using wood construction. In addition to exploring the approximately 6.5 hectare compound, visitors had the opportunity to enter the 45 meter long and 27 meter wide sports venue.<\\\/p>\\n\n\n<p>Dominik Loh, senior architect at Turkali Architekten, gave a guided tour of a Biedermeier building at Luisenstrasse 7 in Wiesbaden, which was renovated under aspects of historic preservation. The Center for Criminology (Kriminologische Zentralstelle, KrimZ) and the National Agency for the Prevention of Torture are located there since the end of 2020. The building is usually not open to the public. Further, a boarding school built by Turkali Architekten on behalf of the Frankfurt Rhein-Main Chamber of Skilled Crafts in Weiterstadt, Hesse, opened its doors to the public.<\\\/p>\",\"css\":\".el-element {\\nfont-size:15px;\\nline-height:25px;\\n}\",\"margin\":\"default\",\"margin_remove_bottom\":false}}]},{\"type\":\"column\",\"props\":{\"image_position\":\"center-center\",\"position_sticky_breakpoint\":\"m\",\"width_medium\":\"1-2\"},\"children\":[{\"type\":\"image\",\"props\":{\"image\":\"wp-content\\\/uploads\\\/2024\\\/02\\\/TdA_web.jpg\",\"image_svg_color\":\"emphasis\",\"margin\":\"default\",\"margin_remove_bottom\":true}},{\"type\":\"text\",\"props\":{\"column_breakpoint\":\"m\",\"content\":\"\",\"css\":\".el-element {\\nfont-size:10px;\\n\\nline-height:25px;\\n}\",\"margin\":\"\",\"margin_remove_bottom\":false,\"margin_remove_top\":false}},{\"type\":\"text\",\"props\":{\"column_breakpoint\":\"m\",\"content\":\"\",\"css\":\".el-element {\\nfont-size:10px;\\n\\nline-height:25px;\\n}\",\"margin\":\"\",\"margin_remove_bottom\":false,\"margin_remove_top\":false}}]}]}],\"name\":\"Header-Section-Start\"}],\"version\":\"4.2.12\"} --><\/p>\n","protected":false},"excerpt":{"rendered":"<p>29.06.2022 \u2013 Reges Interesse am 28. Tag der Architektur F\u00fchrungen von Turkali Architekten gut besucht Mehr als f\u00fcnfzig Architektur interessierte Menschen nahmen das Angebot von Turkali Architekten am diesj\u00e4hrigen 28. Tag der Architektur wahr und lie\u00dfen sich von den Architekten durch Objekte in Frankfurt, Wiesbaden und Weiterstadt f\u00fchren. In Frankfurt-Preungesheim f\u00fchrte Prof. Zvonko Turkali durch [&hellip;]<\/p>\n","protected":false},"author":1,"featured_media":0,"parent":1079,"menu_order":45,"comment_status":"closed","ping_status":"closed","template":"","meta":{"footnotes":""},"class_list":["post-623","page","type-page","status-publish","hentry"],"_links":{"self":[{"href":"https:\/\/www.turkali-architekten.de\/de\/wp-json\/wp\/v2\/pages\/623","targetHints":{"allow":["GET"]}}],"collection":[{"href":"https:\/\/www.turkali-architekten.de\/de\/wp-json\/wp\/v2\/pages"}],"about":[{"href":"https:\/\/www.turkali-architekten.de\/de\/wp-json\/wp\/v2\/types\/page"}],"author":[{"embeddable":true,"href":"https:\/\/www.turkali-architekten.de\/de\/wp-json\/wp\/v2\/users\/1"}],"replies":[{"embeddable":true,"href":"https:\/\/www.turkali-architekten.de\/de\/wp-json\/wp\/v2\/comments?post=623"}],"version-history":[{"count":8,"href":"https:\/\/www.turkali-architekten.de\/de\/wp-json\/wp\/v2\/pages\/623\/revisions"}],"predecessor-version":[{"id":4182,"href":"https:\/\/www.turkali-architekten.de\/de\/wp-json\/wp\/v2\/pages\/623\/revisions\/4182"}],"up":[{"embeddable":true,"href":"https:\/\/www.turkali-architekten.de\/de\/wp-json\/wp\/v2\/pages\/1079"}],"wp:attachment":[{"href":"https:\/\/www.turkali-architekten.de\/de\/wp-json\/wp\/v2\/media?parent=623"}],"curies":[{"name":"wp","href":"https:\/\/api.w.org\/{rel}","templated":true}]}}