{"id":611,"date":"2024-02-13T11:03:27","date_gmt":"2024-02-13T10:03:27","guid":{"rendered":"http:\/\/s992978995.online.de\/?page_id=611"},"modified":"2024-05-08T23:20:21","modified_gmt":"2024-05-08T21:20:21","slug":"22-07-2022","status":"publish","type":"page","link":"https:\/\/www.turkali-architekten.de\/de\/aktuelles\/22-07-2022\/","title":{"rendered":"22.07.2022"},"content":{"rendered":"<h1>22.07.2022 \u2013 Interdisziplin\u00e4re Fachtagung in Bad Nauheim<\/h1>\n<div>\n<p>Prof. Zvonko Turkali pr\u00e4sentiert Kulturspur der besonderen Art<\/p>\n<p>\u201eKulturspur. Ein Fall f\u00fcr den Denkmalschutz\u201c \u2013 So lautet das Thema der diesj\u00e4hrigen interdisziplin\u00e4ren Fachtagung Bad Nauheim, die am 10. September 2022 zeitgleich mit der Er\u00f6ffnung des \u201eTags des offenen Denkmals\u201c stattfindet. Der Titel Kulturspur spielt bewusst auf Begrifflichkeiten aus dem Gebiet der Kriminologie an und macht deutlich, wie wichtig Spurensuche und \u2013analyse im wertvollen Baubestand f\u00fcr die Sanierung sind.<\/p>\n<p>\u201eSchlie\u00dflich stellen die Zeitschichten als Schichten der Geschichte die Baukulturspuren dar. Sie zu erkennen und zu bewerten ist die Voraussetzung f\u00fcr alle weiteren Schritte beim Umgang mit einem wertvollen Altbau; und das unabh\u00e4ngig davon, ob er in einer Denkmalliste gef\u00fchrt ist oder nicht.\u201c, hei\u00dft es dazu im Programmheft.<\/p>\n<p>Als einer von mehreren \u201eKulturspur-Spezialisten\u201c pr\u00e4sentiert Prof. Zvonko Turkali eine Kulturspur der besonderen Art: ein Ensemble aus drei unter Aspekten des Denkmalschutzes sanierten Biedermeier-Geb\u00e4uden in der Luisenstra\u00dfe im Herzen von Wiesbaden.<\/p>\n<p>Veranstalter der eint\u00e4gigen Tagung ist der Magistrat der Stadt Bad Nauheim in Kooperation mit der Architekten- und Stadtplanerkammer Hessen, der Handwerkskammer Wiesbaden, dem Landesamt f\u00fcr Denkmalpflege Hessen, der Propstei Johannesberg gGmbH Fulda und der Stiftung Sprudelhof Bad Nauheim.<\/p>\n<p>Das Programm sowie einen Ablaufplan finden Sie hier!<\/p>\n<p>Foto: Christian Eblenkamp<\/p>\n<\/div>\n<p><img decoding=\"async\" src=\"\/wp-content\/uploads\/2024\/02\/22-07-2022_Foto.jpg\" alt=\"\"><\/p>\n<p><!--more--><br \/>\n<!-- {\"type\":\"layout\",\"children\":[{\"type\":\"section\",\"props\":{\"css\":\"  .el-section {\\n\\tpadding:128px 0px;\\n\\t}\\n\\n@media only screen and (max-width: 600px) {\\n  .el-section {\\n\\tpadding:20px 0px;\\n\\t}\\n}\",\"image_position\":\"center-center\",\"padding_remove_top\":false,\"style\":\"default\",\"title_breakpoint\":\"xl\",\"title_position\":\"top-left\",\"title_rotation\":\"left\",\"vertical_align\":\"middle\",\"width\":\"default\"},\"children\":[{\"type\":\"row\",\"props\":{\"layout\":\"1-2,1-2\"},\"children\":[{\"type\":\"column\",\"props\":{\"css\":\".el-column {\\npadding-right:35px;\\n}\",\"image_position\":\"center-center\",\"position_sticky_breakpoint\":\"m\",\"width_medium\":\"1-2\"},\"children\":[{\"type\":\"headline\",\"props\":{\"content\":\"22.07.2022 \\u2013 Interdisziplin\\u00e4re Fachtagung in Bad Nauheim\",\"content_en_us\":\"22.07.2022 - Interdisciplinary symposium in Bad Nauheim\",\"title_element\":\"h1\"}},{\"type\":\"text\",\"props\":{\"column_breakpoint\":\"m\",\"content\":\"\n\n<p>Prof. Zvonko Turkali pr\\u00e4sentiert Kulturspur der besonderen Art<\\\/p>\\n\n\n<p>\\u201eKulturspur. Ein Fall f\\u00fcr den Denkmalschutz\\u201c \\u2013 So lautet das Thema der diesj\\u00e4hrigen interdisziplin\\u00e4ren Fachtagung Bad Nauheim, die am 10. September 2022 zeitgleich mit der Er\\u00f6ffnung des \\u201eTags des offenen Denkmals\\u201c stattfindet. Der Titel Kulturspur spielt bewusst auf Begrifflichkeiten aus dem Gebiet der Kriminologie an und macht deutlich, wie wichtig Spurensuche und \\u2013analyse im wertvollen Baubestand f\\u00fcr die Sanierung sind.<\\\/p>\\n\n\n<p>\\u201eSchlie\\u00dflich stellen die Zeitschichten als Schichten der Geschichte die Baukulturspuren dar. Sie zu erkennen und zu bewerten ist die Voraussetzung f\\u00fcr alle weiteren Schritte beim Umgang mit einem wertvollen Altbau; und das unabh\\u00e4ngig davon, ob er in einer Denkmalliste gef\\u00fchrt ist oder nicht.\\u201c, hei\\u00dft es dazu im Programmheft.<\\\/p>\\n\n\n<p>Als einer von mehreren \\u201eKulturspur-Spezialisten\\u201c pr\\u00e4sentiert Prof. Zvonko Turkali eine Kulturspur der besonderen Art: ein Ensemble aus drei unter Aspekten des Denkmalschutzes sanierten Biedermeier-Geb\\u00e4uden in der Luisenstra\\u00dfe im Herzen von Wiesbaden.<\\\/p>\\n\n\n<p>Veranstalter der eint\\u00e4gigen Tagung ist der Magistrat der Stadt Bad Nauheim in Kooperation mit der Architekten- und Stadtplanerkammer Hessen, der Handwerkskammer Wiesbaden, dem Landesamt f\\u00fcr Denkmalpflege Hessen, der Propstei Johannesberg gGmbH Fulda und der Stiftung Sprudelhof Bad Nauheim.<\\\/p>\\n\n\n<p>Das Programm sowie einen Ablaufplan finden Sie hier!<\\\/p>\\n\n\n<p>Foto: Christian Eblenkamp<\\\/p>\",\"content_en_us\":\"\n\n<p>Prof. Zvonko Turkali presents culture trace of a special kind<\\\/p>\\n\n\n<p>\\\"Culture trace. A case for monument protection\\\" \\u2013 This is the theme of this year's interdisciplinary symposium Bad Nauheim, which will take place on September 10th, 2022, coinciding with the opening of the \\\"Open Monument Day\\\". The title \\u201cKulturspur\\u201d (culture trace) deliberately refers to terminology from the field of criminology and makes clear how important the search for and analysis of traces in the valuable existing building stock are for restoration.<\\\/p>\\n\n\n<p>\\\"After all, the layers of time as layers of history represent the traces of building culture. Recognizing and evaluating them is the prerequisite for all further steps in handling a valuable old building, regardless of whether it is listed as a monument or not,\\\" the program booklet states.<\\\/p>\\n\n\n<p>As one of several \\\"culture track specialists\\\", Prof. Zvonko Turkali will present a culture track of a special kind: an ensemble of three Biedermeier buildings in Luisenstrasse in the heart of Wiesbaden, which have been renovated and restored under aspects of monument protection.<\\\/p>\\n\n\n<p>Organizer of the one-day conference is the magistrate of the city of Bad Nauheim in cooperation with the Chamber of Architects and City Planners of Hesse, the Chamber of Crafts of Wiesbaden, the State Office for the Preservation of Historical Monuments of Hesse, the Propstei Johannesberg gGmbH Fulda and the Foundation Sprudelhof Bad Nauheim.<\\\/p>\\n\n\n<p>Detailed information and a schedule can be found here!<\\\/p>\\n\n\n<p>photo: Christian Eblenkamp<\\\/p>\",\"css\":\".el-element {\\nfont-size:15px;\\nline-height:25px;\\n}\",\"margin\":\"default\",\"margin_remove_bottom\":false}}]},{\"type\":\"column\",\"props\":{\"image_position\":\"center-center\",\"position_sticky_breakpoint\":\"m\",\"width_medium\":\"1-2\"},\"children\":[{\"type\":\"image\",\"props\":{\"image\":\"wp-content\\\/uploads\\\/2024\\\/02\\\/22-07-2022_Foto.jpg\",\"image_svg_color\":\"emphasis\",\"margin\":\"default\",\"margin_remove_bottom\":true}},{\"type\":\"text\",\"props\":{\"column_breakpoint\":\"m\",\"content\":\"\",\"css\":\".el-element {\\nfont-size:10px;\\n\\nline-height:25px;\\n}\",\"margin\":\"\",\"margin_remove_bottom\":false,\"margin_remove_top\":false}},{\"type\":\"text\",\"props\":{\"column_breakpoint\":\"m\",\"content\":\"\",\"css\":\".el-element {\\nfont-size:10px;\\n\\nline-height:25px;\\n}\",\"margin\":\"\",\"margin_remove_bottom\":false,\"margin_remove_top\":false}}]}]}],\"name\":\"Header-Section-Start\"}],\"version\":\"4.2.12\"} --><\/p>\n","protected":false},"excerpt":{"rendered":"<p>22.07.2022 \u2013 Interdisziplin\u00e4re Fachtagung in Bad Nauheim Prof. Zvonko Turkali pr\u00e4sentiert Kulturspur der besonderen Art \u201eKulturspur. Ein Fall f\u00fcr den Denkmalschutz\u201c \u2013 So lautet das Thema der diesj\u00e4hrigen interdisziplin\u00e4ren Fachtagung Bad Nauheim, die am 10. September 2022 zeitgleich mit der Er\u00f6ffnung des \u201eTags des offenen Denkmals\u201c stattfindet. Der Titel Kulturspur spielt bewusst auf Begrifflichkeiten aus [&hellip;]<\/p>\n","protected":false},"author":1,"featured_media":0,"parent":1079,"menu_order":50,"comment_status":"closed","ping_status":"closed","template":"","meta":{"footnotes":""},"class_list":["post-611","page","type-page","status-publish","hentry"],"_links":{"self":[{"href":"https:\/\/www.turkali-architekten.de\/de\/wp-json\/wp\/v2\/pages\/611","targetHints":{"allow":["GET"]}}],"collection":[{"href":"https:\/\/www.turkali-architekten.de\/de\/wp-json\/wp\/v2\/pages"}],"about":[{"href":"https:\/\/www.turkali-architekten.de\/de\/wp-json\/wp\/v2\/types\/page"}],"author":[{"embeddable":true,"href":"https:\/\/www.turkali-architekten.de\/de\/wp-json\/wp\/v2\/users\/1"}],"replies":[{"embeddable":true,"href":"https:\/\/www.turkali-architekten.de\/de\/wp-json\/wp\/v2\/comments?post=611"}],"version-history":[{"count":8,"href":"https:\/\/www.turkali-architekten.de\/de\/wp-json\/wp\/v2\/pages\/611\/revisions"}],"predecessor-version":[{"id":4173,"href":"https:\/\/www.turkali-architekten.de\/de\/wp-json\/wp\/v2\/pages\/611\/revisions\/4173"}],"up":[{"embeddable":true,"href":"https:\/\/www.turkali-architekten.de\/de\/wp-json\/wp\/v2\/pages\/1079"}],"wp:attachment":[{"href":"https:\/\/www.turkali-architekten.de\/de\/wp-json\/wp\/v2\/media?parent=611"}],"curies":[{"name":"wp","href":"https:\/\/api.w.org\/{rel}","templated":true}]}}