{"id":605,"date":"2024-02-13T10:52:46","date_gmt":"2024-02-13T09:52:46","guid":{"rendered":"http:\/\/s992978995.online.de\/?page_id=605"},"modified":"2025-06-10T11:07:15","modified_gmt":"2025-06-10T09:07:15","slug":"05-09-2022","status":"publish","type":"page","link":"https:\/\/www.turkali-architekten.de\/de\/aktuelles\/05-09-2022\/","title":{"rendered":"05.09.2022"},"content":{"rendered":"<h1>05.09.2022 \u2013 Prof. Zvonko Turkali \u00fcbernimmt Vorsitz des Frankfurter Denkmalforums e.V.<\/h1>\n<div>\n<p>Wertvoller Schatz f\u00fcr die Stadt<\/p>\n<p>In Frankfurt spielt der Denkmalschutz seit jeher eine bedeutende Rolle. Mit mehr als 8.000 Bau-, Garten- und Kunstdenkmalen stellt das baukulturelle Erbe einen wertvollen Schatz f\u00fcr die Stadt dar.<\/p>\n<p>Das im Jahr 1994 von namhaften Frankfurter Pers\u00f6nlichkeiten gegr\u00fcndete Frankfurter Denkmalforum e.V. besch\u00e4ftigt sich seit seiner Gr\u00fcndung mit den Denkmalen der Stadt und unterst\u00fctzt in diesem Zusammenhang zahlreiche Projekte, Aktivit\u00e4ten und Publikationen.<\/p>\n<p>Im Sommer 2022 ist der langj\u00e4hrige Vorsitzende, Malermeister und Stadtrat a.D. Peter Mensinger aus Altersgr\u00fcnden zur\u00fcckgetreten. In seine Fu\u00dfstapfen tritt Prof. Zvonko Turkali, der bei der Mitgliederversammlung des F\u00f6rderkreises einstimmig zum neuen Vorsitzenden gew\u00e4hlt wurde.<\/p>\n<p>Neben Prof. Turkali geh\u00f6ren die Pr\u00e4sidentin der Handwerkskammer, Susanne Haus, der Wirtschaftspr\u00fcfer Erhard Theil, der Regionaldirektor bei der Frankfurter Volksbank eG, Juan Aragon und Ursula Henrich von der Henrich Druck + Medien GmbH dem Vorstand an.<\/p>\n<\/div>\n<p><img decoding=\"async\" src=\"\/wp-content\/uploads\/2024\/02\/05-09-2022_Foto-scaled.jpg\" alt=\"\"><\/p>\n<p><!--more--><br \/>\n<!-- {\"type\":\"layout\",\"children\":[{\"type\":\"section\",\"props\":{\"css\":\"  .el-section {\\n\\tpadding:128px 0px;\\n\\t}\\n\\n@media only screen and (max-width: 600px) {\\n  .el-section {\\n\\tpadding:20px 0px;\\n\\t}\\n}\",\"image_position\":\"center-center\",\"padding_remove_top\":false,\"style\":\"default\",\"title_breakpoint\":\"xl\",\"title_position\":\"top-left\",\"title_rotation\":\"left\",\"vertical_align\":\"\",\"width\":\"default\"},\"children\":[{\"type\":\"row\",\"props\":{\"layout\":\"1-2,1-2\"},\"children\":[{\"type\":\"column\",\"props\":{\"css\":\".el-column {\\npadding-right:35px;\\n}\",\"image_position\":\"center-center\",\"position_sticky_breakpoint\":\"m\",\"width_medium\":\"1-2\"},\"children\":[{\"type\":\"headline\",\"props\":{\"content\":\"05.09.2022 \\u2013 Prof. Zvonko Turkali \\u00fcbernimmt Vorsitz des Frankfurter Denkmalforums e.V.\",\"content_en_us\":\"05.09.2022 \\u2013 Prof. Zvonko Turkali Takes Over as Chairman of the Frankfurt Monument Forum\",\"title_element\":\"h1\"}},{\"type\":\"text\",\"props\":{\"column_breakpoint\":\"m\",\"content\":\"\n\n<p>Wertvoller Schatz f\\u00fcr die Stadt<\\\/p>\\n\n\n<p>In Frankfurt spielt der Denkmalschutz seit jeher eine bedeutende Rolle. Mit mehr als 8.000 Bau-, Garten- und Kunstdenkmalen stellt das baukulturelle Erbe einen wertvollen Schatz f\\u00fcr die Stadt dar.<\\\/p>\\n\n\n<p>Das im Jahr 1994 von namhaften Frankfurter Pers\\u00f6nlichkeiten gegr\\u00fcndete Frankfurter Denkmalforum e.V. besch\\u00e4ftigt sich seit seiner Gr\\u00fcndung mit den Denkmalen der Stadt und unterst\\u00fctzt in diesem Zusammenhang zahlreiche Projekte, Aktivit\\u00e4ten und Publikationen.<\\\/p>\\n\n\n<p>Im Sommer 2022 ist der langj\\u00e4hrige Vorsitzende, Malermeister und Stadtrat a.D. Peter Mensinger aus Altersgr\\u00fcnden zur\\u00fcckgetreten. In seine Fu\\u00dfstapfen tritt Prof. Zvonko Turkali, der bei der Mitgliederversammlung des F\\u00f6rderkreises einstimmig zum neuen Vorsitzenden gew\\u00e4hlt wurde.<\\\/p>\\n\n\n<p>Neben Prof. Turkali geh\\u00f6ren die Pr\\u00e4sidentin der Handwerkskammer, Susanne Haus, der Wirtschaftspr\\u00fcfer Erhard Theil, der Regionaldirektor bei der Frankfurter Volksbank eG, Juan Aragon und Ursula Henrich von der Henrich Druck + Medien GmbH dem Vorstand an.<\\\/p>\",\"content_en_us\":\"\n\n<p>A Valuable Treasure for the City<\\\/p>\\n\n\n<p>Monument preservation has always played an important role in Frankfurt. With more than 8,000 architectural, garden, and artistic monuments, the city's architectural heritage represents a valuable treasure for the city.<\\\/p>\\n\n\n<p>Founded in 1994 by prominent Frankfurt figures, the Frankfurt Monument Forum has been working with the city's monuments since its inception and supports numerous projects, activities, and publications in this context.<\\\/p>\\n\n\n<p>In the summer of 2022, long-time chairman, master painter and retired city councilor Peter Mensinger, stepped down due to age. Prof. Zvonko Turkali, who was unanimously elected as the new chairman at the association's general meeting, will follow in his footsteps.<\\\/p>\\n\n\n<p>In addition to Prof. Turkali, the President of the Chamber of Crafts, Susanne Haus, the auditor Erhard Theil, the regional director of Frankfurter Volksbank eG, Juan Aragon and Ursula Henrich from Henrich Druck + Medien GmbH are members of the board.<\\\/p>\",\"css\":\".el-element {\\nfont-size:15px;\\nline-height:25px;\\n}\",\"margin\":\"default\",\"margin_remove_bottom\":false}}]},{\"type\":\"column\",\"props\":{\"image_position\":\"center-center\",\"position_sticky_breakpoint\":\"m\",\"width_medium\":\"1-2\"},\"children\":[{\"type\":\"image\",\"props\":{\"image\":\"wp-content\\\/uploads\\\/2024\\\/02\\\/05-09-2022_Foto-scaled.jpg\",\"image_svg_color\":\"emphasis\",\"margin\":\"default\",\"margin_remove_bottom\":true}},{\"type\":\"text\",\"props\":{\"column_breakpoint\":\"m\",\"content\":\"\",\"css\":\".el-element {\\nfont-size:10px;\\n\\nline-height:25px;\\n}\",\"margin\":\"\",\"margin_remove_bottom\":false,\"margin_remove_top\":false}},{\"type\":\"text\",\"props\":{\"column_breakpoint\":\"m\",\"content\":\"\",\"css\":\".el-element {\\nfont-size:10px;\\n\\nline-height:25px;\\n}\",\"margin\":\"\",\"margin_remove_bottom\":false,\"margin_remove_top\":false}}]}]}],\"name\":\"Header-Section-Start\"}],\"version\":\"4.4.16\"} --><\/p>\n","protected":false},"excerpt":{"rendered":"<p>05.09.2022 \u2013 Prof. Zvonko Turkali \u00fcbernimmt Vorsitz des Frankfurter Denkmalforums e.V. Wertvoller Schatz f\u00fcr die Stadt In Frankfurt spielt der Denkmalschutz seit jeher eine bedeutende Rolle. Mit mehr als 8.000 Bau-, Garten- und Kunstdenkmalen stellt das baukulturelle Erbe einen wertvollen Schatz f\u00fcr die Stadt dar. Das im Jahr 1994 von namhaften Frankfurter Pers\u00f6nlichkeiten gegr\u00fcndete Frankfurter [&hellip;]<\/p>\n","protected":false},"author":1,"featured_media":0,"parent":1079,"menu_order":69,"comment_status":"closed","ping_status":"closed","template":"","meta":{"footnotes":""},"class_list":["post-605","page","type-page","status-publish","hentry"],"_links":{"self":[{"href":"https:\/\/www.turkali-architekten.de\/de\/wp-json\/wp\/v2\/pages\/605","targetHints":{"allow":["GET"]}}],"collection":[{"href":"https:\/\/www.turkali-architekten.de\/de\/wp-json\/wp\/v2\/pages"}],"about":[{"href":"https:\/\/www.turkali-architekten.de\/de\/wp-json\/wp\/v2\/types\/page"}],"author":[{"embeddable":true,"href":"https:\/\/www.turkali-architekten.de\/de\/wp-json\/wp\/v2\/users\/1"}],"replies":[{"embeddable":true,"href":"https:\/\/www.turkali-architekten.de\/de\/wp-json\/wp\/v2\/comments?post=605"}],"version-history":[{"count":10,"href":"https:\/\/www.turkali-architekten.de\/de\/wp-json\/wp\/v2\/pages\/605\/revisions"}],"predecessor-version":[{"id":7066,"href":"https:\/\/www.turkali-architekten.de\/de\/wp-json\/wp\/v2\/pages\/605\/revisions\/7066"}],"up":[{"embeddable":true,"href":"https:\/\/www.turkali-architekten.de\/de\/wp-json\/wp\/v2\/pages\/1079"}],"wp:attachment":[{"href":"https:\/\/www.turkali-architekten.de\/de\/wp-json\/wp\/v2\/media?parent=605"}],"curies":[{"name":"wp","href":"https:\/\/api.w.org\/{rel}","templated":true}]}}