{"id":599,"date":"2024-02-13T11:02:42","date_gmt":"2024-02-13T10:02:42","guid":{"rendered":"http:\/\/s992978995.online.de\/?page_id=599"},"modified":"2025-06-10T13:51:47","modified_gmt":"2025-06-10T11:51:47","slug":"20-10-2022","status":"publish","type":"page","link":"https:\/\/www.turkali-architekten.de\/de\/aktuelles\/20-10-2022\/","title":{"rendered":"20.10.2022"},"content":{"rendered":"<h1>20.10.2022 \u2013 Ein Blick hinter die Kulissen deutscher Architekturb\u00fcros<\/h1>\n<div>\n<p>Einblicke in die R\u00e4umlichkeiten deutscher Architekturb\u00fcros<\/p>\n<p>Im Rahmen seines Projektes \u201eArchmospheres\u201d dokumentiert der britische Fotograf Marc Goodwin seit mehreren Jahren die Atmosph\u00e4re in den R\u00e4umlichkeiten von Architekturb\u00fcros weltweit mit seiner Kamera.<\/p>\n<p>Nach Stationen u.a. in Instanbul, Shanghai und S\u00e3o Paulo musste Goodwin das Projekt coronabedingt ruhen lassen. Nun hat er seine Tour wiederaufgenommen \u2013 den Auftakt bildeten 12 Architekturstudios in der deutschen Hauptstadt Berlin, gefolgt von 26 Architekturb\u00fcros in Frankfurt, Stuttgart und M\u00fcnchen. Auch das B\u00fcro von Turkali Architekten war dabei.<\/p>\n<p>Foto: Marc Goodwin, Archmospheres<\/p>\n<\/div>\n<p><img decoding=\"async\" src=\"\/wp-content\/uploads\/2024\/02\/20-10-2022_Foto-scaled.jpg\" alt=\"\"><\/p>\n<p><!--more--><br \/>\n<!-- {\"type\":\"layout\",\"children\":[{\"type\":\"section\",\"props\":{\"css\":\"  .el-section {\\n\\tpadding:128px 0px;\\n\\t}\\n\\n@media only screen and (max-width: 600px) {\\n  .el-section {\\n\\tpadding:20px 0px;\\n\\t}\\n}\",\"image_position\":\"center-center\",\"padding_remove_top\":false,\"style\":\"default\",\"title_breakpoint\":\"xl\",\"title_position\":\"top-left\",\"title_rotation\":\"left\",\"vertical_align\":\"\",\"width\":\"default\"},\"children\":[{\"type\":\"row\",\"props\":{\"layout\":\"1-2,1-2\"},\"children\":[{\"type\":\"column\",\"props\":{\"css\":\".el-column {\\npadding-right:35px;\\n}\",\"image_position\":\"center-center\",\"position_sticky_breakpoint\":\"m\",\"width_medium\":\"1-2\"},\"children\":[{\"type\":\"headline\",\"props\":{\"content\":\"20.10.2022 \\u2013 Ein Blick hinter die Kulissen deutscher Architekturb\\u00fcros\",\"content_en_us\":\"20.10.2022 - A look behind the scenes of German architectural firms\",\"title_element\":\"h1\"}},{\"type\":\"text\",\"props\":{\"column_breakpoint\":\"m\",\"content\":\"\n\n<p>Einblicke in die R\\u00e4umlichkeiten deutscher Architekturb\\u00fcros<\\\/p>\\n\n\n<p>Im Rahmen seines Projektes \\u201eArchmospheres\\u201d dokumentiert der britische Fotograf Marc Goodwin seit mehreren Jahren die Atmosph\\u00e4re in den R\\u00e4umlichkeiten von Architekturb\\u00fcros weltweit mit seiner Kamera.<\\\/p>\\n\n\n<p>Nach Stationen u.a. in Instanbul, Shanghai und S\\u00e3o Paulo musste Goodwin das Projekt coronabedingt ruhen lassen. Nun hat er seine Tour wiederaufgenommen \\u2013 den Auftakt bildeten 12 Architekturstudios in der deutschen Hauptstadt Berlin, gefolgt von 26 Architekturb\\u00fcros in Frankfurt, Stuttgart und M\\u00fcnchen. Auch das B\\u00fcro von Turkali Architekten war dabei.<\\\/p>\\n\n\n<p>Foto: Marc Goodwin, Archmospheres<\\\/p>\",\"content_en_us\":\"\n\n<p>Insights into the premises of German architectural firms<\\\/p>\\n\n\n<p>As part of his \\\"Archmospheres\\\" project, British photographer Marc Goodwin has been documenting the atmosphere in the premises of architectural firms around the world with his camera for several years.<\\\/p>\\n\n\n<p>After stops in Istanbul, Shanghai, and S\\u00e3o Paulo, among others, Goodwin had to put the project on hold due to the coronavirus pandemic. He has now resumed his tour \\u2013 starting with 12 architectural studios in the German capital Berlin, followed by 26 architectural firms in Frankfurt, Stuttgart, and Munich. The office of Turkali Architekten was also there.<\\\/p>\\n\n\n<p>Photo: Marc Goodwin, Archmospheres<\\\/p>\",\"css\":\".el-element {\\nfont-size:15px;\\nline-height:25px;\\n}\",\"margin\":\"default\",\"margin_remove_bottom\":false}}]},{\"type\":\"column\",\"props\":{\"image_position\":\"center-center\",\"position_sticky_breakpoint\":\"m\",\"width_medium\":\"1-2\"},\"children\":[{\"type\":\"image\",\"props\":{\"image\":\"wp-content\\\/uploads\\\/2024\\\/02\\\/20-10-2022_Foto-scaled.jpg\",\"image_svg_color\":\"emphasis\",\"margin\":\"default\",\"margin_remove_bottom\":true}},{\"type\":\"text\",\"props\":{\"column_breakpoint\":\"m\",\"content\":\"\",\"css\":\".el-element {\\nfont-size:10px;\\n\\nline-height:25px;\\n}\",\"margin\":\"\",\"margin_remove_bottom\":false,\"margin_remove_top\":false}},{\"type\":\"text\",\"props\":{\"column_breakpoint\":\"m\",\"content\":\"\",\"css\":\".el-element {\\nfont-size:10px;\\n\\nline-height:25px;\\n}\",\"margin\":\"\",\"margin_remove_bottom\":false,\"margin_remove_top\":false}}]}]}],\"name\":\"Header-Section-Start\"}],\"version\":\"4.4.16\"} --><\/p>\n","protected":false},"excerpt":{"rendered":"<p>20.10.2022 \u2013 Ein Blick hinter die Kulissen deutscher Architekturb\u00fcros Einblicke in die R\u00e4umlichkeiten deutscher Architekturb\u00fcros Im Rahmen seines Projektes \u201eArchmospheres\u201d dokumentiert der britische Fotograf Marc Goodwin seit mehreren Jahren die Atmosph\u00e4re in den R\u00e4umlichkeiten von Architekturb\u00fcros weltweit mit seiner Kamera. Nach Stationen u.a. in Instanbul, Shanghai und S\u00e3o Paulo musste Goodwin das Projekt coronabedingt ruhen [&hellip;]<\/p>\n","protected":false},"author":1,"featured_media":0,"parent":1079,"menu_order":54,"comment_status":"closed","ping_status":"closed","template":"","meta":{"footnotes":""},"class_list":["post-599","page","type-page","status-publish","hentry"],"_links":{"self":[{"href":"https:\/\/www.turkali-architekten.de\/de\/wp-json\/wp\/v2\/pages\/599","targetHints":{"allow":["GET"]}}],"collection":[{"href":"https:\/\/www.turkali-architekten.de\/de\/wp-json\/wp\/v2\/pages"}],"about":[{"href":"https:\/\/www.turkali-architekten.de\/de\/wp-json\/wp\/v2\/types\/page"}],"author":[{"embeddable":true,"href":"https:\/\/www.turkali-architekten.de\/de\/wp-json\/wp\/v2\/users\/1"}],"replies":[{"embeddable":true,"href":"https:\/\/www.turkali-architekten.de\/de\/wp-json\/wp\/v2\/comments?post=599"}],"version-history":[{"count":11,"href":"https:\/\/www.turkali-architekten.de\/de\/wp-json\/wp\/v2\/pages\/599\/revisions"}],"predecessor-version":[{"id":7124,"href":"https:\/\/www.turkali-architekten.de\/de\/wp-json\/wp\/v2\/pages\/599\/revisions\/7124"}],"up":[{"embeddable":true,"href":"https:\/\/www.turkali-architekten.de\/de\/wp-json\/wp\/v2\/pages\/1079"}],"wp:attachment":[{"href":"https:\/\/www.turkali-architekten.de\/de\/wp-json\/wp\/v2\/media?parent=599"}],"curies":[{"name":"wp","href":"https:\/\/api.w.org\/{rel}","templated":true}]}}