{"id":581,"date":"2024-02-13T11:02:23","date_gmt":"2024-02-13T10:02:23","guid":{"rendered":"http:\/\/s992978995.online.de\/?page_id=581"},"modified":"2025-06-10T11:28:52","modified_gmt":"2025-06-10T09:28:52","slug":"18-02-2023","status":"publish","type":"page","link":"https:\/\/www.turkali-architekten.de\/de\/aktuelles\/18-02-2023\/","title":{"rendered":"18.02.2023"},"content":{"rendered":"<h1>18.02.2023 \u2013 Fundiert!<\/h1>\n<div>\n<p>Die Bodenplatte ist gegossen<\/p>\n<p>Nach umfangreichen vorbereitenden Ma\u00dfnahmen ist am 17. Februar 2023 die Bodenplatte f\u00fcr die neue J\u00fcdische Akademie in Frankfurt am Main eingebaut worden.<\/p>\n<p>Zur Vorbereitung der Bauma\u00dfnahmen f\u00fcr den Neubau erfolgte zun\u00e4chst eine Unterfangung des Altbaus. F\u00fcr die Erstellung der Baugrube ist daraufhin eine zw\u00f6lf Meter tiefe Bohrpfahlwand entlang der geplanten Au\u00dfenfassade des Neubaus eingebaut worden. Im Anschluss konnten die Stahlbewehrung verlegt und die Bodenplatte gegossen werden.<\/p>\n<p>Der neoklassizistische Altbau wird zeitgleich entkernt und f\u00fcr die neue Nutzung vorbereitet.<\/p>\n<p>Foto: Zvonko Turkali Architekten<\/p>\n<\/div>\n<p><img decoding=\"async\" src=\"\/wp-content\/uploads\/2024\/02\/18-02-2023_Foto-scaled.jpg\" alt=\"\"><\/p>\n<p><!--more--><br \/>\n<!-- {\"type\":\"layout\",\"children\":[{\"type\":\"section\",\"props\":{\"css\":\"  .el-section {\\n\\tpadding:128px 0px;\\n\\t}\\n\\n@media only screen and (max-width: 600px) {\\n  .el-section {\\n\\tpadding:20px 0px;\\n\\t}\\n}\",\"image_position\":\"center-center\",\"padding_remove_top\":false,\"style\":\"default\",\"title_breakpoint\":\"xl\",\"title_position\":\"top-left\",\"title_rotation\":\"left\",\"vertical_align\":\"\",\"width\":\"default\"},\"children\":[{\"type\":\"row\",\"props\":{\"layout\":\"1-2,1-2\"},\"children\":[{\"type\":\"column\",\"props\":{\"css\":\".el-column {\\npadding-right:35px;\\n}\",\"image_position\":\"center-center\",\"position_sticky_breakpoint\":\"m\",\"width_medium\":\"1-2\"},\"children\":[{\"type\":\"headline\",\"props\":{\"content\":\"18.02.2023 \\u2013 Fundiert!\",\"content_en_us\":\"18.02.2023 - Well-founded!\",\"title_element\":\"h1\"}},{\"type\":\"text\",\"props\":{\"column_breakpoint\":\"m\",\"content\":\"\n\n<p>Die Bodenplatte ist gegossen<\\\/p>\\n\n\n<p>Nach umfangreichen vorbereitenden Ma\\u00dfnahmen ist am 17. Februar 2023 die Bodenplatte f\\u00fcr die neue J\\u00fcdische Akademie in Frankfurt am Main eingebaut worden.<\\\/p>\\n\n\n<p>Zur Vorbereitung der Bauma\\u00dfnahmen f\\u00fcr den Neubau erfolgte zun\\u00e4chst eine Unterfangung des Altbaus. F\\u00fcr die Erstellung der Baugrube ist daraufhin eine zw\\u00f6lf Meter tiefe Bohrpfahlwand entlang der geplanten Au\\u00dfenfassade des Neubaus eingebaut worden. Im Anschluss konnten die Stahlbewehrung verlegt und die Bodenplatte gegossen werden.<\\\/p>\\n\n\n<p>Der neoklassizistische Altbau wird zeitgleich entkernt und f\\u00fcr die neue Nutzung vorbereitet.<\\\/p>\\n\n\n<p>Foto: Zvonko Turkali Architekten<\\\/p>\",\"content_en_us\":\"\n\n<p>The foundation slab is poured<\\\/p>\\n\n\n<p>After extensive preparatory measures, the foundation slab for the new Jewish Academy in Frankfurt am Main was installed on February 17, 2023.<\\\/p>\\n\n\n<p>In preparation for the construction measures for the new building, the old building was first underpinned. In order to create the excavation pit, a twelve-meter-deep bored pile wall was then installed alongside the planned outer facade of the new building. Subsequently, the steel reinforcement was laid and the foundation slab was poured.<\\\/p>\\n\n\n<p>At the same time, the neoclassical old building is being gutted and prepared for its new use.<\\\/p>\\n\n\n<p>Photo: Zvonko Turkali Architekten<\\\/p>\",\"css\":\".el-element {\\nfont-size:15px;\\nline-height:25px;\\n}\",\"margin\":\"default\",\"margin_remove_bottom\":false}}]},{\"type\":\"column\",\"props\":{\"image_position\":\"center-center\",\"position_sticky_breakpoint\":\"m\",\"width_medium\":\"1-2\"},\"children\":[{\"type\":\"image\",\"props\":{\"image\":\"wp-content\\\/uploads\\\/2024\\\/02\\\/18-02-2023_Foto-scaled.jpg\",\"image_svg_color\":\"emphasis\",\"margin\":\"default\",\"margin_remove_bottom\":true}},{\"type\":\"text\",\"props\":{\"column_breakpoint\":\"m\",\"content\":\"\",\"css\":\".el-element {\\nfont-size:10px;\\n\\nline-height:25px;\\n}\",\"margin\":\"\",\"margin_remove_bottom\":false,\"margin_remove_top\":false}},{\"type\":\"text\",\"props\":{\"column_breakpoint\":\"m\",\"content\":\"\",\"css\":\".el-element {\\nfont-size:10px;\\n\\nline-height:25px;\\n}\",\"margin\":\"\",\"margin_remove_bottom\":false,\"margin_remove_top\":false}}]}]}],\"name\":\"Header-Section-Start\"}],\"version\":\"4.4.16\"} --><\/p>\n","protected":false},"excerpt":{"rendered":"<p>18.02.2023 \u2013 Fundiert! Die Bodenplatte ist gegossen Nach umfangreichen vorbereitenden Ma\u00dfnahmen ist am 17. Februar 2023 die Bodenplatte f\u00fcr die neue J\u00fcdische Akademie in Frankfurt am Main eingebaut worden. Zur Vorbereitung der Bauma\u00dfnahmen f\u00fcr den Neubau erfolgte zun\u00e4chst eine Unterfangung des Altbaus. F\u00fcr die Erstellung der Baugrube ist daraufhin eine zw\u00f6lf Meter tiefe Bohrpfahlwand entlang [&hellip;]<\/p>\n","protected":false},"author":1,"featured_media":0,"parent":1079,"menu_order":56,"comment_status":"closed","ping_status":"closed","template":"","meta":{"footnotes":""},"class_list":["post-581","page","type-page","status-publish","hentry"],"_links":{"self":[{"href":"https:\/\/www.turkali-architekten.de\/de\/wp-json\/wp\/v2\/pages\/581","targetHints":{"allow":["GET"]}}],"collection":[{"href":"https:\/\/www.turkali-architekten.de\/de\/wp-json\/wp\/v2\/pages"}],"about":[{"href":"https:\/\/www.turkali-architekten.de\/de\/wp-json\/wp\/v2\/types\/page"}],"author":[{"embeddable":true,"href":"https:\/\/www.turkali-architekten.de\/de\/wp-json\/wp\/v2\/users\/1"}],"replies":[{"embeddable":true,"href":"https:\/\/www.turkali-architekten.de\/de\/wp-json\/wp\/v2\/comments?post=581"}],"version-history":[{"count":10,"href":"https:\/\/www.turkali-architekten.de\/de\/wp-json\/wp\/v2\/pages\/581\/revisions"}],"predecessor-version":[{"id":7080,"href":"https:\/\/www.turkali-architekten.de\/de\/wp-json\/wp\/v2\/pages\/581\/revisions\/7080"}],"up":[{"embeddable":true,"href":"https:\/\/www.turkali-architekten.de\/de\/wp-json\/wp\/v2\/pages\/1079"}],"wp:attachment":[{"href":"https:\/\/www.turkali-architekten.de\/de\/wp-json\/wp\/v2\/media?parent=581"}],"curies":[{"name":"wp","href":"https:\/\/api.w.org\/{rel}","templated":true}]}}