{"id":559,"date":"2024-02-13T11:02:32","date_gmt":"2024-02-13T10:02:32","guid":{"rendered":"http:\/\/s992978995.online.de\/?page_id=559"},"modified":"2024-05-08T23:16:45","modified_gmt":"2024-05-08T21:16:45","slug":"18-04-2023","status":"publish","type":"page","link":"https:\/\/www.turkali-architekten.de\/de\/aktuelles\/18-04-2023\/","title":{"rendered":"18.04.2023"},"content":{"rendered":"<h1>18.04.2023 \u2013 Gestaltungsbeirat Karlsruhe 2012\u20132022<\/h1>\n<div>\n<p>Brosch\u00fcre gibt Einblicke in die Arbeit eines Gestaltungsbeirats<\/p>\n<p>Anl\u00e4sslich des 15-j\u00e4hrigen Bestehens des Gestaltungsbeirats Karlsruhe hat das Stadtplanungsamt eine Brosch\u00fcre herausgegeben, die Einblicke in die T\u00e4tigkeit und Bedeutung eines Gestaltungsbeirats gibt<\/p>\n<p>\u201eWelchen wertvollen Beitrag leistet ein Bauprojekt \u00fcber seine eigentliche Aufgabe hinaus f\u00fcr die Gesellschaft?\u201c lautet die zentrale Frage, mit der sich die Mitglieder*innen des Gestaltungsbeirats Karlsruhe seit seiner Gr\u00fcndung im Jahr 2007 besch\u00e4ftigen.<\/p>\n<p>Am Beispiel von insgesamt 162 Bauprojekten aus dem vergangenen Jahrzehnt werden die Empfehlungen der im Karlsruher Gestaltungsbeirat sitzenden Expert*innen aufgezeigt, die diese im gemeinsamen Dialog mit den unterschiedlichsten Akteur*innen entwickelt haben.<\/p>\n<p>\u201eEines der wesentlichen Ziele eines Gestaltungsbeirats ist es, den Dialog \u00fcber die Bedeutung und Gestalt von Architektur im Zusammenspielt mit Stadt und Landschaftsraum in der \u00d6ffentlichkeit zu kultivieren.\u201c, so Prof. Zvonko Turkali von Zvonko Turkali Architekten, der insgesamt sieben Jahre Mitglied des Gremiums und vier Jahre dessen Vorsitzender war.<\/p>\n<\/div>\n<p><img decoding=\"async\" src=\"\/wp-content\/uploads\/2024\/02\/Gestaltungsbeirat-Karlsruhe-final-scaled.jpg\" alt=\"\"><\/p>\n<p><!--more--><br \/>\n<!-- {\"type\":\"layout\",\"children\":[{\"type\":\"section\",\"props\":{\"css\":\"  .el-section {\\n\\tpadding:128px 0px;\\n\\t}\\n\\n@media only screen and (max-width: 600px) {\\n  .el-section {\\n\\tpadding:20px 0px;\\n\\t}\\n}\",\"image_position\":\"center-center\",\"padding_remove_top\":false,\"style\":\"default\",\"title_breakpoint\":\"xl\",\"title_position\":\"top-left\",\"title_rotation\":\"left\",\"vertical_align\":\"middle\",\"width\":\"default\"},\"children\":[{\"type\":\"row\",\"props\":{\"layout\":\"1-2,1-2\"},\"children\":[{\"type\":\"column\",\"props\":{\"css\":\".el-column {\\npadding-right:35px;\\n}\",\"image_position\":\"center-center\",\"position_sticky_breakpoint\":\"m\",\"width_medium\":\"1-2\"},\"children\":[{\"type\":\"headline\",\"props\":{\"content\":\"18.04.2023 \\u2013 Gestaltungsbeirat Karlsruhe 2012\\u20132022\",\"content_en_us\":\"18.04.2023 - Architectural and World Heritage Advisory Board of Karlsruhe 2012-2022\",\"title_element\":\"h1\"}},{\"type\":\"text\",\"props\":{\"column_breakpoint\":\"m\",\"content\":\"\n\n<p>Brosch\\u00fcre gibt Einblicke in die Arbeit eines Gestaltungsbeirats<\\\/p>\\n\n\n<p>Anl\\u00e4sslich des 15-j\\u00e4hrigen Bestehens des Gestaltungsbeirats Karlsruhe hat das Stadtplanungsamt eine Brosch\\u00fcre herausgegeben, die Einblicke in die T\\u00e4tigkeit und Bedeutung eines Gestaltungsbeirats gibt<\\\/p>\\n\n\n<p>\\u201eWelchen wertvollen Beitrag leistet ein Bauprojekt \\u00fcber seine eigentliche Aufgabe hinaus f\\u00fcr die Gesellschaft?\\u201c lautet die zentrale Frage, mit der sich die Mitglieder*innen des Gestaltungsbeirats Karlsruhe seit seiner Gr\\u00fcndung im Jahr 2007 besch\\u00e4ftigen.<\\\/p>\\n\n\n<p>Am Beispiel von insgesamt 162 Bauprojekten aus dem vergangenen Jahrzehnt werden die Empfehlungen der im Karlsruher Gestaltungsbeirat sitzenden Expert*innen aufgezeigt, die diese im gemeinsamen Dialog mit den unterschiedlichsten Akteur*innen entwickelt haben.<\\\/p>\\n\n\n<p>\\u201eEines der wesentlichen Ziele eines Gestaltungsbeirats ist es, den Dialog \\u00fcber die Bedeutung und Gestalt von Architektur im Zusammenspielt mit Stadt und Landschaftsraum in der \\u00d6ffentlichkeit zu kultivieren.\\u201c, so Prof. Zvonko Turkali von Zvonko Turkali Architekten, der insgesamt sieben Jahre Mitglied des Gremiums und vier Jahre dessen Vorsitzender war.<\\\/p>\",\"content_en_us\":\"\n\n<p>Brochure provides insights into the work of an architectural and world heritage advisory board<\\\/p>\\n\n\n<p>In celebration of the 15th anniversary of the Architectural and World Heritage Advisory Board of Karlsruhe, the City Planning Office has published a brochure that provides insights into the activities and significance of an Architectural and World Heritage Advisory Board.<\\\/p>\\n\n\n<p>\\\"What valuable contribution provides a building project beyond its actual task to society?\\\" is the central question that members of the Architectural and World Heritage Advisory Board of Karlsruhe have dealt with since its founding in 2007.<\\\/p>\\n\n\n<p>Using a total of 162 projects from the past decade as examples, the recommendations of the experts of the Architectural and World Heritage Advisory Board of Karlsruhe are presented, which have been developed in dialogue with a wide range of stakeholders.<\\\/p>\\n\n\n<p>\\\"One of the main goals of an Architectural and World Heritage Advisory Board is to cultivate a public dialogue on the significance and form of architecture in interaction with urban space and landscape,\\\" says Prof. Zvonko Turkali of Zvonko Turkali Architekten, who was a member of the board for a total of seven years and its chairman for four years.<\\\/p>\",\"css\":\".el-element {\\nfont-size:15px;\\nline-height:25px;\\n}\",\"margin\":\"default\",\"margin_remove_bottom\":false}}]},{\"type\":\"column\",\"props\":{\"image_position\":\"center-center\",\"position_sticky_breakpoint\":\"m\",\"width_medium\":\"1-2\"},\"children\":[{\"type\":\"image\",\"props\":{\"image\":\"wp-content\\\/uploads\\\/2024\\\/02\\\/Gestaltungsbeirat-Karlsruhe-final-scaled.jpg\",\"image_svg_color\":\"emphasis\",\"image_width\":\"400\",\"margin\":\"default\",\"margin_remove_bottom\":true,\"text_align\":\"center\"}}]}]}],\"name\":\"Header-Section-Start\"}],\"version\":\"4.2.12\"} --><\/p>\n","protected":false},"excerpt":{"rendered":"<p>18.04.2023 \u2013 Gestaltungsbeirat Karlsruhe 2012\u20132022 Brosch\u00fcre gibt Einblicke in die Arbeit eines Gestaltungsbeirats Anl\u00e4sslich des 15-j\u00e4hrigen Bestehens des Gestaltungsbeirats Karlsruhe hat das Stadtplanungsamt eine Brosch\u00fcre herausgegeben, die Einblicke in die T\u00e4tigkeit und Bedeutung eines Gestaltungsbeirats gibt \u201eWelchen wertvollen Beitrag leistet ein Bauprojekt \u00fcber seine eigentliche Aufgabe hinaus f\u00fcr die Gesellschaft?\u201c lautet die zentrale Frage, mit [&hellip;]<\/p>\n","protected":false},"author":1,"featured_media":0,"parent":1079,"menu_order":55,"comment_status":"closed","ping_status":"closed","template":"","meta":{"footnotes":""},"class_list":["post-559","page","type-page","status-publish","hentry"],"_links":{"self":[{"href":"https:\/\/www.turkali-architekten.de\/de\/wp-json\/wp\/v2\/pages\/559","targetHints":{"allow":["GET"]}}],"collection":[{"href":"https:\/\/www.turkali-architekten.de\/de\/wp-json\/wp\/v2\/pages"}],"about":[{"href":"https:\/\/www.turkali-architekten.de\/de\/wp-json\/wp\/v2\/types\/page"}],"author":[{"embeddable":true,"href":"https:\/\/www.turkali-architekten.de\/de\/wp-json\/wp\/v2\/users\/1"}],"replies":[{"embeddable":true,"href":"https:\/\/www.turkali-architekten.de\/de\/wp-json\/wp\/v2\/comments?post=559"}],"version-history":[{"count":15,"href":"https:\/\/www.turkali-architekten.de\/de\/wp-json\/wp\/v2\/pages\/559\/revisions"}],"predecessor-version":[{"id":4163,"href":"https:\/\/www.turkali-architekten.de\/de\/wp-json\/wp\/v2\/pages\/559\/revisions\/4163"}],"up":[{"embeddable":true,"href":"https:\/\/www.turkali-architekten.de\/de\/wp-json\/wp\/v2\/pages\/1079"}],"wp:attachment":[{"href":"https:\/\/www.turkali-architekten.de\/de\/wp-json\/wp\/v2\/media?parent=559"}],"curies":[{"name":"wp","href":"https:\/\/api.w.org\/{rel}","templated":true}]}}