{"id":5569,"date":"2024-09-25T17:04:14","date_gmt":"2024-09-25T15:04:14","guid":{"rendered":"https:\/\/www.turkali-architekten.de\/?page_id=5569"},"modified":"2026-02-26T12:50:19","modified_gmt":"2026-02-26T11:50:19","slug":"juedische-akademie-frankfurt-richtfest","status":"publish","type":"page","link":"https:\/\/www.turkali-architekten.de\/de\/aktuelles\/juedische-akademie-frankfurt-richtfest\/","title":{"rendered":"Richtfest J\u00fcdische Akademie Frankfurt"},"content":{"rendered":"<div>\n<p><em>25.09.2024<\/em><\/p>\n<\/div>\n<h1>J\u00fcdische Akademie Frankfurt feiert Richtfest<\/h1>\n<div>\n<div>\n<p>Richtfest der <a href=\"https:\/\/www.turkali-architekten.de\/de\/juedische-akademie-frankfurt\/\">J\u00fcdischen Akademie in Frankfurt am Main<\/a>: zum Fest f\u00fcr die Handwerker lud als Bauherr der Zentralrat der Juden in Deutschland ein. \u201eDurch Weisheit wird ein Haus gebaut, und durch Einsicht gewinnt es Bestand.\u201c (Die Spr\u00fcche Salomons 24:3)<\/p>\n<p>Zentralratspr\u00e4sident Dr. Josef Schuster sagte auf dem Richtfest unter anderem vor dem Frankfurter Oberb\u00fcrgermeister Mike Josef und dem Beauftragter der Hessischen Landesregierung f\u00fcr J\u00fcdisches Leben und den Kampf gegen Antisemitismus, Staatssekret\u00e4r Uwe Becker: \u201eEin Auftrag der Akademie ist auch, die j\u00fcdische Erfahrung und den j\u00fcdischen Wissenskanon mit Strahlkraft nach au\u00dfen in den gesellschaftlichen Diskurs zu bringen. Daf\u00fcr steht auch das von dem Architekten Prof. Zvonko Turkali entworfene Geb\u00e4ude im Herzen Frankfurts.\u201c<\/p>\n<p>Prof. Zvonko Turkali erinnerte: \u201eDas Ziel der Architektur ist erst an dem Tag erreicht, an dem sie in der Realit\u00e4t ankommt, wenn aus den vielen Skizzen, Zeichnungen und Modellen ein Geb\u00e4ude entsteht. Heute ist ein derartiger Tag. Wir danken den vielen Handwerkern, die die Arbeiten hier auf der Baustelle in den n\u00e4chsten Monaten in h\u00f6chster Pr\u00e4zision vollenden werden.\u201c<\/p>\n<p>Nach dem Richtspruch des Poliers brachten Brot und Salz als traditionelle \u201eGeschenke des Himmels\u201c die Hoffnung zum Ausdruck, die Geb\u00e4udenutzer m\u00f6gen niemals Hunger leiden und von allem B\u00f6sen verschont bleiben.<\/p>\n<\/div>\n<div><\/p>\n<p>Mehr zum Projekt <a href=\"https:\/\/www.turkali-architekten.de\/de\/juedische-akademie-frankfurt\/\">J\u00fcdische Akademie Frankfurt<\/a><\/p>\n<\/div>\n<\/div>\n<p><img decoding=\"async\" src=\"\/wp-content\/uploads\/2024\/09\/TA_JAF_Richtfest_25_09_2024__0363.jpg\" alt=\"\"><\/p>\n<div>Fotos: J\u00f6rg Baumann<\/div>\n<p><!--more--><br \/>\n<!-- {\"type\":\"layout\",\"children\":[{\"type\":\"section\",\"props\":{\"css\":\"  .el-section {\\n\\tpadding:128px 0px;\\n\\t}\\n\\n@media only screen and (max-width: 600px) {\\n  .el-section {\\n\\tpadding:20px 0px;\\n\\t}\\n}\",\"image_position\":\"center-center\",\"style\":\"default\",\"title_breakpoint\":\"xl\",\"title_position\":\"top-left\",\"title_rotation\":\"left\",\"vertical_align\":\"\",\"width\":\"default\"},\"children\":[{\"type\":\"row\",\"props\":{\"layout\":\"1-2,1-2\"},\"children\":[{\"type\":\"column\",\"props\":{\"image_position\":\"center-center\",\"position_sticky_breakpoint\":\"m\",\"width_medium\":\"1-2\"},\"children\":[{\"type\":\"text\",\"props\":{\"column_breakpoint\":\"m\",\"content\":\"\n\n<p><em>25.09.2024<\/em><\/p>\n\n\",\"margin_bottom\":\"default\",\"margin_top\":\"default\",\"text_style\":\"meta\"}}]},{\"type\":\"column\",\"props\":{\"image_position\":\"center-center\",\"position_sticky_breakpoint\":\"m\",\"width_medium\":\"1-2\"}}]},{\"type\":\"row\",\"props\":{\"layout\":\"1-2,1-2\"},\"children\":[{\"type\":\"column\",\"props\":{\"css\":\".el-column {\\npadding-right:35px;\\n}\",\"image_position\":\"center-center\",\"position_sticky_breakpoint\":\"m\",\"width_medium\":\"1-2\"},\"children\":[{\"type\":\"headline\",\"props\":{\"content\":\"J\u00fcdische Akademie Frankfurt feiert Richtfest\",\"content_en_us\":\"Jewish Academy Frankfurt celebrates topping-out ceremony\",\"image_align\":\"left\",\"image_margin\":\"xsmall\",\"position\":\"relative\",\"position_top\":\"-10\",\"title_element\":\"h1\"}},{\"type\":\"text\",\"props\":{\"column_breakpoint\":\"m\",\"content\":\"\n\n<div>\\n\n\n<p>Richtfest der <a href=\\\"https:\/\/www.turkali-architekten.de\/de\/juedische-akademie-frankfurt\/\\\">J\u00fcdischen Akademie in Frankfurt am Main<\/a>: zum Fest f\u00fcr die Handwerker lud als Bauherr der Zentralrat der Juden in Deutschland ein. \u201eDurch Weisheit wird ein Haus gebaut, und durch Einsicht gewinnt es Bestand.\u201c (Die Spr\u00fcche Salomons 24:3)\n\nZentralratspr\u00e4sident Dr. Josef Schuster sagte auf dem Richtfest unter anderem vor dem Frankfurter Oberb\u00fcrgermeister Mike Josef und dem Beauftragter der Hessischen Landesregierung f\u00fcr J\u00fcdisches Leben und den Kampf gegen Antisemitismus, Staatssekret\u00e4r Uwe Becker: \u201eEin Auftrag der Akademie ist auch, die j\u00fcdische Erfahrung und den j\u00fcdischen Wissenskanon mit Strahlkraft nach au\u00dfen in den gesellschaftlichen Diskurs zu bringen. Daf\u00fcr steht auch das von dem Architekten Prof. Zvonko Turkali entworfene Geb\u00e4ude im Herzen Frankfurts.\u201c\n\nProf. Zvonko Turkali erinnerte: \u201eDas Ziel der Architektur ist erst an dem Tag erreicht, an dem sie in der Realit\u00e4t ankommt, wenn aus den vielen Skizzen, Zeichnungen und Modellen ein Geb\u00e4ude entsteht. Heute ist ein derartiger Tag. Wir danken den vielen Handwerkern, die die Arbeiten hier auf der Baustelle in den n\u00e4chsten Monaten in h\u00f6chster Pr\u00e4zision vollenden werden.\u201c\n\nNach dem Richtspruch des Poliers brachten Brot und Salz als traditionelle \u201eGeschenke des Himmels\u201c die Hoffnung zum Ausdruck, die Geb\u00e4udenutzer m\u00f6gen niemals Hunger leiden und von allem B\u00f6sen verschont bleiben.<\/p>\n\n\\n<\/div>\n\n\\n\n\n\n\n\\n\n\n<div>\\n\n\n<p>Mehr zum Projekt <a href=\\\"https:\/\/www.turkali-architekten.de\/de\/juedische-akademie-frankfurt\/\\\">J\u00fcdische Akademie Frankfurt<\/a><\/p>\n\n\\n<\/div>\n\n\",\"content_en_us\":\"\n\n<div class=\\\"uk-panel uk-margin\\\" data-id=\\\"page#0-0-0-1\\\" data-element=\\\"\\\" id=\\\"page#0\\\">\\n\n\n<p>Topping-out ceremony of the <a href=\\\"https:\/\/www.turkali-architekten.de\/en\/juedische-akademie-frankfurt\/\\\">Jewish Academy in Frankfurt am Main<\/a>: the building owner, the Central Council of Jews in Germany, invited people to the festival for the craftsmen. \u201cBy wisdom a house is built, and by understanding it endures.\u201d (Proverbs 24:3)<\/p>\n\n\\n\n\n<p>Central Council President Dr. Josef Schuster said at the topping-out ceremony in front of, among others, the Mayor of Frankfurt Mike Josef and the Hessian State Government Commissioner for Jewish Life and the Fight against Anti-Semitism, State Secretary Uwe Becker: \u201cOne of the Academy's missions is also to radiate the Jewish experience and the Jewish canon of knowledge to bring it out into the social discourse. This is also what the building in the heart of Frankfurt designed by the architect Prof. Zvonko Turkali stands for.\\\"<\/p>\n\n\\n\n\n<p>Prof. Zvonko Turkali recalled: \\\"The goal of architecture is only achieved on the day it arrives in reality, when from the many sketches, Drawings and models create a building. Today is such a day. We would like to thank the many craftsmen who will complete the work here on the construction site with the utmost precision over the next few months.\\\"<\/p>\n\n\\n\n\n<p>After the foreman's verdict, bread and salt as traditional \\\"gifts from heaven\\\" expressed the hope that the building users will never go hungry suffer and be spared from all evil.\\u2028\\u2028<\/p>\n\n\\n\n\n<p>Photos: J\u00f6rg Baumann<\/p>\n\n\\n<\/div>\n\n\",\"css\":\".el-element {\\nfont-size:15px;\\nline-height:25px;\\n}\",\"margin_bottom\":\"default\",\"margin_top\":\"default\"}}]},{\"type\":\"column\",\"props\":{\"image_position\":\"center-center\",\"position_sticky_breakpoint\":\"m\",\"width_medium\":\"1-2\"},\"children\":[{\"type\":\"image\",\"props\":{\"image\":\"wp-content\/uploads\/2024\/09\/TA_JAF_Richtfest_25_09_2024__0363.jpg\",\"image_svg_color\":\"emphasis\",\"margin_bottom\":\"remove\",\"margin_top\":\"default\"}},{\"type\":\"text\",\"props\":{\"column_breakpoint\":\"m\",\"content\":\"Fotos: J\u00f6rg Baumann\",\"content_en_us\":\"Photos: J\u00f6rg Baumann\",\"margin_bottom\":\"default\",\"margin_top\":\"default\",\"text_align\":\"right\"}}]}]}],\"name\":\"Header-Section-Start\"}],\"version\":\"5.0.15\"} --><\/p>\n","protected":false},"excerpt":{"rendered":"<p>25.09.2024 J\u00fcdische Akademie Frankfurt feiert Richtfest Richtfest der J\u00fcdischen Akademie in Frankfurt am Main: zum Fest f\u00fcr die Handwerker lud als Bauherr der Zentralrat der Juden in Deutschland ein. \u201eDurch Weisheit wird ein Haus gebaut, und durch Einsicht gewinnt es Bestand.\u201c (Die Spr\u00fcche Salomons 24:3) Zentralratspr\u00e4sident Dr. Josef Schuster sagte auf dem Richtfest unter anderem [&hellip;]<\/p>\n","protected":false},"author":4,"featured_media":5590,"parent":1079,"menu_order":20,"comment_status":"closed","ping_status":"closed","template":"","meta":{"footnotes":""},"class_list":["post-5569","page","type-page","status-publish","has-post-thumbnail","hentry"],"_links":{"self":[{"href":"https:\/\/www.turkali-architekten.de\/de\/wp-json\/wp\/v2\/pages\/5569","targetHints":{"allow":["GET"]}}],"collection":[{"href":"https:\/\/www.turkali-architekten.de\/de\/wp-json\/wp\/v2\/pages"}],"about":[{"href":"https:\/\/www.turkali-architekten.de\/de\/wp-json\/wp\/v2\/types\/page"}],"author":[{"embeddable":true,"href":"https:\/\/www.turkali-architekten.de\/de\/wp-json\/wp\/v2\/users\/4"}],"replies":[{"embeddable":true,"href":"https:\/\/www.turkali-architekten.de\/de\/wp-json\/wp\/v2\/comments?post=5569"}],"version-history":[{"count":15,"href":"https:\/\/www.turkali-architekten.de\/de\/wp-json\/wp\/v2\/pages\/5569\/revisions"}],"predecessor-version":[{"id":7748,"href":"https:\/\/www.turkali-architekten.de\/de\/wp-json\/wp\/v2\/pages\/5569\/revisions\/7748"}],"up":[{"embeddable":true,"href":"https:\/\/www.turkali-architekten.de\/de\/wp-json\/wp\/v2\/pages\/1079"}],"wp:featuredmedia":[{"embeddable":true,"href":"https:\/\/www.turkali-architekten.de\/de\/wp-json\/wp\/v2\/media\/5590"}],"wp:attachment":[{"href":"https:\/\/www.turkali-architekten.de\/de\/wp-json\/wp\/v2\/media?parent=5569"}],"curies":[{"name":"wp","href":"https:\/\/api.w.org\/{rel}","templated":true}]}}