{"id":548,"date":"2024-02-13T11:03:06","date_gmt":"2024-02-13T10:03:06","guid":{"rendered":"http:\/\/s992978995.online.de\/?page_id=548"},"modified":"2024-05-08T23:19:34","modified_gmt":"2024-05-08T21:19:34","slug":"22-05-2023","status":"publish","type":"page","link":"https:\/\/www.turkali-architekten.de\/de\/aktuelles\/22-05-2023\/","title":{"rendered":"22.05.2023"},"content":{"rendered":"<h1>22.05.2023 \u2013 Anerkennung f\u00fcr Zvonko Turkali Architekten<\/h1>\n<div>\n<p>Realisierungswettbewerb der Mainzer Aufbaugesellschaft mbh (MAG) am Zollhafen Mainz entschieden<\/p>\n<p>Insgesamt neun Architekturb\u00fcros waren von der MAG zur Teilnahme an einem hochbaulichen Realisierungswettbewerb f\u00fcr eine Kindertagesst\u00e4tte und eine 3-Feld-Schulsporthalle in der Ga\u00dfnerallee am Mainzer Zollhafen eingeladen worden.<\/p>\n<p>Das 4.233 m\u00b2 gro\u00dfe Grundst\u00fcck liegt am n\u00f6rdlichen Rand des neuen Stadtquartiers und grenzt unmittelbar an das Geb\u00e4ude Waterkant \u2013 ein Ensemble aus Eigentumswohnungen und Hotel, das von Zvonko Turkali Architekten im Jahr 2018 realisiert worden ist.<\/p>\n<p>Der Wettbewerbsentwurf von Zvonko Turkali Architekten f\u00fcr das Grundst\u00fcck in der Ga\u00dfnerallee wurde von der Jury unter Vorsitz des Stuttgarter Architekten Prof. Jens Wittfoht mit einem Anerkennungspreis ausgezeichnet.<\/p>\n<p>\u201eDas Geb\u00e4udeensemble ist durch ausdrucksstarke Gestaltungselemente und eine kr\u00e4ftige Farbigkeit gepr\u00e4gt, (\u2026)\u201c, hei\u00dft es in dem Juryurteil \u00fcber den Entwurf von Zvonko Turkali Architekten. Und weiter: \u201eInsgesamt wird der Entwurf als sehr starke architektonische Setzung gew\u00fcrdigt (\u2026).\u201c<\/p>\n<\/div>\n<p><img decoding=\"async\" src=\"\/wp-content\/uploads\/2024\/01\/Turkali_Startseite_1.jpg\" alt=\"\"><\/p>\n<p><!--more--><br \/>\n<!-- {\"type\":\"layout\",\"children\":[{\"type\":\"section\",\"props\":{\"css\":\"  .el-section {\\n\\tpadding:128px 0px;\\n\\t}\\n\\n@media only screen and (max-width: 600px) {\\n  .el-section {\\n\\tpadding:20px 0px;\\n\\t}\\n}\",\"image_position\":\"center-center\",\"padding_remove_top\":false,\"style\":\"default\",\"title_breakpoint\":\"xl\",\"title_position\":\"top-left\",\"title_rotation\":\"left\",\"vertical_align\":\"middle\",\"width\":\"default\"},\"children\":[{\"type\":\"row\",\"props\":{\"layout\":\"1-2,1-2\"},\"children\":[{\"type\":\"column\",\"props\":{\"css\":\".el-column {\\npadding-right:35px;\\n}\",\"image_position\":\"center-center\",\"position_sticky_breakpoint\":\"m\",\"width_medium\":\"1-2\"},\"children\":[{\"type\":\"headline\",\"props\":{\"content\":\"22.05.2023 \\u2013 Anerkennung f\\u00fcr Zvonko Turkali Architekten\",\"content_en_us\":\"22.05.2023 - Recognition for Zvonko Turkali Architekten\",\"title_element\":\"h1\"}},{\"type\":\"text\",\"props\":{\"column_breakpoint\":\"m\",\"content\":\"\n\n<p>Realisierungswettbewerb der Mainzer Aufbaugesellschaft mbh (MAG) am Zollhafen Mainz entschieden<\\\/p>\\n\n\n<p>Insgesamt neun Architekturb\\u00fcros waren von der MAG zur Teilnahme an einem hochbaulichen Realisierungswettbewerb f\\u00fcr eine Kindertagesst\\u00e4tte und eine 3-Feld-Schulsporthalle in der Ga\\u00dfnerallee am Mainzer Zollhafen eingeladen worden.<\\\/p>\\n\n\n<p>Das 4.233 m\\u00b2 gro\\u00dfe Grundst\\u00fcck liegt am n\\u00f6rdlichen Rand des neuen Stadtquartiers und grenzt unmittelbar an das Geb\\u00e4ude Waterkant \\u2013 ein Ensemble aus Eigentumswohnungen und Hotel, das von Zvonko Turkali Architekten im Jahr 2018 realisiert worden ist.<\\\/p>\\n\n\n<p>Der Wettbewerbsentwurf von Zvonko Turkali Architekten f\\u00fcr das Grundst\\u00fcck in der Ga\\u00dfnerallee wurde von der Jury unter Vorsitz des Stuttgarter Architekten Prof. Jens Wittfoht mit einem Anerkennungspreis ausgezeichnet.<\\\/p>\\n\n\n<p>\\u201eDas Geb\\u00e4udeensemble ist durch ausdrucksstarke Gestaltungselemente und eine kr\\u00e4ftige Farbigkeit gepr\\u00e4gt, (\\u2026)\\u201c, hei\\u00dft es in dem Juryurteil \\u00fcber den Entwurf von Zvonko Turkali Architekten. Und weiter: \\u201eInsgesamt wird der Entwurf als sehr starke architektonische Setzung gew\\u00fcrdigt (\\u2026).\\u201c<\\\/p>\",\"content_en_us\":\"\n\n<p>Realization competition of the Mainzer Aufbaugesellschaft mbh (MAG) at Zollhafen Mainz decided<\\\/p>\\n\n\n<p>A total of nine architectural offices were invited by MAG to participate in a realization competition for a daycare center and a 3-field sports hall in Gassnerallee at Mainz Zollhafen.<\\\/p>\\n\n\n<p>The 4,233 m\\u00b2 site is located on the northern edge of the new urban quarter and is directly adjacent to the Waterkant building \\u2013 an ensemble of condominiums and a hotel realized by Zvonko Turkali Architekten in 2018.<\\\/p>\\n\n\n<p>The competition design by Zvonko Turkali Architekten for the Gassnerallee site was awarded a recognition prize by the jury chaired by Stuttgart-based architect Prof. Jens Wittfoht. \\\"The building ensemble is characterized by expressive design elements and a strong color scheme, (...)\\\", reads the jury's verdict on the design by Zvonko Turkali Architekten. And further: \\\"Overall, the design is appreciated as a very strong architectural setting (...).\\\"<\\\/p>\",\"css\":\".el-element {\\nfont-size:15px;\\nline-height:25px;\\n}\",\"margin\":\"default\",\"margin_remove_bottom\":false}}]},{\"type\":\"column\",\"props\":{\"image_position\":\"center-center\",\"position_sticky_breakpoint\":\"m\",\"width_medium\":\"1-2\"},\"children\":[{\"type\":\"image\",\"props\":{\"image\":\"wp-content\\\/uploads\\\/2024\\\/01\\\/Turkali_Startseite_1.jpg\",\"image_svg_color\":\"emphasis\",\"margin\":\"default\",\"margin_remove_bottom\":true}},{\"type\":\"text\",\"props\":{\"column_breakpoint\":\"m\",\"content\":\"\",\"css\":\".el-element {\\nfont-size:10px;\\n\\nline-height:25px;\\n}\",\"margin\":\"\",\"margin_remove_bottom\":false,\"margin_remove_top\":false}},{\"type\":\"text\",\"props\":{\"column_breakpoint\":\"m\",\"content\":\"\",\"css\":\".el-element {\\nfont-size:10px;\\n\\nline-height:25px;\\n}\",\"margin\":\"\",\"margin_remove_bottom\":false,\"margin_remove_top\":false}}]}]}],\"name\":\"Header-Section-Start\"}],\"version\":\"4.2.12\"} --><\/p>\n","protected":false},"excerpt":{"rendered":"<p>22.05.2023 \u2013 Anerkennung f\u00fcr Zvonko Turkali Architekten Realisierungswettbewerb der Mainzer Aufbaugesellschaft mbh (MAG) am Zollhafen Mainz entschieden Insgesamt neun Architekturb\u00fcros waren von der MAG zur Teilnahme an einem hochbaulichen Realisierungswettbewerb f\u00fcr eine Kindertagesst\u00e4tte und eine 3-Feld-Schulsporthalle in der Ga\u00dfnerallee am Mainzer Zollhafen eingeladen worden. Das 4.233 m\u00b2 gro\u00dfe Grundst\u00fcck liegt am n\u00f6rdlichen Rand des neuen [&hellip;]<\/p>\n","protected":false},"author":1,"featured_media":0,"parent":1079,"menu_order":52,"comment_status":"closed","ping_status":"closed","template":"","meta":{"footnotes":""},"class_list":["post-548","page","type-page","status-publish","hentry"],"_links":{"self":[{"href":"https:\/\/www.turkali-architekten.de\/de\/wp-json\/wp\/v2\/pages\/548","targetHints":{"allow":["GET"]}}],"collection":[{"href":"https:\/\/www.turkali-architekten.de\/de\/wp-json\/wp\/v2\/pages"}],"about":[{"href":"https:\/\/www.turkali-architekten.de\/de\/wp-json\/wp\/v2\/types\/page"}],"author":[{"embeddable":true,"href":"https:\/\/www.turkali-architekten.de\/de\/wp-json\/wp\/v2\/users\/1"}],"replies":[{"embeddable":true,"href":"https:\/\/www.turkali-architekten.de\/de\/wp-json\/wp\/v2\/comments?post=548"}],"version-history":[{"count":16,"href":"https:\/\/www.turkali-architekten.de\/de\/wp-json\/wp\/v2\/pages\/548\/revisions"}],"predecessor-version":[{"id":4170,"href":"https:\/\/www.turkali-architekten.de\/de\/wp-json\/wp\/v2\/pages\/548\/revisions\/4170"}],"up":[{"embeddable":true,"href":"https:\/\/www.turkali-architekten.de\/de\/wp-json\/wp\/v2\/pages\/1079"}],"wp:attachment":[{"href":"https:\/\/www.turkali-architekten.de\/de\/wp-json\/wp\/v2\/media?parent=548"}],"curies":[{"name":"wp","href":"https:\/\/api.w.org\/{rel}","templated":true}]}}