{"id":3883,"date":"2024-04-22T12:15:59","date_gmt":"2024-04-22T10:15:59","guid":{"rendered":"http:\/\/s992978995.online.de\/?page_id=3883"},"modified":"2026-03-02T14:40:01","modified_gmt":"2026-03-02T13:40:01","slug":"20-jahre-cafe-siesmayer","status":"publish","type":"page","link":"https:\/\/www.turkali-architekten.de\/de\/aktuelles\/20-jahre-cafe-siesmayer\/","title":{"rendered":"20 Jahre Caf\u00e9 Siesmayer"},"content":{"rendered":"<div>\n<p><em>27.05.2024<\/em><\/p>\n<\/div>\n<h1>Eine Frankfurter Institution: 20 Jahre Caf\u00e9 Siesmayer<\/h1>\n<div>\n<p><span>Als fester Bestandteil der Frankfurter Gastronomieszene steht das Caf\u00e9 Siesmayer seit zwei Jahrzehnten f\u00fcr erstklassige Backwaren, ein gut ausgebildetes Team und kosmopolitische Atmosph\u00e4re.<\/span><\/p>\n<p><span>Gr\u00fcnder und Gesch\u00e4ftsf\u00fchrer Robert Mangold liess das Caf\u00e9haus 2004 mit Hilfe der Stadt Frankfurt errichten, mit dem Ziel, \u201eein modernes Wiener Kaffeehaus zu schaffen, das durch eine eigene Konditorei und Ausbildung von Fachkr\u00e4ften hervorsticht.\u201c Ein Treffpunkt f\u00fcr alle Generationen und gesellschaftlichen Milieus sollte es werden und so l\u00e4dt das Wohnzimmer der Stadt \u201evon morgens bis in den fr\u00fchen Abend zum Verweilen ein, zum Zeitungslesen bei einem Kaffee nach dem Besuch im Palmengarten oder zum gesch\u00e4ftlichen Mittagsessen.\u201c<\/span><\/p>\n<p><span>Der von Turkali Architekten realisierte langestreckte Kubus, ging auf zwei \u00dcberlegungen zur\u00fcck: In Anlehnung an die gro\u00dfen Caf\u00e9h\u00e4user in Venedig, Wien und Paris sollte das Caf\u00e9 als offener Treffpunkt f\u00fcr Menschen aus unterschiedlichen Lebenssituationen und Herkunft dienen und bedingt durch seine Lage zwischen Stadt und gr\u00fcner Oase vermitteln. So reagieren die Fassaden mit einem ausgewogenen Anteil geschlossener und offener Fl\u00e4chen auf die Bebauung des Westends.\u00a0Mit seiner weiten Fensterfront hin zum Palmengarten und einer l\u00e4ngsgespannten Decke ohne St\u00fctzen sowie einer erh\u00f6hte Lichtfuge gibt das Caf\u00e9 den Blick auf das umgebende Gr\u00fcn frei.<\/span><\/p>\n<p><span>Namensgeber des Caf\u00e9s ist Heinrich Siesmayer, G\u00e4rtner und Gartenarchitekt, der vor rund 200 Jahren den Palmengarten im Frankfurter Westend gestaltete. Er muss sehr umtriebig gewesen sein, denn er soll an die 1.000 Gartenanlagen insgesamt gestaltet haben, darunter die Kurparks in Bad Homburg, Wiesbaden, Falkenstein, den Frankfurter Gr\u00fcneburgpark und den Mannheimer Luisenpark.<\/span><\/p>\n<p><span>Zur Website des Caf\u00e9 Siesmayer gelangen Sie\u00a0<a href=\"https:\/\/www.cafe-siesmayer.de\/\" class=\"external-link-new-window\" title=\"Opens external link in new window\" data-htmlarea-external=\"1\" target=\"_blank\" rel=\"noopener\">hier<\/a><\/span><\/p>\n<\/div>\n<p><img decoding=\"async\" src=\"\/wp-content\/uploads\/2024\/04\/Cafe-Siesmayer_9-2.jpg\" alt=\"\"><\/p>\n<p><!--more--><br \/>\n<!-- {\"type\":\"layout\",\"children\":[{\"type\":\"section\",\"props\":{\"css\":\"  .el-section {\\n\\tpadding:128px 0px;\\n\\t}\\n\\n@media only screen and (max-width: 600px) {\\n  .el-section {\\n\\tpadding:20px 0px;\\n\\t}\\n}\",\"image_position\":\"center-center\",\"style\":\"default\",\"title_breakpoint\":\"xl\",\"title_position\":\"top-left\",\"title_rotation\":\"left\",\"vertical_align\":\"\",\"width\":\"default\"},\"children\":[{\"type\":\"row\",\"props\":{\"layout\":\"1-2,1-2\"},\"children\":[{\"type\":\"column\",\"props\":{\"image_position\":\"center-center\",\"position_sticky_breakpoint\":\"m\",\"width_medium\":\"1-2\"},\"children\":[{\"type\":\"text\",\"props\":{\"column_breakpoint\":\"m\",\"content\":\"\n\n<p><em>27.05.2024<\/em><\/p>\n\n\",\"margin_bottom\":\"default\",\"margin_top\":\"default\"}}]},{\"type\":\"column\",\"props\":{\"image_position\":\"center-center\",\"position_sticky_breakpoint\":\"m\",\"width_medium\":\"1-2\"}}]},{\"type\":\"row\",\"props\":{\"layout\":\"1-2,1-2\"},\"children\":[{\"type\":\"column\",\"props\":{\"css\":\".el-column {\\npadding-right:35px;\\n}\",\"image_position\":\"center-center\",\"position_sticky_breakpoint\":\"m\",\"width_medium\":\"1-2\"},\"children\":[{\"type\":\"headline\",\"props\":{\"content\":\"Eine Frankfurter Institution: 20 Jahre Caf\u00e9 Siesmayer\",\"content_en_us\":\"A Frankfurt institution: 20 years of Caf\u00e9 Siesmayer\",\"image_align\":\"left\",\"image_margin\":\"xsmall\",\"position\":\"relative\",\"position_top\":\"-10\",\"title_element\":\"h1\"}},{\"type\":\"text\",\"props\":{\"column_breakpoint\":\"m\",\"content\":\"\n\n<p><span>Als fester Bestandteil der Frankfurter Gastronomieszene steht das Caf\u00e9 Siesmayer seit zwei Jahrzehnten f\u00fcr erstklassige Backwaren, ein gut ausgebildetes Team und kosmopolitische Atmosph\u00e4re.<\/span><\/p>\n\n\\n\n\n<p><span>Gr\u00fcnder und Gesch\u00e4ftsf\u00fchrer Robert Mangold liess das Caf\u00e9haus 2004 mit Hilfe der Stadt Frankfurt errichten, mit dem Ziel, \u201eein modernes Wiener Kaffeehaus zu schaffen, das durch eine eigene Konditorei und Ausbildung von Fachkr\u00e4ften hervorsticht.\u201c Ein Treffpunkt f\u00fcr alle Generationen und gesellschaftlichen Milieus sollte es werden und so l\u00e4dt das Wohnzimmer der Stadt \u201evon morgens bis in den fr\u00fchen Abend zum Verweilen ein, zum Zeitungslesen bei einem Kaffee nach dem Besuch im Palmengarten oder zum gesch\u00e4ftlichen Mittagsessen.\u201c<\/span><\/p>\n\n\\n\n\n<p><span>Der von Turkali Architekten realisierte langestreckte Kubus, ging auf zwei \u00dcberlegungen zur\u00fcck: In Anlehnung an die gro\u00dfen Caf\u00e9h\u00e4user in Venedig, Wien und Paris sollte das Caf\u00e9 als offener Treffpunkt f\u00fcr Menschen aus unterschiedlichen Lebenssituationen und Herkunft dienen und bedingt durch seine Lage zwischen Stadt und gr\u00fcner Oase vermitteln. So reagieren die Fassaden mit einem ausgewogenen Anteil geschlossener und offener Fl\u00e4chen auf die Bebauung des Westends.\u00a0Mit seiner weiten Fensterfront hin zum Palmengarten und einer l\u00e4ngsgespannten Decke ohne St\u00fctzen sowie einer erh\u00f6hte Lichtfuge gibt das Caf\u00e9 den Blick auf das umgebende Gr\u00fcn frei.<\/span><\/p>\n\n\\n\n\n<p><span>Namensgeber des Caf\u00e9s ist Heinrich Siesmayer, G\u00e4rtner und Gartenarchitekt, der vor rund 200 Jahren den Palmengarten im Frankfurter Westend gestaltete. Er muss sehr umtriebig gewesen sein, denn er soll an die 1.000 Gartenanlagen insgesamt gestaltet haben, darunter die Kurparks in Bad Homburg, Wiesbaden, Falkenstein, den Frankfurter Gr\u00fcneburgpark und den Mannheimer Luisenpark.<\/span><\/p>\n\n\\n\n\n<p><span>Zur Website des Caf\u00e9 Siesmayer gelangen Sie\u00a0<a href=\\\"https:\/\/www.cafe-siesmayer.de\/\\\" class=\\\"external-link-new-window\\\" title=\\\"Opens external link in new window\\\" data-htmlarea-external=\\\"1\\\">hier<\/a><\/span><\/p>\n\n\",\"content_en_us\":\"\n\n<div class=\\\"uk-panel uk-margin\\\" data-id=\\\"page#0-0-0-1\\\" data-element=\\\"\\\" id=\\\"page#0\\\">\\n\n\n<p>As an integral part of Frankfurt's gastronomy scene, Caf\u00e9 Siesmayer has stood for first-class baked goods, a well-trained team and a cosmopolitan atmosphere for two decades.<\/p>\n\n\\n\n\n<p>Founder and managing director Robert Mangold had the caf\u00e9 built in 2004 with the help of the city of Frankfurt with the aim of \u201ccreating a modern Viennese coffee house that stands out with its own pastry shop and training of specialists.\u201d It should be a meeting place for all generations and social milieus and so the living room of the city \u201cinvites you to linger from morning to early evening, to read the newspaper with a coffee after a visit to the palm garden or to have a business lunch.\u201d<\/p>\n\n\\n\n\n<p>The elongated cube realized by Turkali Architects was based on two considerations: Based on the large caf\u00e9 houses in Venice, Vienna and Paris, the caf\u00e9 should serve as an open meeting place for people from different life situations and backgrounds and due to its location between the city and a green oasis convey. The facades respond to the development of the west end with a balanced proportion of closed and open areas. With its wide window front facing the palm garden and a longitudinal ceiling without supports as well as a raised light gap, the caf\u00e9 offers a view of the surrounding greenery.<\/p>\n\n\\n\n\n<p>The caf\u00e9 is named after Heinrich Siesmayer, a gardener and garden architect who designed the palm garden in Frankfurt's Westend around 200 years ago. He must have been very busy, because he is said to have designed around 1,000 gardens in total, including the spa parks in Bad Homburg, Wiesbaden, Falkenstein, Frankfurt's Gr\u00fcneburgpark and Mannheim's Luisenpark.<\/p>\n\n\\n\n\n<p>You can access the Caf\u00e9 Siesmayer website <a href=\\\"https:\/\/www.cafe-siesmayer.de\/\\\">here<\/a><\/p>\n\n\\n<\/div>\n\n\",\"css\":\".el-element {\\nfont-size:15px;\\nline-height:25px;\\n}\",\"margin_bottom\":\"default\",\"margin_top\":\"default\"}}]},{\"type\":\"column\",\"props\":{\"image_position\":\"center-center\",\"position_sticky_breakpoint\":\"m\",\"width_medium\":\"1-2\"},\"children\":[{\"type\":\"image\",\"props\":{\"image\":\"wp-content\/uploads\/2024\/04\/Cafe-Siesmayer_9-2.jpg\",\"image_svg_color\":\"emphasis\",\"margin_bottom\":\"remove\",\"margin_top\":\"default\"}}]}]}],\"name\":\"Header-Section-Start\"}],\"version\":\"5.0.15\"} --><\/p>\n","protected":false},"excerpt":{"rendered":"<p>27.05.2024 Eine Frankfurter Institution: 20 Jahre Caf\u00e9 Siesmayer Als fester Bestandteil der Frankfurter Gastronomieszene steht das Caf\u00e9 Siesmayer seit zwei Jahrzehnten f\u00fcr erstklassige Backwaren, ein gut ausgebildetes Team und kosmopolitische Atmosph\u00e4re. Gr\u00fcnder und Gesch\u00e4ftsf\u00fchrer Robert Mangold liess das Caf\u00e9haus 2004 mit Hilfe der Stadt Frankfurt errichten, mit dem Ziel, \u201eein modernes Wiener Kaffeehaus zu schaffen, [&hellip;]<\/p>\n","protected":false},"author":1,"featured_media":4094,"parent":1079,"menu_order":23,"comment_status":"closed","ping_status":"closed","template":"","meta":{"footnotes":""},"class_list":["post-3883","page","type-page","status-publish","has-post-thumbnail","hentry"],"_links":{"self":[{"href":"https:\/\/www.turkali-architekten.de\/de\/wp-json\/wp\/v2\/pages\/3883","targetHints":{"allow":["GET"]}}],"collection":[{"href":"https:\/\/www.turkali-architekten.de\/de\/wp-json\/wp\/v2\/pages"}],"about":[{"href":"https:\/\/www.turkali-architekten.de\/de\/wp-json\/wp\/v2\/types\/page"}],"author":[{"embeddable":true,"href":"https:\/\/www.turkali-architekten.de\/de\/wp-json\/wp\/v2\/users\/1"}],"replies":[{"embeddable":true,"href":"https:\/\/www.turkali-architekten.de\/de\/wp-json\/wp\/v2\/comments?post=3883"}],"version-history":[{"count":15,"href":"https:\/\/www.turkali-architekten.de\/de\/wp-json\/wp\/v2\/pages\/3883\/revisions"}],"predecessor-version":[{"id":7886,"href":"https:\/\/www.turkali-architekten.de\/de\/wp-json\/wp\/v2\/pages\/3883\/revisions\/7886"}],"up":[{"embeddable":true,"href":"https:\/\/www.turkali-architekten.de\/de\/wp-json\/wp\/v2\/pages\/1079"}],"wp:featuredmedia":[{"embeddable":true,"href":"https:\/\/www.turkali-architekten.de\/de\/wp-json\/wp\/v2\/media\/4094"}],"wp:attachment":[{"href":"https:\/\/www.turkali-architekten.de\/de\/wp-json\/wp\/v2\/media?parent=3883"}],"curies":[{"name":"wp","href":"https:\/\/api.w.org\/{rel}","templated":true}]}}